{"id":8344,"date":"2025-04-29T10:16:11","date_gmt":"2025-04-29T08:16:11","guid":{"rendered":"https:\/\/360-up.com\/systeme-photo-a-trepied-haut-a-vendre\/"},"modified":"2025-04-29T10:17:39","modified_gmt":"2025-04-29T08:17:39","slug":"systeme-photo-a-trepied-haut-a-vendre","status":"publish","type":"page","link":"https:\/\/360-up.com\/fr\/systeme-photo-a-trepied-haut-a-vendre\/","title":{"rendered":"Syst\u00e8me photo \u00e0 tr\u00e9pied haut \u00e0 vendre"},"content":{"rendered":"\n<p>Nous vendons notre appareil de d\u00e9monstration de syst\u00e8me photo \u00e0 tr\u00e9pied haut d&rsquo;une hauteur maximale de 16 m\u00e8tres \u00e0 un prix sp\u00e9cial r\u00e9duit. C&rsquo;est le tr\u00e9pied le plus solide et le mieux con\u00e7u pour la photo, la vid\u00e9o et la num\u00e9risation, fabriqu\u00e9 en Suisse par Auer Control.<\/p>\n\n<p>Le mod\u00e8le propos\u00e9 ici avec une hauteur totale maximale de 16 m\u00e8tres est un mod\u00e8le sp\u00e9cial rare.<\/p>\n\n<p>L&rsquo;ensemble comprend le tr\u00e9pied haut, un compresseur pour le d\u00e9marrage automatique, une t\u00eate de commande \u00e9lectronique et deux c\u00e2bles USB suffisamment longs pour contr\u00f4ler la cam\u00e9ra ou le scanner depuis le sol.<\/p>\n\n<p>Le prix neuf avec cet \u00e9quipement est de 27 500 \u20ac. Nous proposons notre syst\u00e8me photo de d\u00e9monstration sur tr\u00e9pied haut pour 10 000 \u20ac plus TVA.<\/p>\n\n<figure class=\"wp-block-image size-large\"><img loading=\"lazy\" decoding=\"async\" width=\"507\" height=\"1024\" src=\"https:\/\/360-up.com\/wp-content\/uploads\/2023\/02\/16M_System-Standard_360-up.com_-507x1024.jpg\" alt=\"\" class=\"wp-image-7346\" srcset=\"https:\/\/360-up.com\/wp-content\/uploads\/2023\/02\/16M_System-Standard_360-up.com_-507x1024.jpg 507w, https:\/\/360-up.com\/wp-content\/uploads\/2023\/02\/16M_System-Standard_360-up.com_-149x300.jpg 149w, https:\/\/360-up.com\/wp-content\/uploads\/2023\/02\/16M_System-Standard_360-up.com_-768x1551.jpg 768w, https:\/\/360-up.com\/wp-content\/uploads\/2023\/02\/16M_System-Standard_360-up.com_-760x1536.jpg 760w, https:\/\/360-up.com\/wp-content\/uploads\/2023\/02\/16M_System-Standard_360-up.com_-1014x2048.jpg 1014w, https:\/\/360-up.com\/wp-content\/uploads\/2023\/02\/16M_System-Standard_360-up.com_.jpg 1100w\" sizes=\"auto, (max-width: 507px) 100vw, 507px\" \/><figcaption>Syst\u00e8me photo \u00e0 tr\u00e9pied haut<\/figcaption><\/figure>\n\n<figure class=\"wp-block-image size-large\"><img loading=\"lazy\" decoding=\"async\" width=\"1024\" height=\"808\" src=\"https:\/\/360-up.com\/wp-content\/uploads\/2023\/02\/Libelle_360-up.com_-1-1024x808.jpg\" alt=\"\" class=\"wp-image-7399\" srcset=\"https:\/\/360-up.com\/wp-content\/uploads\/2023\/02\/Libelle_360-up.com_-1-1024x808.jpg 1024w, https:\/\/360-up.com\/wp-content\/uploads\/2023\/02\/Libelle_360-up.com_-1-300x237.jpg 300w, https:\/\/360-up.com\/wp-content\/uploads\/2023\/02\/Libelle_360-up.com_-1-768x606.jpg 768w, https:\/\/360-up.com\/wp-content\/uploads\/2023\/02\/Libelle_360-up.com_-1-1536x1213.jpg 1536w, https:\/\/360-up.com\/wp-content\/uploads\/2023\/02\/Libelle_360-up.com_-1-1320x1042.jpg 1320w, https:\/\/360-up.com\/wp-content\/uploads\/2023\/02\/Libelle_360-up.com_-1.jpg 2000w\" sizes=\"auto, (max-width: 1024px) 100vw, 1024px\" \/><figcaption>libellule<\/figcaption><\/figure>\n\n<figure class=\"wp-block-image size-large\"><img loading=\"lazy\" decoding=\"async\" width=\"678\" height=\"1024\" src=\"https:\/\/360-up.com\/wp-content\/uploads\/2023\/02\/Kurbel_360-up.com_-1-678x1024.jpg\" alt=\"\" class=\"wp-image-7393\" srcset=\"https:\/\/360-up.com\/wp-content\/uploads\/2023\/02\/Kurbel_360-up.com_-1-678x1024.jpg 678w, https:\/\/360-up.com\/wp-content\/uploads\/2023\/02\/Kurbel_360-up.com_-1-199x300.jpg 199w, https:\/\/360-up.com\/wp-content\/uploads\/2023\/02\/Kurbel_360-up.com_-1-768x1160.jpg 768w, https:\/\/360-up.com\/wp-content\/uploads\/2023\/02\/Kurbel_360-up.com_-1-1017x1536.jpg 1017w, https:\/\/360-up.com\/wp-content\/uploads\/2023\/02\/Kurbel_360-up.com_-1-1356x2048.jpg 1356w, https:\/\/360-up.com\/wp-content\/uploads\/2023\/02\/Kurbel_360-up.com_-1-1320x1993.jpg 1320w, https:\/\/360-up.com\/wp-content\/uploads\/2023\/02\/Kurbel_360-up.com_-1.jpg 1500w\" sizes=\"auto, (max-width: 678px) 100vw, 678px\" \/><figcaption>base de la broche<\/figcaption><\/figure>\n\n<figure class=\"wp-block-image size-large\"><img loading=\"lazy\" decoding=\"async\" width=\"1024\" height=\"768\" src=\"https:\/\/360-up.com\/wp-content\/uploads\/2023\/02\/Kompressor_360-up.com_-1024x768.jpg\" alt=\"\" class=\"wp-image-7358\" srcset=\"https:\/\/360-up.com\/wp-content\/uploads\/2023\/02\/Kompressor_360-up.com_-1024x768.jpg 1024w, https:\/\/360-up.com\/wp-content\/uploads\/2023\/02\/Kompressor_360-up.com_-300x225.jpg 300w, https:\/\/360-up.com\/wp-content\/uploads\/2023\/02\/Kompressor_360-up.com_-768x576.jpg 768w, https:\/\/360-up.com\/wp-content\/uploads\/2023\/02\/Kompressor_360-up.com_-1536x1152.jpg 1536w, https:\/\/360-up.com\/wp-content\/uploads\/2023\/02\/Kompressor_360-up.com_-1320x990.jpg 1320w, https:\/\/360-up.com\/wp-content\/uploads\/2023\/02\/Kompressor_360-up.com_.jpg 2000w\" sizes=\"auto, (max-width: 1024px) 100vw, 1024px\" \/><figcaption>compresseur<\/figcaption><\/figure>\n\n<figure class=\"wp-block-image size-large\"><img loading=\"lazy\" decoding=\"async\" width=\"1024\" height=\"678\" src=\"https:\/\/360-up.com\/wp-content\/uploads\/2023\/02\/Systemkoffer_Standard_360-up.com_-1024x678.jpg\" alt=\"\" class=\"wp-image-7382\" srcset=\"https:\/\/360-up.com\/wp-content\/uploads\/2023\/02\/Systemkoffer_Standard_360-up.com_-1024x678.jpg 1024w, https:\/\/360-up.com\/wp-content\/uploads\/2023\/02\/Systemkoffer_Standard_360-up.com_-300x199.jpg 300w, https:\/\/360-up.com\/wp-content\/uploads\/2023\/02\/Systemkoffer_Standard_360-up.com_-768x509.jpg 768w, https:\/\/360-up.com\/wp-content\/uploads\/2023\/02\/Systemkoffer_Standard_360-up.com_-1536x1018.jpg 1536w, https:\/\/360-up.com\/wp-content\/uploads\/2023\/02\/Systemkoffer_Standard_360-up.com_-1320x875.jpg 1320w, https:\/\/360-up.com\/wp-content\/uploads\/2023\/02\/Systemkoffer_Standard_360-up.com_.jpg 2000w\" sizes=\"auto, (max-width: 1024px) 100vw, 1024px\" \/><figcaption>T\u00eate panoramique&#13;\navec contr\u00f4le depuis le sol<\/figcaption><\/figure>\n\n<figure class=\"wp-block-image size-large\"><img loading=\"lazy\" decoding=\"async\" width=\"696\" height=\"1024\" src=\"https:\/\/360-up.com\/wp-content\/uploads\/2023\/02\/Schwenk_Neigekopf_-Zoom_360-up.com_-696x1024.jpg\" alt=\"\" class=\"wp-image-7370\" srcset=\"https:\/\/360-up.com\/wp-content\/uploads\/2023\/02\/Schwenk_Neigekopf_-Zoom_360-up.com_-696x1024.jpg 696w, https:\/\/360-up.com\/wp-content\/uploads\/2023\/02\/Schwenk_Neigekopf_-Zoom_360-up.com_-204x300.jpg 204w, https:\/\/360-up.com\/wp-content\/uploads\/2023\/02\/Schwenk_Neigekopf_-Zoom_360-up.com_-768x1130.jpg 768w, https:\/\/360-up.com\/wp-content\/uploads\/2023\/02\/Schwenk_Neigekopf_-Zoom_360-up.com_-1044x1536.jpg 1044w, https:\/\/360-up.com\/wp-content\/uploads\/2023\/02\/Schwenk_Neigekopf_-Zoom_360-up.com_-1391x2048.jpg 1391w, https:\/\/360-up.com\/wp-content\/uploads\/2023\/02\/Schwenk_Neigekopf_-Zoom_360-up.com_-1320x1943.jpg 1320w, https:\/\/360-up.com\/wp-content\/uploads\/2023\/02\/Schwenk_Neigekopf_-Zoom_360-up.com_-scaled.jpg 1739w\" sizes=\"auto, (max-width: 696px) 100vw, 696px\" \/><figcaption>T\u00eate panoramique avec contr\u00f4le du zoom<\/figcaption><\/figure>\n\n<figure class=\"wp-block-image size-large\"><img loading=\"lazy\" decoding=\"async\" width=\"1024\" height=\"1024\" src=\"https:\/\/360-up.com\/wp-content\/uploads\/2023\/02\/360-up.com-Pole-Aerial-Photography-Systems-1024x1024.jpg\" alt=\"\" class=\"wp-image-7367\" srcset=\"https:\/\/360-up.com\/wp-content\/uploads\/2023\/02\/360-up.com-Pole-Aerial-Photography-Systems-1024x1024.jpg 1024w, https:\/\/360-up.com\/wp-content\/uploads\/2023\/02\/360-up.com-Pole-Aerial-Photography-Systems-300x300.jpg 300w, https:\/\/360-up.com\/wp-content\/uploads\/2023\/02\/360-up.com-Pole-Aerial-Photography-Systems-150x150.jpg 150w, https:\/\/360-up.com\/wp-content\/uploads\/2023\/02\/360-up.com-Pole-Aerial-Photography-Systems-768x768.jpg 768w, https:\/\/360-up.com\/wp-content\/uploads\/2023\/02\/360-up.com-Pole-Aerial-Photography-Systems-1536x1536.jpg 1536w, https:\/\/360-up.com\/wp-content\/uploads\/2023\/02\/360-up.com-Pole-Aerial-Photography-Systems-2048x2048.jpg 2048w, https:\/\/360-up.com\/wp-content\/uploads\/2023\/02\/360-up.com-Pole-Aerial-Photography-Systems-1320x1320.jpg 1320w\" sizes=\"auto, (max-width: 1024px) 100vw, 1024px\" \/><figcaption>T\u00eate panoramique avec contr\u00f4le de la cam\u00e9ra depuis le sol<\/figcaption><\/figure>\n\n<figure class=\"wp-block-image size-large\"><img loading=\"lazy\" decoding=\"async\" width=\"1024\" height=\"678\" src=\"https:\/\/360-up.com\/wp-content\/uploads\/2023\/02\/Systemkoffer_Standard_Fernbedienung_360-up-1024x678.jpg\" alt=\"\" class=\"wp-image-7385\" srcset=\"https:\/\/360-up.com\/wp-content\/uploads\/2023\/02\/Systemkoffer_Standard_Fernbedienung_360-up-1024x678.jpg 1024w, https:\/\/360-up.com\/wp-content\/uploads\/2023\/02\/Systemkoffer_Standard_Fernbedienung_360-up-300x199.jpg 300w, https:\/\/360-up.com\/wp-content\/uploads\/2023\/02\/Systemkoffer_Standard_Fernbedienung_360-up-768x509.jpg 768w, https:\/\/360-up.com\/wp-content\/uploads\/2023\/02\/Systemkoffer_Standard_Fernbedienung_360-up-1536x1018.jpg 1536w, https:\/\/360-up.com\/wp-content\/uploads\/2023\/02\/Systemkoffer_Standard_Fernbedienung_360-up-1320x875.jpg 1320w, https:\/\/360-up.com\/wp-content\/uploads\/2023\/02\/Systemkoffer_Standard_Fernbedienung_360-up.jpg 2000w\" sizes=\"auto, (max-width: 1024px) 100vw, 1024px\" \/><figcaption>T\u00eate panoramique avec t\u00e9l\u00e9commande<\/figcaption><\/figure>\n\n<p><\/p>\n","protected":false},"excerpt":{"rendered":"<p>Nous vendons notre appareil de d\u00e9monstration de syst\u00e8me photo \u00e0 tr\u00e9pied haut d&rsquo;une hauteur maximale de 16 m\u00e8tres \u00e0 un prix sp\u00e9cial r\u00e9duit. C&rsquo;est le tr\u00e9pied le plus solide et le mieux con\u00e7u pour la photo, la vid\u00e9o et la num\u00e9risation, fabriqu\u00e9 en Suisse par&hellip; <a class=\"read-more\" href=\"https:\/\/360-up.com\/fr\/systeme-photo-a-trepied-haut-a-vendre\/\">Read more<\/a><\/p>\n","protected":false},"author":3,"featured_media":0,"parent":0,"menu_order":0,"comment_status":"closed","ping_status":"closed","template":"","meta":{"_acf_changed":false,"footnotes":""},"class_list":["post-8344","page","type-page","status-publish","hentry"],"acf":[],"_links":{"self":[{"href":"https:\/\/360-up.com\/fr\/wp-json\/wp\/v2\/pages\/8344","targetHints":{"allow":["GET"]}}],"collection":[{"href":"https:\/\/360-up.com\/fr\/wp-json\/wp\/v2\/pages"}],"about":[{"href":"https:\/\/360-up.com\/fr\/wp-json\/wp\/v2\/types\/page"}],"author":[{"embeddable":true,"href":"https:\/\/360-up.com\/fr\/wp-json\/wp\/v2\/users\/3"}],"replies":[{"embeddable":true,"href":"https:\/\/360-up.com\/fr\/wp-json\/wp\/v2\/comments?post=8344"}],"version-history":[{"count":3,"href":"https:\/\/360-up.com\/fr\/wp-json\/wp\/v2\/pages\/8344\/revisions"}],"predecessor-version":[{"id":8347,"href":"https:\/\/360-up.com\/fr\/wp-json\/wp\/v2\/pages\/8344\/revisions\/8347"}],"wp:attachment":[{"href":"https:\/\/360-up.com\/fr\/wp-json\/wp\/v2\/media?parent=8344"}],"curies":[{"name":"wp","href":"https:\/\/api.w.org\/{rel}","templated":true}]}}