{"id":6551,"date":"2021-10-27T14:45:17","date_gmt":"2021-10-27T12:45:17","guid":{"rendered":"https:\/\/360-up.com\/boutiques-en-ligne-et-solutions-e-commerce-en-visites-virtuelles\/"},"modified":"2023-08-23T10:36:41","modified_gmt":"2023-08-23T08:36:41","slug":"boutiques-en-ligne-et-solutions-e-commerce-en-visites-virtuelles","status":"publish","type":"page","link":"https:\/\/360-up.com\/fr\/boutiques-en-ligne-et-solutions-e-commerce-en-visites-virtuelles\/","title":{"rendered":"Boutiques en ligne et solutions e-commerce en visites virtuelles"},"content":{"rendered":"\n<p>Depuis fin 2019, le monde, toutes nos vies et nos \u00e9changes ont chang\u00e9. Retail a \u00e9tendu sa pr\u00e9sence en ligne. De nombreuses boutiques en ligne ont vu le jour.<\/p>\n\n\n\n<p>La croissance en ligne s&rsquo;est consid\u00e9rablement acc\u00e9l\u00e9r\u00e9e en raison de la pand\u00e9mie de corona. Le bond de croissance de 13,6 milliards d&rsquo;euros, soit 23% par rapport \u00e0 l&rsquo;ann\u00e9e pr\u00e9c\u00e9dente, s&rsquo;est traduit par des ventes en ligne en Allemagne de 73 milliards d&rsquo;euros.<\/p>\n\n\n\n<p>En plus de leurs propres syst\u00e8mes de boutique, les d\u00e9taillants disposent \u00e9galement de solutions de commerce \u00e9lectronique gratuites de, par exemple, Google, Facebook et Instagram.<\/p>\n\n\n\n<p>Toutes les solutions permettent de faire d\u00e9filer les images des produits, de contacter le fournisseur ou de placer les produits directement dans le panier, de les acheter et de se les faire livrer.<\/p>\n\n\n\n<p>Mais le sentiment de shopping ne se perd-il pas ? Les photos de produits sont une chose, faire du shopping est bien plus excitant !<\/p>\n\n\n\n<h2 class=\"wp-block-heading\">Nouveau : des boutiques en ligne 3D interactives directement dans le magasin<\/h2>\n\n\n\n<p>Avec nous, c&rsquo;est d\u00e9sormais possible. Nous vous proposons une visite virtuelle avec int\u00e9gration compl\u00e8te de la boutique en ligne ! D\u00e9couvrez notre premier pilote ici.<\/p>\n\n\n\n<iframe loading=\"lazy\" src=\"https:\/\/virtualtour.360-up.com\/e-commerce-tour\/360-up-virtual-tour-marketing\" width=\"640\" height=\"360\" frameborder=\"0\" allow=\"autoplay; fullscreen\" allowfullscreen=\"\"><\/iframe><br>\n\n\n\n<h2 class=\"wp-block-heading\">Diverses solutions de commerce \u00e9lectronique pour le commerce de d\u00e9tail<\/h2>\n\n\n\n<p>Aujourd&rsquo;hui, il existe diff\u00e9rentes \u00e9tapes d&rsquo;expansion des offres de commerce \u00e9lectronique et des solutions d&rsquo;achat en ligne. Nous les montrons dans les exemples ci-dessous.<\/p>\n\n\n\n<p>Cela commence par le simple lien vers les produits qui ont \u00e9t\u00e9 saisis dans Google ou Facebook. Une int\u00e9gration plus pouss\u00e9e peut se faire avec une boutique en ligne existante. Les articles peuvent non seulement \u00eatre affich\u00e9s \u00e0 l&rsquo;endroit correspondant dans la visite virtuelle, mais l&rsquo;int\u00e9ress\u00e9 peut les acheter directement dans le jumeau num\u00e9rique du magasin.<\/p>\n\n\n\n<p>Nous avons maintenant mis en place une solution de commerce \u00e9lectronique enti\u00e8rement int\u00e9gr\u00e9e avec laquelle vous pouvez vendre vos produits dans le monde entier sans boutique en ligne existante.<\/p>\n\n\n\n<p>Pour les exploitants d&rsquo;une boutique en ligne Shopify, l&rsquo;interface Shopify peut \u00eatre utilis\u00e9e pour permettre aux clients de faire des achats en ligne interactifs dans la boutique !<\/p>\n\n\n\n<div class=\"wp-block-columns is-layout-flex wp-container-core-columns-is-layout-9d6595d7 wp-block-columns-is-layout-flex\">\n<div class=\"wp-block-column is-layout-flow wp-block-column-is-layout-flow\">\n<div class=\"wp-block-button alignright\"><a class=\"wp-block-button__link wp-element-button\" href=\"#beispiele\"> <strong>Voir les exemples<\/strong><\/a><\/div>\n<\/div>\n\n\n\n<div class=\"wp-block-column is-layout-flow wp-block-column-is-layout-flow\">\n<div class=\"wp-block-button alignleft\"><a class=\"wp-block-button__link wp-element-button\" href=\"https:\/\/360-up.com\/fr\/demande-de-devis\/\"> <strong>Envoyer la demande<\/strong><\/a><\/div>\n<\/div>\n<\/div>\n\n\n\n<p>Nous sommes des partenaires de service certifi\u00e9s Matterport. Dans nos points de service Matterport \u00e0 ces <a href=\"\/fr\/contact\/\">localisations<\/a> et ont d\u00e9j\u00e0 scann\u00e9 plus de 50.000 m\u00e8tres carr\u00e9s.<\/p>\n\n\n\n<h2 class=\"wp-block-heading\">Pourquoi les solutions e-commerce 3D de 360-up sont-elles si sp\u00e9ciales ?<\/h2>\n\n\n\n<ul class=\"wp-block-list\">\n<li>360-up utilise 3 scanners 3D pour produire des visites virtuelles tr\u00e8s attrayantes avec entre autres nos \u00ab vue en maison de poup\u00e9e \u00bb<\/li>\n\n\n\n<li>Cette technologie de collecte de donn\u00e9es et notre int\u00e9gration de commerce \u00e9lectronique nous permet de cr\u00e9er des visites virtuelles impressionnantes mais \u00e9galement d\u2019installer et d\u2019int\u00e9grer des informations compl\u00e9mentaires comme par exemple un shop en ligne<\/li>\n\n\n\n<li>Gr\u00e2ce \u00e0 cette solution innovante, il est d\u00e9sormais possible de faire de la publicit\u00e9 pour votre propre boutique ou exposition et de vendre en ligne une gamme s\u00e9lectionn\u00e9e de produits en m\u00eame temps<\/li>\n\n\n\n<li>Au lieu de simples galeries d&rsquo;images, la nouvelle approche immersive capte les prospects comme s&rsquo;ils \u00e9taient dans le magasin<\/li>\n\n\n\n<li>Cette approche avec gamification signifie que l&rsquo;utilisateur se souvient beaucoup mieux de ce qu&rsquo;il voit<\/li>\n\n\n\n<li>Cela conduit non seulement \u00e0 une identification \u00e0 ce qui a \u00e9t\u00e9 vu ou \u00e0 la marque, mais aussi \u00e0 plus de ventes.<\/li>\n<\/ul>\n\n\n\n<h2 class=\"wp-block-heading\" id=\"beispiele\">Exemples de visites + commerce 3D par secteurs industriels<\/h2>\n\n\n<div class=\"front-recent clearfix referenzen\">\n        \n\t    \n        \t<div class=\"clearfix\">\n        \n    <article id=\"post-6396\" class=\"post-6396 post referenz\">\n    \t<div class=\"content-wrap\">\n    \t\t<header class=\"entry-header text-center\">\n    \t\t\t<h4>360-up virtual tour marketing | D\u00fcsseldorf<\/h2>\n    \t\t<\/header>\n    \t<\/div>\n    \n        <div class='square-box'>\n            <div class='square-content'  style=\"background-image:url('https:\/\/360-up.com\/wp-content\/uploads\/2021\/09\/Matterport_3D_Scan_360-up_Virtual_Tour_Marketing_GmbH_Duesseldorf_Muenchen_360-up-1024x537.jpg')\" >\n            <\/div>\n    \t<\/div>\n    \n    \t<div class=\"entry-content\">\n    \t\t<div class=\"wp-block-button aligncenter\">\n    \t\t\t<a class=\"wp-block-button__link has-text-color has-very-dark-gray-color has-background has-luminous-vivid-amber-background-color xsmall-btn\" href=\"https:\/\/virtualtour.360-up.com\/e-commerce-tour\/360-up-virtual-tour-marketing\" target=\"_blank\">\n        \t\t\t    \t\t\t\t<strong>regardez la visite<\/strong>\n    \t\t\t<\/a>\n\t\t\t<\/div>\n    \t<\/div>\n    \t\n\t\t<div class=\"text-center text-small kategorie\">\n\t\t\tMatterport, E-Commerce, Prestataires de services, Virtual Staging\t\t<\/div>\n    <\/article>\n        \n        \n\t    \n        \n    <article id=\"post-6403\" class=\"post-6403 post referenz\">\n    \t<div class=\"content-wrap\">\n    \t\t<header class=\"entry-header text-center\">\n    \t\t\t<h4>360-up virtual tour marketing | D\u00fcsseldorf<\/h2>\n    \t\t<\/header>\n    \t<\/div>\n    \n        <div class='square-box'>\n            <div class='square-content'  style=\"background-image:url('https:\/\/360-up.com\/wp-content\/uploads\/2021\/10\/360-up-Duesseldorf-ecommerce-1024x537.jpg')\" >\n            <\/div>\n    \t<\/div>\n    \n    \t<div class=\"entry-content\">\n    \t\t<div class=\"wp-block-button aligncenter\">\n    \t\t\t<a class=\"wp-block-button__link has-text-color has-very-dark-gray-color has-background has-luminous-vivid-amber-background-color xsmall-btn\" href=\"https:\/\/virtualtour.360-up.com\/tour\/360-up\" target=\"_blank\">\n        \t\t\t    \t\t\t\t<strong>regardez la visite<\/strong>\n    \t\t\t<\/a>\n\t\t\t<\/div>\n    \t<\/div>\n    \t\n\t\t<div class=\"text-center text-small kategorie\">\n\t\t\tMatterport, E-Commerce, Prestataires de services, Virtual Staging\t\t<\/div>\n    <\/article>\n        \n        \n\t    \n        \n    <article id=\"post-308\" class=\"post-308 post referenz\">\n    \t<div class=\"content-wrap\">\n    \t\t<header class=\"entry-header text-center\">\n    \t\t\t<h4>360-up virtual tour marketing | D\u00fcsseldorf<\/h2>\n    \t\t<\/header>\n    \t<\/div>\n    \n        <div class='square-box'>\n            <div class='square-content'  style=\"background-image:url('https:\/\/360-up.com\/wp-content\/uploads\/2019\/12\/Virtueller_Rundgang_360-up_Duesseldorf-1024x482.jpg')\" >\n            <\/div>\n    \t<\/div>\n    \n    \t<div class=\"entry-content\">\n    \t\t<div class=\"wp-block-button aligncenter\">\n    \t\t\t<a class=\"wp-block-button__link has-text-color has-very-dark-gray-color has-background has-luminous-vivid-amber-background-color xsmall-btn\" href=\"https:\/\/virtual-tour-marketing.360-up.com\/360-up_duesseldorf\/\" target=\"_blank\">\n        \t\t\t    \t\t\t\t<strong>regardez la visite<\/strong>\n    \t\t\t<\/a>\n\t\t\t<\/div>\n    \t<\/div>\n    \t\n\t\t<div class=\"text-center text-small kategorie\">\n\t\t\tVisites virtuelles avec CMS, E-Commerce, Prestataires de services\t\t<\/div>\n    <\/article>\n        \n        \n\t    \t<\/div>\n        \n        \t<div class=\"clearfix\">\n        \n    <article id=\"post-436\" class=\"post-436 post referenz\">\n    \t<div class=\"content-wrap\">\n    \t\t<header class=\"entry-header text-center\">\n    \t\t\t<h4>Breuninger | D\u00fcsseldorf<\/h2>\n    \t\t<\/header>\n    \t<\/div>\n    \n        <div class='square-box'>\n            <div class='square-content'  style=\"background-image:url('https:\/\/360-up.com\/wp-content\/uploads\/2019\/12\/Breuninger_Duesseldorf-360-up-1024x542.jpg')\" >\n            <\/div>\n    \t<\/div>\n    \n    \t<div class=\"entry-content\">\n    \t\t<div class=\"wp-block-button aligncenter\">\n    \t\t\t<a class=\"wp-block-button__link has-text-color has-very-dark-gray-color has-background has-luminous-vivid-amber-background-color xsmall-btn\" href=\"https:\/\/virtual-tour-marketing.360-up.com\/breuninger_duesseldorf\" target=\"_blank\">\n        \t\t\t    \t\t\t\t<strong>regardez la visite<\/strong>\n    \t\t\t<\/a>\n\t\t\t<\/div>\n    \t<\/div>\n    \t\n\t\t<div class=\"text-center text-small kategorie\">\n\t\t\tVisites virtuelles avec CMS, E-Commerce, Commerce de d\u00e9tail\t\t<\/div>\n    <\/article>\n        \n        \n\t    \n        \n    <article id=\"post-5411\" class=\"post-5411 post referenz\">\n    \t<div class=\"content-wrap\">\n    \t\t<header class=\"entry-header text-center\">\n    \t\t\t<h4>Die Kommode | Kaarst<\/h2>\n    \t\t<\/header>\n    \t<\/div>\n    \n        <div class='square-box'>\n            <div class='square-content'  style=\"background-image:url('https:\/\/360-up.com\/wp-content\/uploads\/2020\/08\/Virtueller_Rundgang_Die_Kommode_Kaarst_360-up-1024x482.jpg')\" >\n            <\/div>\n    \t<\/div>\n    \n    \t<div class=\"entry-content\">\n    \t\t<div class=\"wp-block-button aligncenter\">\n    \t\t\t<a class=\"wp-block-button__link has-text-color has-very-dark-gray-color has-background has-luminous-vivid-amber-background-color xsmall-btn\" href=\"https:\/\/virtual-tour-marketing.360-up.com\/die_kommode_kaarst\/\" target=\"_blank\">\n        \t\t\t    \t\t\t\t<strong>regardez la visite<\/strong>\n    \t\t\t<\/a>\n\t\t\t<\/div>\n    \t<\/div>\n    \t\n\t\t<div class=\"text-center text-small kategorie\">\n\t\t\tVisites virtuelles avec CMS, E-Commerce, Commerce de d\u00e9tail\t\t<\/div>\n    <\/article>\n        \n        \n\t    \n        \n    <article id=\"post-552\" class=\"post-552 post referenz\">\n    \t<div class=\"content-wrap\">\n    \t\t<header class=\"entry-header text-center\">\n    \t\t\t<h4>Douglas | Magdeburg<\/h2>\n    \t\t<\/header>\n    \t<\/div>\n    \n        <div class='square-box'>\n            <div class='square-content'  style=\"background-image:url('https:\/\/360-up.com\/wp-content\/uploads\/2019\/12\/Douglas_Magdeburg_360-up-1024x541.jpg')\" >\n            <\/div>\n    \t<\/div>\n    \n    \t<div class=\"entry-content\">\n    \t\t<div class=\"wp-block-button aligncenter\">\n    \t\t\t<a class=\"wp-block-button__link has-text-color has-very-dark-gray-color has-background has-luminous-vivid-amber-background-color xsmall-btn\" href=\"https:\/\/virtual-tour-marketing.360-up.com\/douglas_magdeburg\" target=\"_blank\">\n        \t\t\t    \t\t\t\t<strong>regardez la visite<\/strong>\n    \t\t\t<\/a>\n\t\t\t<\/div>\n    \t<\/div>\n    \t\n\t\t<div class=\"text-center text-small kategorie\">\n\t\t\tVisites virtuelles avec CMS, E-Commerce, Commerce de d\u00e9tail\t\t<\/div>\n    <\/article>\n        \n        \n\t    \t<\/div>\n        \n        \t<div class=\"clearfix\">\n        \n    <article id=\"post-746\" class=\"post-746 post referenz\">\n    \t<div class=\"content-wrap\">\n    \t\t<header class=\"entry-header text-center\">\n    \t\t\t<h4>Ikea | Kaarst<\/h2>\n    \t\t<\/header>\n    \t<\/div>\n    \n        <div class='square-box'>\n            <div class='square-content'  style=\"background-image:url('https:\/\/360-up.com\/wp-content\/uploads\/2021\/11\/Virtueller_Rundgang_Ikea_Kaarst_360-up-1024x482.jpg')\" >\n            <\/div>\n    \t<\/div>\n    \n    \t<div class=\"entry-content\">\n    \t\t<div class=\"wp-block-button aligncenter\">\n    \t\t\t<a class=\"wp-block-button__link has-text-color has-very-dark-gray-color has-background has-luminous-vivid-amber-background-color xsmall-btn\" href=\"https:\/\/virtual-tour-marketing.360-up.com\/ikea_kaarst\" target=\"_blank\">\n        \t\t\t    \t\t\t\t<strong>regardez la visite<\/strong>\n    \t\t\t<\/a>\n\t\t\t<\/div>\n    \t<\/div>\n    \t\n\t\t<div class=\"text-center text-small kategorie\">\n\t\t\tVisites virtuelles avec CMS, E-Commerce, Commerce de d\u00e9tail\t\t<\/div>\n    <\/article>\n        \n        \n\t    \n        \n    <article id=\"post-7606\" class=\"post-7606 post referenz\">\n    \t<div class=\"content-wrap\">\n    \t\t<header class=\"entry-header text-center\">\n    \t\t\t<h4>Maximilian Arndt | D\u00fcsseldorf<\/h2>\n    \t\t<\/header>\n    \t<\/div>\n    \n        <div class='square-box'>\n            <div class='square-content'  style=\"background-image:url('https:\/\/360-up.com\/wp-content\/uploads\/2023\/04\/Maximilian-Arndt-interior-living-Duesseldorf-360-up-1024x558.jpg')\" >\n            <\/div>\n    \t<\/div>\n    \n    \t<div class=\"entry-content\">\n    \t\t<div class=\"wp-block-button aligncenter\">\n    \t\t\t<a class=\"wp-block-button__link has-text-color has-very-dark-gray-color has-background has-luminous-vivid-amber-background-color xsmall-btn\" href=\"https:\/\/virtual-tour-marketing.360-up.com\/maximilian_arndt_interior_living_duesseldorf\/\" target=\"_blank\">\n        \t\t\t    \t\t\t\t<strong>regardez la visite<\/strong>\n    \t\t\t<\/a>\n\t\t\t<\/div>\n    \t<\/div>\n    \t\n\t\t<div class=\"text-center text-small kategorie\">\n\t\t\tVisites virtuelles avec CMS, E-Commerce, Prestataires de services, Commerce de d\u00e9tail\t\t<\/div>\n    <\/article>\n        \n        \n\t    \n        \n    <article id=\"post-4831\" class=\"post-4831 post referenz\">\n    \t<div class=\"content-wrap\">\n    \t\t<header class=\"entry-header text-center\">\n    \t\t\t<h4>Obi Baumarkt | Limburg<\/h2>\n    \t\t<\/header>\n    \t<\/div>\n    \n        <div class='square-box'>\n            <div class='square-content'  style=\"background-image:url('https:\/\/360-up.com\/wp-content\/uploads\/2020\/03\/Virtueller_Rundgang_OBI_Limburg_360-up-1024x482.jpg')\" >\n            <\/div>\n    \t<\/div>\n    \n    \t<div class=\"entry-content\">\n    \t\t<div class=\"wp-block-button aligncenter\">\n    \t\t\t<a class=\"wp-block-button__link has-text-color has-very-dark-gray-color has-background has-luminous-vivid-amber-background-color xsmall-btn\" href=\"https:\/\/virtual-tour-marketing.360-up.com\/OBI_Markt_Limburg\" target=\"_blank\">\n        \t\t\t    \t\t\t\t<strong>regardez la visite<\/strong>\n    \t\t\t<\/a>\n\t\t\t<\/div>\n    \t<\/div>\n    \t\n\t\t<div class=\"text-center text-small kategorie\">\n\t\t\tVisites virtuelles avec CMS, E-Commerce, Commerce de d\u00e9tail\t\t<\/div>\n    <\/article>\n        \n        \n\t    \t<\/div>\n        \n        \t<div class=\"clearfix\">\n        \n    <article id=\"post-1283\" class=\"post-1283 post referenz\">\n    \t<div class=\"content-wrap\">\n    \t\t<header class=\"entry-header text-center\">\n    \t\t\t<h4>Titus Skateshop | M\u00fcnster<\/h2>\n    \t\t<\/header>\n    \t<\/div>\n    \n        <div class='square-box'>\n            <div class='square-content'  style=\"background-image:url('https:\/\/360-up.com\/wp-content\/uploads\/2021\/10\/Virtueller_Rundgang_Titus_Skateshop_Muenster_360-up-1024x482.jpg')\" >\n            <\/div>\n    \t<\/div>\n    \n    \t<div class=\"entry-content\">\n    \t\t<div class=\"wp-block-button aligncenter\">\n    \t\t\t<a class=\"wp-block-button__link has-text-color has-very-dark-gray-color has-background has-luminous-vivid-amber-background-color xsmall-btn\" href=\"https:\/\/virtual-tour-marketing.360-up.com\/titus_streetwear_muenster\" target=\"_blank\">\n        \t\t\t    \t\t\t\t<strong>regardez la visite<\/strong>\n    \t\t\t<\/a>\n\t\t\t<\/div>\n    \t<\/div>\n    \t\n\t\t<div class=\"text-center text-small kategorie\">\n\t\t\tVisites virtuelles avec CMS, E-Commerce, Commerce de d\u00e9tail\t\t<\/div>\n    <\/article>\n        \n        \n\t    \n        \n    <article id=\"post-5397\" class=\"post-5397 post referenz\">\n    \t<div class=\"content-wrap\">\n    \t\t<header class=\"entry-header text-center\">\n    \t\t\t<h4>Weinhaus S\u00fcd | K\u00f6ln<\/h2>\n    \t\t<\/header>\n    \t<\/div>\n    \n        <div class='square-box'>\n            <div class='square-content'  style=\"background-image:url('https:\/\/360-up.com\/wp-content\/uploads\/2020\/11\/Virtueller_Rundgang_Weinhaus_Sued_am_Grossmarkt_Koeln_360-up-1024x482.jpg')\" >\n            <\/div>\n    \t<\/div>\n    \n    \t<div class=\"entry-content\">\n    \t\t<div class=\"wp-block-button aligncenter\">\n    \t\t\t<a class=\"wp-block-button__link has-text-color has-very-dark-gray-color has-background has-luminous-vivid-amber-background-color xsmall-btn\" href=\"https:\/\/virtual-tour-marketing.360-up.com\/weinhaus_sued_koeln\/\" target=\"_blank\">\n        \t\t\t    \t\t\t\t<strong>regardez la visite<\/strong>\n    \t\t\t<\/a>\n\t\t\t<\/div>\n    \t<\/div>\n    \t\n\t\t<div class=\"text-center text-small kategorie\">\n\t\t\tVisites virtuelles avec CMS, E-Commerce, Commerce de d\u00e9tail\t\t<\/div>\n    <\/article>\n        \n        <\/div><!--  ee -->\n<\/div>\n\n\n\n<div style=\"height:40px\" aria-hidden=\"true\" class=\"wp-block-spacer\"><\/div>\n","protected":false},"excerpt":{"rendered":"<p>Depuis fin 2019, le monde, toutes nos vies et nos \u00e9changes ont chang\u00e9. Retail a \u00e9tendu sa pr\u00e9sence en ligne. De nombreuses boutiques en ligne ont vu le jour. La croissance en ligne s&rsquo;est consid\u00e9rablement acc\u00e9l\u00e9r\u00e9e en raison de la pand\u00e9mie de corona. Le bond&hellip; <a class=\"read-more\" href=\"https:\/\/360-up.com\/fr\/boutiques-en-ligne-et-solutions-e-commerce-en-visites-virtuelles\/\">Read more<\/a><\/p>\n","protected":false},"author":3,"featured_media":0,"parent":0,"menu_order":0,"comment_status":"closed","ping_status":"closed","template":"","meta":{"_acf_changed":false,"footnotes":""},"class_list":["post-6551","page","type-page","status-publish","hentry"],"acf":[],"_links":{"self":[{"href":"https:\/\/360-up.com\/fr\/wp-json\/wp\/v2\/pages\/6551","targetHints":{"allow":["GET"]}}],"collection":[{"href":"https:\/\/360-up.com\/fr\/wp-json\/wp\/v2\/pages"}],"about":[{"href":"https:\/\/360-up.com\/fr\/wp-json\/wp\/v2\/types\/page"}],"author":[{"embeddable":true,"href":"https:\/\/360-up.com\/fr\/wp-json\/wp\/v2\/users\/3"}],"replies":[{"embeddable":true,"href":"https:\/\/360-up.com\/fr\/wp-json\/wp\/v2\/comments?post=6551"}],"version-history":[{"count":3,"href":"https:\/\/360-up.com\/fr\/wp-json\/wp\/v2\/pages\/6551\/revisions"}],"predecessor-version":[{"id":7766,"href":"https:\/\/360-up.com\/fr\/wp-json\/wp\/v2\/pages\/6551\/revisions\/7766"}],"wp:attachment":[{"href":"https:\/\/360-up.com\/fr\/wp-json\/wp\/v2\/media?parent=6551"}],"curies":[{"name":"wp","href":"https:\/\/api.w.org\/{rel}","templated":true}]}}