{"id":6075,"date":"2021-02-18T11:44:48","date_gmt":"2021-02-18T10:44:48","guid":{"rendered":"https:\/\/360-up.com\/360-up-nous-ne-faisons-pas-quelque-chose-avec-les-medias\/"},"modified":"2021-02-18T12:50:41","modified_gmt":"2021-02-18T11:50:41","slug":"emplois-partenariats","status":"publish","type":"page","link":"https:\/\/360-up.com\/fr\/emplois-partenariats\/","title":{"rendered":"360-up : nous ne faisons pas \u00ab\u00a0quelque chose avec les m\u00e9dias\u00a0\u00bb"},"content":{"rendered":"\n<p>Nous proposons un marketing efficace avec des m\u00e9dias \u00e0 360 degr\u00e9s. Nous conseillons les entreprises sur les visites virtuelles depuis janvier 2012. Nous vendons, concevons et produisons des m\u00e9dias interactifs \u00e0 360 degr\u00e9s pour des clients issus d&rsquo;une grande vari\u00e9t\u00e9 d&rsquo;industries. Nous progressons r\u00e9guli\u00e8rement et \u00e9largissons notre portefeuille de produits et de services d&rsquo;ann\u00e9e en ann\u00e9e.<\/p>\n\n<p>L&rsquo;ann\u00e9e derni\u00e8re extraordinaire a conduit \u00e0 une pouss\u00e9e de num\u00e9risation non seulement dans le commerce de d\u00e9tail, mais aussi parmi les acteurs B2B, l&rsquo;industrie, les secteurs de l&rsquo;h\u00f4tellerie, l&rsquo;art et les industries cr\u00e9atives et d&rsquo;autres secteurs. Toutes les entreprises ont besoin de nos pr\u00e9sentations interactives afin de r\u00e9pondre aux nouveaux besoins des utilisateurs et des clients.<\/p>\n\n<p>Nous avons \u00e9t\u00e9 pionniers dans un cr\u00e9neau qui est aujourd&rsquo;hui devenu la norme pour toutes les entreprises. N\u00e9anmoins, nous ne recherchons pas des coll\u00e8gues qui veulent \u00ab\u00a0faire quelque chose avec les m\u00e9dias\u00a0\u00bb.<\/p>\n\n<p>Connaissez-vous Google MyBusiness et la recherche locale ? Connaissez-vous la diff\u00e9rence entre AR et VR ? Vous ne prenez pas seulement des photos avec votre smartphone et vous connaissez la relation entre la vitesse d&rsquo;obturation et l&rsquo;ouverture ? Vous \u00eates une force de vente, sociable et \u00e9galement multilingue ?<\/p>\n\n<p>Vous, entreprenuer, voulez travailler avec nous ? Utiliser le savoir-faire de nos experts et la marque 360-up virtual tour marketing pour votre travail en freelance ?<\/p>\n\n<p>Envoyez-nous tout simplement un court clip vid\u00e9o dans lequel vous nous montrez comment vous souhaitez vous impliquer et ce que vous attendez de nous. Nous l&rsquo;attendons avec impatience !<\/p>\n\n<p><\/p>\n","protected":false},"excerpt":{"rendered":"<p>Nous proposons un marketing efficace avec des m\u00e9dias \u00e0 360 degr\u00e9s. Nous conseillons les entreprises sur les visites virtuelles depuis janvier 2012. Nous vendons, concevons et produisons des m\u00e9dias interactifs \u00e0 360 degr\u00e9s pour des clients issus d&rsquo;une grande vari\u00e9t\u00e9 d&rsquo;industries. Nous progressons r\u00e9guli\u00e8rement et&hellip; <a class=\"read-more\" href=\"https:\/\/360-up.com\/fr\/emplois-partenariats\/\">Read more<\/a><\/p>\n","protected":false},"author":3,"featured_media":0,"parent":0,"menu_order":0,"comment_status":"closed","ping_status":"closed","template":"","meta":{"_acf_changed":false,"footnotes":""},"class_list":["post-6075","page","type-page","status-publish","hentry"],"acf":[],"_links":{"self":[{"href":"https:\/\/360-up.com\/fr\/wp-json\/wp\/v2\/pages\/6075","targetHints":{"allow":["GET"]}}],"collection":[{"href":"https:\/\/360-up.com\/fr\/wp-json\/wp\/v2\/pages"}],"about":[{"href":"https:\/\/360-up.com\/fr\/wp-json\/wp\/v2\/types\/page"}],"author":[{"embeddable":true,"href":"https:\/\/360-up.com\/fr\/wp-json\/wp\/v2\/users\/3"}],"replies":[{"embeddable":true,"href":"https:\/\/360-up.com\/fr\/wp-json\/wp\/v2\/comments?post=6075"}],"version-history":[{"count":3,"href":"https:\/\/360-up.com\/fr\/wp-json\/wp\/v2\/pages\/6075\/revisions"}],"predecessor-version":[{"id":6099,"href":"https:\/\/360-up.com\/fr\/wp-json\/wp\/v2\/pages\/6075\/revisions\/6099"}],"wp:attachment":[{"href":"https:\/\/360-up.com\/fr\/wp-json\/wp\/v2\/media?parent=6075"}],"curies":[{"name":"wp","href":"https:\/\/api.w.org\/{rel}","templated":true}]}}