{"id":5222,"date":"2020-06-10T18:51:34","date_gmt":"2020-06-10T16:51:34","guid":{"rendered":"https:\/\/360-up.com\/startnext-projet-de-crowdfunding-street-view-updates-allemagne\/"},"modified":"2020-06-10T20:34:58","modified_gmt":"2020-06-10T18:34:58","slug":"startnext-projet-de-crowdfunding-street-view-updates-allemagne","status":"publish","type":"page","link":"https:\/\/360-up.com\/fr\/startnext-projet-de-crowdfunding-street-view-updates-allemagne\/","title":{"rendered":"STARTNEXT projet de crowdfunding Street View Updates Allemagne"},"content":{"rendered":"\n<p>Les photos Street View locales sont maintenant un voyage historique \u00e0 travers l&rsquo;Allemagne. Nous avons \u00e9t\u00e9 invit\u00e9s au Street View Summit au si\u00e8ge de Google \u00e0 Londres \u00e0 l&rsquo;automne 2019. Parce que nous avons d\u00e9velopp\u00e9 les workflows n\u00e9cessaires pour mettre \u00e0 jour les images Street View. \u00c0 la suite de l&rsquo;\u00e9v\u00e9nement, nous avons \u00e9galement publi\u00e9 une ligne bleue de Street View le long du K\u00f6-Bogen \u00e0 la fin de la K\u00f6nigsallee.<\/p>\n\n<p>Afin de faire progresser la num\u00e9risation des villes, nous avons publi\u00e9 un projet de crowdfunding intitul\u00e9 <a rel=\"noreferrer noopener\" href=\"https:\/\/www.startnext.com\/street-view-updates-deutschland\/\" target=\"_blank\">Street View Updates Made in Germany<\/a> sur la plateforme STARTNEXT. L\u00e0, les id\u00e9es et les entreprises sont soutenues et les id\u00e9es ont commenc\u00e9 avec la foule.<\/p>\n\n<p>Le financement de l&rsquo;essaim se termine \u00e0 la mi-ao\u00fbt 2020.<\/p>\n","protected":false},"excerpt":{"rendered":"<p>Les photos Street View locales sont maintenant un voyage historique \u00e0 travers l&rsquo;Allemagne. Nous avons \u00e9t\u00e9 invit\u00e9s au Street View Summit au si\u00e8ge de Google \u00e0 Londres \u00e0 l&rsquo;automne 2019. Parce que nous avons d\u00e9velopp\u00e9 les workflows n\u00e9cessaires pour mettre \u00e0 jour les images Street&hellip; <a class=\"read-more\" href=\"https:\/\/360-up.com\/fr\/startnext-projet-de-crowdfunding-street-view-updates-allemagne\/\">Read more<\/a><\/p>\n","protected":false},"author":3,"featured_media":0,"parent":0,"menu_order":0,"comment_status":"closed","ping_status":"closed","template":"","meta":{"_acf_changed":false,"footnotes":""},"class_list":["post-5222","page","type-page","status-publish","hentry"],"acf":[],"_links":{"self":[{"href":"https:\/\/360-up.com\/fr\/wp-json\/wp\/v2\/pages\/5222","targetHints":{"allow":["GET"]}}],"collection":[{"href":"https:\/\/360-up.com\/fr\/wp-json\/wp\/v2\/pages"}],"about":[{"href":"https:\/\/360-up.com\/fr\/wp-json\/wp\/v2\/types\/page"}],"author":[{"embeddable":true,"href":"https:\/\/360-up.com\/fr\/wp-json\/wp\/v2\/users\/3"}],"replies":[{"embeddable":true,"href":"https:\/\/360-up.com\/fr\/wp-json\/wp\/v2\/comments?post=5222"}],"version-history":[{"count":3,"href":"https:\/\/360-up.com\/fr\/wp-json\/wp\/v2\/pages\/5222\/revisions"}],"predecessor-version":[{"id":5232,"href":"https:\/\/360-up.com\/fr\/wp-json\/wp\/v2\/pages\/5222\/revisions\/5232"}],"wp:attachment":[{"href":"https:\/\/360-up.com\/fr\/wp-json\/wp\/v2\/media?parent=5222"}],"curies":[{"name":"wp","href":"https:\/\/api.w.org\/{rel}","templated":true}]}}