{"id":5119,"date":"2020-06-09T14:38:30","date_gmt":"2020-06-09T12:38:30","guid":{"rendered":"https:\/\/360-up.com\/salons-workshops\/"},"modified":"2022-06-27T09:05:47","modified_gmt":"2022-06-27T07:05:47","slug":"salons-workshops","status":"publish","type":"page","link":"https:\/\/360-up.com\/fr\/salons-workshops\/","title":{"rendered":"Salons + Workshops"},"content":{"rendered":"\n<h1 class=\"wp-block-heading\">\u00c9v\u00e9nements actuels de 360-up<\/h1>\n\n\n\n<p>Les \u00e9v\u00e9nements et les ateliers seront bient\u00f4t affich\u00e9s ici \u00e0 nouveau. Contactez nous s&rsquo;il vous plait. Nous pouvons organiser un appel vid\u00e9o \u00e0 tout moment.<\/p>\n\n\n\n<h1 class=\"wp-block-heading\">\u00c9v\u00e9nements pass\u00e9s de 360-up<\/h1>\n\n\n\n<p>Malheureusement, vous avez manqu\u00e9 ces \u00e9v\u00e9nements. Cependant, nous pr\u00e9voyons actuellement d&rsquo;autres \u00e9v\u00e9nements en personne cette ann\u00e9e. Vous n&rsquo;avez pas envie d&rsquo;attendre ? Regardez cette vid\u00e9o sur le virtual tour marketing avec m\u00e9dia 360\u00b0.<\/p>\n\n\n<div class=\"front-recent clearfix referenzen\">\n        \n\t    \n        \t<div class=\"clearfix\">\n        \n    <article id=\"post-5489\" class=\"post-5489 post referenz\">\n    \t<div class=\"content-wrap\">\n    \t\t<header class=\"entry-header text-center\">\n    \t\t\t<h4>Startup Woche 2020 | D\u00fcsseldorf<\/h2>\n    \t\t<\/header>\n    \t<\/div>\n    \n        <div class='square-box'>\n            <div class='square-content'  style=\"background-image:url('https:\/\/360-up.com\/wp-content\/uploads\/2020\/09\/Interview_Marcus_Mitter_360-Grad-Medien_Startup_Woche_Duesseldorf_360-up-1-1024x576.jpg')\" >\n            <\/div>\n    \t<\/div>\n    \n    \t<div class=\"entry-content\">\n    \t\t<div class=\"wp-block-button aligncenter\">\n    \t\t\t<a class=\"wp-block-button__link has-text-color has-very-dark-gray-color has-background has-luminous-vivid-amber-background-color xsmall-btn\" href=\"https:\/\/player.vimeo.com\/video\/460926442\" target=\"_blank\">\n        \t\t\t    \t\t\t\t<strong>regardez la vid\u00e9o<\/strong>\n    \t\t\t<\/a>\n\t\t\t<\/div>\n    \t<\/div>\n    \t\n\t\t<div class=\"text-center text-small kategorie\">\n\t\t\tEntretien\t\t<\/div>\n    <\/article>\n        \n        <\/div><!--  ee -->\n<\/div>\n\n\n\n<h2 class=\"wp-block-heading\">Startup-Woche D\u00fcsseldorf<\/h2>\n\n\n\n<p>20 june 2022 de 10.00 heures \u00e0 12.00 heures au Startplatz D\u00fcsseldorf<\/p>\n\n\n\n<p>Honn\u00eatement : la confiance est tout ! Si les clients gagnent en confiance, le seuil baisse pour qu\u2019ils ach\u00e8tent quelque chose, pour vous booker ou pour utiliser vos services. Par cons\u00e9quent, une pr\u00e9sentation d\u2019entreprise attrayante, pr\u00e9cieuse et s\u00e9rieuse est particuli\u00e8rement importante. Et qu\u2019est-ce qui cr\u00e9e plus de confiance qu\u2019un regard dans les coulisses d\u2019une startup ? Gr\u00e2ce aux visites virtuelles, vous pouvez donner \u00e0 vos clients un aper\u00e7u de la production et du travail quotidien. Utilisez des vid\u00e9os et des photos \u00e0 360 degr\u00e9s pour rendre votre entreprise tangible. Et faites de votre listing Google MyBusiness un v\u00e9ritable aimant pour les visiteurs.<\/p>\n\n\n\n<p>Gr\u00e2ce aux visites virtuelles, vous donnez \u00e0 vos clients un aper\u00e7u de la production et de votre travail quotidien. Utilisez des vid\u00e9os et des photos \u00e0 360 degr\u00e9s ou des num\u00e9risations 3D pour laisser d\u00e9couvrir votre entreprise de pr\u00e8s. C&rsquo;est ainsi que vous transformez votre page Google MyBusiness, votre site web et vos canaux de m\u00e9dias sociaux en v\u00e9ritables aimants \u00e0 visiteurs.<\/p>\n\n\n\n<p>Le conf\u00e9rencier Marcus Mitter vous apprend non seulement tout cela et plus encore en th\u00e9orie, mais aussi \u00e0 l&rsquo;aide de nombreux exemples pratiques. Dans le cadre du workshop, vous azez \u00e9galement la possibilit\u00e9 de d\u00e9couvrir diff\u00e9rents sites de D\u00fcsseldorf \u00e0 l&rsquo;aide d&rsquo;un casque VR et ainsi de d\u00e9couvrir d&rsquo;autres fa\u00e7ons de pr\u00e9senter l&rsquo;entreprise.<\/p>\n\n\n\n<p>Veuillez apporter votre smartphone au workshop.<\/p>\n\n\n\n<p>Marcus Mitter a fond\u00e9 360-up virtual tour marketing au d\u00e9but de 2012. Il est donc un v\u00e9t\u00e9ran de l&rsquo;industrie. Il a d\u00e9j\u00e0 publi\u00e9 plus de 13 000 vues \u00e0 360 degr\u00e9s pour plus de 400 entreprises sur les diff\u00e9rents services Google &#8211; et celles-ci ont d\u00e9j\u00e0 \u00e9t\u00e9 vues plus de 100 millions de fois.<\/p>\n\n\n\n<p><a href=\"https:\/\/www.startupwoche-dus.de\/en\/event\/360-degree-turn-to-success\/\" data-type=\"URL\" data-id=\"https:\/\/www.startupwoche-dus.de\/en\/event\/360-degree-turn-to-success\/\" target=\"_blank\" rel=\"noreferrer noopener\"> Inscrivez-vous ici<\/a><\/p>\n\n\n\n<h2 class=\"wp-block-heading\">ITB Salon International du Tourisme Berlin<\/h2>\n\n\n\n<p>10 mars au 14 mars 2021 \u00e0 la Foire de Berlin<\/p>\n\n\n\n<p>360-up virtual tour marketing est un exposant du laboratoire de r\u00e9alit\u00e9 virtuelle de l&rsquo;ITB. Rendez-nous visite lors des journ\u00e9es visiteurs du 10 au 12 mars. Nous vous pr\u00e9sentons les derni\u00e8res solutions de r\u00e9alit\u00e9 virtuelle sans obstacles d&rsquo;entr\u00e9e et d&rsquo;acc\u00e8s ! Lors des journ\u00e9es visiteurs les 13 et 14 mars, nous nous r\u00e9jouissons de vous rencontrer en prenant rendez-vous \u00e0 l&rsquo;avance.<\/p>\n\n\n\n<p>Nous vous montrons comment vous pouvez am\u00e9liorer votre image d&rsquo;entreprise avec des m\u00e9dias \u00e0 360 degr\u00e9s de haute qualit\u00e9 et g\u00e9n\u00e9rer plus de demandes gr\u00e2ce \u00e0 une pr\u00e9sentation attrayante.<\/p>\n\n\n\n<h2 class=\"wp-block-heading\">Marketing de visites virtuelles en p\u00e9riode de fermetures yo-yo D\u00fcsseldorf<\/h2>\n\n\n\n<p>30 juillet, 27 ao\u00fbt + 24 septembre 2020 de 16 heures \u00e0 22 heures au Kontor DUS<\/p>\n\n\n\n<p>En Allemagne, le commerce de d\u00e9tail, la gastronomie et l&rsquo;h\u00f4tellerie ouvrent progressivement une partie de la vie publique dans un monde fragile. S&rsquo;il y a des centres-villes surpeupl\u00e9s, nous conna\u00eetrons de nouveaux arr\u00eats. La science le pr\u00e9dit.<\/p>\n\n\n\n<p>Avant la fermeture, la moiti\u00e9 seulement du secteur de la vente au d\u00e9tail en Allemagne \u00e9tait en ligne, il en repr\u00e9sente aujourd&rsquo;hui les deux tiers. Le monde \u00e9tait immobile et tout le monde \u00e9tait pris au froid. De nombreux entrepreneurs sont actuellement ennuy\u00e9s d&rsquo;avoir n\u00e9glig\u00e9 la visibilit\u00e9 en ligne pendant des ann\u00e9es. Maintenant, pr\u00e9parez-vous aux circonstances pr\u00e9visibles.<\/p>\n\n\n\n<p>Nos clients peuvent garder les magasins ouverts et conseiller les clients non seulement lors des fermetures. Les parties int\u00e9ress\u00e9es d\u00e9couvrent les produits comme s&rsquo;ils \u00e9taient sur place et peuvent m\u00eame acheter.<\/p>\n\n\n\n<p>Au workshop, Marcus Mitter, fondateur de 360-up virtual tour marketing, enseigne comment les entreprises peuvent non seulement optimiser gratuitement leur visibilit\u00e9 sur Google, mais aussi y proposer des produits. Il montre \u00e9galement comment les entreprises peuvent \u00eatre d\u00e9couvertes de mani\u00e8re interactive \u00e0 l&rsquo;aide de la technologie Street View. Marcus fournit les bases des m\u00e9dias 360\u00b0 et des exp\u00e9riences dites de r\u00e9alit\u00e9 virtuelle. Il apprend comment les jumeaux num\u00e9riques d&rsquo;entreprises attirent comme par magie les prospects.<\/p>\n\n\n\n<p>Les ateliers se terminent par une plong\u00e9e dans des mondes virtuels avec diff\u00e9rentes lunettes de r\u00e9alit\u00e9 virtuelle et, si le temps le permet, avec une fin analogue et un r\u00e9seautage sur le grill sur la terrasse du Kontor DUS.<\/p>\n\n\n\n<p><a href=\"https:\/\/www.eventbrite.de\/e\/virtual-tour-marketing-und-video-coaching-wenn-nicht-jetzt-wann-dann-tickets-105139864164\" target=\"_blank\" rel=\"noopener\">Inscrivez-vous ici gratuitement<\/a><\/p>\n\n\n\n<h2 class=\"wp-block-heading\">Places Virtual Reality Festival Gelsenkirchen<\/h2>\n\n\n\n<p>21 ao\u00fbt 2020 de 16.30 heures \u00e0 17.00 heures sur le Stage in Gelsenkirchen-Uckendorf<\/p>\n\n\n\n<p>Marcus Mitter est le fondateur de 360-up virtual tour marketing et un v\u00e9t\u00e9ran de l&rsquo;industrie. Depuis le d\u00e9but de l&rsquo;ann\u00e9e 2012, il anime l&rsquo;innovation et la qualit\u00e9 des visites virtuelles. Il est toujours \u00e0 la recherche des tendances et des d\u00e9veloppements actuels dans le domaine de 360 degr\u00e9s et a acquis des ann\u00e9es de savoir-faire et de connaissances d&rsquo;expert. Il a remport\u00e9 la m\u00e9daille d&rsquo;argent du Google Business View Award \u00e0 deux reprises et a publi\u00e9 plus de 12500 panoramas sous forme de visites virtuelles Google Street View Trusted de centaines d&rsquo;entreprises en sept ans. Au cours de cette p\u00e9riode, les parties int\u00e9ress\u00e9es ont d\u00e9j\u00e0 consult\u00e9 90 millions de fois sur les services Google.<\/p>\n\n\n\n<p>Conf\u00e9rence visites virtuelles \u00e0 360\u00b0 + Experiences de R\u00e9alit\u00e9 Virtuelle &#8211; Allumez et plongez ! Aucune inscription requise.<\/p>\n\n\n\n<h2 class=\"wp-block-heading\">Startup-Woche D\u00fcsseldorf<\/h2>\n\n\n\n<p>14 septembre 2020 de 11.00 heures \u00e0 13.00 heures au Startplatz D\u00fcsseldorf<\/p>\n\n\n\n<p>Honn\u00eatement : la confiance est tout ! Si les clients gagnent en confiance, le seuil baisse pour qu\u2019ils ach\u00e8tent quelque chose, pour vous booker ou pour utiliser vos services. Par cons\u00e9quent, une pr\u00e9sentation d&rsquo;entreprise attrayante, pr\u00e9cieuse et s\u00e9rieuse est particuli\u00e8rement importante. Et qu&rsquo;est-ce qui cr\u00e9e plus de confiance qu&rsquo;un regard dans les coulisses d&rsquo;une startup ? Gr\u00e2ce aux visites virtuelles, vous pouvez donner \u00e0 vos clients un aper\u00e7u de la production et du travail quotidien. Utilisez des vid\u00e9os et des photos \u00e0 360 degr\u00e9s pour rendre votre entreprise tangible. Et faites de votre listing Google MyBusiness un v\u00e9ritable aimant pour les visiteurs.<\/p>\n\n\n\n<p>Le conf\u00e9rencier Marcus Mitter enseigne tout cela et plus non seulement en th\u00e9orie, mais aussi avec de nombreux exemples pratiques. Dans le cadre de l&rsquo;atelier, vous avez \u00e9galement la possibilit\u00e9 de d\u00e9couvrir divers sites de D\u00fcsseldorf \u00e0 l&rsquo;aide de casques VR et ainsi de d\u00e9couvrir d&rsquo;autres options pour les pr\u00e9sentations d&rsquo;entreprise. Veuillez apporter votre smartphone avec vous \u00e0 l&rsquo;atelier.<\/p>\n\n\n\n<p><a href=\"https:\/\/startupwoche-dus.de\/sessions\/360-grad-wende-zum-erfolg\/\" target=\"_blank\" rel=\"noopener\">Inscrivez-vous ici gratuitement<\/a><\/p>\n\n\n\n<h1 class=\"wp-block-heading\">Souhaitez-vous des experts pour vos \u00e9v\u00e9nements ?<\/h1>\n\n\n\n<p>Contactez nous s&rsquo;il vous plait. Nous sommes heureux de participer \u00e0 des salons, ateliers et \u00e9v\u00e9nements sur la num\u00e9risation, les m\u00e9dias 360\u00b0, la r\u00e9alit\u00e9 virtuelle, le marketing en ligne, la vente au d\u00e9tail, le tourisme ou des sujets similaires.<\/p>\n","protected":false},"excerpt":{"rendered":"<p>\u00c9v\u00e9nements actuels de 360-up Les \u00e9v\u00e9nements et les ateliers seront bient\u00f4t affich\u00e9s ici \u00e0 nouveau. Contactez nous s&rsquo;il vous plait. Nous pouvons organiser un appel vid\u00e9o \u00e0 tout moment. \u00c9v\u00e9nements pass\u00e9s de 360-up Malheureusement, vous avez manqu\u00e9 ces \u00e9v\u00e9nements. Cependant, nous pr\u00e9voyons actuellement d&rsquo;autres \u00e9v\u00e9nements&hellip; <a class=\"read-more\" href=\"https:\/\/360-up.com\/fr\/salons-workshops\/\">Read more<\/a><\/p>\n","protected":false},"author":3,"featured_media":0,"parent":0,"menu_order":0,"comment_status":"closed","ping_status":"closed","template":"","meta":{"_acf_changed":false,"footnotes":""},"class_list":["post-5119","page","type-page","status-publish","hentry"],"acf":[],"_links":{"self":[{"href":"https:\/\/360-up.com\/fr\/wp-json\/wp\/v2\/pages\/5119","targetHints":{"allow":["GET"]}}],"collection":[{"href":"https:\/\/360-up.com\/fr\/wp-json\/wp\/v2\/pages"}],"about":[{"href":"https:\/\/360-up.com\/fr\/wp-json\/wp\/v2\/types\/page"}],"author":[{"embeddable":true,"href":"https:\/\/360-up.com\/fr\/wp-json\/wp\/v2\/users\/3"}],"replies":[{"embeddable":true,"href":"https:\/\/360-up.com\/fr\/wp-json\/wp\/v2\/comments?post=5119"}],"version-history":[{"count":3,"href":"https:\/\/360-up.com\/fr\/wp-json\/wp\/v2\/pages\/5119\/revisions"}],"predecessor-version":[{"id":7083,"href":"https:\/\/360-up.com\/fr\/wp-json\/wp\/v2\/pages\/5119\/revisions\/7083"}],"wp:attachment":[{"href":"https:\/\/360-up.com\/fr\/wp-json\/wp\/v2\/media?parent=5119"}],"curies":[{"name":"wp","href":"https:\/\/api.w.org\/{rel}","templated":true}]}}