{"id":5117,"date":"2020-06-09T14:16:29","date_gmt":"2020-06-09T12:16:29","guid":{"rendered":"https:\/\/360-up.com\/contacter-360-up\/"},"modified":"2025-03-18T11:50:42","modified_gmt":"2025-03-18T10:50:42","slug":"contacter-360-up","status":"publish","type":"page","link":"https:\/\/360-up.com\/fr\/contacter-360-up\/","title":{"rendered":"Contacter 360-up"},"content":{"rendered":"\n<div class=\"wp-block-columns is-layout-flex wp-container-core-columns-is-layout-9d6595d7 wp-block-columns-is-layout-flex\">\n<div class=\"wp-block-column is-layout-flow wp-block-column-is-layout-flow\" style=\"flex-basis:60%\"><script type=\"text\/javascript\">var gform;gform||(document.addEventListener(\"gform_main_scripts_loaded\",function(){gform.scriptsLoaded=!0}),document.addEventListener(\"gform\/theme\/scripts_loaded\",function(){gform.themeScriptsLoaded=!0}),window.addEventListener(\"DOMContentLoaded\",function(){gform.domLoaded=!0}),gform={domLoaded:!1,scriptsLoaded:!1,themeScriptsLoaded:!1,isFormEditor:()=>\"function\"==typeof InitializeEditor,callIfLoaded:function(o){return!(!gform.domLoaded||!gform.scriptsLoaded||!gform.themeScriptsLoaded&&!gform.isFormEditor()||(gform.isFormEditor()&&console.warn(\"The use of gform.initializeOnLoaded() is deprecated in the form editor context and will be removed in Gravity Forms 3.1.\"),o(),0))},initializeOnLoaded:function(o){gform.callIfLoaded(o)||(document.addEventListener(\"gform_main_scripts_loaded\",()=>{gform.scriptsLoaded=!0,gform.callIfLoaded(o)}),document.addEventListener(\"gform\/theme\/scripts_loaded\",()=>{gform.themeScriptsLoaded=!0,gform.callIfLoaded(o)}),window.addEventListener(\"DOMContentLoaded\",()=>{gform.domLoaded=!0,gform.callIfLoaded(o)}))},hooks:{action:{},filter:{}},addAction:function(o,r,e,t){gform.addHook(\"action\",o,r,e,t)},addFilter:function(o,r,e,t){gform.addHook(\"filter\",o,r,e,t)},doAction:function(o){gform.doHook(\"action\",o,arguments)},applyFilters:function(o){return gform.doHook(\"filter\",o,arguments)},removeAction:function(o,r){gform.removeHook(\"action\",o,r)},removeFilter:function(o,r,e){gform.removeHook(\"filter\",o,r,e)},addHook:function(o,r,e,t,n){null==gform.hooks[o][r]&&(gform.hooks[o][r]=[]);var d=gform.hooks[o][r];null==n&&(n=r+\"_\"+d.length),gform.hooks[o][r].push({tag:n,callable:e,priority:t=null==t?10:t})},doHook:function(r,o,e){var t;if(e=Array.prototype.slice.call(e,1),null!=gform.hooks[r][o]&&((o=gform.hooks[r][o]).sort(function(o,r){return o.priority-r.priority}),o.forEach(function(o){\"function\"!=typeof(t=o.callable)&&(t=window[t]),\"action\"==r?t.apply(null,e):e[0]=t.apply(null,e)})),\"filter\"==r)return e[0]},removeHook:function(o,r,t,n){var e;null!=gform.hooks[o][r]&&(e=(e=gform.hooks[o][r]).filter(function(o,r,e){return!!(null!=n&&n!=o.tag||null!=t&&t!=o.priority)}),gform.hooks[o][r]=e)}});<\/script>\n                <div class='gf_browser_gecko gform_wrapper gform_legacy_markup_wrapper gform-theme--no-framework' data-form-theme='legacy' data-form-index='0' id='gform_wrapper_6' >\n                        <div class='gform_heading'>\n                            <h3 class=\"gform_title\">Formulaire de contact<\/h3>\n                            <p class='gform_description'><\/p>\n                        <\/div><form method='post' enctype='multipart\/form-data'  id='gform_6'  action='\/fr\/wp-json\/wp\/v2\/pages\/5117' data-formid='6' novalidate>\n                        <div class='gform-body gform_body'><ul id='gform_fields_6' class='gform_fields top_label form_sublabel_below description_below validation_below'><li id=\"field_6_1\" class=\"gfield gfield--type-text gfield_contains_required field_sublabel_below gfield--no-description field_description_below field_validation_below gfield_visibility_visible\"  data-js-reload=\"field_6_1\" ><label class='gfield_label gform-field-label' for='input_6_1'>nom<span class=\"gfield_required\"><span class=\"gfield_required gfield_required_asterisk\">*<\/span><\/span><\/label><div class='ginput_container ginput_container_text'><input name='input_1' id='input_6_1' type='text' value='' class='large'     aria-required=\"true\" aria-invalid=\"false\"   \/><\/div><\/li><li id=\"field_6_2\" class=\"gfield gfield--type-email gfield_contains_required field_sublabel_below gfield--no-description field_description_below field_validation_below gfield_visibility_visible\"  data-js-reload=\"field_6_2\" ><label class='gfield_label gform-field-label' for='input_6_2'>e-mail<span class=\"gfield_required\"><span class=\"gfield_required gfield_required_asterisk\">*<\/span><\/span><\/label><div class='ginput_container ginput_container_email'>\n                            <input name='input_2' id='input_6_2' type='email' value='' class='large'    aria-required=\"true\" aria-invalid=\"false\"  \/>\n                        <\/div><\/li><li id=\"field_6_3\" class=\"gfield gfield--type-phone field_sublabel_below gfield--no-description field_description_below field_validation_below gfield_visibility_visible\"  data-js-reload=\"field_6_3\" ><label class='gfield_label gform-field-label' for='input_6_3'>num\u00e9ro de t\u00e9l\u00e9phone<\/label><div class='ginput_container ginput_container_phone'><input name='input_3' id='input_6_3' type='tel' value='' class='large'    aria-invalid=\"false\"   \/><\/div><\/li><li id=\"field_6_4\" class=\"gfield gfield--type-text field_sublabel_below gfield--no-description field_description_below field_validation_below gfield_visibility_visible\"  data-js-reload=\"field_6_4\" ><label class='gfield_label gform-field-label' for='input_6_4'>sujet<\/label><div class='ginput_container ginput_container_text'><input name='input_4' id='input_6_4' type='text' value='' class='large'      aria-invalid=\"false\"   \/><\/div><\/li><li id=\"field_6_5\" class=\"gfield gfield--type-textarea gfield_contains_required field_sublabel_below gfield--no-description field_description_below field_validation_below gfield_visibility_visible\"  data-js-reload=\"field_6_5\" ><label class='gfield_label gform-field-label' for='input_6_5'>message<span class=\"gfield_required\"><span class=\"gfield_required gfield_required_asterisk\">*<\/span><\/span><\/label><div class='ginput_container ginput_container_textarea'><textarea name='input_5' id='input_6_5' class='textarea medium'     aria-required=\"true\" aria-invalid=\"false\"   rows='10' cols='50'><\/textarea><\/div><\/li><li id=\"field_6_7\" class=\"gfield gfield--type-consent gfield--type-choice gfield--input-type-consent gfield_contains_required field_sublabel_below gfield--no-description field_description_below field_validation_below gfield_visibility_visible\"  data-js-reload=\"field_6_7\" ><label class='gfield_label gform-field-label gfield_label_before_complex' >consentement<span class=\"gfield_required\"><span class=\"gfield_required gfield_required_asterisk\">*<\/span><\/span><\/label><div class='ginput_container ginput_container_consent'><input name='input_7.1' id='input_6_7_1' type='checkbox' value='1'   aria-required=\"true\" aria-invalid=\"false\"   \/> <label class=\"gform-field-label gform-field-label--type-inline gfield_consent_label\" for='input_6_7_1' >J&rsquo;accepte la politique de confidentialit\u00e9.<\/label><input type='hidden' name='input_7.2' value='J&#039;accepte la politique de confidentialit\u00e9.' class='gform_hidden' \/><input type='hidden' name='input_7.3' value='6' class='gform_hidden' \/><\/div><\/li><li id=\"field_6_9\" class=\"gfield gfield--type-captcha field_sublabel_below gfield--no-description field_description_below field_validation_below gfield_visibility_visible\"  data-js-reload=\"field_6_9\" ><label class='gfield_label gform-field-label' for='input_6_9'>CAPTCHA<\/label><div class='gfield_captcha_container'><img class='gfield_captcha' src='https:\/\/360-up.com\/wp-content\/uploads\/gravity_forms\/0-44d3dcdb488c9c4c90ebfbc7274a2359\/69220719.png' alt='' width='150' height='42' \/><div class='gfield_captcha_input_container simple_captcha_medium'><input type='text' autocomplete='off' name='input_9' id='input_6_9' \/><input type='hidden' name='input_captcha_prefix_9' value='69220719' \/><\/div><\/div><\/li><li id=\"field_6_10\" class=\"gfield gfield--type-honeypot gform_validation_container field_sublabel_below gfield--has-description field_description_below field_validation_below gfield_visibility_visible\"  data-js-reload=\"field_6_10\" ><label class='gfield_label gform-field-label' for='input_6_10'>Name<\/label><div class='ginput_container'><input name='input_10' id='input_6_10' type='text' value='' autocomplete='new-password'\/><\/div><div class='gfield_description' id='gfield_description_6_10'>Ce champ n\u2019est utilis\u00e9 qu\u2019\u00e0 des fins de validation et devrait rester inchang\u00e9.<\/div><\/li><\/ul><\/div>\n        <div class='gform-footer gform_footer top_label'> <input type='submit' id='gform_submit_button_6' class='gform_button button' onclick='gform.submission.handleButtonClick(this);' value='Envoyer'  \/> \n            <input type='hidden' class='gform_hidden' name='gform_submission_method' data-js='gform_submission_method_6' value='postback' \/>\n            <input type='hidden' class='gform_hidden' name='gform_theme' data-js='gform_theme_6' id='gform_theme_6' value='legacy' \/>\n            <input type='hidden' class='gform_hidden' name='gform_style_settings' data-js='gform_style_settings_6' id='gform_style_settings_6' value='{&quot;inputPrimaryColor&quot;:&quot;#204ce5&quot;}' \/>\n            <input type='hidden' class='gform_hidden' name='is_submit_6' value='1' \/>\n            <input type='hidden' class='gform_hidden' name='gform_submit' value='6' \/>\n            \n            <input type='hidden' class='gform_hidden' name='gform_unique_id' value='' \/>\n            <input type='hidden' class='gform_hidden' name='state_6' value='WyJ7XCI3LjFcIjpcIjE3NzE0OTljMzAxM2FiZTMxMWFhOTIzMzVhYzYyOTY4XCIsXCI3LjJcIjpcIjVhOGQ3YjZkODA0NTE2Mzk2MjAwYTdmMTkwMGExNGU5XCIsXCI3LjNcIjpcImE3NTVhY2FmNmU3Y2QwMjhkOGI0N2VkNzkzY2M5ZmY5XCJ9IiwiODU3YjUwMmM5ODFjZDI3MTcxZDNiYWJjZjNkYjZjNTkiXQ==' \/>\n            <input type='hidden' autocomplete='off' class='gform_hidden' name='gform_target_page_number_6' id='gform_target_page_number_6' value='0' \/>\n            <input type='hidden' autocomplete='off' class='gform_hidden' name='gform_source_page_number_6' id='gform_source_page_number_6' value='1' \/>\n            <input type='hidden' name='gform_field_values' value='' \/>\n            \n        <\/div>\n                        <\/form>\n                        <\/div><script type=\"text\/javascript\">\n\/* <![CDATA[ *\/\n gform.initializeOnLoaded( function() {gformInitSpinner( 6, 'https:\/\/360-up.com\/wp-content\/plugins\/gravityforms\/images\/spinner.svg', true );jQuery('#gform_ajax_frame_6').on('load',function(){var contents = jQuery(this).contents().find('*').html();var is_postback = contents.indexOf('GF_AJAX_POSTBACK') >= 0;if(!is_postback){return;}var form_content = jQuery(this).contents().find('#gform_wrapper_6');var is_confirmation = jQuery(this).contents().find('#gform_confirmation_wrapper_6').length > 0;var is_redirect = contents.indexOf('gformRedirect(){') >= 0;var is_form = form_content.length > 0 && ! is_redirect && ! is_confirmation;var mt = parseInt(jQuery('html').css('margin-top'), 10) + parseInt(jQuery('body').css('margin-top'), 10) + 100;if(is_form){jQuery('#gform_wrapper_6').html(form_content.html());if(form_content.hasClass('gform_validation_error')){jQuery('#gform_wrapper_6').addClass('gform_validation_error');} else {jQuery('#gform_wrapper_6').removeClass('gform_validation_error');}setTimeout( function() { \/* delay the scroll by 50 milliseconds to fix a bug in chrome *\/  }, 50 );if(window['gformInitDatepicker']) {gformInitDatepicker();}if(window['gformInitPriceFields']) {gformInitPriceFields();}var current_page = jQuery('#gform_source_page_number_6').val();gformInitSpinner( 6, 'https:\/\/360-up.com\/wp-content\/plugins\/gravityforms\/images\/spinner.svg', true );jQuery(document).trigger('gform_page_loaded', [6, current_page]);window['gf_submitting_6'] = false;}else if(!is_redirect){var confirmation_content = jQuery(this).contents().find('.GF_AJAX_POSTBACK').html();if(!confirmation_content){confirmation_content = contents;}jQuery('#gform_wrapper_6').replaceWith(confirmation_content);jQuery(document).trigger('gform_confirmation_loaded', [6]);window['gf_submitting_6'] = false;wp.a11y.speak(jQuery('#gform_confirmation_message_6').text());}else{jQuery('#gform_6').append(contents);if(window['gformRedirect']) {gformRedirect();}}jQuery(document).trigger(\"gform_pre_post_render\", [{ formId: \"6\", currentPage: \"current_page\", abort: function() { this.preventDefault(); } }]);                if (event && event.defaultPrevented) {                return;         }        const gformWrapperDiv = document.getElementById( \"gform_wrapper_6\" );        if ( gformWrapperDiv ) {            const visibilitySpan = document.createElement( \"span\" );            visibilitySpan.id = \"gform_visibility_test_6\";            gformWrapperDiv.insertAdjacentElement( \"afterend\", visibilitySpan );        }        const visibilityTestDiv = document.getElementById( \"gform_visibility_test_6\" );        let postRenderFired = false;                function triggerPostRender() {            if ( postRenderFired ) {                return;            }            postRenderFired = true;            jQuery( document ).trigger( 'gform_post_render', [6, current_page] );            gform.utils.trigger( { event: 'gform\/postRender', native: false, data: { formId: 6, currentPage: current_page } } );            gform.utils.trigger( { event: 'gform\/post_render', native: false, data: { formId: 6, currentPage: current_page } } );            if ( visibilityTestDiv ) {                visibilityTestDiv.parentNode.removeChild( visibilityTestDiv );            }        }        function debounce( func, wait, immediate ) {            var timeout;            return function() {                var context = this, args = arguments;                var later = function() {                    timeout = null;                    if ( !immediate ) func.apply( context, args );                };                var callNow = immediate && !timeout;                clearTimeout( timeout );                timeout = setTimeout( later, wait );                if ( callNow ) func.apply( context, args );            };        }        const debouncedTriggerPostRender = debounce( function() {            triggerPostRender();        }, 200 );        if ( visibilityTestDiv && visibilityTestDiv.offsetParent === null ) {            const observer = new MutationObserver( ( mutations ) => {                mutations.forEach( ( mutation ) => {                    if ( mutation.type === 'attributes' && visibilityTestDiv.offsetParent !== null ) {                        debouncedTriggerPostRender();                        observer.disconnect();                    }                });            });            observer.observe( document.body, {                attributes: true,                childList: false,                subtree: true,                attributeFilter: [ 'style', 'class' ],            });        } else {            triggerPostRender();        }    } );} ); \n\/* ]]> *\/\n<\/script>\n<\/div>\n\n\n\n<div class=\"wp-block-column is-layout-flow wp-block-column-is-layout-flow\" style=\"flex-basis:40%\">\n<h2 class=\"wp-block-heading\"> Emplacements<\/h2>\n\n\n\n<h3 class=\"wp-block-heading\">Allemagne<\/h3>\n\n\n\n<p>\r\n  <strong>Bureau D\u00fcsseldorf:<\/strong><br\/>Berzeliusstra\u00dfe 2<br\/>40549 D\u00fcsseldorf<br\/>\r\n  <span class=\"icon_fixedwidth\"><i class=\"fas fa-phone\"><\/i><\/span> <a href=\"tel:+49211 63966864\">+49 211 63966864<\/a><br\/>\r\n  <span class=\"icon_fixedwidth\"><i class=\"fas fa-mobile-alt\"><\/i><\/span> <a href=\"tel:+49171 5263656\">+49 171 5263656<\/a><br\/>  <span class=\"icon_fixedwidth\"><i class=\" fab fa-whatsapp \"><\/i><\/span> <a href=\" https:\/\/wa.me\/+491715263656\">+49 171 5263656<\/a><br\/>\r\n  <span class=\"icon_fixedwidth\"><i class=\"fas fa-envelope\"><\/i><\/span> <a href=\"mailto:office@360-up.com\">office@360-up.com<\/a>\r\n<\/p>\n\n\n\n<p>\n  <strong>Bureau Cologne \/ Bonn:<\/strong><br\/>Drususstra\u00dfe 30<br\/>53111 Bonn<br\/>\n  <span class=\"icon_fixedwidth\"><i class=\"fas fa-phone\"><\/i><\/span> <a href=\"tel:+49228 96786600\">+49 228 96786600<\/a><br\/>\n  <span class=\"icon_fixedwidth\"><i class=\"fas fa-mobile-alt\"><\/i><\/span> <a href=\"tel:+49171 5263656\">+49 171 5263656<\/a><br\/>  <span class=\"icon_fixedwidth\"><i class=\" fab fa-whatsapp \"><\/i><\/span> <a href=\" https:\/\/wa.me\/+491715263656\">+49 171 5263656<\/a><br\/>\n  <span class=\"icon_fixedwidth\"><i class=\"fas fa-envelope\"><\/i><\/span> <a href=\"mailto:office@360-up.com\">office@360-up.com<\/a>\n<\/p>\n\n\n\n<p>\n  <strong>Bureau Berlin:<\/strong><br\/>Anton-Saefkow-Platz 8<br\/>10369 Berlin<br\/>\n  <span class=\"icon_fixedwidth\"><i class=\"fas fa-phone\"><\/i><\/span> <a href=\"tel:+493030364249\">+49 30 30364249<\/a><br\/>\n  <span class=\"icon_fixedwidth\"><i class=\"fas fa-mobile-alt\"><\/i><\/span> <a href=\"tel:+4915678676280\">+49 15678 676280<\/a><br\/><span class=\"icon_fixedwidth\"><i class=\" fab fa-whatsapp \"><\/i><\/span> <a href=\" https:\/\/wa.me\/+491715263656\">+49 171 5263656<\/a><br\/>\n  <span class=\"icon_fixedwidth\"><i class=\"fas fa-envelope\"><\/i><\/span> <a href=\"mailto:office@360-up.com\">office@360-up.com<\/a>\n<\/p>\n\n\n\n<p>\n  <strong>Bureau Francfort:<\/strong><br\/>Eschersheimer Landstra\u00dfe 42<br\/>60322 Frankfurt<br\/>\n<span class=\"icon_fixedwidth\"><i class=\"fas fa-phone\"><\/i><\/span> <a href=\"tel:+496934868241\">+49 69 34868241<\/a><br\/>\n  <span class=\"icon_fixedwidth\"><i class=\"fas fa-mobile-alt\"><\/i><\/span> <a href=\"tel:+4915678676280\">+49 15678 676280<\/a><br\/><span class=\"icon_fixedwidth\"><i class=\" fab fa-whatsapp \"><\/i><\/span> <a href=\" https:\/\/wa.me\/+491715263656\">+49 171 5263656<\/a><br\/>\n  <span class=\"icon_fixedwidth\"><i class=\"fas fa-envelope\"><\/i><\/span> <a href=\"mailto:office@360-up.com\">office@360-up.com<\/a>\n<\/p>\n\n\n\n<p>\n  <strong>Bureau Munich:<\/strong><br\/>Franz-Joseph-Stra\u00dfe 11<br\/>80801 M\u00fcnchen<br\/>\n  <span class=\"icon_fixedwidth\"><i class=\"fas fa-phone\"><\/i><\/span> <a href=\"tel:+498920190978\">+49 89 20190978<\/a><br\/><span class=\"icon_fixedwidth\"><i class=\"fas fa-mobile-alt\"><\/i><\/span> <a href=\"tel:+49171 5263656\">+49 171 5263656<\/a><br\/><span class=\"icon_fixedwidth\"><i class=\" fab fa-whatsapp \"><\/i><\/span> <a href=\" https:\/\/wa.me\/+491715263656\">+49 171 5263656<\/a><br\/>\n  <span class=\"icon_fixedwidth\"><i class=\"fas fa-envelope\"><\/i><\/span> <a href=\"mailto:office@360-up.com\">office@360-up.com<\/a>\n<\/p>\n\n\n\n<p><\/p>\n\n\n\n<p><\/p>\n<\/div>\n<\/div>\n","protected":false},"excerpt":{"rendered":"<p>Emplacements Allemagne Bureau D\u00fcsseldorf:Berzeliusstra\u00dfe 240549 D\u00fcsseldorf +49 211 63966864 +49 171 5263656 +49 171 5263656 office@360-up.com Bureau Cologne \/ Bonn:Drususstra\u00dfe 3053111 Bonn +49 228 96786600 +49 171 5263656 +49 171 5263656 office@360-up.com Bureau Berlin:Anton-Saefkow-Platz 810369 Berlin +49 30 30364249 +49 15678 676280 +49 171 5263656&hellip; <a class=\"read-more\" href=\"https:\/\/360-up.com\/fr\/contacter-360-up\/\">Read more<\/a><\/p>\n","protected":false},"author":3,"featured_media":0,"parent":0,"menu_order":0,"comment_status":"closed","ping_status":"closed","template":"","meta":{"_acf_changed":false,"footnotes":""},"class_list":["post-5117","page","type-page","status-publish","hentry"],"acf":[],"_links":{"self":[{"href":"https:\/\/360-up.com\/fr\/wp-json\/wp\/v2\/pages\/5117","targetHints":{"allow":["GET"]}}],"collection":[{"href":"https:\/\/360-up.com\/fr\/wp-json\/wp\/v2\/pages"}],"about":[{"href":"https:\/\/360-up.com\/fr\/wp-json\/wp\/v2\/types\/page"}],"author":[{"embeddable":true,"href":"https:\/\/360-up.com\/fr\/wp-json\/wp\/v2\/users\/3"}],"replies":[{"embeddable":true,"href":"https:\/\/360-up.com\/fr\/wp-json\/wp\/v2\/comments?post=5117"}],"version-history":[{"count":3,"href":"https:\/\/360-up.com\/fr\/wp-json\/wp\/v2\/pages\/5117\/revisions"}],"predecessor-version":[{"id":8254,"href":"https:\/\/360-up.com\/fr\/wp-json\/wp\/v2\/pages\/5117\/revisions\/8254"}],"wp:attachment":[{"href":"https:\/\/360-up.com\/fr\/wp-json\/wp\/v2\/media?parent=5117"}],"curies":[{"name":"wp","href":"https:\/\/api.w.org\/{rel}","templated":true}]}}