{"id":5115,"date":"2020-06-09T14:09:57","date_gmt":"2020-06-09T12:09:57","guid":{"rendered":"https:\/\/360-up.com\/mentions-legales\/"},"modified":"2023-07-27T08:30:33","modified_gmt":"2023-07-27T06:30:33","slug":"mentions-legales","status":"publish","type":"page","link":"https:\/\/360-up.com\/fr\/mentions-legales\/","title":{"rendered":"Mentions l\u00e9gales"},"content":{"rendered":"\n<p><strong>Selon \u00a7 5 TMG<\/strong><\/p>\n\n<p><strong>360-up&#13;\n<\/strong>Marcus Mitter&#13;\nBerzeliusstra\u00dfe 2&#13;\n40549 D\u00fcsseldorf<\/p>\n\n<p><strong>Kontakt:<\/strong><br\/>t\u00e9l\u00e9phone :  +49 211 \u00a063 96 68 64<br\/>e-mail :\u00a0<a href=\"mailto:office@360-up.com\">office@360-up.com<\/a><\/p>\n\n<p><strong>Num\u00e9ro d&rsquo;identification fiscale :<\/strong><br\/>Num\u00e9ro d&rsquo;identification de la taxe de vente selon la loi sur la taxe de vente \u00a727a :  DE281109611.<\/p>\n\n<p><strong>R\u00e9f\u00e9rence au r\u00e8glement des diff\u00e9rends de l&rsquo;UE :<br\/><\/strong>La Commission europ\u00e9enne fournit une plateforme de r\u00e8glement des litiges en ligne (OS) :\u00a0<a rel=\"noreferrer noopener\" href=\"http:\/\/ec.europa.eu\/consumers\/odr\" target=\"_blank\">http:\/\/ec.europa.eu\/consumers\/odr<\/a><br\/>Vous pouvez trouver notre adresse e-mail dans l&#8217;empreinte ci-dessus.<\/p>\n","protected":false},"excerpt":{"rendered":"<p>Selon \u00a7 5 TMG 360-up&#13; Marcus Mitter&#13; Berzeliusstra\u00dfe 2&#13; 40549 D\u00fcsseldorf Kontakt:t\u00e9l\u00e9phone : +49 211 \u00a063 96 68 64e-mail :\u00a0office@360-up.com Num\u00e9ro d&rsquo;identification fiscale :Num\u00e9ro d&rsquo;identification de la taxe de vente selon la loi sur la taxe de vente \u00a727a : DE281109611. R\u00e9f\u00e9rence au r\u00e8glement des&hellip; <a class=\"read-more\" href=\"https:\/\/360-up.com\/fr\/mentions-legales\/\">Read more<\/a><\/p>\n","protected":false},"author":3,"featured_media":0,"parent":0,"menu_order":0,"comment_status":"closed","ping_status":"closed","template":"","meta":{"_acf_changed":false,"footnotes":""},"class_list":["post-5115","page","type-page","status-publish","hentry"],"acf":[],"_links":{"self":[{"href":"https:\/\/360-up.com\/fr\/wp-json\/wp\/v2\/pages\/5115","targetHints":{"allow":["GET"]}}],"collection":[{"href":"https:\/\/360-up.com\/fr\/wp-json\/wp\/v2\/pages"}],"about":[{"href":"https:\/\/360-up.com\/fr\/wp-json\/wp\/v2\/types\/page"}],"author":[{"embeddable":true,"href":"https:\/\/360-up.com\/fr\/wp-json\/wp\/v2\/users\/3"}],"replies":[{"embeddable":true,"href":"https:\/\/360-up.com\/fr\/wp-json\/wp\/v2\/comments?post=5115"}],"version-history":[{"count":2,"href":"https:\/\/360-up.com\/fr\/wp-json\/wp\/v2\/pages\/5115\/revisions"}],"predecessor-version":[{"id":7656,"href":"https:\/\/360-up.com\/fr\/wp-json\/wp\/v2\/pages\/5115\/revisions\/7656"}],"wp:attachment":[{"href":"https:\/\/360-up.com\/fr\/wp-json\/wp\/v2\/media?parent=5115"}],"curies":[{"name":"wp","href":"https:\/\/api.w.org\/{rel}","templated":true}]}}