{"id":5113,"date":"2020-06-09T14:03:36","date_gmt":"2020-06-09T12:03:36","guid":{"rendered":"https:\/\/360-up.com\/protection-des-donnees\/"},"modified":"2020-06-09T14:03:41","modified_gmt":"2020-06-09T12:03:41","slug":"protection-des-donnees","status":"publish","type":"page","link":"https:\/\/360-up.com\/fr\/protection-des-donnees\/","title":{"rendered":"Protection des donn\u00e9es"},"content":{"rendered":"\n<h2 class=\"wp-block-heading\">1. La protection des donn\u00e9es en un coup d&rsquo;\u0153il<\/h2>\n\n<h3 class=\"wp-block-heading\">Informations g\u00e9n\u00e9rales<\/h3>\n\n<p>Les informations suivantes fournissent un aper\u00e7u simple de ce qui arrive \u00e0 vos donn\u00e9es personnelles lorsque vous visitez notre site web. Les donn\u00e9es personnelles sont toutes les donn\u00e9es avec lesquelles vous pouvez \u00eatre personnellement identifi\u00e9. Vous trouverez des informations d\u00e9taill\u00e9es sur le sujet de la protection des donn\u00e9es dans notre d\u00e9claration de protection des donn\u00e9es sous ce texte.<\/p>\n\n<h3 class=\"wp-block-heading\">Collecte de donn\u00e9es sur notre site web<\/h3>\n\n<p><strong>Qui est responsable de la collecte des donn\u00e9es sur ce site web ?<\/strong><br\/>Le traitement des donn\u00e9es sur ce site est effectu\u00e9 par l&rsquo;exploitant du site. Vous pouvez trouver leurs coordonn\u00e9es dans les mentions l\u00e9gales de ce site web.<\/p>\n\n<p><strong>Comment collectons-nous vos donn\u00e9es ?<\/strong><br\/>D&rsquo;une part, vos donn\u00e9es sont collect\u00e9es lorsque vous nous les fournissez. Cela sont par exemple des donn\u00e9es que vous saisissez dans un formulaire de contact.<br\/>Nos syst\u00e8mes informatiques collectent automatiquement d&rsquo;autres donn\u00e9es lorsque vous visitez le site web. Il s&rsquo;agit principalement de donn\u00e9es techniques (par exemple, navigateur Internet, syst\u00e8me d&rsquo;exploitation ou heure de la visite de la page). Ces donn\u00e9es sont enregistr\u00e9es automatiquement d\u00e8s que vous entrez sur notre site internet.<\/p>\n\n<p><strong>\u00c0 quelles fins utilisons-nous vos donn\u00e9es?<\/strong><br\/>Une partie des donn\u00e9es est collect\u00e9e pour s&rsquo;assurer que le site web est correctement fourni. D&rsquo;autres donn\u00e9es peuvent \u00eatre utilis\u00e9es pour analyser votre comportement d&rsquo;utilisateur.<\/p>\n\n<p><strong>Quels droits avez-vous sur vos donn\u00e9es?<\/strong><br\/>Vous avez le droit de recevoir gratuitement \u00e0 tout moment des informations sur l&rsquo;origine, le destinataire et le but de vos donn\u00e9es personnelles stock\u00e9es. Vous avez \u00e9galement le droit de demander que ces donn\u00e9es soient corrig\u00e9es, bloqu\u00e9es ou supprim\u00e9es. Vous pouvez nous contacter \u00e0 tout moment \u00e0 l&rsquo;adresse indiqu\u00e9e dans les mentions l\u00e9gales si vous avez d&rsquo;autres questions sur la protection des donn\u00e9es. Vous avez \u00e9galement le droit de d\u00e9poser une plainte aupr\u00e8s de l&rsquo;autorit\u00e9 de contr\u00f4le comp\u00e9tente.<br\/>Vous avez \u00e9galement le droit de demander que le traitement de vos donn\u00e9es personnelles soit restreint dans certaines circonstances. Vous trouverez des informations \u00e0 ce sujet dans la d\u00e9claration de protection des donn\u00e9es sous \u00ab\u00a0Droit \u00e0 la limitation du traitement\u00a0\u00bb.<\/p>\n\n<h2 class=\"wp-block-heading\">2. Informations g\u00e9n\u00e9rales et informations obligatoires<\/h2>\n\n<h3 class=\"wp-block-heading\">Protection des donn\u00e9es<\/h3>\n\n<p>Les op\u00e9rateurs de ces pages prennent tr\u00e8s au s\u00e9rieux la protection de vos donn\u00e9es personnelles. Nous traitons vos donn\u00e9es personnelles de mani\u00e8re confidentielle et conform\u00e9ment aux dispositions l\u00e9gales en mati\u00e8re de protection des donn\u00e9es et \u00e0 cette d\u00e9claration de protection des donn\u00e9es.<br\/>Lorsque vous utilisez ce site web, diverses donn\u00e9es personnelles sont collect\u00e9es. Les donn\u00e9es personnelles sont des donn\u00e9es avec lesquelles vous pouvez \u00eatre personnellement identifi\u00e9. Cette d\u00e9claration de protection des donn\u00e9es explique quelles donn\u00e9es nous collectons et pourquoi nous les utilisons. Il explique \u00e9galement comment et dans quel but cela est fait.<br\/>Nous tenons \u00e0 souligner que la transmission de donn\u00e9es sur Internet (par exemple lors de la communication par e-mail) peut pr\u00e9senter des failles de s\u00e9curit\u00e9. Il n&rsquo;est pas possible de prot\u00e9ger compl\u00e8tement les donn\u00e9es d&rsquo;un acc\u00e8s tiers.<\/p>\n\n<h3 class=\"wp-block-heading\">Informations sur l&rsquo;organisme responsable<\/h3>\n\n<p>L&rsquo;organisme responsable du traitement des donn\u00e9es sur ce site web est:<\/p>\n\n<p>360-up, Marcus Mitter, Rather Stra\u00dfe 25, 40476 D\u00fcsseldorf <br\/>t\u00e9l\u00e9phone :  +49 211 \u00a063 96 68 64<br\/>e-mail :  <a href=\"mailto:office@360-up.com\">office@360-up.com<\/a> <\/p>\n\n<p>L&rsquo;organisme responsable est la personne physique ou morale qui, seule ou avec d&rsquo;autres, d\u00e9cide des finalit\u00e9s et des moyens de traitement des donn\u00e9es personnelles (par exemple, noms, adresses e-mail ou similaires).<\/p>\n\n<h3 class=\"wp-block-heading\">R\u00e9vocation de votre consentement au traitement des donn\u00e9es<\/h3>\n\n<p>De nombreuses op\u00e9rations de traitement de donn\u00e9es ne sont possibles qu&rsquo;avec votre consentement expr\u00e8s. Vous pouvez retirer votre consentement \u00e0 tout moment. Il vous suffit de nous envoyer un e-mail informel. La l\u00e9galit\u00e9 du traitement des donn\u00e9es effectu\u00e9 avant la r\u00e9vocation n&rsquo;est pas affect\u00e9e par la r\u00e9vocation.<\/p>\n\n<h3 class=\"wp-block-heading\">Droit de s&rsquo;opposer \u00e0 la collecte de donn\u00e9es dans des cas particuliers et \u00e0 la publicit\u00e9 directe (article 21 du RGPD)<\/h3>\n\n<p><strong>Si le traitement des donn\u00e9es est bas\u00e9 sur l&rsquo;article 6, paragraphe 1, lit. e ou f RGPD, vous avez le droit \u00e0 tout moment de vous opposer au traitement de vos donn\u00e9es personnelles pour des raisons qui d\u00e9coulent de votre situation particuli\u00e8re ; cela s&rsquo;applique \u00e9galement au profilage bas\u00e9 sur ces dispositions. La base juridique respective sur laquelle le traitement est bas\u00e9 se trouve dans cette d\u00e9claration de protection des donn\u00e9es. Si vous formulez une objection, nous ne traiterons plus vos donn\u00e9es personnelles concern\u00e9es, sauf si nous pouvons d\u00e9montrer des raisons l\u00e9gitimes imp\u00e9rieuses pour le traitement qui l&#8217;emportent sur vos int\u00e9r\u00eats, droits et libert\u00e9s ou si le traitement sert \u00e0 faire valoir, \u00e0 exercer ou \u00e0 d\u00e9fendre des r\u00e9clamations l\u00e9gales ( Objection conform\u00e9ment \u00e0 l&rsquo;article 21, paragraphe 1 du RGPD).<\/strong><\/p>\n\n<p><strong>Si vos donn\u00e9es personnelles sont trait\u00e9es \u00e0 des fins de marketing direct, vous avez le droit de vous opposer \u00e0 tout moment au traitement de vos donn\u00e9es personnelles aux fins d&rsquo;une telle publicit\u00e9 ; cela vaut \u00e9galement pour le profilage dans la mesure o\u00f9 il est li\u00e9 \u00e0 une telle publicit\u00e9 directe. Si vous vous y opposez, vos donn\u00e9es personnelles ne seront plus utilis\u00e9es \u00e0 des fins de marketing direct (objection en vertu de l&rsquo;article 21, paragraphe 2, du RGPD).<\/strong><\/p>\n\n<h3 class=\"wp-block-heading\">Droit d&rsquo;introduire une r\u00e9clamation aupr\u00e8s de l&rsquo;autorit\u00e9 de contr\u00f4le comp\u00e9tente<\/h3>\n\n<p>En cas de violation du RGPD, la personne concern\u00e9e a le droit de d\u00e9poser une plainte aupr\u00e8s d&rsquo;une autorit\u00e9 de contr\u00f4le, en particulier dans l&rsquo;\u00c9tat membre de sa r\u00e9sidence habituelle, son lieu de travail ou le lieu de la violation all\u00e9gu\u00e9e. Le droit de porter plainte est sans pr\u00e9judice des autres recours administratifs ou judiciaires.<\/p>\n\n<h3 class=\"wp-block-heading\">Droit \u00e0 la portabilit\u00e9 des donn\u00e9es<\/h3>\n\n<p>Vous avez le droit de recevoir des donn\u00e9es que nous traitons automatiquement sur la base de votre consentement ou en ex\u00e9cution d&rsquo;un contrat qui vous est remis ou \u00e0 un tiers dans un format commun et lisible par machine. Si vous demandez le transfert direct des donn\u00e9es \u00e0 une autre personne responsable, cela n&rsquo;aura lieu que si cela est techniquement faisable.<\/p>\n\n<h3 class=\"wp-block-heading\">Cryptage SSL ou TLS<\/h3>\n\n<p>Pour des raisons de s\u00e9curit\u00e9 et pour prot\u00e9ger la transmission de contenus confidentiels, tels que les commandes ou les demandes de renseignements que vous nous envoyez en tant qu&rsquo;op\u00e9rateur du site, ce site utilise un SSL ou. Cryptage TLS. Vous pouvez reconna\u00eetre une connexion crypt\u00e9e par le fait que la ligne d&rsquo;adresse du navigateur passe de \u00abhttp: \/\/\u00bb \u00e0 \u00abhttps: \/\/\u00bb et par le symbole de verrouillage dans la ligne de votre navigateur.<\/p>\n\n<p>Si le cryptage SSL ou TLS est activ\u00e9, les donn\u00e9es que vous nous transmettez ne peuvent pas \u00eatre lues par des tiers.<\/p>\n\n<h3 class=\"wp-block-heading\">Information, blocage, suppression et correction<\/h3>\n\n<p>Dans le cadre des dispositions l\u00e9gales applicables, vous avez le droit de lib\u00e9rer des informations sur vos donn\u00e9es personnelles stock\u00e9es, leur origine et leur destinataire et la finalit\u00e9 du traitement des donn\u00e9es et, si n\u00e9cessaire, le droit de corriger, bloquer ou supprimer ces donn\u00e9es. Vous pouvez nous contacter \u00e0 tout moment \u00e0 l&rsquo;adresse indiqu\u00e9e dans les mentions l\u00e9gales si vous avez d&rsquo;autres questions sur les donn\u00e9es personnelles.<\/p>\n\n<h3 class=\"wp-block-heading\">Droit \u00e0 la restriction du traitement<\/h3>\n\n<p>Vous avez le droit de demander que le traitement de vos donn\u00e9es personnelles soit restreint. Vous pouvez nous contacter \u00e0 tout moment \u00e0 l&rsquo;adresse indiqu\u00e9e dans les mentions l\u00e9gales. Le droit de restreindre le traitement existe dans les cas suivants :<\/p>\n\n<ul class=\"wp-block-list\"><li>Si vous contestez l&rsquo;exactitude de vos donn\u00e9es personnelles stock\u00e9es chez nous, nous avons g\u00e9n\u00e9ralement besoin de temps pour le v\u00e9rifier. Pendant la dur\u00e9e de l&rsquo;examen, vous avez le droit de demander que le traitement de vos donn\u00e9es personnelles soit restreint.<\/li><li>Si le traitement de vos donn\u00e9es personnelles a eu lieu \/ se produit ill\u00e9galement, vous pouvez demander la restriction du traitement des donn\u00e9es au lieu de la suppression.<\/li><li>Si nous n&rsquo;avons plus besoin de vos donn\u00e9es personnelles, mais que vous en avez besoin pour exercer, d\u00e9fendre ou faire valoir des droits l\u00e9gaux, vous avez le droit de demander que le traitement de vos donn\u00e9es personnelles soit restreint au lieu d&rsquo;\u00eatre supprim\u00e9.<\/li><li>Si vous avez d\u00e9pos\u00e9 une objection conform\u00e9ment \u00e0 l&rsquo;article 21, paragraphe 1, du RGPD, vous et nos int\u00e9r\u00eats doivent \u00eatre mis en balance. Tant qu&rsquo;il n&rsquo;est pas clair quels int\u00e9r\u00eats l&#8217;emportent sur les droits, vous avez le droit de demander que le traitement de vos donn\u00e9es personnelles soit restreint.<\/li><\/ul>\n\n<p>Si vous avez limit\u00e9 le traitement de vos donn\u00e9es personnelles, ces donn\u00e9es &#8211; en dehors de leur stockage &#8211; ne peuvent \u00eatre obtenues qu&rsquo;avec votre consentement ou pour faire valoir, exercer ou d\u00e9fendre des actions en justice ou pour prot\u00e9ger les droits d&rsquo;une autre personne physique ou morale ou pour des raisons d&rsquo;int\u00e9r\u00eat public important l&rsquo;Union europ\u00e9enne ou un \u00c9tat membre.<\/p>\n\n<h2 class=\"wp-block-heading\">3. Collecte de donn\u00e9es sur notre site web<\/h2>\n\n<h3 class=\"wp-block-heading\">Cookies<\/h3>\n\n<p>Certains sites web utilisent des cookies. Les cookies n&rsquo;endommagent pas votre ordinateur et ne contiennent aucun virus. Les cookies servent \u00e0 rendre notre offre plus conviviale, plus efficace et plus s\u00fbre. Les cookies sont de petits fichiers texte qui sont stock\u00e9s sur votre ordinateur et enregistr\u00e9s par votre navigateur.<\/p>\n\n<p>La plupart des cookies que nous utilisons sont des \u00abcookies de session\u00bb. Ils sont automatiquement supprim\u00e9s apr\u00e8s votre visite. D&rsquo;autres cookies restent sur votre appareil jusqu&rsquo;\u00e0 ce que vous les supprimiez. Ces cookies nous permettent de reconna\u00eetre votre navigateur lors de votre prochaine visite.<\/p>\n\n<p>Vous pouvez configurer votre navigateur pour \u00eatre inform\u00e9 de la configuration des cookies et n&rsquo;autoriser les cookies que dans des cas individuels, exclure l&rsquo;acceptation des cookies dans certains cas ou en g\u00e9n\u00e9ral, et activer la suppression automatique des cookies lorsque le navigateur est ferm\u00e9. Si les cookies sont d\u00e9sactiv\u00e9s, la fonctionnalit\u00e9 de ce site web peut \u00eatre restreinte.<\/p>\n\n<p>Les cookies qui sont n\u00e9cessaires pour effectuer le processus de communication \u00e9lectronique ou pour fournir certaines fonctions dont vous avez besoin (par exemple, la fonction de panier) sont d\u00e9finis sur la base de l&rsquo;article 6, paragraphe 1, lit. f RGPD enregistr\u00e9. L&rsquo;exploitant du site web a un int\u00e9r\u00eat l\u00e9gitime \u00e0 stocker des cookies pour une prestation techniquement sans erreur et optimis\u00e9e de ses services. Dans la mesure o\u00f9 d&rsquo;autres cookies (par exemple des cookies pour analyser votre comportement de navigation) sont stock\u00e9s, ils sont trait\u00e9s s\u00e9par\u00e9ment dans cette d\u00e9claration de protection des donn\u00e9es.<\/p>\n\n<h3 class=\"wp-block-heading\">Google Analytics<\/h3>\n<p>[ga-optout text=\u00a0\u00bbGoogle Analytics deaktivieren\u00a0\u00bb]<\/p>\n\n<h3 class=\"wp-block-heading\">Fichiers journaux du serveur<\/h3>\n\n<p>Le fournisseur des pages recueille et stocke automatiquement les informations dans les fichiers journaux du serveur, que votre navigateur nous transmet automatiquement. Ceux-ci sont :<\/p>\n\n<ul class=\"wp-block-list\"><li>Type et version du navigateur<\/li><li>Syst\u00e8me d&rsquo;exploitation utilis\u00e9<\/li><li>URL de r\u00e9f\u00e9rence<\/li><li>Nom d&rsquo;h\u00f4te de l&rsquo;ordinateur acc\u00e9dant<\/li><li>Heure de la demande du serveur<\/li><li>Adresse IP<\/li><\/ul>\n\n<p>Ces donn\u00e9es ne sont pas fusionn\u00e9es avec d&rsquo;autres sources de donn\u00e9es.<\/p>\n\n<p>Ces donn\u00e9es sont enregistr\u00e9es sur la base de l&rsquo;article 6, paragraphe 1, lit. f RGPD. L&rsquo;exploitant du site Web a un int\u00e9r\u00eat l\u00e9gitime \u00e0 la pr\u00e9sentation et \u00e0 l&rsquo;optimisation sans erreur technique de son site web &#8211; les fichiers journaux du serveur doivent \u00eatre enregistr\u00e9s pour cela.<\/p>\n\n<h3 class=\"wp-block-heading\">Traitement des donn\u00e9es (donn\u00e9es client et contrat)<\/h3>\n\n<p>Nous collectons, traitons et utilisons les donn\u00e9es personnelles uniquement dans la mesure o\u00f9 elles sont n\u00e9cessaires \u00e0 l&rsquo;\u00e9tablissement, au contenu ou \u00e0 la modification de la relation juridique (donn\u00e9es d&rsquo;inventaire). Cela se fait sur la base de l&rsquo;article 6, paragraphe 1, lit. b RGPD, qui permet au traitement des donn\u00e9es de remplir un contrat ou des mesures pr\u00e9contractuelles. Nous ne collectons, traitons et utilisons des donn\u00e9es personnelles sur l&rsquo;utilisation de notre site web (donn\u00e9es d&rsquo;utilisation) que si cela est n\u00e9cessaire pour permettre ou facturer \u00e0 l&rsquo;utilisateur l&rsquo;utilisation du service.<br\/>Les donn\u00e9es client collect\u00e9es seront supprim\u00e9es une fois la commande termin\u00e9e ou la relation commerciale termin\u00e9e. Les d\u00e9lais de conservation l\u00e9gaux restent inchang\u00e9s.<\/p>\n","protected":false},"excerpt":{"rendered":"<p>1. La protection des donn\u00e9es en un coup d&rsquo;\u0153il Informations g\u00e9n\u00e9rales Les informations suivantes fournissent un aper\u00e7u simple de ce qui arrive \u00e0 vos donn\u00e9es personnelles lorsque vous visitez notre site web. Les donn\u00e9es personnelles sont toutes les donn\u00e9es avec lesquelles vous pouvez \u00eatre personnellement&hellip; <a class=\"read-more\" href=\"https:\/\/360-up.com\/fr\/protection-des-donnees\/\">Read more<\/a><\/p>\n","protected":false},"author":3,"featured_media":0,"parent":0,"menu_order":0,"comment_status":"closed","ping_status":"closed","template":"","meta":{"_acf_changed":false,"footnotes":""},"class_list":["post-5113","page","type-page","status-publish","hentry"],"acf":[],"_links":{"self":[{"href":"https:\/\/360-up.com\/fr\/wp-json\/wp\/v2\/pages\/5113","targetHints":{"allow":["GET"]}}],"collection":[{"href":"https:\/\/360-up.com\/fr\/wp-json\/wp\/v2\/pages"}],"about":[{"href":"https:\/\/360-up.com\/fr\/wp-json\/wp\/v2\/types\/page"}],"author":[{"embeddable":true,"href":"https:\/\/360-up.com\/fr\/wp-json\/wp\/v2\/users\/3"}],"replies":[{"embeddable":true,"href":"https:\/\/360-up.com\/fr\/wp-json\/wp\/v2\/comments?post=5113"}],"version-history":[{"count":1,"href":"https:\/\/360-up.com\/fr\/wp-json\/wp\/v2\/pages\/5113\/revisions"}],"predecessor-version":[{"id":5114,"href":"https:\/\/360-up.com\/fr\/wp-json\/wp\/v2\/pages\/5113\/revisions\/5114"}],"wp:attachment":[{"href":"https:\/\/360-up.com\/fr\/wp-json\/wp\/v2\/media?parent=5113"}],"curies":[{"name":"wp","href":"https:\/\/api.w.org\/{rel}","templated":true}]}}