{"id":5107,"date":"2020-06-09T13:17:17","date_gmt":"2020-06-09T11:17:17","guid":{"rendered":"https:\/\/360-up.com\/360-up-virtual-tour-marketing-dans-les-medias\/"},"modified":"2020-06-15T12:41:35","modified_gmt":"2020-06-15T10:41:35","slug":"360-up-virtual-tour-marketing-dans-les-medias","status":"publish","type":"page","link":"https:\/\/360-up.com\/fr\/360-up-virtual-tour-marketing-dans-les-medias\/","title":{"rendered":"360-up virtual tour marketing dans les m\u00e9dias"},"content":{"rendered":"\n<div class=\"wp-block-columns is-layout-flex wp-container-core-columns-is-layout-9d6595d7 wp-block-columns-is-layout-flex\">\n<div class=\"wp-block-column is-layout-flow wp-block-column-is-layout-flow\">\n<h2 class=\"wp-block-heading\">Rheinische Post<\/h2>\n\n\n\n<p><a href=\"https:\/\/rp-online.de\/nrw\/staedte\/duesseldorf\/fuenf-tipps-fuer-die-start-up-woche-2019-in-duesseldorf_aid-37923565\" target=\"_blank\" rel=\"noreferrer noopener\" aria-label=\" (&#xF6;ffnet in neuem Tab)\">F\u00fcnf Tipps f\u00fcr die Start-up-Woche<\/a><\/p>\n\n\n\n<h2 class=\"wp-block-heading\">Westdeutsche Zeitung<\/h2>\n\n\n\n<p><a href=\"https:\/\/www.wz.de\/nrw\/duesseldorf\/zehn-programm-tipps-fuer-die-start-up-woche-in-duesseldorf_aid-37892379\" target=\"_blank\" rel=\"noreferrer noopener\" aria-label=\" (&#xF6;ffnet in neuem Tab)\">Zehn Tipps f\u00fcr die Start-up-Woche in D\u00fcsseldorf<\/a><\/p>\n\n\n\n<h2 class=\"wp-block-heading\">Wirtschaftswoche<\/h2>\n\n\n\n<p><a href=\"https:\/\/gruender.wiwo.de\/marketing-so-koennen-sich-unternehmen-besser-bei-google-praesentieren\/\" target=\"_blank\" rel=\"noreferrer noopener\" aria-label=\" (&#xF6;ffnet in neuem Tab)\">Marketing: So k\u00f6nnen sich Unternehmen besser bei Google pr\u00e4sentieren<\/a><\/p>\n\n\n\n<h2 class=\"wp-block-heading\">Westdeutsche Zeitung<\/h2>\n\n\n\n<p><a href=\"https:\/\/www.wz.de\/nrw\/krefeld\/stadtteile\/uerdingen\/per-mausklick-durch-die-brennerei_aid-28040159\" target=\"_blank\" rel=\"noreferrer noopener\" aria-label=\" (&#xF6;ffnet in neuem Tab)\">Street View im Unternehmen: Per Mausklick durch die Brennerei<\/a><\/p>\n\n\n\n<h2 class=\"wp-block-heading\">Hotel News&#13;\nResource<\/h2>\n\n\n\n<p><a href=\"https:\/\/www.hotelnewsresource.com\/article80760.html\" target=\"_blank\" rel=\"noreferrer noopener\" aria-label=\" (&#xF6;ffnet in neuem Tab)\">Steigenberger Hotels add with Google Business View<\/a><\/p>\n<\/div>\n\n\n\n<div class=\"wp-block-column is-layout-flow wp-block-column-is-layout-flow\">\n<h2 class=\"wp-block-heading\">K\u00f6lner Stadtanzeiger<\/h2>\n\n\n\n<p><a href=\"https:\/\/www.ksta.de\/region\/rhein-sieg-bonn\/bonn\/360-grad-kamera-ganz-neue-sichtweisen-einer-stadt-4832414\" target=\"_blank\" rel=\"noreferrer noopener\" aria-label=\" (&#xF6;ffnet in neuem Tab)\">360-Grad-Kamera Ganz neue Sichtweisen einer Stadt<\/a><\/p>\n\n\n\n<h2 class=\"wp-block-heading\">Express<\/h2>\n\n\n\n<p><a href=\"https:\/\/www.express.de\/koeln\/spannender-einblick-neues-riesen-panorama-zeigt-koeln-von-oben-3844564\" target=\"_blank\" rel=\"noreferrer noopener\" aria-label=\" (&#xF6;ffnet in neuem Tab)\">Spannender Einblick Neues Riesen-Panorama zeigt K\u00f6ln von oben<\/a><\/p>\n\n\n\n<p><a href=\"https:\/\/www.express.de\/bonn\/hier-gucken----irre-aufnahme--bonn-erstrahlt-im-360-grad-panorama-4572918\" target=\"_blank\" rel=\"noreferrer noopener\" aria-label=\" (&#xF6;ffnet in neuem Tab)\">Hier gucken&#8230; Irre Aufnahme! Bonn erstrahlt im 360-Grad-Panorama<\/a><br\/><\/p>\n\n\n\n<h2 class=\"wp-block-heading\">General-Anzeiger Bonn<\/h2>\n\n\n\n<p><a href=\"http:\/\/www.general-anzeiger-bonn.de\/bonn\/stadt-bonn\/Riesen-Panorama-zeigt-Bonn-von-oben-article907405.html\" target=\"_blank\" rel=\"noreferrer noopener\" aria-label=\" (&#xF6;ffnet in neuem Tab)\">360 Grad Blick Riesen-Panorama zeigt Bonn von oben<\/a><\/p>\n\n\n\n<p><a href=\"http:\/\/www.general-anzeiger-bonn.de\/bonn\/Marcus-Mitter-und-sein-Team-machen-Panoramabilder-und-virtuelle-Rundg%C3%A4nge-article916506.html\" target=\"_blank\" rel=\"noreferrer noopener\" aria-label=\" (&#xF6;ffnet in neuem Tab)\">360 Grad-Blick Marcus Mitter und sein Team machen Panoramabilder und virtuelle Rundg\u00e4nge<\/a><\/p>\n\n\n\n<h2 class=\"wp-block-heading\">Westdeutsche Zeitung<\/h2>\n\n\n\n<p><a href=\"https:\/\/www.wz.de\/nrw\/duesseldorf\/neues-panoramabild-rundumblick-ueber-duesseldorf-mit-super-zoom_aid-30191977\" target=\"_blank\" rel=\"noreferrer noopener\" aria-label=\" (&#xF6;ffnet in neuem Tab)\">Neues Panoramabild: Rundumblick \u00fcber D\u00fcsseldorf mit Super-Zoom<\/a><\/p>\n\n\n\n<p><a href=\"https:\/\/www.wz.de\/nrw\/krefeld\/kultur\/foto-panorama-von-uerdingen-rueckkehr-zu-den-wurzeln_aid-29893515\" target=\"_blank\" rel=\"noreferrer noopener\" aria-label=\" (&#xF6;ffnet in neuem Tab)\">Foto-Panorama von Uerdingen: R\u00fcckkehr zu den Wurzeln<\/a><\/p>\n<\/div>\n<\/div>\n\n<p><\/p>\n","protected":false},"excerpt":{"rendered":"<p>Rheinische Post F\u00fcnf Tipps f\u00fcr die Start-up-Woche Westdeutsche Zeitung Zehn Tipps f\u00fcr die Start-up-Woche in D\u00fcsseldorf Wirtschaftswoche Marketing: So k\u00f6nnen sich Unternehmen besser bei Google pr\u00e4sentieren Westdeutsche Zeitung Street View im Unternehmen: Per Mausklick durch die Brennerei Hotel News&#13; Resource Steigenberger Hotels add with Google&hellip; <a class=\"read-more\" href=\"https:\/\/360-up.com\/fr\/360-up-virtual-tour-marketing-dans-les-medias\/\">Read more<\/a><\/p>\n","protected":false},"author":3,"featured_media":0,"parent":0,"menu_order":0,"comment_status":"closed","ping_status":"closed","template":"","meta":{"_acf_changed":false,"footnotes":""},"class_list":["post-5107","page","type-page","status-publish","hentry"],"acf":[],"_links":{"self":[{"href":"https:\/\/360-up.com\/fr\/wp-json\/wp\/v2\/pages\/5107","targetHints":{"allow":["GET"]}}],"collection":[{"href":"https:\/\/360-up.com\/fr\/wp-json\/wp\/v2\/pages"}],"about":[{"href":"https:\/\/360-up.com\/fr\/wp-json\/wp\/v2\/types\/page"}],"author":[{"embeddable":true,"href":"https:\/\/360-up.com\/fr\/wp-json\/wp\/v2\/users\/3"}],"replies":[{"embeddable":true,"href":"https:\/\/360-up.com\/fr\/wp-json\/wp\/v2\/comments?post=5107"}],"version-history":[{"count":3,"href":"https:\/\/360-up.com\/fr\/wp-json\/wp\/v2\/pages\/5107\/revisions"}],"predecessor-version":[{"id":5286,"href":"https:\/\/360-up.com\/fr\/wp-json\/wp\/v2\/pages\/5107\/revisions\/5286"}],"wp:attachment":[{"href":"https:\/\/360-up.com\/fr\/wp-json\/wp\/v2\/media?parent=5107"}],"curies":[{"name":"wp","href":"https:\/\/api.w.org\/{rel}","templated":true}]}}