{"id":5101,"date":"2020-06-09T10:40:30","date_gmt":"2020-06-09T08:40:30","guid":{"rendered":"https:\/\/360-up.com\/street-view-do-it-yourself-materiel-logiciel\/"},"modified":"2024-08-21T11:17:36","modified_gmt":"2024-08-21T09:17:36","slug":"street-view-do-it-yourself-materiel-logiciel","status":"publish","type":"page","link":"https:\/\/360-up.com\/fr\/street-view-do-it-yourself-materiel-logiciel\/","title":{"rendered":"Street View do it yourself mat\u00e9riel + logiciel"},"content":{"rendered":"\n<figure class=\"wp-block-image size-large\"><img loading=\"lazy\" decoding=\"async\" width=\"909\" height=\"658\" src=\"https:\/\/360-up.com\/wp-content\/uploads\/2020\/02\/Profi_Streetview_do_it_yourself_diy_Hardware_Software_360-up.com_.jpg\" alt=\"\" class=\"wp-image-4266\" srcset=\"https:\/\/360-up.com\/wp-content\/uploads\/2020\/02\/Profi_Streetview_do_it_yourself_diy_Hardware_Software_360-up.com_.jpg 909w, https:\/\/360-up.com\/wp-content\/uploads\/2020\/02\/Profi_Streetview_do_it_yourself_diy_Hardware_Software_360-up.com_-300x217.jpg 300w, https:\/\/360-up.com\/wp-content\/uploads\/2020\/02\/Profi_Streetview_do_it_yourself_diy_Hardware_Software_360-up.com_-768x556.jpg 768w\" sizes=\"auto, (max-width: 909px) 100vw, 909px\" \/><\/figure>\n\n<p>Kit professionnel compos\u00e9 d&rsquo;une cam\u00e9ra 360\u00b0 avec progiciels et t\u00e9l\u00e9commande. Des options telles que des supports de v\u00e9hicule, des sacs \u00e0 dos et plus encore. Cr\u00e9ez vous-m\u00eame Street View dans les services Google ou sans Google.<\/p>\n\n<h2 class=\"wp-block-heading\">Pourquoi le kit production Street View de 360-up est-il si sp\u00e9cial ?<\/h2>\n\n<ul class=\"wp-block-list\">\n<li>Pack complet professionnel, enti\u00e8rement d\u00e9velopp\u00e9 en Allemagne<\/li>\n\n\n\n<li>Pour la collecte, la gestion des donn\u00e9es et la publication des donn\u00e9es 360 Street View<\/li>\n\n\n\n<li>Avec le nouveau logiciel bas\u00e9 sur le cloud, vous pouvez publier directement sur les services Google ou mettre en ligne des visites interactives Street View sans Google<\/li>\n\n\n\n<li>Excellente solution pour les prestataires de services, le tourisme, les autorit\u00e9s, la protection civile, les services de la circulation, le cadastre, l&rsquo;arm\u00e9e et l&rsquo;industrie<\/li>\n<\/ul>\n<div class=\"front-recent clearfix referenzen\">\n        \n\t    \n        \t<div class=\"clearfix\">\n        \n    <article id=\"post-1112\" class=\"post-1112 post referenz\">\n    \t<div class=\"content-wrap\">\n    \t\t<header class=\"entry-header text-center\">\n    \t\t\t<h4>Rheinuferpromenade | D\u00fcsseldorf<\/h2>\n    \t\t<\/header>\n    \t<\/div>\n    \n        <div class='square-box'>\n            <div class='square-content'  style=\"background-image:url('https:\/\/360-up.com\/wp-content\/uploads\/2020\/03\/Virtueller_Rundgang_Applied_Streetview_Rheinuferpromenade_Duesseldorf_360-up-1-1024x482.jpg')\" >\n            <\/div>\n    \t<\/div>\n    \n    \t<div class=\"entry-content\">\n    \t\t<div class=\"wp-block-button aligncenter\">\n    \t\t\t<a class=\"wp-block-button__link has-text-color has-very-dark-gray-color has-background has-luminous-vivid-amber-background-color xsmall-btn\" href=\"https:\/\/xs98n5q24k.execute-api.eu-central-1.amazonaws.com\/latest\/\" target=\"_blank\">\n        \t\t\t    \t\t\t\t<strong>regardez la visite<\/strong>\n    \t\t\t<\/a>\n\t\t\t<\/div>\n    \t<\/div>\n    \t\n\t\t<div class=\"text-center text-small kategorie\">\n\t\t\tVisites virtuelles avec CMS, Street View Made in Germany, Tourisme\t\t<\/div>\n    <\/article>\n        \n            \n\t    \n        \n    <article id=\"post-7063\" class=\"post-7063 post referenz\">\n    \t<div class=\"content-wrap\">\n    \t\t<header class=\"entry-header text-center\">\n    \t\t\t<h4>Hurricane Dorian | Bahamas<\/h2>\n    \t\t<\/header>\n    \t<\/div>\n    \n        <div class='square-box'>\n            <div class='square-content'  style=\"background-image:url('https:\/\/360-up.com\/wp-content\/uploads\/2022\/05\/Virtueller_Rundgang_Applied_Streetview_Bahamas_360-up-1024x482.jpg')\" >\n            <\/div>\n    \t<\/div>\n    \n    \t<div class=\"entry-content\">\n    \t\t<div class=\"wp-block-button aligncenter\">\n    \t\t\t<a class=\"wp-block-button__link has-text-color has-very-dark-gray-color has-background has-luminous-vivid-amber-background-color xsmall-btn\" href=\"https:\/\/dv4r7io68algt.cloudfront.net\/index.html\" target=\"_blank\">\n        \t\t\t    \t\t\t\t<strong>regardez la visite<\/strong>\n    \t\t\t<\/a>\n\t\t\t<\/div>\n    \t<\/div>\n    \t\n\t\t<div class=\"text-center text-small kategorie\">\n\t\t\tVisites virtuelles avec CMS, Street View Made in Germany, Prestataires de services\t\t<\/div>\n    <\/article>\n        \n        <\/div><!--  ee -->\n<\/div>\n\n<h3 class=\"wp-block-heading\">Sp\u00e9cifications techniques mat\u00e9riel<\/h3>\n\n<h4 class=\"wp-block-heading\">Cam\u00e9ra 360\u00b0<\/h4>\n\n<figure class=\"wp-block-table\"><table><tbody><tr><td>Cam\u00e9ra Street View 360-up<\/td><td><\/td><\/tr><tr><td>Nombre de capteurs<\/td><td>6<\/td><\/tr><tr><td>R\u00e9solution du capteur<\/td><td>5 MP<\/td><\/tr><tr><td>Taille du capteur<\/td><td>2560 x 1920 pixel<\/td><\/tr><tr><td>Format d&rsquo;image<\/td><td>JPG<\/td><\/tr><tr><td>Fr\u00e9quence d&rsquo;images maximale<\/td><td>7 fps<\/td><\/tr><tr><td>Champ de vision FOV<\/td><td>360\u00b0 x 160\u00b0<\/td><\/tr><tr><td>Modes de prise<\/td><td>Distance, intervalle, d\u00e9clenchement manuel, \u00e0 distance<\/td><\/tr><tr><td>Protocole Street View<\/td><td>Nombre d&rsquo;images, largeur, longueur, hauteur, direction,<br\/>Date + heure GPS<br\/>Pas, roulis, direction, vitesse<br\/>Nombre de satellites, GNSS Fix, HDOP, VDOP, etc.<\/td><\/tr><tr><td>Protocole de suivi<\/td><td>Protocole suppl\u00e9mentaire capt\u00e9 avec 20 Hz<\/td><\/tr><tr><td>Protocole binaire<\/td><td>Toutes les donn\u00e9es fournies par le dispositif de positionnement<\/td><\/tr><tr><td>Capacit\u00e9 de donn\u00e9es<\/td><td>Illimit\u00e9 via des SSD \u00e9changeables<\/td><\/tr><tr><td>Capacit\u00e9 SSD<\/td><td>120 Go, 250 Go, 500 Go, 750 Go, 1 To<\/td><\/tr><tr><td>Capacit\u00e9 prise<\/td><td>Avec le mode d&rsquo;activation de la distance r\u00e9gl\u00e9 sur 5 m\u00e8tres:<br\/>un SSD de 120 Go suffit pour 120 km<br\/>1 To SSD suffit pour 1000 km<br\/>chaque enregistrement fait environ 4 Mo<br\/>un SSD de 120 Go est suffisant pour 30 000 photos Street View<br\/>1 To SSD est suffisant pour 250 000 images Street View<\/td><\/tr><tr><td>Source de courant<\/td><td>MobileUPS pour prise allume-cigare \/ piles<\/td><\/tr><tr><td>T\u00e9l\u00e9commande<\/td><td>WiFi via l&rsquo;application de contr\u00f4leur Android sur la tablette fournie<\/td><\/tr><tr><td>Exposition, balance des blancs, gain<\/td><td>Automatiquement<\/td><\/tr><tr><td>Dimensions + poids de la cam\u00e9ra<\/td><td>Hauteur 400 mm, diam\u00e8tre 180 mm, poids 1,8 kg<\/td><\/tr><tr><td>Capteurs<\/td><td>6 Aptina MT9P031, chacun 5MP<\/td><\/tr><tr><td>Objectifs<\/td><td>6 objectifs fisheye, f 2.4, mise au point fixe<\/td><\/tr><tr><td>Protection d&rsquo;objectifs<\/td><td>6 filtres UV \u00e0 visser<br\/>facile \u00e0 nettoyer et \u00e0 remplacer<\/td><\/tr><tr><td>Dissipation de la chaleur<\/td><td>2 grands dissipateurs de chaleur et un ventilateur interne<\/td><\/tr><tr><td>Montures<\/td><td>Montures de voiture, bateau, train + sac \u00e0 dos en option<\/td><\/tr><\/tbody><\/table><\/figure>\n\n<h4 class=\"wp-block-heading\">Syst\u00e8me de positionnement<\/h4>\n\n<figure class=\"wp-block-table\"><table><tbody><tr><td>Syst\u00e8me de positionnement<\/td><td>GNSS avec Dead Reckoning<br\/>RTK en option<br\/>Capteur de roue en option via la prise OBD2 du v\u00e9hicule<\/td><\/tr><tr><td>Module<\/td><td>Spatialement gr\u00e2ce \u00e0 une navigation avanc\u00e9e<\/td><\/tr><tr><td>Receveur<\/td><td>u-blox M8<\/td><\/tr><tr><td>Syst\u00e8mes de navigation pris en charge<\/td><td>GPS, GLONASS, BeiDou<\/td><\/tr><tr><td>Am\u00e9lioration de la pr\u00e9cision<\/td><td>RTK en option<\/td><\/tr><tr><td>Stabilit\u00e9 de positionnement<\/td><td>Capteur de roue OBD2 en option<\/td><\/tr><tr><td>Pr\u00e9cision GNSS<\/td><td>Pr\u00e9cision de la position horizontale 2,0 m<br\/>Pr\u00e9cision de la position verticale 3,0 m<\/td><\/tr><tr><td>Pr\u00e9cision RTK<\/td><td>environ 30 cm en conduisant<\/td><\/tr><tr><td>Vitesse d&rsquo;enregistrement maximale<\/td><td>Enregistrement avec le mode distance r\u00e9gl\u00e9 sur 5 m\u00e8tres : 110 km\/h<\/td><\/tr><tr><td>Signal de correction RTK<\/td><td>RTCM 3.1 de NTRIP avec la tablette de t\u00e9l\u00e9commande via LTE et bluetooth.<\/td><\/tr><\/tbody><\/table><\/figure>\n\n<h3 class=\"wp-block-heading\">Sp\u00e9cifications techniques logiciels<\/h3>\n\n<h4 class=\"wp-block-heading\">Logiciel de traitement des donn\u00e9es Street View<\/h4>\n\n<figure class=\"wp-block-table\"><table><tbody><tr><td>360-up logiciel de traitement des donn\u00e9es Street View<\/td><td><\/td><\/tr><tr><td> Logiciel de cr\u00e9ation panoramiques<\/td><td><\/td><\/tr><tr><td>Capacit\u00e9 de traitement<\/td><td>250 000 Street Views \/ jour, avec PC Windows 10 + carte graphique NVIDIA RTX 2060<\/td><\/tr><tr><td>Syst\u00e8me op\u00e9rateur<\/td><td>Windows 10, 64 bits<\/td><\/tr><tr><td>Format des donn\u00e9es d&rsquo;image<\/td><td>\u00e9quirectangulaire<\/td><\/tr><tr><td>Taille des donn\u00e9es d&rsquo;image<\/td><td>8192 x 4096 pixels<\/td><\/tr><tr><td>Street View FOV<\/td><td>360\u00b0 x 160\u00b0<\/td><\/tr><tr><td>Format Street View<\/td><td>JPG<\/td><\/tr><tr><td>Modes de mise \u00e0 niveau<\/td><td>Auto, statique, sans<\/td><\/tr><tr><td>M\u00e9tadonn\u00e9es<\/td><td>Copyright, date + heure de l&rsquo;enregistrement local, latitude, longitude, altitude, direction, date GPS, heure GPS<\/td><\/tr><\/tbody><\/table><\/figure>\n\n<h4 class=\"wp-block-heading\">Options de traitement avec le logiciel<\/h4>\n\n<ul class=\"wp-block-list\">\n<li>Gestion de projet<\/li>\n\n\n\n<li>Gestion des parcours<\/li>\n\n\n\n<li>Carte de visualisation d\u2019enregistrement + traitement des enregistrements<\/li>\n\n\n\n<li>Suppression de prises en double<\/li>\n\n\n\n<li>Filigrane<\/li>\n\n\n\n<li>Modification de la luminosit\u00e9<\/li>\n\n\n\n<li>\u00c9claircissement de l\u2019ombre<\/li>\n\n\n\n<li>Timelines<\/li>\n\n\n\n<li>Configuration du lecteur + aper\u00e7u<\/li>\n\n\n\n<li>Publication cloud<\/li>\n\n\n\n<li>Autorisation du lecteur cloud<\/li>\n\n\n\n<li>Statistiques du lecteur cloud<\/li>\n\n\n\n<li>Cr\u00e9ation d\u2019enregistrements de donn\u00e9es pour les lecteurs web, les lecteurs Android, les lecteurs instantan\u00e9s, les \u00e9diteurs Google, uniquement Street Views<\/li>\n\n\n\n<li>Mode double \u00e9cran : carte + images Street View<\/li>\n\n\n\n<li>Outil pour \u00e9claircir une image<\/li>\n\n\n\n<li>Outil pour obtenir les noms de rue \u00e0 partir d\u2019Open Street Map<\/li>\n\n\n\n<li>Outil pour r\u00e9gler la direction \u00e0 partir de la position<\/li>\n\n\n\n<li>Outil pour r\u00e9gler la cam\u00e9ra positionn\u00e9e vers l\u2019arri\u00e8re<\/li>\n\n\n\n<li>Outil pour copier des sources<\/li>\n\n\n\n<li>Pr\u00e9configurations<\/li>\n\n\n\n<li>Mode d\u2019emploi<\/li>\n\n\n\n<li>Date de sortie<\/li>\n\n\n\n<li>Acc\u00e8s int\u00e9gr\u00e9 au helpdesk<\/li>\n<\/ul>\n\n<h3 class=\"wp-block-heading\">Logiciels en option<\/h3>\n\n<h4 class=\"wp-block-heading\">Logiciels<\/h4>\n\n<figure class=\"wp-block-table\"><table><tbody><tr><td>Logiciels Street View 360-up<\/td><td><\/td><\/tr><tr><td>Logiciel de traitement des donn\u00e9es Street View 360-up<\/td><td>Configurateur cr\u00e9ation Street Views + Player<\/td><\/tr><tr><td>\u00c9diteur Google<\/td><td>Permet le t\u00e9l\u00e9chargement vers Google Street View + Google Maps<\/td><\/tr><tr><td>Contr\u00f4leur de protection des donn\u00e9es<\/td><td>Reconnaissance et floutages automatiques des visages et des plaques d&rsquo;immatriculation afin de se conformer aux r\u00e8gles et r\u00e9glementations l\u00e9gales<\/td><\/tr><tr><td>Lecteur instantan\u00e9<\/td><td>Permet d&rsquo;afficher les Street Views imm\u00e9diatement sur les ordinateurs Windows 10 sans traitement pr\u00e9alable<\/td><\/tr><tr><td>Fotogram<\/td><td>Permet le g\u00e9or\u00e9f\u00e9rencement de tous les objets visibles dans une image Street View enregistr\u00e9e en voiture<\/td><\/tr><tr><td>T\u00e9l\u00e9commande<\/td><td>T\u00e9l\u00e9commande pour faire fonctionner la cam\u00e9ra avec la tablette Android<br\/>Enregistrement + gestion de projet<\/td><\/tr><tr><td>Fa\u00e7ades<\/td><td>Faire correspondre les donn\u00e9es Street View avec les donn\u00e9es des syst\u00e8mes SIG<br\/>Extraire les images pour visualiser des points dans des couches de points<\/td><\/tr><tr><td>T\u00e9l\u00e9chargeur de tuiles<\/td><td>T\u00e9l\u00e9charger des tuiles de carte pour une utilisation hors ligne<br\/>Pour t\u00e9l\u00e9commande + lecteur Android<\/td><\/tr><\/tbody><\/table><\/figure>\n\n<p>Nous sommes partenaire commercial officiel<\/p>\n","protected":false},"excerpt":{"rendered":"<p>Kit professionnel compos\u00e9 d&rsquo;une cam\u00e9ra 360\u00b0 avec progiciels et t\u00e9l\u00e9commande. Des options telles que des supports de v\u00e9hicule, des sacs \u00e0 dos et plus encore. Cr\u00e9ez vous-m\u00eame Street View dans les services Google ou sans Google. Pourquoi le kit production Street View de 360-up est-il&hellip; <a class=\"read-more\" href=\"https:\/\/360-up.com\/fr\/street-view-do-it-yourself-materiel-logiciel\/\">Read more<\/a><\/p>\n","protected":false},"author":3,"featured_media":0,"parent":0,"menu_order":0,"comment_status":"closed","ping_status":"closed","template":"","meta":{"_acf_changed":false,"footnotes":""},"class_list":["post-5101","page","type-page","status-publish","hentry"],"acf":[],"_links":{"self":[{"href":"https:\/\/360-up.com\/fr\/wp-json\/wp\/v2\/pages\/5101","targetHints":{"allow":["GET"]}}],"collection":[{"href":"https:\/\/360-up.com\/fr\/wp-json\/wp\/v2\/pages"}],"about":[{"href":"https:\/\/360-up.com\/fr\/wp-json\/wp\/v2\/types\/page"}],"author":[{"embeddable":true,"href":"https:\/\/360-up.com\/fr\/wp-json\/wp\/v2\/users\/3"}],"replies":[{"embeddable":true,"href":"https:\/\/360-up.com\/fr\/wp-json\/wp\/v2\/comments?post=5101"}],"version-history":[{"count":3,"href":"https:\/\/360-up.com\/fr\/wp-json\/wp\/v2\/pages\/5101\/revisions"}],"predecessor-version":[{"id":8019,"href":"https:\/\/360-up.com\/fr\/wp-json\/wp\/v2\/pages\/5101\/revisions\/8019"}],"wp:attachment":[{"href":"https:\/\/360-up.com\/fr\/wp-json\/wp\/v2\/media?parent=5101"}],"curies":[{"name":"wp","href":"https:\/\/api.w.org\/{rel}","templated":true}]}}