{"id":5057,"date":"2020-06-08T15:13:07","date_gmt":"2020-06-08T13:13:07","guid":{"rendered":"https:\/\/360-up.com\/lunettes-de-realite-virtuelle-professionnelles\/"},"modified":"2020-06-09T08:41:52","modified_gmt":"2020-06-09T06:41:52","slug":"lunettes-de-realite-virtuelle-professionnelles","status":"publish","type":"page","link":"https:\/\/360-up.com\/fr\/lunettes-de-realite-virtuelle-professionnelles\/","title":{"rendered":"Lunettes de r\u00e9alit\u00e9 virtuelle professionnelles"},"content":{"rendered":"\n<p>Nos lunettes VR, \u00e9galement appel\u00e9es \u00e9crans mont\u00e9s sur la t\u00eate, Head Mounted Displays, sont s\u00e9lectionn\u00e9es \u00e0 la main pour assurer une exp\u00e9rience utilisateur optimale sans obstacles d&rsquo;entr\u00e9e. Depuis des ann\u00e9es, nous suivons le march\u00e9 du mat\u00e9riel de r\u00e9alit\u00e9 virtuelle et ne sommes pas du tout satisfaits de l&rsquo;offre. Les casques VR sur le march\u00e9 grand public sont encore lourds aujourd&rsquo;hui, sans confort de port, doivent \u00eatre mis en place, non seulement n\u00e9cessitent des donn\u00e9es de connexion, mais aussi passent par des menus de s\u00e9lection de supports difficiles \u00e0 utiliser. Si vous obtenez une exp\u00e9rience de r\u00e9alit\u00e9 virtuelle, vous n&rsquo;\u00eates plus d&rsquo;humeur. Un autre inconv\u00e9nient ; les autres casques VR doivent \u00eatre connect\u00e9s en ligne et n\u00e9cessitent une connexion internet stable et rapide. Avec nos solutions, appuyez simplement sur un bouton et plongez !<\/p>\n\n<h2 class=\"wp-block-heading\">Pourquoi les casques de r\u00e9alit\u00e9 virtuelle VR de 360-up sont-ils si sp\u00e9ciaux ?<\/h2>\n\n<ul class=\"wp-block-list\"><li>360-up propose uniquement des solutions de r\u00e9alit\u00e9 virtuelle B2B<\/li><li>Les \u00e9crans int\u00e9gr\u00e9s sont bien meilleurs que ceux des biens de consommation tels que l&rsquo;Oculus Go<\/li><li>Nos casques de r\u00e9alit\u00e9 virtuelle ne n\u00e9cessitent aucun mat\u00e9riel ou logiciel suppl\u00e9mentaire<\/li><li>Aucune configuration ni connexion requise, vous obtenez un appareil configur\u00e9 avec nos m\u00e9dia 360\u00b0<\/li><li>Gr\u00e2ce \u00e0 leur construction avec le CPU install\u00e9 \u00e0 l&rsquo;arri\u00e8re, nos lunettes VR sont tr\u00e8s confortables \u00e0 porter<\/li><li>Ce sont les lunettes VR autonomes les plus l\u00e9g\u00e8res avec une r\u00e9solution aussi \u00e9lev\u00e9e sur le march\u00e9<\/li><li>Des lentilles Fresnel de haute qualit\u00e9 sont int\u00e9gr\u00e9es dans nos lunettes VR pliables<\/li><li>Ces lunettes VR sont certifi\u00e9s Google<\/li><li>Cliquez simplement sur le bouton VR dans nos visites virtuelles et c&rsquo;est parti<\/li><\/ul>\n\n<h2 class=\"wp-block-heading\">Lunettes de r\u00e9alit\u00e9 virtuelle autonomes r\u00e9solution 4K<\/h2>\n\n<figure class=\"wp-block-image size-large\"><img loading=\"lazy\" decoding=\"async\" width=\"909\" height=\"662\" src=\"http:\/\/www-preprod.360-up.com\/wp-content\/uploads\/2020\/01\/Standalone_Virtual_Reality_Brille_4K_360Grad_Medien_360-up.com_Duesseldorf_Koeln_Berlin.jpg\" alt=\"\" class=\"wp-image-2682\" srcset=\"https:\/\/360-up.com\/wp-content\/uploads\/2020\/01\/Standalone_Virtual_Reality_Brille_4K_360Grad_Medien_360-up.com_Duesseldorf_Koeln_Berlin.jpg 909w, https:\/\/360-up.com\/wp-content\/uploads\/2020\/01\/Standalone_Virtual_Reality_Brille_4K_360Grad_Medien_360-up.com_Duesseldorf_Koeln_Berlin-300x218.jpg 300w, https:\/\/360-up.com\/wp-content\/uploads\/2020\/01\/Standalone_Virtual_Reality_Brille_4K_360Grad_Medien_360-up.com_Duesseldorf_Koeln_Berlin-768x559.jpg 768w\" sizes=\"auto, (max-width: 909px) 100vw, 909px\" \/><\/figure>\n\n<p>Appareil ind\u00e9pendant qui permet de visualiser des m\u00e9dias \u00e0 360\u00b0 cr\u00e9\u00e9s par 360-up sans connexion WiFi. Peut \u00eatre r\u00e9alis\u00e9 avec votre logo sur le sac. Nous livrons ces lunettes VR enti\u00e8rement configur\u00e9es avec des vid\u00e9os diaporama \u00e0 360\u00b0 produites par nos soins dans la r\u00e9solution appropri\u00e9e. Appuyez simplement sur le bouton marche et la vid\u00e9o 360\u00b0 est lue automatiquement.<\/p>\n\n<h3 class=\"wp-block-heading\">Sp\u00e9cifications techniques<\/h3>\n\n<h4 class=\"wp-block-heading\">Lunettes de r\u00e9alit\u00e9 virtuelle HMD 4K de 360-up<\/h4>\n\n<figure class=\"wp-block-table\"><table class=\"\"><tbody><tr><td>Lunettes de r\u00e9alit\u00e9 virtuelle HMD 4K de 360-up<\/td><td><\/td><\/tr><tr><td>\u00e9crans<\/td><td>deux \u00e9crans de r\u00e9solution 4K avec 5,5&Prime; de diagonale LCD<br\/>3840 x 2160 pixel 818 PPI<\/td><\/tr><tr><td>processeur CPU<\/td><td>Qualcomm Snapdragon 835<\/td><\/tr><tr><td>fr\u00e9quence de rafra\u00eechissement<\/td><td>75 Hz <\/td><\/tr><tr><td>m\u00e9moire interne<\/td><td>32 GB<\/td><\/tr><tr><td>m\u00e9moire externe<\/td><td>MicroSD jusqu&rsquo;\u00e0 256 GB<\/td><\/tr><tr><td>champ de vision<\/td><td>101\u00b0<\/td><\/tr><tr><td>poids<\/td><td>276 g<\/td><\/tr><tr><td>audio<\/td><td>haut-parleurs + microphone int\u00e9gr\u00e9s<\/td><\/tr><tr><td>batterie<\/td><td>3500 mAh<br\/>3 heures d&rsquo;autonomie active<\/td><\/tr><tr><td>sac en option avec votre propre marque<\/td><td>25 x 30 cm<\/td><\/tr><\/tbody><\/table><\/figure>\n\n<h2 class=\"wp-block-heading\">Lunettes de r\u00e9alit\u00e9 virtuelle autonomes r\u00e9solution 3K<\/h2>\n\n<figure class=\"wp-block-image size-large\"><img loading=\"lazy\" decoding=\"async\" width=\"907\" height=\"662\" src=\"http:\/\/www-preprod.360-up.com\/wp-content\/uploads\/2020\/01\/Standalone_Virtual_Reality_Brille_360Grad_Medien_360-up.com_Duesseldorf_Koeln_Berlin.jpg\" alt=\"\" class=\"wp-image-2679\" srcset=\"https:\/\/360-up.com\/wp-content\/uploads\/2020\/01\/Standalone_Virtual_Reality_Brille_360Grad_Medien_360-up.com_Duesseldorf_Koeln_Berlin.jpg 907w, https:\/\/360-up.com\/wp-content\/uploads\/2020\/01\/Standalone_Virtual_Reality_Brille_360Grad_Medien_360-up.com_Duesseldorf_Koeln_Berlin-300x219.jpg 300w, https:\/\/360-up.com\/wp-content\/uploads\/2020\/01\/Standalone_Virtual_Reality_Brille_360Grad_Medien_360-up.com_Duesseldorf_Koeln_Berlin-768x561.jpg 768w\" sizes=\"auto, (max-width: 907px) 100vw, 907px\" \/><\/figure>\n\n<p>Appareil ind\u00e9pendant qui permet de visualiser des m\u00e9dias \u00e0 360\u00b0 cr\u00e9\u00e9s par 360-up sans connexion WiFi. Peut \u00eatre r\u00e9alis\u00e9 avec votre logo sur le sac. Nous livrons ces lunettes VR enti\u00e8rement configur\u00e9es avec des vid\u00e9os diaporama \u00e0 360\u00b0 produites par nos soins dans la r\u00e9solution appropri\u00e9e. Appuyez simplement sur le bouton marche et la vid\u00e9o 360\u00b0 est lue automatiquement.<\/p>\n\n<h3 class=\"wp-block-heading\">Sp\u00e9cifications techniques<\/h3>\n\n<h4 class=\"wp-block-heading\">Lunettes de r\u00e9alit\u00e9 virtuelle HMD 3K de 360-up<\/h4>\n\n<figure class=\"wp-block-table\"><table class=\"\"><tbody><tr><td>Lunettes de r\u00e9alit\u00e9 virtuelle HMD 3K de 360-up<\/td><td><\/td><\/tr><tr><td>\u00e9crans<\/td><td>deux \u00e9crans de r\u00e9solution 3K avec 3,5&Prime; de diagonale LCD<br\/>2880 x 1600 pixel 615 PPI<\/td><\/tr><tr><td>processeur CPU<\/td><td>Qualcomm Snapdragon 835<\/td><\/tr><tr><td>fr\u00e9quence de rafra\u00eechissement<\/td><td>90 Hz<\/td><\/tr><tr><td>m\u00e9moire interne<\/td><td>32 GB<\/td><\/tr><tr><td>m\u00e9moire externe<\/td><td>MicroSD jusqu&rsquo;\u00e0 256 GB<\/td><\/tr><tr><td>champ de vision<\/td><td>101\u00b0<\/td><\/tr><tr><td>poids<\/td><td>268 g<\/td><\/tr><tr><td>audio<\/td><td>haut-parleurs + microphone int\u00e9gr\u00e9s<\/td><\/tr><tr><td>batterie<\/td><td>3500 mAh<br\/>3 heures d&rsquo;autonomie active  <\/td><\/tr><tr><td>sac en option avec votre propre marque<\/td><td>25 x 30 cm<\/td><\/tr><\/tbody><\/table><\/figure>\n\n<h2 class=\"wp-block-heading\">Mini lunettes de r\u00e9alit\u00e9 virtuelle pliables<\/h2>\n\n<figure class=\"wp-block-image size-large\"><img loading=\"lazy\" decoding=\"async\" width=\"907\" height=\"676\" src=\"http:\/\/www-preprod.360-up.com\/wp-content\/uploads\/2020\/01\/Mini_faltbare_Virtual_Reality_Brille_360Grad_Medien_360-up.com_Duesseldorf_Berlin.jpg\" alt=\"\" class=\"wp-image-2675\" srcset=\"https:\/\/360-up.com\/wp-content\/uploads\/2020\/01\/Mini_faltbare_Virtual_Reality_Brille_360Grad_Medien_360-up.com_Duesseldorf_Berlin.jpg 907w, https:\/\/360-up.com\/wp-content\/uploads\/2020\/01\/Mini_faltbare_Virtual_Reality_Brille_360Grad_Medien_360-up.com_Duesseldorf_Berlin-300x224.jpg 300w, https:\/\/360-up.com\/wp-content\/uploads\/2020\/01\/Mini_faltbare_Virtual_Reality_Brille_360Grad_Medien_360-up.com_Duesseldorf_Berlin-768x572.jpg 768w\" sizes=\"auto, (max-width: 907px) 100vw, 907px\" \/><\/figure>\n\n<p>Mini lunettes VR pliables avec lesquelles les m\u00e9dias 360\u00b0 peuvent \u00eatre visualis\u00e9s avec un smartphone en mode r\u00e9alit\u00e9 virtuelle. Peut \u00eatre r\u00e9alis\u00e9 avec votre logo sur les lunettes et sur le sac.<\/p>\n\n<h3 class=\"wp-block-heading\">Sp\u00e9cifications techniques<\/h3>\n\n<h4 class=\"wp-block-heading\">Mini visionneuse VR pliable de 360-up<\/h4>\n\n<figure class=\"wp-block-table\"><table class=\"\"><tbody><tr><td>Mini visionneuse VR pliable de 360-up<\/td><td><\/td><\/tr><tr><td>dimensions<\/td><td>105 x 70 x 53 cm<\/td><\/tr><tr><td>Dimensions pli\u00e9e<\/td><td>65 x 20 x 53 cm<\/td><\/tr><tr><td>champ de vision<\/td><td>85\u00b0<\/td><\/tr><tr><td>poids<\/td><td>22 g<\/td><\/tr><tr><td>compatibilit\u00e9<\/td><td>Smartphones 4,5&Prime; \u00e0 5,7&Prime;<\/td><\/tr><tr><td>Google Cardboard (WWGC)<\/td><td>agr\u00e9\u00e9<\/td><\/tr><tr><td>propre marque sur les lunettes VR<\/td><td>optionnel<\/td><\/tr><tr><td>sac en option avec votre propre marque<\/td><td>10 x 14 cm<\/td><\/tr><\/tbody><\/table><\/figure>\n","protected":false},"excerpt":{"rendered":"<p>Nos lunettes VR, \u00e9galement appel\u00e9es \u00e9crans mont\u00e9s sur la t\u00eate, Head Mounted Displays, sont s\u00e9lectionn\u00e9es \u00e0 la main pour assurer une exp\u00e9rience utilisateur optimale sans obstacles d&rsquo;entr\u00e9e. Depuis des ann\u00e9es, nous suivons le march\u00e9 du mat\u00e9riel de r\u00e9alit\u00e9 virtuelle et ne sommes pas du tout&hellip; <a class=\"read-more\" href=\"https:\/\/360-up.com\/fr\/lunettes-de-realite-virtuelle-professionnelles\/\">Read more<\/a><\/p>\n","protected":false},"author":3,"featured_media":0,"parent":0,"menu_order":0,"comment_status":"closed","ping_status":"closed","template":"","meta":{"_acf_changed":false,"footnotes":""},"class_list":["post-5057","page","type-page","status-publish","hentry"],"acf":[],"_links":{"self":[{"href":"https:\/\/360-up.com\/fr\/wp-json\/wp\/v2\/pages\/5057","targetHints":{"allow":["GET"]}}],"collection":[{"href":"https:\/\/360-up.com\/fr\/wp-json\/wp\/v2\/pages"}],"about":[{"href":"https:\/\/360-up.com\/fr\/wp-json\/wp\/v2\/types\/page"}],"author":[{"embeddable":true,"href":"https:\/\/360-up.com\/fr\/wp-json\/wp\/v2\/users\/3"}],"replies":[{"embeddable":true,"href":"https:\/\/360-up.com\/fr\/wp-json\/wp\/v2\/comments?post=5057"}],"version-history":[{"count":3,"href":"https:\/\/360-up.com\/fr\/wp-json\/wp\/v2\/pages\/5057\/revisions"}],"predecessor-version":[{"id":5099,"href":"https:\/\/360-up.com\/fr\/wp-json\/wp\/v2\/pages\/5057\/revisions\/5099"}],"wp:attachment":[{"href":"https:\/\/360-up.com\/fr\/wp-json\/wp\/v2\/media?parent=5057"}],"curies":[{"name":"wp","href":"https:\/\/api.w.org\/{rel}","templated":true}]}}