{"id":5055,"date":"2020-06-08T13:31:33","date_gmt":"2020-06-08T11:31:33","guid":{"rendered":"https:\/\/360-up.com\/plateforme-xr-pour-la-mise-a-disposition-facile-des-experiences-de-realite-virtuelle\/"},"modified":"2020-06-08T13:31:45","modified_gmt":"2020-06-08T11:31:45","slug":"plateforme-xr-pour-la-mise-a-disposition-facile-des-experiences-de-realite-virtuelle","status":"publish","type":"page","link":"https:\/\/360-up.com\/fr\/plateforme-xr-pour-la-mise-a-disposition-facile-des-experiences-de-realite-virtuelle\/","title":{"rendered":"Plateforme XR pour la mise \u00e0 disposition facile des exp\u00e9riences de r\u00e9alit\u00e9 virtuelle"},"content":{"rendered":"\n<figure class=\"wp-block-image size-large\"><img loading=\"lazy\" decoding=\"async\" width=\"939\" height=\"632\" src=\"https:\/\/360-up.com\/wp-content\/uploads\/2020\/02\/Eden_Snacker_VR-Stand_360-up.jpg\" alt=\"\" class=\"wp-image-4672\" srcset=\"https:\/\/360-up.com\/wp-content\/uploads\/2020\/02\/Eden_Snacker_VR-Stand_360-up.jpg 939w, https:\/\/360-up.com\/wp-content\/uploads\/2020\/02\/Eden_Snacker_VR-Stand_360-up-300x202.jpg 300w, https:\/\/360-up.com\/wp-content\/uploads\/2020\/02\/Eden_Snacker_VR-Stand_360-up-768x517.jpg 768w\" sizes=\"auto, (max-width: 939px) 100vw, 939px\" \/><\/figure>\n\n<figure class=\"wp-block-image size-large\"><img loading=\"lazy\" decoding=\"async\" width=\"909\" height=\"662\" src=\"https:\/\/360-up.com\/wp-content\/uploads\/2020\/02\/Eden_Snacker_VR-Set_360-up.jpg\" alt=\"\" class=\"wp-image-4669\" srcset=\"https:\/\/360-up.com\/wp-content\/uploads\/2020\/02\/Eden_Snacker_VR-Set_360-up.jpg 909w, https:\/\/360-up.com\/wp-content\/uploads\/2020\/02\/Eden_Snacker_VR-Set_360-up-300x218.jpg 300w, https:\/\/360-up.com\/wp-content\/uploads\/2020\/02\/Eden_Snacker_VR-Set_360-up-768x559.jpg 768w\" sizes=\"auto, (max-width: 909px) 100vw, 909px\" \/><\/figure>\n\n<h2 class=\"wp-block-heading\">Ensemble mat\u00e9riel + logiciel pour la mise \u00e0 disposition facile des m\u00e9dia de la r\u00e9alit\u00e9 virtuelle dans les entreprises et les espaces publics<\/h2>\n\n<p>Il existe d&rsquo;innombrables cas d&rsquo;utilisation de VR dans les entreprises et dans le commerce de d\u00e9tail, mais la technologie complexe rend difficile l&rsquo;utilisation de la r\u00e9alit\u00e9 virtuelle dans un environnement professionnel. 360-up r\u00e9sout ce probl\u00e8me en facilitant l&rsquo;acc\u00e8s \u00e0 la r\u00e9alit\u00e9 virtuelle pour les entreprises.<br\/>Le syst\u00e8me \u00e9limine bon nombre des d\u00e9fis auxquels la VR d&rsquo;entreprise a d\u00fb faire face jusqu&rsquo;\u00e0 pr\u00e9sent. Avec un casque sans fil, une charge automatique, des mises \u00e0 jour de contenu \u00e0 distance, une analyse approfondie de l&rsquo;utilisation et une configuration transparente.<br\/>L&rsquo;ensemble mat\u00e9riel et logiciel permet aux entreprises d&rsquo;offrir des exp\u00e9riences de r\u00e9alit\u00e9 virtuelle sans l&rsquo;effort habituel.<\/p>\n\n<h2 class=\"wp-block-heading\">Pourquoi la plateforme XR pour la mise \u00e0 disposition facile des exp\u00e9riences de r\u00e9alit\u00e9 virtuelle de 360-up est-elle si sp\u00e9ciale ?<\/h2>\n\n<ul class=\"wp-block-list\"><li>Attacher une simple poign\u00e9e \u00e0 un casque VR augmente consid\u00e9rablement son utilisation<\/li><li>Notre visionneuse VR abaisse les barri\u00e8res d&rsquo;entr\u00e9e sans avoir le sentiment d&rsquo;\u00eatre attach\u00e9 \u00e0 un casque par des sangles ou m\u00eame de se sentir \u00ab\u00a0enferm\u00e9\u00a0\u00bb<\/li><li>Il ne g\u00e2che pas les cheveux ou le maquillage d&rsquo;un utilisateur, ce qui est important pour les applications VR accessibles au public, comme au point de vente ou dans l&rsquo;environnement de l&rsquo;entreprise<\/li><li>Le mat\u00e9riel comprend un contr\u00f4leur sous forme de tablette que les employ\u00e9s peuvent utiliser pour guider facilement leurs clients \u00e0 travers l&rsquo;exp\u00e9rience VR<\/li><li>D&rsquo;une simple pression sur un bouton de la tablette, le contenu VR est lu sur le casque d\u00e8s que le client le tient devant son visage<\/li><li>Le logiciel est \u00e9galement fourni dans une version kiosque libre-service, avec laquelle l&rsquo;utilisateur garde le contr\u00f4le et peut \u00e9valuer son exp\u00e9rience<\/li><li>Le stand a int\u00e9gr\u00e9 la recharge sans fil ; en mode kiosque il n&rsquo;est pas n\u00e9cessaire de pr\u00e9voir un employ\u00e9 <\/li><li>Cela conduit \u00e0 une r\u00e9duction des co\u00fbts pour la mise \u00e0 disposition d&rsquo;exp\u00e9riences de r\u00e9alit\u00e9 virtuelle<\/li><li>4G et 5G int\u00e9gr\u00e9e, ce qui permet aux entreprises de d\u00e9ployer le syst\u00e8me dans des endroits o\u00f9 aucune connexion Wi-Fi ou LAN n&rsquo;est disponible<\/li><li>L&rsquo;appareil doit uniquement \u00eatre connect\u00e9 \u00e0 une prise \u00e9lectrique et le syst\u00e8me fait le reste<\/li><li>Offrir aux clients une exp\u00e9rience de marque immersive n&rsquo;a jamais \u00e9t\u00e9 aussi simple<\/li><\/ul>\n\n<h3 class=\"wp-block-heading\">Sp\u00e9cifications techniques<\/h3>\n\n<h4 class=\"wp-block-heading\">360-up Virtual Reality Plateforme XR<\/h4>\n\n<figure class=\"wp-block-table\"><table class=\"\"><tbody><tr><td>360-up Virtual Reality Plateforme XR<\/td><td><\/td><\/tr><tr><td>syst\u00e8me<\/td><td>EDEN Snacker\u2122<\/td><\/tr><tr><td>\u00e9crans<\/td><td>3840 x 2160 pixel LCD<\/td><\/tr><tr><td>casque de r\u00e9alit\u00e9 virtuelle<\/td><td>Skyworth S1<\/td><\/tr><tr><td>processeur CPU<\/td><td>Samsung Exynos 2.5 GHz<\/td><\/tr><tr><td>processeur graphique GPU<\/td><td>Mali G71 MP18<\/td><\/tr><tr><td>fr\u00e9quence de rafra\u00eechissement<\/td><td>72 Hz<\/td><\/tr><tr><td>m\u00e9moire interne<\/td><td>4 GB<\/td><\/tr><tr><td>m\u00e9moire de l&rsquo;appareil<\/td><td>60 GB + 256 GB SD<\/td><\/tr><tr><td>champ de vision<\/td><td>105\u00b0<\/td><\/tr><tr><td>batterie<\/td><td> 3500 mAh Li-ion<\/td><\/tr><tr><td> chargement via<\/td><td>induction<\/td><\/tr><tr><td>Tablette<\/td><td>l&rsquo;interface contr\u00f4le l&rsquo;exp\u00e9rience VR<br\/>donn\u00e9es comportement utilisateurs<br\/>listes de lecture personnalis\u00e9es<\/td><\/tr><tr><td>Blackboard<\/td><td>4G + 5G ready<br\/>WiFi + LAN<br\/>mise \u00e0 disposition + mise \u00e0 jour du contenu<br\/>maintenance \u00e0 distance<\/td><\/tr><tr><td>Stand<\/td><td>chargement automatique<br\/>poign\u00e9e<br\/>conception sans interrupteur<\/td><\/tr><\/tbody><\/table><\/figure>\n","protected":false},"excerpt":{"rendered":"<p>Ensemble mat\u00e9riel + logiciel pour la mise \u00e0 disposition facile des m\u00e9dia de la r\u00e9alit\u00e9 virtuelle dans les entreprises et les espaces publics Il existe d&rsquo;innombrables cas d&rsquo;utilisation de VR dans les entreprises et dans le commerce de d\u00e9tail, mais la technologie complexe rend difficile&hellip; <a class=\"read-more\" href=\"https:\/\/360-up.com\/fr\/plateforme-xr-pour-la-mise-a-disposition-facile-des-experiences-de-realite-virtuelle\/\">Read more<\/a><\/p>\n","protected":false},"author":3,"featured_media":0,"parent":0,"menu_order":0,"comment_status":"closed","ping_status":"closed","template":"","meta":{"_acf_changed":false,"footnotes":""},"class_list":["post-5055","page","type-page","status-publish","hentry"],"acf":[],"_links":{"self":[{"href":"https:\/\/360-up.com\/fr\/wp-json\/wp\/v2\/pages\/5055","targetHints":{"allow":["GET"]}}],"collection":[{"href":"https:\/\/360-up.com\/fr\/wp-json\/wp\/v2\/pages"}],"about":[{"href":"https:\/\/360-up.com\/fr\/wp-json\/wp\/v2\/types\/page"}],"author":[{"embeddable":true,"href":"https:\/\/360-up.com\/fr\/wp-json\/wp\/v2\/users\/3"}],"replies":[{"embeddable":true,"href":"https:\/\/360-up.com\/fr\/wp-json\/wp\/v2\/comments?post=5055"}],"version-history":[{"count":1,"href":"https:\/\/360-up.com\/fr\/wp-json\/wp\/v2\/pages\/5055\/revisions"}],"predecessor-version":[{"id":5056,"href":"https:\/\/360-up.com\/fr\/wp-json\/wp\/v2\/pages\/5055\/revisions\/5056"}],"wp:attachment":[{"href":"https:\/\/360-up.com\/fr\/wp-json\/wp\/v2\/media?parent=5055"}],"curies":[{"name":"wp","href":"https:\/\/api.w.org\/{rel}","templated":true}]}}