{"id":5051,"date":"2020-06-08T12:51:51","date_gmt":"2020-06-08T10:51:51","guid":{"rendered":"https:\/\/360-up.com\/mises-a-jour-street-view\/"},"modified":"2023-08-09T08:30:49","modified_gmt":"2023-08-09T06:30:49","slug":"mises-a-jour-street-view","status":"publish","type":"page","link":"https:\/\/360-up.com\/fr\/mises-a-jour-street-view\/","title":{"rendered":"Mises \u00e0 jour Street View"},"content":{"rendered":"\n<p>Mises \u00e0 jour de Street View, avec ou sans Google<\/p>\n\n<h2 class=\"wp-block-heading\">Fact-Checking : mise-au-point factuelle<\/h2>\n\n<p>Google Street View a \u00e9t\u00e9 introduit pour la premi\u00e8re fois aux \u00c9tats-Unis en mai 2007. Le projet a ensuite \u00e9t\u00e9 d\u00e9ploy\u00e9 dans le monde entier. \u00c0 partir de juillet 2008, les v\u00e9hicules Street View ont travers\u00e9 l\u2019Allemagne et ont annonc\u00e9 quelles zones allaient \u00eatre publi\u00e9es. <\/p>\n\n<p>En ao\u00fbt 2010, Google a annonc\u00e9 que le service de cartographie serait fourni pour les 20 plus grandes villes d\u2019Allemagne : Berlin, Bielefeld, Bochum, Bonn, Br\u00eame, Dortmund, Dresde, Duisburg, Dusseldorf, Essen, Francfort, Hambourg, Hanovre, Cologne, Leipzig, Mannheim, Munich, Nuremberg, Stuttgart et Wuppertal.<\/p>\n\n<p>\u00c0 partir de l\u00e0 il a \u00e9t\u00e9 possible de demander le floutage de sa propre maison. Google a fait v\u00e9rifier le floutage par le T\u00dcV Rheinland et a ensuite re\u00e7u l\u2019approbation de T\u00dcV-Rheinland. <\/p>\n\n<p>Au total pr\u00e8s de 250 000 demandes de floutage ont d\u00fb \u00eatre trait\u00e9es avant le lancement. Il semble que ces b\u00e2timents resteront irr\u00e9vocablement flous, Google s\u2019\u00e9tant engag\u00e9 \u00e0 supprimer les donn\u00e9es brutes.<\/p>\n\n<p>En avril 2011, Google a annonc\u00e9 que la zone couverte par Street View en Allemagne ne serait ni \u00e9tendue ni mise \u00e0 jour.<\/p>\n\n<p>Depuis ao\u00fbt 2017, les v\u00e9hicules photo de Google traversent \u00e0 nouveau l\u2019Allemagne. Les enregistrements ne sont pas publi\u00e9s et sont utilis\u00e9s pour mettre \u00e0 jour les cartes routi\u00e8res et les donn\u00e9es de Google MyBusiness. Les enregistrements de 2008 \u00e0 2010 demeurent en ligne.<\/p>\n\n<p>Street View en Allemagne est un voyage \u00e0 travers le temps pass\u00e9 des villes m\u00e9tropolitaines car le pays n\u2019est pas couvert. Ailleurs, il est possible de voyager dans toute l\u2019Europe gr\u00e2ce \u00e0 la mise \u00e0 jour du mat\u00e9riel Street View et ceci m\u00eame dans les r\u00e9gions \u00e9loign\u00e9es.<\/p>\n\n<p>Cela a chang\u00e9 en juillet 2023 !\u00a0\u00a0<a href=\"https:\/\/blog.google\/intl\/de-de\/produkte\/suchen-entdecken\/entdeckt-deutschland-mit-google-street-view\/\" target=\"_blank\" rel=\"noopener\">Ici<\/a>\u00a0 l\u2019annonce officielle de Google Street View. <a href=\"https:\/\/www.google.de\/intl\/de\/streetview\/how-it-works\/\" target=\"_blank\" rel=\"noopener\">Ici<\/a>\u00a0 les r\u00e9gions actuelles des enregistrements Street View.<\/p>\n\n<p>Votre emplacement n\u2019est pas r\u00e9pertori\u00e9? 360-up peut d\u00e9sormais le faire pour vous et am\u00e9liorer nos visites virtuelles avec des prises de vue ext\u00e9rieures actuelles suppl\u00e9mentaires. Nous produisons dans les espaces ext\u00e9rieurs et t\u00e9l\u00e9chargeons le mat\u00e9riel via Google Earth. Il peut alors \u00eatre trouv\u00e9 sur le service Google, les visages et les plaques d\u2019immatriculation sont pix\u00e9lis\u00e9s et il existe un lien Google Maps qui peut \u00eatre consult\u00e9 et utilis\u00e9.<\/p>\n\n<p>Sur demande, nous pouvons g\u00e9rer l\u2019int\u00e9gralit\u00e9 du traitement des donn\u00e9es impliqu\u00e9 dans la num\u00e9risation des locaux de l\u2019usine, des itin\u00e9raires, des attractions locales, des communaut\u00e9s et des villes.<\/p>\n\n<h2 class=\"wp-block-heading\">360-up \u2013 Google Street View Trusted<\/h2>\n\n<p>En tant qu\u2019une des premi\u00e8res entreprises certifi\u00e9es Google Street View en Allemagne, 360-up a publi\u00e9 des visites Street View des entreprises depuis Juillet 2013. Depuis lors, les entreprises nous ont demand\u00e9 de mettre \u00e0 jour les vues ext\u00e9rieures de leur emplacement sur Street View. Voici la r\u00e9alit\u00e9 factuelle dans notre pays et nous nous r\u00e9f\u00e9rons ici \u00e0 une surr\u00e8glementation qui n\u2019existe pas ailleurs en Europe et dans le monde.<\/p>\n\n<p>Les entrepreneurs comprennent maintenant qu\u2019il est contre-productif de rester \u00e0 l\u2019\u00e2ge de pierre num\u00e9rique et les demandes de solutions s\u2019accumulent. Aucune entreprise ne souhaite voir une image de la devanture de son magasin datant de 2008 dans son profil d\u2019entreprise en ligne. Les chefs de produit de 360-up, concern\u00e9s par cet \u00e9tat de fait, sont depuis l\u2019\u00e9t\u00e9 2017 sur la mise en \u0153uvre et l\u2019offre d\u2019une solution du premier sosie de Street View.<\/p>\n\n<h2 class=\"wp-block-heading\">Des solutions de 360-up pour les images obsol\u00e8tes depuis 2017<\/h2>\n\n<p>Comment \u00e7a marche ? Marcus, Nils et d\u2019autres professionnels r\u00e9servent une p\u00e9niche dans le Media Harbor, le port de Dusseldorf. Sur le toit de la p\u00e9niche, un tr\u00e9pied g\u00e9ant est install\u00e9 par 360-up et diverses cam\u00e9ras sp\u00e9ciales panoramiques \u00e0 360 degr\u00e9s sont hiss\u00e9es \u00e0 une hauteur d\u2019environ 10 m\u00e8tres. Pendant la sortie en bateau sur le Rhin, une \u00e9norme quantit\u00e9 de panoramas, fournis avec des donn\u00e9es GPS, sont enregistr\u00e9es. L\u2019excursion en bateau m\u00e8ne du Media Harbor en aval du Rhin, vers le long de la promenade du Rhin et jusqu\u2019au niveau de la Foire de D\u00fcsseldorf. La distance est d\u2019environ 7,5 kilom\u00e8tres.<\/p>\n\n<p>Le flux des donn\u00e9es est ensuite trait\u00e9 en post-production et les positions de la croisi\u00e8re fluviale peuvent \u00eatre consult\u00e9s selon vos souhaits dans les vues panoramiques et selectionn\u00e9es via une carte open source. C\u2019est ce que nous appelons Street View Made in Germany, nous ne faisons appel ni \u00e0 une technologie \u00e9trang\u00e8re ni \u00e0 Google.<\/p>\n\n<h2 class=\"wp-block-heading\">Des solutions de 360-up pour les images obsol\u00e8tes depuis 2018<\/h2>\n\n<p>Les techniciens de 360-up sont \u00e0 nouveau en pointe et cette fois \u00e0 pied mais aussi sur un gyropode Segway. Marcus Mitter, de 360-up, se prom\u00e8ne \u00e0 travers la ville de D\u00fcsseldorf avec un sac \u00e0 dos sp\u00e9cial \u00e9quip\u00e9 d\u2019une cam\u00e9ra vid\u00e9o haute r\u00e9solution \u00e0 360 degr\u00e9s, des trackers GPS et bien plus de mat\u00e9riel encore, sp\u00e9cifiquement d\u00e9di\u00e9 \u00e0 cette entreprise.<\/p>\n\n<p>Une vid\u00e9o \u00e0 360 degr\u00e9s est alors produite en r\u00e9solution 8K. Le chemin part de la Graf-Adolf-Stra\u00dfe, le long de l\u2019une des rues commer\u00e7antes de luxe les plus c\u00e9l\u00e8bres d\u2019Europe et va jusqu\u2019\u00e0 la K\u00f6bogen \u00e0 l\u2019autre bout du \u00ab kilom\u00e8tre du luxe \u00bb.<\/p>\n\n<p>Ce qui nous a motiv\u00e9 ? La r\u00e9alisation d\u2019un test pour la sortie des mises \u00e0 jour Street View et nous l\u2019avons directement publi\u00e9 sur Google Earth. De plus nous avons rendu son utilisation possible avec un lien Google Maps. Cela a \u00e9t\u00e9 un franc succ\u00e8s. Aujourd\u2019hui, la promenade le long de la K\u00f6nigsallee est accessible via le masque de recherche de Google Earth. Mais cela ne devrait pas s&rsquo;arr\u00eater l\u00e0.<\/p>\n<div class=\"front-recent clearfix referenzen\">\n        \n\t    \n        \t<div class=\"clearfix\">\n        \n    <article id=\"post-4792\" class=\"post-4792 post referenz\">\n    \t<div class=\"content-wrap\">\n    \t\t<header class=\"entry-header text-center\">\n    \t\t\t<h4>K\u00f6-Bogen | D\u00fcsseldorf<\/h2>\n    \t\t<\/header>\n    \t<\/div>\n    \n        <div class='square-box'>\n            <div class='square-content'  style=\"background-image:url('https:\/\/360-up.com\/wp-content\/uploads\/2020\/03\/Google_Street_View_Trusted_Google_Earth_Koe-Bogen_Duesseldorf_360-up-1024x490.jpg')\" >\n            <\/div>\n    \t<\/div>\n    \n    \t<div class=\"entry-content\">\n    \t\t<div class=\"wp-block-button aligncenter\">\n    \t\t\t<a class=\"wp-block-button__link has-text-color has-very-dark-gray-color has-background has-luminous-vivid-amber-background-color xsmall-btn\" href=\"https:\/\/earth.google.com\/web\/@51.22666176,6.77954531,38.69182506a,0d,90y,258.19367421h,88.52315622t,0r\/data=IjAKLEFGMVFpcE01M2taVUdIY1JzWllXaGlaTHRvNGo3dU1QbzdRcEcwRER6cDUwEAU\" target=\"_blank\">\n        \t\t\t    \t\t\t\t<strong>regardez la visite<\/strong>\n    \t\t\t<\/a>\n\t\t\t<\/div>\n    \t<\/div>\n    \t\n\t\t<div class=\"text-center text-small kategorie\">\n\t\t\tStreet View Made in Germany, Google Earth, Tourisme\t\t<\/div>\n    <\/article>\n        \n        \n\t    \n        \n    <article id=\"post-844\" class=\"post-844 post referenz\">\n    \t<div class=\"content-wrap\">\n    \t\t<header class=\"entry-header text-center\">\n    \t\t\t<h4>K\u00f6-Bogen | D\u00fcsseldorf<\/h2>\n    \t\t<\/header>\n    \t<\/div>\n    \n        <div class='square-box'>\n            <div class='square-content'  style=\"background-image:url('https:\/\/360-up.com\/wp-content\/uploads\/2019\/12\/Street_View_Made_in_Germany_Koenigsallee_Koebogen_Duesseldorf_360-up-1024x576.jpg')\" >\n            <\/div>\n    \t<\/div>\n    \n    \t<div class=\"entry-content\">\n    \t\t<div class=\"wp-block-button aligncenter\">\n    \t\t\t<a class=\"wp-block-button__link has-text-color has-very-dark-gray-color has-background has-luminous-vivid-amber-background-color xsmall-btn\" href=\"https:\/\/player.vimeo.com\/video\/283692357\" target=\"_blank\">\n        \t\t\t    \t\t\t\t<strong>regardez la vid\u00e9o<\/strong>\n    \t\t\t<\/a>\n\t\t\t<\/div>\n    \t<\/div>\n    \t\n\t\t<div class=\"text-center text-small kategorie\">\n\t\t\tEntretien\t\t<\/div>\n    <\/article>\n        \n        \n\t    \n        \n    <article id=\"post-839\" class=\"post-839 post referenz\">\n    \t<div class=\"content-wrap\">\n    \t\t<header class=\"entry-header text-center\">\n    \t\t\t<h4>K\u00f6-Bogen | D\u00fcsseldorf<\/h2>\n    \t\t<\/header>\n    \t<\/div>\n    \n        <div class='square-box'>\n            <div class='square-content'  style=\"background-image:url('https:\/\/360-up.com\/wp-content\/uploads\/2019\/12\/Google_Street_View_Trusted_Koe-Bogen_Duesseldorf_360-up-1024x490.jpg')\" >\n            <\/div>\n    \t<\/div>\n    \n    \t<div class=\"entry-content\">\n    \t\t<div class=\"wp-block-button aligncenter\">\n    \t\t\t<a class=\"wp-block-button__link has-text-color has-very-dark-gray-color has-background has-luminous-vivid-amber-background-color xsmall-btn\" href=\"https:\/\/www.google.com\/maps\/place\/K%C3%B6-Bogen\/@51.2271933,6.7801552,3a,75y,200h,100t\/data=!3m8!1e1!3m6!1sAF1QipNVwI2dVLZHDStVRdMSrmobXVU6de7QWgwegfSG!2e10!3e11!6shttps:%2F%2Flh5.googleusercontent.com%2Fp%2FAF1QipNVwI2dVLZHDStVRdMSrmobXVU6de7QWgwegfSG%3Dw203-h100-k-no-pi-10-ya190-ro0-fo100!7i7680!8i3840!4m5!3m4!1s0x0:0x6f5a5bebf44bd3e0!8m2!3d51.2269459!4d6.7806509\" target=\"_blank\">\n        \t\t\t    \t\t\t\t<strong>regardez la visite<\/strong>\n    \t\t\t<\/a>\n\t\t\t<\/div>\n    \t<\/div>\n    \t\n\t\t<div class=\"text-center text-small kategorie\">\n\t\t\tStreet View Made in Germany, Visites Google Street View, Tourisme\t\t<\/div>\n    <\/article>\n        \n        \n\t    \t<\/div>\n        \n        \t<div class=\"clearfix\">\n        \n    <article id=\"post-846\" class=\"post-846 post referenz\">\n    \t<div class=\"content-wrap\">\n    \t\t<header class=\"entry-header text-center\">\n    \t\t\t<h4>K\u00f6-Bogen | D\u00fcsseldorf<\/h2>\n    \t\t<\/header>\n    \t<\/div>\n    \n        <div class='square-box'>\n            <div class='square-content'  style=\"background-image:url('https:\/\/360-up.com\/wp-content\/uploads\/2019\/12\/Street_View_Made_in_Germany_Koe-Bogen_Duesseldorf_360-up-1024x576.jpg')\" >\n            <\/div>\n    \t<\/div>\n    \n    \t<div class=\"entry-content\">\n    \t\t<div class=\"wp-block-button aligncenter\">\n    \t\t\t<a class=\"wp-block-button__link has-text-color has-very-dark-gray-color has-background has-luminous-vivid-amber-background-color xsmall-btn\" href=\"https:\/\/www.google.com\/maps\/@51.225315,6.779468,3a,75y,355.57h,89.64t\/data=!3m7!1e1!3m5!1sAF1QipMClKEg_CKaQk6sEAUqMuChFk2t4eRRLoe18hjK!2e10!3e12!7i7680!8i3840\" target=\"_blank\">\n        \t\t\t    \t\t\t\t<strong>regardez la visite<\/strong>\n    \t\t\t<\/a>\n\t\t\t<\/div>\n    \t<\/div>\n    \t\n\t\t<div class=\"text-center text-small kategorie\">\n\t\t\tStreet View Made in Germany, Visites Google Street View, Tourisme\t\t<\/div>\n    <\/article>\n        \n        \n\t    \n        \n    <article id=\"post-842\" class=\"post-842 post referenz\">\n    \t<div class=\"content-wrap\">\n    \t\t<header class=\"entry-header text-center\">\n    \t\t\t<h4>K\u00f6-Bogen | D\u00fcsseldorf<\/h2>\n    \t\t<\/header>\n    \t<\/div>\n    \n        <div class='square-box'>\n            <div class='square-content'  style=\"background-image:url('https:\/\/360-up.com\/wp-content\/uploads\/2019\/12\/Video_360_Grad_Koenigsallee_Koebogen_Duesseldorf_360-up-1-1024x576.jpg')\" >\n            <\/div>\n    \t<\/div>\n    \n    \t<div class=\"entry-content\">\n    \t\t<div class=\"wp-block-button aligncenter\">\n    \t\t\t<a class=\"wp-block-button__link has-text-color has-very-dark-gray-color has-background has-luminous-vivid-amber-background-color xsmall-btn\" href=\"https:\/\/virtual-tour-marketing.360-up.com\/koe_bogen_duesseldorf\/\" target=\"_blank\">\n        \t\t\t    \t\t\t\t<strong>regardez la vid\u00e9o<\/strong>\n    \t\t\t<\/a>\n\t\t\t<\/div>\n    \t<\/div>\n    \t\n\t\t<div class=\"text-center text-small kategorie\">\n\t\t\tVid\u00e9os \u00e0 360 degr\u00e9s 4K \u00e0 8K, Street View Made in Germany, Tourisme\t\t<\/div>\n    <\/article>\n        \n        \n\t    \n        \n    <article id=\"post-867\" class=\"post-867 post referenz\">\n    \t<div class=\"content-wrap\">\n    \t\t<header class=\"entry-header text-center\">\n    \t\t\t<h4>K\u00f6nigsallee | D\u00fcsseldorf<\/h2>\n    \t\t<\/header>\n    \t<\/div>\n    \n        <div class='square-box'>\n            <div class='square-content'  style=\"background-image:url('https:\/\/360-up.com\/wp-content\/uploads\/2020\/01\/Google_Street_View_Earth_Koenigsallee_Duesseldorf_360-up-1024x490.jpg')\" >\n            <\/div>\n    \t<\/div>\n    \n    \t<div class=\"entry-content\">\n    \t\t<div class=\"wp-block-button aligncenter\">\n    \t\t\t<a class=\"wp-block-button__link has-text-color has-very-dark-gray-color has-background has-luminous-vivid-amber-background-color xsmall-btn\" href=\"https:\/\/earth.google.com\/web\/@51.22455498,6.7794164,39.42168427a,0d,60y,4.49105284h,85t,0r\/data=IjAKLEFGMVFpcE9KVGZIV0xyckhLcWcxMmwxZE45TkY5bTBEZm5zQkZUWHBMazNaEAU\" target=\"_blank\">\n        \t\t\t    \t\t\t\t<strong>regardez la visite<\/strong>\n    \t\t\t<\/a>\n\t\t\t<\/div>\n    \t<\/div>\n    \t\n\t\t<div class=\"text-center text-small kategorie\">\n\t\t\tStreet View Made in Germany, Google Earth, Tourisme\t\t<\/div>\n    <\/article>\n        \n        \n\t    \t<\/div>\n        \n        \t<div class=\"clearfix\">\n        \n    <article id=\"post-865\" class=\"post-865 post referenz\">\n    \t<div class=\"content-wrap\">\n    \t\t<header class=\"entry-header text-center\">\n    \t\t\t<h4>K\u00f6nigsallee | D\u00fcsseldorf<\/h2>\n    \t\t<\/header>\n    \t<\/div>\n    \n        <div class='square-box'>\n            <div class='square-content'  style=\"background-image:url('https:\/\/360-up.com\/wp-content\/uploads\/2019\/12\/Virtueller_Rundgang_Koenigsallee_Koe-Bogen_Duesseldorf_360-up-1024x482.jpg')\" >\n            <\/div>\n    \t<\/div>\n    \n    \t<div class=\"entry-content\">\n    \t\t<div class=\"wp-block-button aligncenter\">\n    \t\t\t<a class=\"wp-block-button__link has-text-color has-very-dark-gray-color has-background has-luminous-vivid-amber-background-color xsmall-btn\" href=\"https:\/\/virtual-tour-marketing.360-up.com\/koenigsallee_koebogen_duesseldorf\/\" target=\"_blank\">\n        \t\t\t    \t\t\t\t<strong>regardez la visite<\/strong>\n    \t\t\t<\/a>\n\t\t\t<\/div>\n    \t<\/div>\n    \t\n\t\t<div class=\"text-center text-small kategorie\">\n\t\t\tVisites virtuelles avec CMS, Street View Made in Germany, Tourisme\t\t<\/div>\n    <\/article>\n        \n        \n\t    \n        \n    <article id=\"post-4800\" class=\"post-4800 post referenz\">\n    \t<div class=\"content-wrap\">\n    \t\t<header class=\"entry-header text-center\">\n    \t\t\t<h4>K\u00f6nigsallee | D\u00fcsseldorf<\/h2>\n    \t\t<\/header>\n    \t<\/div>\n    \n        <div class='square-box'>\n            <div class='square-content'  style=\"background-image:url('https:\/\/360-up.com\/wp-content\/uploads\/2020\/03\/Google_Street_View_Trusted_Koenigsallee_Duesseldorf_Mitte_360-up-1024x490.jpg')\" >\n            <\/div>\n    \t<\/div>\n    \n    \t<div class=\"entry-content\">\n    \t\t<div class=\"wp-block-button aligncenter\">\n    \t\t\t<a class=\"wp-block-button__link has-text-color has-very-dark-gray-color has-background has-luminous-vivid-amber-background-color xsmall-btn\" href=\"https:\/\/www.google.com\/maps\/@51.2225329,6.779279,3a,90y,20.94h,89.97t\/data=!3m7!1e1!3m5!1sAF1QipO0OVal3dS8CJv-_hv-Zwp9s23-2kRWCINU8WgH!2e10!3e12!7i7680!8i3840\" target=\"_blank\">\n        \t\t\t    \t\t\t\t<strong>regardez la visite<\/strong>\n    \t\t\t<\/a>\n\t\t\t<\/div>\n    \t<\/div>\n    \t\n\t\t<div class=\"text-center text-small kategorie\">\n\t\t\tStreet View Made in Germany, Visites Google Street View, Tourisme\t\t<\/div>\n    <\/article>\n        \n            \n\t    \n        \n    <article id=\"post-1112\" class=\"post-1112 post referenz\">\n    \t<div class=\"content-wrap\">\n    \t\t<header class=\"entry-header text-center\">\n    \t\t\t<h4>Rheinuferpromenade | D\u00fcsseldorf<\/h2>\n    \t\t<\/header>\n    \t<\/div>\n    \n        <div class='square-box'>\n            <div class='square-content'  style=\"background-image:url('https:\/\/360-up.com\/wp-content\/uploads\/2020\/03\/Virtueller_Rundgang_Applied_Streetview_Rheinuferpromenade_Duesseldorf_360-up-1-1024x482.jpg')\" >\n            <\/div>\n    \t<\/div>\n    \n    \t<div class=\"entry-content\">\n    \t\t<div class=\"wp-block-button aligncenter\">\n    \t\t\t<a class=\"wp-block-button__link has-text-color has-very-dark-gray-color has-background has-luminous-vivid-amber-background-color xsmall-btn\" href=\"https:\/\/xs98n5q24k.execute-api.eu-central-1.amazonaws.com\/latest\/\" target=\"_blank\">\n        \t\t\t    \t\t\t\t<strong>regardez la visite<\/strong>\n    \t\t\t<\/a>\n\t\t\t<\/div>\n    \t<\/div>\n    \t\n\t\t<div class=\"text-center text-small kategorie\">\n\t\t\tVisites virtuelles avec CMS, Street View Made in Germany, Tourisme\t\t<\/div>\n    <\/article>\n        \n        <\/div><!--  ee -->\n<\/div>\n","protected":false},"excerpt":{"rendered":"<p>Mises \u00e0 jour de Street View, avec ou sans Google Fact-Checking : mise-au-point factuelle Google Street View a \u00e9t\u00e9 introduit pour la premi\u00e8re fois aux \u00c9tats-Unis en mai 2007. Le projet a ensuite \u00e9t\u00e9 d\u00e9ploy\u00e9 dans le monde entier. \u00c0 partir de juillet 2008, les&hellip; <a class=\"read-more\" href=\"https:\/\/360-up.com\/fr\/mises-a-jour-street-view\/\">Read more<\/a><\/p>\n","protected":false},"author":3,"featured_media":0,"parent":0,"menu_order":0,"comment_status":"closed","ping_status":"closed","template":"","meta":{"_acf_changed":false,"footnotes":""},"class_list":["post-5051","page","type-page","status-publish","hentry"],"acf":[],"_links":{"self":[{"href":"https:\/\/360-up.com\/fr\/wp-json\/wp\/v2\/pages\/5051","targetHints":{"allow":["GET"]}}],"collection":[{"href":"https:\/\/360-up.com\/fr\/wp-json\/wp\/v2\/pages"}],"about":[{"href":"https:\/\/360-up.com\/fr\/wp-json\/wp\/v2\/types\/page"}],"author":[{"embeddable":true,"href":"https:\/\/360-up.com\/fr\/wp-json\/wp\/v2\/users\/3"}],"replies":[{"embeddable":true,"href":"https:\/\/360-up.com\/fr\/wp-json\/wp\/v2\/comments?post=5051"}],"version-history":[{"count":3,"href":"https:\/\/360-up.com\/fr\/wp-json\/wp\/v2\/pages\/5051\/revisions"}],"predecessor-version":[{"id":7710,"href":"https:\/\/360-up.com\/fr\/wp-json\/wp\/v2\/pages\/5051\/revisions\/7710"}],"wp:attachment":[{"href":"https:\/\/360-up.com\/fr\/wp-json\/wp\/v2\/media?parent=5051"}],"curies":[{"name":"wp","href":"https:\/\/api.w.org\/{rel}","templated":true}]}}