{"id":5049,"date":"2020-06-08T10:53:04","date_gmt":"2020-06-08T08:53:04","guid":{"rendered":"https:\/\/360-up.com\/visite-virtuelle-panoramique-gigapixel-une-vue-3d-sur-le-rhin\/"},"modified":"2020-06-08T10:53:06","modified_gmt":"2020-06-08T08:53:06","slug":"visite-virtuelle-panoramique-gigapixel-une-vue-3d-sur-le-rhin","status":"publish","type":"page","link":"https:\/\/360-up.com\/fr\/visite-virtuelle-panoramique-gigapixel-une-vue-3d-sur-le-rhin\/","title":{"rendered":"Visite Virtuelle Panoramique Gigapixel : Une vue 3D sur le Rhin"},"content":{"rendered":"\n<p>Depuis les toits les plus hauts de D\u00fcsseldorf, Cologne, Bonn et Krefeld<\/p>\n\n<h2 class=\"wp-block-heading\">Marcus Mitter<\/h2>\n\n<p>Le fondateur de 360-up voulait transformer la r\u00e9gion m\u00e9tropolitaine de Rh\u00e9nanie en une exp\u00e9rience panoramique interactive \u00e0 360\u00b0 en utilisant des points de vue extraordinaires et inaccessibles. Le succ\u00e8s du projet d\u00e9pendait de sa capacit\u00e9 \u00e0 acc\u00e9der \u00e0 ces lieux offrant une vision panoramique.<\/p>\n\n<p>Dans les r\u00e9gions centrales et en aval du Rhin, la ville de Bonn nous a permis de prendre un Panorama Gigapixel depuis le toit du b\u00e2timent Stadthaus. Avec ses 72 m\u00e8tres de haut dans le centre de Bonn, il \u00e9tait parfaitement situ\u00e9.<\/p>\n\n<p>Malheureusement nous n\u2019avons pas pu acc\u00e9der \u00e0 la tour LVR est \u00e0 son sommet de 103 m\u00e8tres de haut pour prendre une vue panoramique pour des raisons d\u2019autorisation administratives. Une alternative int\u00e9ressante nous a \u00e9t\u00e9 propos\u00e9e par l\u2019op\u00e9rateur du K\u00f6lnTurm, la tour de Cologne, qui est le plus grand immeuble de bureaux dans cette r\u00e9gion, Rh\u00e9nanie du Nord-Westphalie.<\/p>\n\n<p>A Cologne nous avons donc pu acc\u00e9der \u00e0 ce b\u00e2timent de 148 m\u00e8tres de haut, soit seulement 9 m\u00e8tres de moins que la Cath\u00e9drale de Cologne et de la limite de hauteur  de construction accept\u00e9 par la ville.<\/p>\n\n<p>A D\u00fcsseldorf, l\u2019h\u00f4tel Hyatt nous a tr\u00e8s g\u00e9n\u00e9reusement permis de travailler depuis son toit. C\u2019est \u00e0 partir de ce point de vue particulier que nous avons pris notre plus grande photographie de cette ville.<\/p>\n\n<h2 class=\"wp-block-heading\">D\u00fcsseldorf<\/h2>\n\n<p>Le panorama gigapixel est sorti avec une r\u00e9solution d\u2019environ 220.000 pixels de large sur 30.000 pixels de haut. C\u2019est le plus lourd fichier d\u2019image de D\u00fcsseldorf. Depuis le toit du Hyatt dans le quartier du Media Harbour, vous pouvez zoomer sur l\u2019\u00e9cran et regarder l&#8217;embl\u00e8me du site Bayer, le Bayer-Kreuz, \u00e0 Krefeld. La distance \u00e0 vol d\u2019oiseau est d\u2019environ 17,5 kilom\u00e8tres.<\/p>\n\n<h2 class=\"wp-block-heading\">Cologne<\/h2>\n\n<p>Le panorama gigapixel pris du toit de la Tour de Cologne a ensuite \u00e9t\u00e9 install\u00e9 comme application d&rsquo;affichage num\u00e9rique dans la zone de r\u00e9ception du b\u00e2timent. Chaque jour, les 500 visiteurs et employ\u00e9s du K\u00f6lnTurm au Parc des M\u00e9dias de la ville profitent de la vue interactive de Cologne offerte depuis 150 m\u00e8tres de hauteur.<\/p>\n\n<h2 class=\"wp-block-heading\">Bonn<\/h2>\n\n<p>Zoomez depuis le toit de l\u2019h\u00f4tel de ville de Bonn et regardez de pr\u00e8s la grande roue de la f\u00eate foraine de P\u00fctzchens Markt ou alors remplissez votre \u00e9cran de toute l\u2019agitation de la foire en zoomant n\u2019importe o\u00f9. Zoom sur le Petersberg ou le Drachenfels si vous pr\u00e9f\u00e9rez. Et quoi que vous d\u00e9cidiez, tout est l\u00e0, juste pour vos yeux !<\/p>\n<div class=\"front-recent clearfix referenzen\">\n        \n\t    \n        \t<div class=\"clearfix\">\n        \n    <article id=\"post-1039\" class=\"post-1039 post referenz\">\n    \t<div class=\"content-wrap\">\n    \t\t<header class=\"entry-header text-center\">\n    \t\t\t<h4>Photokina TV | K\u00f6ln<\/h2>\n    \t\t<\/header>\n    \t<\/div>\n    \n        <div class='square-box'>\n            <div class='square-content'  style=\"background-image:url('https:\/\/360-up.com\/wp-content\/uploads\/2019\/12\/PhotokinaTV_Interview_Gigapixel_Panoramen_360-up-1024x482.jpg')\" >\n            <\/div>\n    \t<\/div>\n    \n    \t<div class=\"entry-content\">\n    \t\t<div class=\"wp-block-button aligncenter\">\n    \t\t\t<a class=\"wp-block-button__link has-text-color has-very-dark-gray-color has-background has-luminous-vivid-amber-background-color xsmall-btn\" href=\"https:\/\/player.vimeo.com\/video\/49998047\" target=\"_blank\">\n        \t\t\t    \t\t\t\t<strong>regardez la vid\u00e9o<\/strong>\n    \t\t\t<\/a>\n\t\t\t<\/div>\n    \t<\/div>\n    \t\n\t\t<div class=\"text-center text-small kategorie\">\n\t\t\tEntretien\t\t<\/div>\n    <\/article>\n        \n        \n\t    \n        \n    <article id=\"post-927\" class=\"post-927 post referenz\">\n    \t<div class=\"content-wrap\">\n    \t\t<header class=\"entry-header text-center\">\n    \t\t\t<h4>Making of Rheinsicht 3D | D\u00fcsseldorf<\/h2>\n    \t\t<\/header>\n    \t<\/div>\n    \n        <div class='square-box'>\n            <div class='square-content'  style=\"background-image:url('https:\/\/360-up.com\/wp-content\/uploads\/2019\/12\/Video_Making_of_Rheinsicht_3D_360-up-1024x576.jpg')\" >\n            <\/div>\n    \t<\/div>\n    \n    \t<div class=\"entry-content\">\n    \t\t<div class=\"wp-block-button aligncenter\">\n    \t\t\t<a class=\"wp-block-button__link has-text-color has-very-dark-gray-color has-background has-luminous-vivid-amber-background-color xsmall-btn\" href=\"https:\/\/player.vimeo.com\/video\/71193886\" target=\"_blank\">\n        \t\t\t    \t\t\t\t<strong>regardez la vid\u00e9o<\/strong>\n    \t\t\t<\/a>\n\t\t\t<\/div>\n    \t<\/div>\n    \t\n\t\t<div class=\"text-center text-small kategorie\">\n\t\t\tEntretien\t\t<\/div>\n    <\/article>\n        \n        \n\t    \n        \n    <article id=\"post-643\" class=\"post-643 post referenz\">\n    \t<div class=\"content-wrap\">\n    \t\t<header class=\"entry-header text-center\">\n    \t\t\t<h4>Gigapixel-Panorama | D\u00fcsseldorf<\/h2>\n    \t\t<\/header>\n    \t<\/div>\n    \n        <div class='square-box'>\n            <div class='square-content'  style=\"background-image:url('https:\/\/360-up.com\/wp-content\/uploads\/2019\/12\/Gigapixelpanorama_Duesseldorf_360-up-1024x576.jpg')\" >\n            <\/div>\n    \t<\/div>\n    \n    \t<div class=\"entry-content\">\n    \t\t<div class=\"wp-block-button aligncenter\">\n    \t\t\t<a class=\"wp-block-button__link has-text-color has-very-dark-gray-color has-background has-luminous-vivid-amber-background-color xsmall-btn\" href=\"https:\/\/duesseldorf-gigapixel-panorama.360-up.com\/\" target=\"_blank\">\n        \t\t\t    \t\t\t\t<strong>voir le panorama gigapixels<\/strong>\n    \t\t\t<\/a>\n\t\t\t<\/div>\n    \t<\/div>\n    \t\n\t\t<div class=\"text-center text-small kategorie\">\n\t\t\tPanoramas Gigapixel\t\t<\/div>\n    <\/article>\n        \n        \n\t    \t<\/div>\n        \n        \t<div class=\"clearfix\">\n        \n    <article id=\"post-645\" class=\"post-645 post referenz\">\n    \t<div class=\"content-wrap\">\n    \t\t<header class=\"entry-header text-center\">\n    \t\t\t<h4>Gigapixel-Panorama | K\u00f6ln<\/h2>\n    \t\t<\/header>\n    \t<\/div>\n    \n        <div class='square-box'>\n            <div class='square-content'  style=\"background-image:url('https:\/\/360-up.com\/wp-content\/uploads\/2019\/12\/Gigapixelpanorama_Koeln_360-up-1024x576.jpg')\" >\n            <\/div>\n    \t<\/div>\n    \n    \t<div class=\"entry-content\">\n    \t\t<div class=\"wp-block-button aligncenter\">\n    \t\t\t<a class=\"wp-block-button__link has-text-color has-very-dark-gray-color has-background has-luminous-vivid-amber-background-color xsmall-btn\" href=\"https:\/\/koeln-gigapixel-panorama.360-up.com\/koeln-gigapixel-panorama-360-up.com.html\" target=\"_blank\">\n        \t\t\t    \t\t\t\t<strong>voir le panorama gigapixels<\/strong>\n    \t\t\t<\/a>\n\t\t\t<\/div>\n    \t<\/div>\n    \t\n\t\t<div class=\"text-center text-small kategorie\">\n\t\t\tPanoramas Gigapixel\t\t<\/div>\n    <\/article>\n        \n        \n\t    \n        \n    <article id=\"post-641\" class=\"post-641 post referenz\">\n    \t<div class=\"content-wrap\">\n    \t\t<header class=\"entry-header text-center\">\n    \t\t\t<h4>Gigapixel-Panorama | Bonn<\/h2>\n    \t\t<\/header>\n    \t<\/div>\n    \n        <div class='square-box'>\n            <div class='square-content'  style=\"background-image:url('https:\/\/360-up.com\/wp-content\/uploads\/2019\/12\/Gigapixelpanorama_Bonn_360-up-1024x576.jpg')\" >\n            <\/div>\n    \t<\/div>\n    \n    \t<div class=\"entry-content\">\n    \t\t<div class=\"wp-block-button aligncenter\">\n    \t\t\t<a class=\"wp-block-button__link has-text-color has-very-dark-gray-color has-background has-luminous-vivid-amber-background-color xsmall-btn\" href=\"https:\/\/bonn-gigapixel-panorama.360-up.com\/bonn-gigapixel-panorama-360-up.com.html\" target=\"_blank\">\n        \t\t\t    \t\t\t\t<strong>voir le panorama gigapixels<\/strong>\n    \t\t\t<\/a>\n\t\t\t<\/div>\n    \t<\/div>\n    \t\n\t\t<div class=\"text-center text-small kategorie\">\n\t\t\tPanoramas Gigapixel\t\t<\/div>\n    <\/article>\n        \n        \n\t    \n        \n    <article id=\"post-647\" class=\"post-647 post referenz\">\n    \t<div class=\"content-wrap\">\n    \t\t<header class=\"entry-header text-center\">\n    \t\t\t<h4>Gigapixel-Panorama | Krefeld<\/h2>\n    \t\t<\/header>\n    \t<\/div>\n    \n        <div class='square-box'>\n            <div class='square-content'  style=\"background-image:url('https:\/\/360-up.com\/wp-content\/uploads\/2019\/12\/Gigapixelpanorama_Krefeld_360-up-1024x576.jpg')\" >\n            <\/div>\n    \t<\/div>\n    \n    \t<div class=\"entry-content\">\n    \t\t<div class=\"wp-block-button aligncenter\">\n    \t\t\t<a class=\"wp-block-button__link has-text-color has-very-dark-gray-color has-background has-luminous-vivid-amber-background-color xsmall-btn\" href=\"https:\/\/krefeld-uerdingen-gigapixel-panorama.360-up.com\/krefeld-uerdingen-gigapixel-panorama-360-up.com.html\" target=\"_blank\">\n        \t\t\t    \t\t\t\t<strong>voir le panorama gigapixels<\/strong>\n    \t\t\t<\/a>\n\t\t\t<\/div>\n    \t<\/div>\n    \t\n\t\t<div class=\"text-center text-small kategorie\">\n\t\t\tPanoramas Gigapixel\t\t<\/div>\n    <\/article>\n        \n        <\/div><!--  ee -->\n<\/div>\n\n<h2 class=\"wp-block-heading\"> Les m\u00e9dia<\/h2>\n\n<p>Voici ce que les m\u00e9dias ont dit de cette repr\u00e9sentation virtuelle et interactive de la r\u00e9gion m\u00e9tropolitaine de Rh\u00e9nanie, qui est encore unique aujourd&rsquo;hui :<\/p>\n\n<ul class=\"wp-block-list\"><li><strong>K\u00f6lner Stadtanzeiger<\/strong><ul><li><a href=\"https:\/\/www.ksta.de\/region\/rhein-sieg-bonn\/bonn\/360-grad-kamera-ganz-neue-sichtweisen-einer-stadt-4832414\" target=\"_blank\" rel=\"noreferrer noopener\" aria-label=\" (&#xF6;ffnet in neuem Tab)\">360-Grad-Kamera Ganz neue Sichtweisen einer Stadt<\/a><\/li><\/ul><\/li><li><strong>Express<\/strong><ul><li><a href=\"https:\/\/www.express.de\/koeln\/spannender-einblick-neues-riesen-panorama-zeigt-koeln-von-oben-3844564\" target=\"_blank\" rel=\"noreferrer noopener\" aria-label=\" (&#xF6;ffnet in neuem Tab)\">Spannender Einblick Neues Riesen-Panorama zeigt K\u00f6ln von oben<\/a><\/li><li><a href=\"https:\/\/www.express.de\/bonn\/hier-gucken----irre-aufnahme--bonn-erstrahlt-im-360-grad-panorama-4572918\" target=\"_blank\" rel=\"noreferrer noopener\" aria-label=\" (&#xF6;ffnet in neuem Tab)\">Hier gucken&#8230; Irre Aufnahme! Bonn erstrahlt im 360-Grad-Panorama<\/a><\/li><\/ul><\/li><li><strong>General-Anzeiger Bonn<\/strong><ul><li><a href=\"http:\/\/www.general-anzeiger-bonn.de\/bonn\/stadt-bonn\/Riesen-Panorama-zeigt-Bonn-von-oben-article907405.html\" target=\"_blank\" rel=\"noreferrer noopener\" aria-label=\" (&#xF6;ffnet in neuem Tab)\">360 Grad Blick Riesen-Panorama zeigt Bonn von oben<\/a><\/li><li><a href=\"http:\/\/www.general-anzeiger-bonn.de\/bonn\/Marcus-Mitter-und-sein-Team-machen-Panoramabilder-und-virtuelle-Rundg%C3%A4nge-article916506.html\" target=\"_blank\" rel=\"noreferrer noopener\" aria-label=\" (&#xF6;ffnet in neuem Tab)\">360 Grad-Blick Marcus Mitter und sein Team machen Panoramabilder und virtuelle Rundg\u00e4nge<\/a><\/li><\/ul><\/li><li><strong>Westdeutsche Zeitung<\/strong><ul><li><a href=\"https:\/\/www.wz.de\/nrw\/duesseldorf\/neues-panoramabild-rundumblick-ueber-duesseldorf-mit-super-zoom_aid-30191977\" target=\"_blank\" rel=\"noreferrer noopener\" aria-label=\" (&#xF6;ffnet in neuem Tab)\">Neues Panoramabild: Rundumblick \u00fcber D\u00fcsseldorf mit Super-Zoom<\/a><\/li><li><a href=\"https:\/\/www.wz.de\/nrw\/krefeld\/kultur\/foto-panorama-von-uerdingen-rueckkehr-zu-den-wurzeln_aid-29893515\" target=\"_blank\" rel=\"noreferrer noopener\" aria-label=\" (&#xF6;ffnet in neuem Tab)\">Foto-Panorama von Uerdingen: R\u00fcckkehr zu den Wurzeln<\/a><\/li><\/ul><\/li><\/ul>\n\n<p><\/p>\n","protected":false},"excerpt":{"rendered":"<p>Depuis les toits les plus hauts de D\u00fcsseldorf, Cologne, Bonn et Krefeld Marcus Mitter Le fondateur de 360-up voulait transformer la r\u00e9gion m\u00e9tropolitaine de Rh\u00e9nanie en une exp\u00e9rience panoramique interactive \u00e0 360\u00b0 en utilisant des points de vue extraordinaires et inaccessibles. Le succ\u00e8s du projet&hellip; <a class=\"read-more\" href=\"https:\/\/360-up.com\/fr\/visite-virtuelle-panoramique-gigapixel-une-vue-3d-sur-le-rhin\/\">Read more<\/a><\/p>\n","protected":false},"author":3,"featured_media":0,"parent":0,"menu_order":0,"comment_status":"closed","ping_status":"closed","template":"","meta":{"_acf_changed":false,"footnotes":""},"class_list":["post-5049","page","type-page","status-publish","hentry"],"acf":[],"_links":{"self":[{"href":"https:\/\/360-up.com\/fr\/wp-json\/wp\/v2\/pages\/5049","targetHints":{"allow":["GET"]}}],"collection":[{"href":"https:\/\/360-up.com\/fr\/wp-json\/wp\/v2\/pages"}],"about":[{"href":"https:\/\/360-up.com\/fr\/wp-json\/wp\/v2\/types\/page"}],"author":[{"embeddable":true,"href":"https:\/\/360-up.com\/fr\/wp-json\/wp\/v2\/users\/3"}],"replies":[{"embeddable":true,"href":"https:\/\/360-up.com\/fr\/wp-json\/wp\/v2\/comments?post=5049"}],"version-history":[{"count":1,"href":"https:\/\/360-up.com\/fr\/wp-json\/wp\/v2\/pages\/5049\/revisions"}],"predecessor-version":[{"id":5050,"href":"https:\/\/360-up.com\/fr\/wp-json\/wp\/v2\/pages\/5049\/revisions\/5050"}],"wp:attachment":[{"href":"https:\/\/360-up.com\/fr\/wp-json\/wp\/v2\/media?parent=5049"}],"curies":[{"name":"wp","href":"https:\/\/api.w.org\/{rel}","templated":true}]}}