{"id":5030,"date":"2020-05-25T14:41:08","date_gmt":"2020-05-25T12:41:08","guid":{"rendered":"https:\/\/360-up.com\/ce-que-disent-nos-clients\/"},"modified":"2021-10-20T13:29:01","modified_gmt":"2021-10-20T11:29:01","slug":"ce-que-disent-nos-clients","status":"publish","type":"page","link":"https:\/\/360-up.com\/fr\/ce-que-disent-nos-clients\/","title":{"rendered":"Ce que disent nos clients"},"content":{"rendered":"\n<h2 class=\"wp-block-heading\">Martin Tomczyk, Responsable de Magasin BRABUS K\u00f690 Flagship Store D\u00fcsseldorf<\/h2>\n\n\n\n<p>\u201eNous utilisons les visites \u00e0 360\u00b0 avec nos clients internationaux. Nous pouvons fournir des aper\u00e7us de notre \u00e9tablissement jusqu&rsquo;\u00e0 l\u2019autre bout du monde.\u201c<\/p>\n\n\n\n<figure class=\"wp-block-embed is-type-video is-provider-vimeo wp-block-embed-vimeo\"><div class=\"wp-block-embed__wrapper\">\n<iframe loading=\"lazy\" title=\"360-up.com | Kundenmeinung BRABUS D&amp;uuml;sseldorf\" src=\"https:\/\/player.vimeo.com\/video\/387643295?h=bec81b03dc&amp;dnt=1&amp;app_id=122963\" width=\"720\" height=\"405\" frameborder=\"0\" allow=\"autoplay; fullscreen; picture-in-picture\" allowfullscreen><\/iframe>\n<\/div><\/figure>\n\n\n\n<h2 class=\"wp-block-heading\">Christian Vogelsang, Directeur G\u00e9n\u00e9ral Vogelsang Elektromotoren Bochum<\/h2>\n\n\n\n<p>\u201eSi vous souhaitez \u00eatre au top, mettez les lunettes VR. Vous vivrez une exp\u00e9rience incroyable.\u201c<\/p>\n\n\n\n<h2 class=\"wp-block-heading\">Stephan Pikos, Gestionnaire de Cat\u00e9gorie + Responsable du Marketing Megazoo Berlin<\/h2>\n\n\n\n<p>\u201eMise en \u0153uvre absolument grandiose et de haute qualit\u00e9 de la num\u00e9risation \u00e0 360 degr\u00e9s dans notre march\u00e9. Grace \u00e0 la facilit\u00e9 de communication nos souhaits ont \u00e9t\u00e9 respect\u00e9s et d\u2019excellentes suggestions ont \u00e9t\u00e9 int\u00e9gr\u00e9es en quelques heures. Merci \u00e0 l\u2019\u00e9quipe 360-up de Sch\u00f6nefeld.\u201c<\/p>\n\n\n\n<h2 class=\"wp-block-heading\">Katharina Huppertz, Responsible des Ventes              Harley-Davidson D\u00fcsseldorf<\/h2>\n\n\n\n<p>\u201eSoutien comp\u00e9tent et amical. Facile \u00e0 utiliser m\u00eame pour les d\u00e9butants. Bravo !\u201c<\/p>\n\n\n\n<h2 class=\"wp-block-heading\">Florentine Gronski, Fondatrice La Fiorentina D\u00fcsseldorf<\/h2>\n\n\n\n<p>\u201eDans le cadre de la cr\u00e9ation d&rsquo;une petite entreprise artisanale, je me suis int\u00e9ress\u00e9e \u00e0 une visite virtuelle et j&rsquo;ai non seulement re\u00e7ue des conseils comp\u00e9tents et honn\u00eates, mais j&rsquo;ai \u00e9galement obtenu rapidement et facilement un excellent r\u00e9sultat! La visite \u00e0 360\u00b0 cr\u00e9e de la transparence pour mes clients et est une occasion exceptionnelle de pr\u00e9senter votre entreprise, qui vous diff\u00e9rencie clairement de vos concurrents.\r\nUne pr\u00e9sence num\u00e9rique professionnelle est essentielle &#8211; \u00e9galement dans l&rsquo;artisanat.\r\nMerci, Marcus, pour l&rsquo;excellente coop\u00e9ration ! Recommandation claire!\u201c<\/p>\n\n\n\n<h2 class=\"wp-block-heading\">Andre Amerkamp, \u200b\u200bDirecteur G\u00e9n\u00e9ral ERGO Assurances D\u00fcsseldorf<\/h2>\n\n\n\n<p>\u00ab\u00a0Chez ERGO Assurances Andre Amerkamp, \u200b\u200bnous sommes tr\u00e8s satisfaits du service de 360-up. Un rendez-vous personnel et le tournage \u00e0 360 degr\u00e9s ont \u00e9t\u00e9 mis en place tr\u00e8s rapidement et professionnellement. Je peux chaudement recommander le service \u00e0 chaque entrepreneur.\u00a0\u00bb<\/p>\n\n\n\n<h2 class=\"wp-block-heading\">Anika Kreimer, Responsable Media M2 Beaut\u00e9 Cosmetics Cologne<\/h2>\n\n\n\n<p>\u201eIl est difficile de mieux pr\u00e9senter son entreprise. Les clients potentiels ont une impression r\u00e9aliste, leur curiosit\u00e9 est \u00e9veill\u00e9e et tout est fait pour donner envie d\u2019aller faire une visite r\u00e9elle au magasin. La gamme de produits est \u00e9galement clairement pr\u00e9sent\u00e9e dans le contexte th\u00e9matique correspondant ainsi que dans son environnement sp\u00e9cifique.\u201c<\/p>\n\n\n\n<h2 class=\"wp-block-heading\">Patricia Rennecke, Directrice Rennecke Consulting D\u00fcsseldorf<\/h2>\n\n\n\n<p>\u201eTr\u00e8s simple et flexible, la mise en \u0153uvre est tr\u00e8s rapide et les images sont vraiment g\u00e9niales. Nous sommes ravis !\u201c<\/p>\n\n\n\n<h2 class=\"wp-block-heading\">Hana Jane\u010dkov\u00e1, Directrice Leisure and Tourist Office M\u00e4rkisches Sauerland e.V. Altena<\/h2>\n\n\n\n<p>\u201eFacile d\u2019utilisation, pertinent et flexible. Il y a une solution pour tout ce dont vous avez besoin. Je suis heureux de le recommander.\u201c<\/p>\n\n\n\n<h2 class=\"wp-block-heading\">Dr. Angelika B\u00f6ttcher, G\u00e9rante Retro Station Recklinghausen<\/h2>\n\n\n\n<p>\u201eUne \u00e9quipe professionnelle accord\u00e9e \u00e0 une bonne attitude et \u00e0 des r\u00e9sultats impressionnants. Travailler ensemble est un plaisir, je m\u2019engagerais volontiers \u00e0 nouveau !\u201c<\/p>\n\n\n\n<h2 class=\"wp-block-heading\">Daniel Thelen, Directeur Thelen Immobilien Duisburg<\/h2>\n\n\n\n<p>\u201eTr\u00e8s bon service de num\u00e9risation. Marcus est un sp\u00e9cialiste, pointilleux sur les r\u00e9sultats de son travail.\u201c<\/p>\n\n\n\n<h2 class=\"wp-block-heading\">Philip Daniel Salamon, Directeur IamYours D\u00fcsseldorf<\/h2>\n\n\n\n<p>\u201eMise en \u0153uvre tr\u00e8s professionnelle et rapide. Nous sommes tr\u00e8s satisfaits. Merci beaucoup pour votre intervention.\u201c<\/p>\n\n\n\n<h2 class=\"wp-block-heading\">Wojtek Bielski, Manager M\u00f6belhaus D\u00fcsseldorf<\/h2>\n\n\n\n<p>\u201eJe recommande chaudement ce partenaire. Excellent service et tr\u00e8s agr\u00e9able de traiter dans la relation client. Tr\u00e8s attentif \u00e0 nos demandes. Merci !\u201c<\/p>\n\n\n\n<h2 class=\"wp-block-heading\">Dr. J\u00f6rg Gr\u00fcnwald, Directeur Fondateur + Conseiller Scientifique et Technique Analyze &amp;  Realize Berlin<\/h2>\n\n\n\n<p>\u201eUne \u00e9quipe tr\u00e8s professionnelle qui conseille tr\u00e8s bien sur les options et met en \u0153uvre les souhaits des clients rapidement et parfaitement, je recommande absolument !\u201c<\/p>\n\n\n\n<h2 class=\"wp-block-heading\">Alexander Thurn, Directeur G\u00e9n\u00e9ral Frontend Solutions Bonn<\/h2>\n\n\n\n<p>\u201eJ\u2019avais d\u00e9j\u00e0 remarqu\u00e9 positivement les visites virtuelles \u00e0 360\u00b0 et ceci \u00e0 plusieurs reprises gr\u00e2ce \u00e0 la tr\u00e8s haute qualit\u00e9 livr\u00e9e par 360-up ! Je mets 5 \u00e9toiles sans h\u00e9siter ! Continuez. \u201c<\/p>\n\n\n\n<h2 class=\"wp-block-heading\">Rochus Geissel, Directeur Office Center Erkrath<\/h2>\n\n\n\n<p>\u201ePersonne tr\u00e8s cordiale !! Marcus Mitter a toujours une longueur d\u2019avance. Il a publi\u00e9 professionnellement divers projets avec nous.\u201c<\/p>\n\n\n\n<h2 class=\"wp-block-heading\">Uwe Papendick, Directeur Motorcycle Driving School Cologne<\/h2>\n\n\n\n<p>\u201eMise en \u0153uvre ultra-rapide et professionnelle en seulement une dizaine d\u2019heures. Un excellent rapport qualit\u00e9-prix et d\u2019excellents conseils. Fortement recommand\u00e9 ! \u201c<\/p>\n\n\n\n<h2 class=\"wp-block-heading\">Jojo Maes, G\u00e9rant D\u00fcsselrad D\u00fcsseldorf<\/h2>\n\n\n\n<p>\u201eCher Marcus, vous \u00eates mon unique fournisseur de visites virtuelles : je n\u2019irais nulle part ailleurs. Continuez le super travail ! Pour tout le monde : 360-up est la meilleure entreprise d\u00e9di\u00e9e aux visites virtuelles de qualit\u00e9 professionnelle. Marcus poss\u00e8de le meilleur savoir-faire dans ce domaine. Cinq \u00e9toiles !\u201d<\/p>\n\n\n\n<h2 class=\"wp-block-heading\">Frank Hofer, G\u00e9rant, D\u00fcsselLiebe D\u00fcsseldorf<\/h2>\n\n\n\n<p>\u201eChez D\u00fcsselLiebe nous sommes vraiment enthousiastes au regard du service \u00e0 la client\u00e8le et de la qualit\u00e9 globale des images. Beaucoup de tr\u00e8s bons conseils et \u00e0 recommander absolument. En outre, le rapport qualit\u00e9-prix est excellent.\u201c<\/p>\n\n\n\n<h2 class=\"wp-block-heading\">Max Postulka, Avocat Cologne                                 <\/h2>\n\n\n\n<p>\u201eTr\u00e8s agr\u00e9able, tr\u00e8s serviable, tr\u00e8s rapide. Je peux affirmer que je suis tr\u00e8s satisfait et je recommande pleinement les services de cette entreprise.\u201c<\/p>\n","protected":false},"excerpt":{"rendered":"<p>Martin Tomczyk, Responsable de Magasin BRABUS K\u00f690 Flagship Store D\u00fcsseldorf \u201eNous utilisons les visites \u00e0 360\u00b0 avec nos clients internationaux. Nous pouvons fournir des aper\u00e7us de notre \u00e9tablissement jusqu&rsquo;\u00e0 l\u2019autre bout du monde.\u201c Christian Vogelsang, Directeur G\u00e9n\u00e9ral Vogelsang Elektromotoren Bochum \u201eSi vous souhaitez \u00eatre au&hellip; <a class=\"read-more\" href=\"https:\/\/360-up.com\/fr\/ce-que-disent-nos-clients\/\">Read more<\/a><\/p>\n","protected":false},"author":3,"featured_media":0,"parent":0,"menu_order":0,"comment_status":"closed","ping_status":"closed","template":"","meta":{"_acf_changed":false,"footnotes":""},"class_list":["post-5030","page","type-page","status-publish","hentry"],"acf":[],"_links":{"self":[{"href":"https:\/\/360-up.com\/fr\/wp-json\/wp\/v2\/pages\/5030","targetHints":{"allow":["GET"]}}],"collection":[{"href":"https:\/\/360-up.com\/fr\/wp-json\/wp\/v2\/pages"}],"about":[{"href":"https:\/\/360-up.com\/fr\/wp-json\/wp\/v2\/types\/page"}],"author":[{"embeddable":true,"href":"https:\/\/360-up.com\/fr\/wp-json\/wp\/v2\/users\/3"}],"replies":[{"embeddable":true,"href":"https:\/\/360-up.com\/fr\/wp-json\/wp\/v2\/comments?post=5030"}],"version-history":[{"count":2,"href":"https:\/\/360-up.com\/fr\/wp-json\/wp\/v2\/pages\/5030\/revisions"}],"predecessor-version":[{"id":6537,"href":"https:\/\/360-up.com\/fr\/wp-json\/wp\/v2\/pages\/5030\/revisions\/6537"}],"wp:attachment":[{"href":"https:\/\/360-up.com\/fr\/wp-json\/wp\/v2\/media?parent=5030"}],"curies":[{"name":"wp","href":"https:\/\/api.w.org\/{rel}","templated":true}]}}