{"id":5024,"date":"2020-05-25T13:03:33","date_gmt":"2020-05-25T11:03:33","guid":{"rendered":"https:\/\/360-up.com\/notre-histoire\/"},"modified":"2026-01-10T09:39:21","modified_gmt":"2026-01-10T08:39:21","slug":"notre-histoire","status":"publish","type":"page","link":"https:\/\/360-up.com\/fr\/notre-histoire\/","title":{"rendered":"Notre histoire"},"content":{"rendered":"\n<h2 class=\"wp-block-heading\">2025<\/h2>\n\n<p>Une ann\u00e9e passionnante de plus pour 360-up. L&rsquo;intelligence artificielle est sur toutes les l\u00e8vres. Nous proposons d\u00e9sormais des fonctionnalit\u00e9s bas\u00e9es sur l&rsquo;IA pour nos visites virtuelles Matterport 3D.<\/p>\n\n<p>Pendant des ann\u00e9es, le march\u00e9 immobilier \u00e9tait consid\u00e9r\u00e9 comme s\u00fbr, quelle que soit la qualit\u00e9 de la publicit\u00e9 en ligne. Cette situation \u00e9volue actuellement tr\u00e8s rapidement.<\/p>\n\n<p>Dans le cadre de plusieurs projets, nous cr\u00e9ons des visites virtuelles 3D interactives de biens immobiliers qui ne sont g\u00e9n\u00e9ralement pas pr\u00e9sent\u00e9s de mani\u00e8re \u00e0 favoriser les ventes. Notre technologie permet de supprimer comme par magie tout le mobilier\u00a0! Ces propri\u00e9t\u00e9s ainsi \u00e9pur\u00e9es peuvent ensuite \u00eatre explor\u00e9es de mani\u00e8re interactive en un seul clic sur des portails comme Immobilienscout, et sont \u00e9galement beaucoup plus attrayantes visuellement.<\/p>\n\n<p>Sur demande, nous pouvons \u00e9galement r\u00e9aliser une mise en sc\u00e8ne num\u00e9rique du bien, c&rsquo;est-\u00e0-dire l&rsquo;am\u00e9nager selon les souhaits du client.<\/p>\n\n<p>Il est possible d&rsquo;effectuer des mesures pr\u00e9cises sur trois axes, et 360-up propose \u00e9galement des plans conformes \u00e0 l&rsquo;ex\u00e9cution, sign\u00e9s par l&rsquo;architecte, cr\u00e9\u00e9s \u00e0 partir du jumeau num\u00e9rique. Ce service fait partie d&rsquo;une demande de financement.<\/p>\n\n<p>Quelles autres nouveaut\u00e9s pour l&rsquo;ann\u00e9e 2025\u00a0? Depuis de nombreuses ann\u00e9es, nous recevons des demandes concernant la navigation int\u00e9rieure, \u00e9manant aussi bien de centres commerciaux que de si\u00e8ges sociaux d\u2019entreprises. Jusqu\u2019\u00e0 pr\u00e9sent, les solutions de navigation int\u00e9rieure n\u00e9cessitaient des installations mat\u00e9rielles complexes au sein des b\u00e2timents.<\/p>\n\n<p>Il s&rsquo;agissait souvent d&rsquo;un co\u00fbt et d&rsquo;un effort importants que les locataires, en particulier, rechignaient \u00e0 entreprendre. Gr\u00e2ce \u00e0 la navigation int\u00e9rieure de 360-up, ces contraintes appartiennent d\u00e9sormais au pass\u00e9.<\/p>\n\n<p>Gr\u00e2ce \u00e0 notre technologie de num\u00e9risation, nous cr\u00e9ons un jumeau num\u00e9rique du b\u00e2timent et proposons une navigation int\u00e9rieure bas\u00e9e sur ces donn\u00e9es 3D. Cette navigation int\u00e9rieure est donc \u00ab sans per\u00e7age \u00bb, c&rsquo;est-\u00e0-dire qu&rsquo;il n&rsquo;est pas n\u00e9cessaire de placer de balises \u00e0 l&rsquo;int\u00e9rieur du b\u00e2timent.<\/p>\n\n<h2 class=\"wp-block-heading\">2024<\/h2>\n\n<p>Nous cr\u00e9ons une vitrine en ligne pour pr\u00e9senter une innovation r\u00e9volutionnaire pour le commerce de d\u00e9tail traditionnel.<\/p>\n\n<p>Gr\u00e2ce \u00e0 notre nouvelle int\u00e9gration e-commerce dans les visites 3D Matterport, les clients peuvent d\u00e9sormais acheter directement sans avoir besoin de leur propre boutique en ligne.<\/p>\n\n<p>Il nous suffit l&rsquo;API PayPal de notre client. Nous cr\u00e9ons un jumeau num\u00e9rique de la boutique, de la galerie ou de l&rsquo;exposition et pouvons proposer un nombre illimit\u00e9 de produits \u00e0 la vente, qu&rsquo;ils soient pr\u00e9sent\u00e9s dans une visite virtuelle ou non. L&rsquo;int\u00e9gration de la boutique en ligne comprend tout ce dont une boutique moderne a besoin\u00a0: gestion des produits, options de paiement standard et processus de commande simplifi\u00e9. Nos clients peuvent g\u00e9rer leur boutique et les produits qu&rsquo;ils proposent.<\/p>\n\n<p>Outre cette innovation immersive et photor\u00e9aliste int\u00e9grant des \u00e9l\u00e9ments de gamification, 360-up propose \u00e9galement un outil de gamification pour les visites Matterport. \u00c0 chaque \u00e9tape de la visite virtuelle, une fen\u00eatre contextuelle s&rsquo;affiche avec des questions. Seules les r\u00e9ponses correctes permettent au visiteur, ou plut\u00f4t au joueur, d&rsquo;acc\u00e9der au niveau suivant.<\/p>\n\n<p>Deux excellents outils de fid\u00e9lisation client !<\/p>\n\n<h2 class=\"wp-block-heading\">2023<\/h2>\n\n<p>La situation des commandes chez 360-up reste extr\u00eamement \u00e9lev\u00e9e. La num\u00e9risation est enfin arriv\u00e9e en Allemagne et une tendance est devenue une n\u00e9cessit\u00e9.<\/p>\n\n<p>Les quelque cinq cents entreprises publi\u00e9es par Marcus Mitter dans les seuls services Google sont de plus en plus activement explor\u00e9es par les utilisateurs en ligne. Les quelque quatorze mille panoramas cr\u00e9\u00e9s ont d\u00e9j\u00e0 \u00e9t\u00e9 visionn\u00e9s cent vingt-cinq millions de fois.<\/p>\n\n<p>Il existe toujours de nouvelles fa\u00e7ons d&rsquo;utiliser les solutions Matterport 3D. Les scanners Matterport Pro3 de haute pr\u00e9cision utilis\u00e9s par 360-up changent la donne. La g\u00e9n\u00e9ration de plans et de nuages \u200b\u200bde points 2D et 3D est d\u00e9sormais \u00e0 la pointe de la technologie.<\/p>\n\n<p>Les donn\u00e9es collect\u00e9es sont utilis\u00e9es dans les logiciels CAO et BIM \u00e0 des fins de documentation et de planification.<\/p>\n\n<p>360-up a d\u00e9sormais scann\u00e9 plus de 125\u00a0000 m\u00e8tres carr\u00e9s, y compris des sites industriels entiers, avec le syst\u00e8me Matterport.<\/p>\n\n<h2 class=\"wp-block-heading\">2022<\/h2>\n\n<p>2022 est l&rsquo;ann\u00e9e de l&rsquo;ouverture. La pand\u00e9mie touche \u00e0 sa fin. La digitalisation des entreprises a progress\u00e9. La vacance dans le secteur du commerce de d\u00e9tail est indubitable.<\/p>\n\n<p>Le comportement des consommateurs a chang\u00e9. L&rsquo;activit\u00e9 de voyage dans le secteur B2B s&rsquo;est effondr\u00e9e. Les gens se sont habitu\u00e9s \u00e0 la num\u00e9risation. Les jumeaux num\u00e9riques permettent de r\u00e9duire les co\u00fbts.<\/p>\n\n<p>Mark Zuckerberg, le fondateur de Facebook, a renomm\u00e9 son entreprise. Il s&rsquo;appelle maintenant Meta. Le pari du m\u00e9taverse a commenc\u00e9. Cependant, on ne sait pas encore de quoi il s&rsquo;agit et comment il sera r\u00e9glement\u00e9, notamment en Europe. Il est clair qu&rsquo;il n&rsquo;y aura pas qu&rsquo;un seul m\u00e9taverse.<\/p>\n\n<p>360-up pr\u00e9sente des visites virtuelles sur le site, en 360 degr\u00e9s et en 3D, avec diff\u00e9rentes approches e-commerce. De plus, un conf\u00e9rencier dans la vid\u00e9o explique ce que l&rsquo;on peut voir lors de la visite. Nous avons \u00e9galement d\u00e9j\u00e0 pr\u00e9sent\u00e9 un avatar multilingue avec une excellente synchronisation labiale.<\/p>\n\n<p>Nous sommes en route vers le web3 et le m\u00e9taverse. Nous avons tous les outils en main pour cr\u00e9er un m\u00e9taverse pour les entreprises. Cela peut \u00eatre mis en \u0153uvre main dans la main avec plusieurs partenaires de coop\u00e9ration. En tant que chefs de projet, nous ne travaillons qu&rsquo;avec des partenaires qui ont d\u00e9j\u00e0 mis en \u0153uvre leur part avec succ\u00e8s.<\/p>\n\n<p>En tant que Matterport Service Partner certifi\u00e9 avec une tr\u00e8s bonne connexion avec la soci\u00e9t\u00e9 am\u00e9ricaine, qui est maintenant cot\u00e9e en bourse, nous pouvons utiliser le nouveau scanner Matterport Pro3 \u00e0 un stade pr\u00e9coce. Le nuage de points ainsi cr\u00e9\u00e9 permet un traitement ult\u00e9rieur am\u00e9lior\u00e9 avec des logiciels de CAO. De nouvelles possibilit\u00e9s en CAO vers BIM sont d\u00e9sormais disponibles.<\/p>\n\n<p>360-up investit dans de nouveaux appareils photo, de nouveaux scanners et de nouveaux ordinateurs. La qualit\u00e9 et les possibilit\u00e9s des services fournis sont port\u00e9es au niveau sup\u00e9rieur.<\/p>\n\n<h2 class=\"wp-block-heading\">2021<\/h2>\n\n<p>Le boom de la num\u00e9risation se poursuivra en 2021. Que ce soit en entreprise B2C ou B2B. Le besoin de visibilit\u00e9 et d&rsquo;interaction en ligne est compris et maintenant \u00e9tabli.<\/p>\n\n<p>360-up fournit des conf\u00e9rences \u00e0 distance avec des capacit\u00e9s vid\u00e9o interactives et des salles de chat. L&rsquo;utilisation est bien plus \u00e9lev\u00e9e que pr\u00e9vu et les retours ont toujours \u00e9t\u00e9 positifs.<\/p>\n\n<p>L&rsquo;industrie et le commerce ont reconnu que l&rsquo;\u00e9change virtuel offre un potentiel de r\u00e9duction des co\u00fbts.<\/p>\n\n<p>360-up pr\u00e9sente une solution de commerce \u00e9lectronique enti\u00e8rement fonctionnelle dans l&rsquo;espace 3D. D\u00e9sormais, il est possible de visiter une boutique, une exposition ou une salle d&rsquo;exposition pratiquement de n&rsquo;importe o\u00f9 dans le monde. Une solution de commerce \u00e9lectronique pour les produits expos\u00e9s avec toutes les fonctions n\u00e9cessaires, les placer dans le panier, v\u00e9rifier et effectuer des paiements.<\/p>\n\n<p>Le jumeau num\u00e9rique avec une fonction shopping int\u00e9gr\u00e9e est arriv\u00e9. Avec 360-up, vous magasinez en 3D.<\/p>\n\n<h2 class=\"wp-block-heading\">2020<\/h2>\n\n<p>2020 est une ann\u00e9e mouvement\u00e9e. Les entreprises sont ferm\u00e9es lors du premier confinement. Aucun entrepreneur ne peut pr\u00e9voir ce que l&rsquo;avenir leur r\u00e9serve. Puis un boom de la num\u00e9risation s&rsquo;installe dans le commerce de d\u00e9tail. Si environ la moiti\u00e9 des d\u00e9taillants \u00e9taient d\u00e9j\u00e0 pr\u00e9sents num\u00e9riquement auparavant, ce seront deux tiers avant le deuxi\u00e8me confinement.<\/p>\n\n<p>360-up fait partie de la solution et permet aux parties int\u00e9ress\u00e9es de vivre des exp\u00e9riences d&rsquo;achat en magasin depuis chez elles.<\/p>\n\n<p>L&rsquo;industrie s&rsquo;appuie \u00e9galement sur nos logiciels et utilise des visites \u00e0 360 degr\u00e9s pour former les employ\u00e9s \u00e0 distance et pr\u00e9senter l&rsquo;entreprise aux futurs employ\u00e9s. De nouveaux outils interactifs tels que les vid\u00e9oconf\u00e9rences et les chats \u00e0 dur\u00e9e et heure fixe font \u00e9galement part des visites.<\/p>\n\n<p>Le nombre d&rsquo;utilisateurs d\u00e9passe toutes les attentes.<\/p>\n\n<p>360-up sont d\u00e9j\u00e0 certifi\u00e9s Matterport Service Partners. En 2020, nous serons de plus en plus souvent activ\u00e9s pour Matterport Capture Services par le fournisseur de solutions innovantes de num\u00e9risation et de visualisation 3D.<\/p>\n\n<p>De plus, 360-up offre la possibilit\u00e9 d&rsquo;une mise en sc\u00e8ne num\u00e9rique dans les visites Matterport. Une personnalisation plus pouss\u00e9e des visites 3D jusqu&rsquo;aux appels vid\u00e9o en direct rend ce type de pr\u00e9sentation d&rsquo;entreprise de plus en plus attrayant.<\/p>\n\n<h2 class=\"wp-block-heading\">2019<\/h2>\n\n<p>2019&#13;\n360-up est en avance sur son temps une fois encore. La vente de casques de r\u00e9alit\u00e9 virtuelle enti\u00e8rement int\u00e9gr\u00e9s, configur\u00e9s et pr\u00eats \u00e0 l\u2019emploi a commenc\u00e9.<\/p>\n\n<p>En utilisant un r\u00e9seau W-LAN exigeant d\u2019ex\u00e9cuter des syst\u00e8mes via une connexion, l\u2019utilisateur doit non seulement \u00eatre en ligne mais doit aussi rechercher les m\u00e9dias dans un menu, ce qui en fait une solution trop restrictive \u00e0 de nombreux \u00e9gards.<\/p>\n\n<p>Les lunettes VR de 360-up avec une r\u00e9solution jusqu&rsquo;\u00e0 4K d\u00e9marrent automatiquement en appuyant sur un bouton. De nombreux clients les utilisent maintenant lors de leurs voyages d\u2019affaires, de leurs tourn\u00e9es commerciales et lors de salons pour pr\u00e9senter les m\u00e9dias \u00e0 360\u00b0 que nous avons produits pour eux.<\/p>\n\n<p>Nos solutions hors ligne ont \u00e9t\u00e9 bien accueillies par le march\u00e9. Nous avons utilis\u00e9 \u00e0 la fois du mat\u00e9riel et des logiciels pour maximiser les facilit\u00e9s d\u2019acc\u00e8s. L\u2019acc\u00e8s hors-ligne aux visites virtuelles est maintenant possible.<\/p>\n\n<p>Nos applications sont sur tous les stores et nos clients peuvent t\u00e9l\u00e9charger leurs visites virtuelles sur leurs appareils pour ensuite les utiliser de mani\u00e8re interactive et sans connexion.<\/p>\n\n<p>Nous avons investi dans des drones \u00e9quip\u00e9s de la technologie Hasselblad et les avons convertis pour enregistrer des vid\u00e9os 360\u00b0. <\/p>\n\n<p>\u00c0 l\u2019automne, les techniciens de 360-up ont d\u00e9velopp\u00e9 des visites virtuelles avec int\u00e9gration de s\u00e9quences vid\u00e9o \u00e0 360\u00b0 et cette technologie fait maintenant partie de notre offre de service. Ces visites virtuelles innovantes avec narration immersive int\u00e9gr\u00e9e sont aujourd\u2019hui \u00e0 votre port\u00e9e !<\/p>\n\n<h2 class=\"wp-block-heading\">2018<\/h2>\n\n<p>En 2018, le catalogue des prestations de 360-up a \u00e9norm\u00e9ment augment\u00e9 avec notamment la technologie des vid\u00e9os \u00e0 360 degr\u00e9s, la num\u00e9risation en 3D Matterport et Street View en Allemagne et en Europe. Notre mat\u00e9riel, nos logiciels et nos investissements ne signifient qu\u2019une chose : quels que soient vos besoins de marketing virtuel, 360-up vous apporte la solution !<\/p>\n\n<p>Apr\u00e8s une p\u00e9riode de formation d\u2019un an, Nils, bas\u00e9 \u00e0 Berlin, a rejoint l\u2019\u00e9quipe en tant que concepteur m\u00e9dia de 360-up et directeur du site pour Berlin.<\/p>\n\n<p>De plus, nous avons ouvert notre succursale en France et Jean-Luc y est notre repr\u00e9sentant local. Nous offrons maintenant un service \u00e0 travers l\u2019Europe en allemand, anglais, fran\u00e7ais et en espagnol. Cette ann\u00e9e est marqu\u00e9e par la diversification technologique, la progression et notre pr\u00e9sence internationale renforc\u00e9e !<\/p>\n\n<h2 class=\"wp-block-heading\">2017<\/h2>\n\n<p>En 2017, il est maintenant possible d\u2019explorer nos visites Google avec une application et une paire de lunettes Google Daydream VR. D\u00e8s lors, toutes nos visites Google et visites classiques sont visibles en WebVR et peuvent \u00eatre utilis\u00e9es avec une adresse web priv\u00e9e ou public et un casque VR.<\/p>\n\n<h2 class=\"wp-block-heading\">2016<\/h2>\n\n<p>En 2016, Google a mandat\u00e9 360-up pour produire les visites virtuelles de nombreux h\u00f4tels. Il s\u2019agissait d\u2019un nouveau projet qui visait \u00e0 introduire la visite interactive des toutes les zones d&rsquo;un h\u00f4tel. Google Business View et Google Hotel View \u00e9taient commercialis\u00e9s diff\u00e9remment \u00e0 cette \u00e9poque. En tant que professionnels sous contrat  par Google, nous avons publi\u00e9 plusieurs visites dans certains des h\u00f4tels les plus prestigieux, modernes et charg\u00e9s d\u2019histoire en Allemagne. Le mode multilingue de visites faites avec notre syst\u00e8me de gestion de contenu ainsi que les outils de navigation \u00e9tendue et le module de r\u00e9servation directe int\u00e9gr\u00e9 dans le syst\u00e8me sont des outils de vente uniques et puissants.<\/p>\n\n<p>\u00c0 partir de maintenant c&rsquo;est techniquement possible &#13;\nde visualiser la visite panoramique gigapixel de quatre m\u00e9tropoles au bord du Rhin sur les appareils mobiles en haute r\u00e9solution et avec fonction de zoom. Dit et fait.<\/p>\n\n<p>360-up produit des visites virtuelles tr\u00e8s compl\u00e8tes dans l\u2019industrie h\u00f4teli\u00e8re, y compris des productions internationales qui sont parfois compos\u00e9es de 400 images panoramiques. Notre \u00e9quipe de professionnels travaille \u00e9galement sur les d\u00e9fis techniques de la r\u00e9alit\u00e9 virtuelle pour cr\u00e9er les visites panoramiques les plus intenses possibles.<\/p>\n\n<p>Les premi\u00e8res exp\u00e9riences de r\u00e9alit\u00e9 virtuelle h\u00e9berg\u00e9es sur Google Street View et notre syst\u00e8me de gestion de contenu pour visites virtuelles seront bient\u00f4t publi\u00e9es.<\/p>\n\n<h2 class=\"wp-block-heading\">2015<\/h2>\n\n<p>En 2015, Marcus Mitter, propri\u00e9taire de 360-up, a remport\u00e9 un autre Google Business View Award. Il a remport\u00e9 le 2e prix europ\u00e9en pour l\u2019utilisation la plus cr\u00e9ative de l\u2019API\/interface Google Maps gr\u00e2ce au syst\u00e8me de gestion de contenu des visites lanc\u00e9 en version b\u00e9ta l\u2019ann\u00e9e pr\u00e9c\u00e9dente. <\/p>\n\n<h2 class=\"wp-block-heading\">2014<\/h2>\n\n<p>En 2014, 360-up remporte la m\u00e9daille d\u2019argent aux European Google Business View Awards pour le plus grand nombre de visites Google 360\u00b0 Business View publi\u00e9es en 2013. C\u2019est une ann\u00e9e charg\u00e9e pour notre entreprise, notre \u00e9quipe de professionnels commence \u00e0 utiliser des modules d\u2019extension pour les visites Google Business View.<\/p>\n\n<h2 class=\"wp-block-heading\">2013<\/h2>\n\n<p>En 2013, Google nous a demand\u00e9 de collaborer en devenant les premiers sp\u00e9cialistes \u00e0 participer au lancement de son programme de visites virtuelles d&rsquo;entreprises \u00e0 but commercial. 360-up et son propri\u00e9taire Marcus Mitter ont \u00e9t\u00e9 les premiers photographes agr\u00e9\u00e9s pour ce qui \u00e9tait alors appel\u00e9 Google Business Photos et est depuis devenu Google Business View.<\/p>\n\n<h2 class=\"wp-block-heading\">2012<\/h2>\n\n<p>Apr\u00e8s avoir planifi\u00e9 et test\u00e9 l\u2019entreprise pendant deux ans, nous sommes finalement entr\u00e9s sur le march\u00e9 en Janvier 2012. D\u00e8s le d\u00e9part, nous avons vu l\u2019avenir des appareils mobiles tels que les smartphones et les tablettes. C\u2019est pourquoi toutes nos visites virtuelles d\u2019entreprises sont effectu\u00e9es exclusivement en HTML5, pour une utilisation optimale sur les appareils nomades.<\/p>\n\n<p>Au cours de notre premi\u00e8re ann\u00e9e d\u2019activit\u00e9, nous avons particip\u00e9 au Photokina, principal salon mondial de la photographie et de la vid\u00e9o, \u00e0 Cologne et avons cr\u00e9\u00e9 la surprise avec la pr\u00e9sentation de nos panoramas gigapixel des villes de la r\u00e9gion m\u00e9tropolitaine de Rh\u00e9nanie. Ce fut un d\u00e9fi technique et technologique pour produire des panoramas haute-r\u00e9solution sur la base de 530 images en plein format superpos\u00e9es.<\/p>\n","protected":false},"excerpt":{"rendered":"<p>2025 Une ann\u00e9e passionnante de plus pour 360-up. L&rsquo;intelligence artificielle est sur toutes les l\u00e8vres. Nous proposons d\u00e9sormais des fonctionnalit\u00e9s bas\u00e9es sur l&rsquo;IA pour nos visites virtuelles Matterport 3D. Pendant des ann\u00e9es, le march\u00e9 immobilier \u00e9tait consid\u00e9r\u00e9 comme s\u00fbr, quelle que soit la qualit\u00e9 de&hellip; <a class=\"read-more\" href=\"https:\/\/360-up.com\/fr\/notre-histoire\/\">Read more<\/a><\/p>\n","protected":false},"author":3,"featured_media":0,"parent":0,"menu_order":0,"comment_status":"closed","ping_status":"closed","template":"","meta":{"_acf_changed":false,"footnotes":""},"class_list":["post-5024","page","type-page","status-publish","hentry"],"acf":[],"_links":{"self":[{"href":"https:\/\/360-up.com\/fr\/wp-json\/wp\/v2\/pages\/5024","targetHints":{"allow":["GET"]}}],"collection":[{"href":"https:\/\/360-up.com\/fr\/wp-json\/wp\/v2\/pages"}],"about":[{"href":"https:\/\/360-up.com\/fr\/wp-json\/wp\/v2\/types\/page"}],"author":[{"embeddable":true,"href":"https:\/\/360-up.com\/fr\/wp-json\/wp\/v2\/users\/3"}],"replies":[{"embeddable":true,"href":"https:\/\/360-up.com\/fr\/wp-json\/wp\/v2\/comments?post=5024"}],"version-history":[{"count":3,"href":"https:\/\/360-up.com\/fr\/wp-json\/wp\/v2\/pages\/5024\/revisions"}],"predecessor-version":[{"id":8859,"href":"https:\/\/360-up.com\/fr\/wp-json\/wp\/v2\/pages\/5024\/revisions\/8859"}],"wp:attachment":[{"href":"https:\/\/360-up.com\/fr\/wp-json\/wp\/v2\/media?parent=5024"}],"curies":[{"name":"wp","href":"https:\/\/api.w.org\/{rel}","templated":true}]}}