{"id":5022,"date":"2020-05-25T09:49:04","date_gmt":"2020-05-25T07:49:04","guid":{"rendered":"https:\/\/360-up.com\/qui-nous-sommes\/"},"modified":"2024-08-21T10:56:32","modified_gmt":"2024-08-21T08:56:32","slug":"qui-nous-sommes","status":"publish","type":"page","link":"https:\/\/360-up.com\/fr\/qui-nous-sommes\/","title":{"rendered":"Qui nous sommes"},"content":{"rendered":"\n<figure class=\"wp-block-image size-large\"><img loading=\"lazy\" decoding=\"async\" width=\"950\" height=\"362\" src=\"https:\/\/360-up.com\/wp-content\/uploads\/2020\/01\/MarcusMitter_360-up.jpg\" alt=\"\" class=\"wp-image-3741\" srcset=\"https:\/\/360-up.com\/wp-content\/uploads\/2020\/01\/MarcusMitter_360-up.jpg 950w, https:\/\/360-up.com\/wp-content\/uploads\/2020\/01\/MarcusMitter_360-up-300x114.jpg 300w, https:\/\/360-up.com\/wp-content\/uploads\/2020\/01\/MarcusMitter_360-up-768x293.jpg 768w\" sizes=\"auto, (max-width: 950px) 100vw, 950px\" \/><\/figure>\n\n<h2 class=\"wp-block-heading\">Marcus<\/h2>\n\n<p>Fondateur de 360-up et v\u00e9t\u00e9ran de l\u2019industrie, cr\u00e9atif, Marcus est en recherche constante de l\u2019innovation et de la qualit\u00e9 et se trouve \u00e0 l\u2019origine des visites virtuelles depuis 2012. Toujours \u00e0 l\u2019aff\u00fbt des tendances et des d\u00e9veloppements actuels dans le domaine des prises de vue \u00e0 360 degr\u00e9s, il s\u2019appuie sur des ann\u00e9es de savoir-faire et d\u2019expertise. Il a d\u00e9j\u00e0 remport\u00e9 la m\u00e9daille d\u2019argent du Google Business View Award \u00e0 deux reprises et a publi\u00e9 plus de 14000 panoramas dans Google Street View pour des centaines d\u2019entreprises au cours des huit derni\u00e8res ann\u00e9es. Ceux-ci ont d\u00e9j\u00e0 \u00e9t\u00e9 regard\u00e9s plus de 125 millions de fois par les utilisateurs des services Google au cours de cette p\u00e9riode.<\/p>\n<div class=\"divider\"><\/div>\n\n<figure class=\"wp-block-image size-large\"><img loading=\"lazy\" decoding=\"async\" width=\"950\" height=\"365\" src=\"https:\/\/360-up.com\/wp-content\/uploads\/2020\/01\/MarcusMitter_NilsGruenwald_360-up.com_.jpg\" alt=\"\" class=\"wp-image-3738\" srcset=\"https:\/\/360-up.com\/wp-content\/uploads\/2020\/01\/MarcusMitter_NilsGruenwald_360-up.com_.jpg 950w, https:\/\/360-up.com\/wp-content\/uploads\/2020\/01\/MarcusMitter_NilsGruenwald_360-up.com_-300x115.jpg 300w, https:\/\/360-up.com\/wp-content\/uploads\/2020\/01\/MarcusMitter_NilsGruenwald_360-up.com_-768x295.jpg 768w\" sizes=\"auto, (max-width: 950px) 100vw, 950px\" \/><\/figure>\n\n<h2 class=\"wp-block-heading\">Nils<\/h2>\n\n<p>Concepteur de m\u00e9dias et esprit cr\u00e9atif, \u00e0 la pointe de la technologie, Nils met toujours en place le produit marketing optimal. Responsable de la post-production vid\u00e9o \u00e0 360\u00b0, il est \u00e9galement pilote de drone et passionn\u00e9 par la vid\u00e9o. Nils est notre consultant et producteur \u00e0 Berlin.<\/p>\n<div class=\"divider\"><\/div>\n\n<figure class=\"wp-block-image size-large\"><img loading=\"lazy\" decoding=\"async\" width=\"950\" height=\"365\" src=\"https:\/\/360-up.com\/wp-content\/uploads\/2020\/01\/MarcusMitter_Jean-LucMerle_360-up.com_.jpg\" alt=\"\" class=\"wp-image-3735\" srcset=\"https:\/\/360-up.com\/wp-content\/uploads\/2020\/01\/MarcusMitter_Jean-LucMerle_360-up.com_.jpg 950w, https:\/\/360-up.com\/wp-content\/uploads\/2020\/01\/MarcusMitter_Jean-LucMerle_360-up.com_-300x115.jpg 300w, https:\/\/360-up.com\/wp-content\/uploads\/2020\/01\/MarcusMitter_Jean-LucMerle_360-up.com_-768x295.jpg 768w\" sizes=\"auto, (max-width: 950px) 100vw, 950px\" \/><\/figure>\n\n<h2 class=\"wp-block-heading\">Jean-Luc<\/h2>\n\n<p>Notre partenaire en France. Jean-Luc g\u00e8re la marque 360-up dans ce secteur dont le march\u00e9 est tout aussi important. Il poss\u00e8de une longue exp\u00e9rience dans le domaine du conseil et des ventes dans le secteur B2B. Jean-Luc utilise la m\u00eame technologie approuv\u00e9e par 360-up. Il produit des visites virtuelles, des scans 3D et prend de la hauteur avec son drone.<\/p>\n\n<p>Nous vous offrons notre assistance professionnelle, des co\u00fbts maitris\u00e9s, notre expertise \u00e9clair\u00e9e en allemand, anglais, fran\u00e7ais et espagnol, tout cela \u00e0 l\u2019\u00e9chelle europ\u00e9enne. 360-up est repr\u00e9sent\u00e9 \u00e0 D\u00fcsseldorf, \u00e0 Berlin, \u00e0 Francfort, \u00e0 Munich et en France. Nous sommes l\u00e0 pour vous que ce soit en zone urbaine ou \u00e0 la campagne.<\/p>\n","protected":false},"excerpt":{"rendered":"<p>Marcus Fondateur de 360-up et v\u00e9t\u00e9ran de l\u2019industrie, cr\u00e9atif, Marcus est en recherche constante de l\u2019innovation et de la qualit\u00e9 et se trouve \u00e0 l\u2019origine des visites virtuelles depuis 2012. Toujours \u00e0 l\u2019aff\u00fbt des tendances et des d\u00e9veloppements actuels dans le domaine des prises de&hellip; <a class=\"read-more\" href=\"https:\/\/360-up.com\/fr\/qui-nous-sommes\/\">Read more<\/a><\/p>\n","protected":false},"author":3,"featured_media":0,"parent":0,"menu_order":0,"comment_status":"closed","ping_status":"closed","template":"","meta":{"_acf_changed":false,"footnotes":""},"class_list":["post-5022","page","type-page","status-publish","hentry"],"acf":[],"_links":{"self":[{"href":"https:\/\/360-up.com\/fr\/wp-json\/wp\/v2\/pages\/5022","targetHints":{"allow":["GET"]}}],"collection":[{"href":"https:\/\/360-up.com\/fr\/wp-json\/wp\/v2\/pages"}],"about":[{"href":"https:\/\/360-up.com\/fr\/wp-json\/wp\/v2\/types\/page"}],"author":[{"embeddable":true,"href":"https:\/\/360-up.com\/fr\/wp-json\/wp\/v2\/users\/3"}],"replies":[{"embeddable":true,"href":"https:\/\/360-up.com\/fr\/wp-json\/wp\/v2\/comments?post=5022"}],"version-history":[{"count":3,"href":"https:\/\/360-up.com\/fr\/wp-json\/wp\/v2\/pages\/5022\/revisions"}],"predecessor-version":[{"id":8014,"href":"https:\/\/360-up.com\/fr\/wp-json\/wp\/v2\/pages\/5022\/revisions\/8014"}],"wp:attachment":[{"href":"https:\/\/360-up.com\/fr\/wp-json\/wp\/v2\/media?parent=5022"}],"curies":[{"name":"wp","href":"https:\/\/api.w.org\/{rel}","templated":true}]}}