{"id":5020,"date":"2020-05-25T09:37:08","date_gmt":"2020-05-25T07:37:08","guid":{"rendered":"https:\/\/360-up.com\/notre-savoir-faire\/"},"modified":"2023-07-27T13:43:43","modified_gmt":"2023-07-27T11:43:43","slug":"notre-savoir-faire","status":"publish","type":"page","link":"https:\/\/360-up.com\/fr\/notre-savoir-faire\/","title":{"rendered":"Notre savoir-faire"},"content":{"rendered":"\n<p>Le marketing via visites virtuelles est magique, il \u00e9veille votre curiosit\u00e9 et vous attire dans un monde que vous d\u00e9sirez d\u00e9couvrir et explorer dans son int\u00e9gralit\u00e9. 360-up a pour objectif de se tenir \u00e0 la pointe des nouveaut\u00e9s technologiques, et les ann\u00e9es d\u2019exp\u00e9rience combin\u00e9es \u00e0 la recherche constante de solutions innovantes constitue notre axe de d\u00e9veloppement.<\/p>\n\n<p>Depuis 2012 nous d\u00e9veloppons des visites virtuelles interactives et immersives pour tous vos besoins en marketing, publicit\u00e9 et optimisation des moteurs de recherche.<\/p>\n\n<p>Une banni\u00e8re publicitaire ou une section d&rsquo;image bien \u00e9dit\u00e9e&#13;\nsont reconnues comme une  mesure publicitaire embellie et donc \u00e9valu\u00e9es par les clients potentiels de mani\u00e8re plus sceptique.<\/p>\n\n<p>Les utilisateurs choisissent de regarder autour d\u2019eux \u00e0 360\u00b0 et se d\u00e9placent librement dans la visite ce qui am\u00e9liore leur niveau de confiance, et lorsqu\u2019ils d\u00e9cident d\u2019interagir, cela cr\u00e9e une meilleure connexion personnelle gr\u00e2ce \u00e0 une association neuronale plus \u00e9lev\u00e9e avec les lieux visit\u00e9s ou les produits pr\u00e9sent\u00e9s. Nos m\u00e9dias immersives \u00e0 360\u00b0 provoquent une r\u00e9action beaucoup plus forte et que des photos.<\/p>\n\n<p>Notre offre est compl\u00e8te et englobe des options et des solutions quant \u00e0 la visualisation que nous \u00e9ditons sur-mesure. Nous travaillons avec nos clients pour identifier la solution id\u00e9ale pour chaque lieu afin d\u2019assurer un impact maximum \u00e0 chaque fois. Les m\u00e9dias \u00e0 360\u00b0 int\u00e9gr\u00e9s d&rsquo;une mani\u00e8re pro\u00e9minente sur votre page web augmentent le temps pass\u00e9 sur la page, faisant du contenu multim\u00e9dia de 360-up une partie fondamentale de votre strat\u00e9gie d&rsquo;optimisation du moteur de recherche. Des outils de r\u00e9f\u00e9rencement, appel\u00e9s SEO-snippets, avec r\u00e9glage de la p\u00e9riode d\u2019affichage peuvent \u00e9galement \u00eatre utilis\u00e9s avec notre  syst\u00e8me de gestion de contenu des m\u00e9dias \u00e0 360\u00b0.<\/p>\n\n<ul class=\"wp-block-list\">\n<li>Plus de 15 000 panoramas publi\u00e9s<\/li>\n\n\n\n<li>Environ 115 millions d&rsquo;impressions sur Google<\/li>\n\n\n\n<li>Plus de 500 clients satisfaits<\/li>\n\n\n\n<li>Plus de 50 000  m\u00e8tres carr\u00e9s de num\u00e9risations Matterport 3D<\/li>\n\n\n\n<li>Google Local Guide Level 9<\/li>\n<\/ul>\n\n<h2 class=\"wp-block-heading\"><strong>Exp\u00e9rience au long-cours<\/strong><\/h2>\n\n<p>360-up a \u00e9t\u00e9 cr\u00e9\u00e9 d\u00e9but 2012 et est devenu un acteur reconnu dans le domaine du marketing via visites virtuelles. Nous avons appris de nos meilleures exp\u00e9riences client, nous avons constitu\u00e9 une \u00e9quipe interne remarquable assist\u00e9e d\u2019un r\u00e9seau de d\u00e9veloppeurs \u00e0 la pointe de cette technologie. Ceci nous a permis de construire une offre dot\u00e9e de la gamme de produits et de services que nous sommes vraiment fiers de vous offrir aujourd\u2019hui.<\/p>\n\n<h2 class=\"wp-block-heading\">La solution la plus aboutie<\/h2>\n\n<p>Avec notre large gamme de services sur-mesure, nous travaillerons main dans la main avec vous pour poser en face de chaque projet la meilleure solution possible<\/p>\n\n<h2 class=\"wp-block-heading\">La qualit\u00e9 sans compromis<\/h2>\n\n<p>Pour obtenir plus de conseils et d\u2019informations sur nos produits et services il suffit de nous contacter, nous serons tr\u00e8s heureux de vous aider. Un simple rendez-vous et nous nous occuperons du reste. L\u2019ex\u00e9cution de notre travail est rapide et transparente, m\u00eame pour les projets de grande envergure, toujours avec la garantie de la satisfaction de nos clients en ligne de mire.<\/p>\n\n<h2 class=\"wp-block-heading\">Nous nous d\u00e9pla\u00e7ons jusqu\u2019\u00e0 chez vous, o\u00f9 que vous soyez<\/h2>\n\n<p>Notre soci\u00e9t\u00e9 est principalement bas\u00e9e en Allemagne et en France, mais en tant que partenaire de service officiel Matterport et sp\u00e9cialiste reconnu dans le marketing des m\u00e9dias \u00e0 360\u00b0 virtuels , nous voyageons r\u00e9guli\u00e8rement dans toute l\u2019Europe.<\/p>\n","protected":false},"excerpt":{"rendered":"<p>Le marketing via visites virtuelles est magique, il \u00e9veille votre curiosit\u00e9 et vous attire dans un monde que vous d\u00e9sirez d\u00e9couvrir et explorer dans son int\u00e9gralit\u00e9. 360-up a pour objectif de se tenir \u00e0 la pointe des nouveaut\u00e9s technologiques, et les ann\u00e9es d\u2019exp\u00e9rience combin\u00e9es \u00e0&hellip; <a class=\"read-more\" href=\"https:\/\/360-up.com\/fr\/notre-savoir-faire\/\">Read more<\/a><\/p>\n","protected":false},"author":3,"featured_media":0,"parent":0,"menu_order":0,"comment_status":"closed","ping_status":"closed","template":"","meta":{"_acf_changed":false,"footnotes":""},"class_list":["post-5020","page","type-page","status-publish","hentry"],"acf":[],"_links":{"self":[{"href":"https:\/\/360-up.com\/fr\/wp-json\/wp\/v2\/pages\/5020","targetHints":{"allow":["GET"]}}],"collection":[{"href":"https:\/\/360-up.com\/fr\/wp-json\/wp\/v2\/pages"}],"about":[{"href":"https:\/\/360-up.com\/fr\/wp-json\/wp\/v2\/types\/page"}],"author":[{"embeddable":true,"href":"https:\/\/360-up.com\/fr\/wp-json\/wp\/v2\/users\/3"}],"replies":[{"embeddable":true,"href":"https:\/\/360-up.com\/fr\/wp-json\/wp\/v2\/comments?post=5020"}],"version-history":[{"count":3,"href":"https:\/\/360-up.com\/fr\/wp-json\/wp\/v2\/pages\/5020\/revisions"}],"predecessor-version":[{"id":7672,"href":"https:\/\/360-up.com\/fr\/wp-json\/wp\/v2\/pages\/5020\/revisions\/7672"}],"wp:attachment":[{"href":"https:\/\/360-up.com\/fr\/wp-json\/wp\/v2\/media?parent=5020"}],"curies":[{"name":"wp","href":"https:\/\/api.w.org\/{rel}","templated":true}]}}