{"id":4999,"date":"2020-05-20T12:30:03","date_gmt":"2020-05-20T10:30:03","guid":{"rendered":"https:\/\/360-up.com\/street-view-en-allemagne-et-en-europe\/"},"modified":"2023-08-09T08:22:15","modified_gmt":"2023-08-09T06:22:15","slug":"street-view-en-allemagne-et-en-europe","status":"publish","type":"page","link":"https:\/\/360-up.com\/fr\/street-view-en-allemagne-et-en-europe\/","title":{"rendered":"Street View en Allemagne + en Europe"},"content":{"rendered":"\n<p>Nous produisons des images Street View mises \u00e0 jour o\u00f9 les visages et les plaques d\u2019immatriculation sont automatiquement flout\u00e9s. Une int\u00e9gration compl\u00e8te sur tous les services de Google, ou, &#8211; \u00e0 l\u2019exclusion de Google -, sur d\u2019autres serveurs europ\u00e9ens ou allemands avec du mat\u00e9riel de navigation open source, est \u00e9galement possible.<\/p>\n\n<figure class=\"wp-block-embed is-type-video is-provider-vimeo wp-block-embed-vimeo\"><div class=\"wp-block-embed__wrapper\">\r\n<iframe loading=\"lazy\" title=\"360-up.com | Street View Made in Germany K&amp;ouml;nigsallee und K&amp;ouml;bogen D&amp;uuml;sseldorf\" src=\"https:\/\/player.vimeo.com\/video\/283692357?dnt=1&amp;app_id=122963\" width=\"720\" height=\"405\" frameborder=\"0\" allow=\"autoplay; fullscreen; picture-in-picture\" allowfullscreen><\/iframe>\r\n<\/div><\/figure>\r\n\n<p>Pourquoi fait-on \u00e7a? Beaucoup de nos clients des visites virtuelles Google d\u2019entreprises se sont plaints des images Street View tr\u00e8s obsol\u00e8tes, que Google en Allemagne n\u2019a mises \u00e0 jour qu\u2019en juillet 2023. Les sceptiques locaux devaient en r\u00e9pondre eux-m\u00eames. Pour Google, l\u2019effort requis il y a une quinzaine d\u2019ann\u00e9es pour pixelliser manuellement les fa\u00e7ades des maisons \u00e0 la demande \u00e9tait trop important.<\/p>\n\n<div class=\"wp-block-columns is-layout-flex wp-container-core-columns-is-layout-9d6595d7 wp-block-columns-is-layout-flex\">\n<div class=\"wp-block-column is-layout-flow wp-block-column-is-layout-flow\">\n<div class=\"wp-block-button alignright\"><a class=\"wp-block-button__link has-very-dark-gray-color has-luminous-vivid-amber-background-color has-text-color has-background wp-element-button\" href=\"#beispiele\"> <strong>D\u00e9couvrez nos exemples<\/strong><\/a><\/div>\n<\/div>\n\n\n\n<div class=\"wp-block-column is-layout-flow wp-block-column-is-layout-flow\">\n<div class=\"wp-block-button alignleft\"><a class=\"wp-block-button__link has-very-dark-gray-color has-luminous-vivid-amber-background-color has-text-color has-background wp-element-button\" href=\"https:\/\/360-up.com\/fr\/demande-de-devis\/\"> <strong>Envoyez votre demande<\/strong><\/a><\/div>\n<\/div>\n<\/div>\n\n<p>Les v\u00e9hicules Street View sillonnent \u00e0 nouveau l&rsquo;Allemagne depuis 2022 pour cr\u00e9er de nouveaux panoramas. Avant cela, il y a pr\u00e8s de quinze ans, seules les informations Google MyBusiness pour les fiches d&rsquo;entreprises en ligne \u00e9taient mises \u00e0 jour. Les nouvelles images de Street View n&rsquo;ont pas \u00e9t\u00e9 publi\u00e9es.<\/p>\n\n<p>L&rsquo;Europe est couverte d&rsquo;enregistrements actuels, l&rsquo;Allemagne est rest\u00e9e un patchwork d&rsquo;enregistrements p\u00e9rim\u00e9s de m\u00e9tropoles et de grandes villes qui avaient une quinzaine d&rsquo;ann\u00e9es.<\/p>\n\n<p>Cela a chang\u00e9 en juillet 2023 !\u00a0 <a href=\"https:\/\/blog.google\/intl\/de-de\/produkte\/suchen-entdecken\/entdeckt-deutschland-mit-google-street-view\/\" target=\"_blank\" rel=\"noopener\">Ici<\/a> l&rsquo;annonce officielle de Google Street View. <a href=\"https:\/\/www.google.de\/intl\/de\/streetview\/how-it-works\/\" target=\"_blank\" rel=\"noopener\">Ici<\/a> les r\u00e9gions actuelles des enregistrements Street View.<\/p>\n\n<p>Votre emplacement n\u2019est pas r\u00e9pertori\u00e9? 360-up peut d\u00e9sormais le faire pour vous et am\u00e9liorer nos visites virtuelles avec des prises de vue ext\u00e9rieures actuelles suppl\u00e9mentaires. Nous produisons dans les espaces ext\u00e9rieurs et t\u00e9l\u00e9chargeons le mat\u00e9riel via Google Earth. Il peut alors \u00eatre trouv\u00e9 sur le service Google, les visages et les plaques d\u2019immatriculation sont pix\u00e9lis\u00e9s et il existe un lien Google Maps qui peut \u00eatre consult\u00e9 et utilis\u00e9.<\/p>\n\n<p>Sur demande, nous pouvons g\u00e9rer l&rsquo;int\u00e9gralit\u00e9 du traitement des donn\u00e9es impliqu\u00e9 dans la num\u00e9risation des locaux de l&rsquo;usine, des itin\u00e9raires, des attractions locales, des communaut\u00e9s et des villes.<\/p>\n\n<h2 class=\"wp-block-heading\">Pourquoi les Services Street View de 360-up sont-ils si sp\u00e9ciaux ?<\/h2>\n\n<ul class=\"wp-block-list\">\n<li>En 2017, les cr\u00e9ateurs de 360-up ont publi\u00e9 un sosie de Street View sans utiliser les services Google<\/li>\n\n\n\n<li>En 2018, 360-up a mis en place avec succ\u00e8s tous les workflows n\u00e9cessaires \u00e0 la mise en \u0153uvre de Street View avec l&rsquo;aide des services Google.<\/li>\n\n\n\n<li>Gr\u00e2ce \u00e0 la technologie locale et au mat\u00e9riel cartographique open source, ainsi qu&rsquo;\u00e0 l&rsquo;h\u00e9bergement sur des serveurs europ\u00e9ens, nous cr\u00e9ons des visites navigables Street View<\/li>\n\n\n\n<li>Avec les technologies Google, nous produisons des visites Street View qui peuvent \u00eatre trouv\u00e9es via Google Earth et utilis\u00e9es avec un lien Google Maps<\/li>\n\n\n\n<li>Ces productions peuvent \u00eatre enregistr\u00e9es avec nos propres v\u00e9hicules Street View, en Segway ou \u00e0 pied<\/li>\n\n\n\n<li>Il n&rsquo;y a pas de limite \u00e0 la couverture souhait\u00e9e en kilom\u00e8tres<\/li>\n\n\n\n<li>360-up fournit ainsi un portefeuille de services de street view in\u00e9gal\u00e9<\/li>\n<\/ul>\n\n<h2 class=\"wp-block-heading\" id=\"beispiele\">Exemples de mises \u00e0 jour Street View<\/h2>\n<div class=\"front-recent clearfix referenzen\">\n        \n\t    \n        \t<div class=\"clearfix\">\n        \n    <article id=\"post-839\" class=\"post-839 post referenz\">\n    \t<div class=\"content-wrap\">\n    \t\t<header class=\"entry-header text-center\">\n    \t\t\t<h4>K\u00f6-Bogen | D\u00fcsseldorf<\/h2>\n    \t\t<\/header>\n    \t<\/div>\n    \n        <div class='square-box'>\n            <div class='square-content'  style=\"background-image:url('https:\/\/360-up.com\/wp-content\/uploads\/2019\/12\/Google_Street_View_Trusted_Koe-Bogen_Duesseldorf_360-up-1024x490.jpg')\" >\n            <\/div>\n    \t<\/div>\n    \n    \t<div class=\"entry-content\">\n    \t\t<div class=\"wp-block-button aligncenter\">\n    \t\t\t<a class=\"wp-block-button__link has-text-color has-very-dark-gray-color has-background has-luminous-vivid-amber-background-color xsmall-btn\" href=\"https:\/\/www.google.com\/maps\/place\/K%C3%B6-Bogen\/@51.2271933,6.7801552,3a,75y,200h,100t\/data=!3m8!1e1!3m6!1sAF1QipNVwI2dVLZHDStVRdMSrmobXVU6de7QWgwegfSG!2e10!3e11!6shttps:%2F%2Flh5.googleusercontent.com%2Fp%2FAF1QipNVwI2dVLZHDStVRdMSrmobXVU6de7QWgwegfSG%3Dw203-h100-k-no-pi-10-ya190-ro0-fo100!7i7680!8i3840!4m5!3m4!1s0x0:0x6f5a5bebf44bd3e0!8m2!3d51.2269459!4d6.7806509\" target=\"_blank\">\n        \t\t\t    \t\t\t\t<strong>regardez la visite<\/strong>\n    \t\t\t<\/a>\n\t\t\t<\/div>\n    \t<\/div>\n    \t\n\t\t<div class=\"text-center text-small kategorie\">\n\t\t\tStreet View Made in Germany, Visites Google Street View, Tourisme\t\t<\/div>\n    <\/article>\n        \n        \n\t    \n        \n    <article id=\"post-4792\" class=\"post-4792 post referenz\">\n    \t<div class=\"content-wrap\">\n    \t\t<header class=\"entry-header text-center\">\n    \t\t\t<h4>K\u00f6-Bogen | D\u00fcsseldorf<\/h2>\n    \t\t<\/header>\n    \t<\/div>\n    \n        <div class='square-box'>\n            <div class='square-content'  style=\"background-image:url('https:\/\/360-up.com\/wp-content\/uploads\/2020\/03\/Google_Street_View_Trusted_Google_Earth_Koe-Bogen_Duesseldorf_360-up-1024x490.jpg')\" >\n            <\/div>\n    \t<\/div>\n    \n    \t<div class=\"entry-content\">\n    \t\t<div class=\"wp-block-button aligncenter\">\n    \t\t\t<a class=\"wp-block-button__link has-text-color has-very-dark-gray-color has-background has-luminous-vivid-amber-background-color xsmall-btn\" href=\"https:\/\/earth.google.com\/web\/@51.22666176,6.77954531,38.69182506a,0d,90y,258.19367421h,88.52315622t,0r\/data=IjAKLEFGMVFpcE01M2taVUdIY1JzWllXaGlaTHRvNGo3dU1QbzdRcEcwRER6cDUwEAU\" target=\"_blank\">\n        \t\t\t    \t\t\t\t<strong>regardez la visite<\/strong>\n    \t\t\t<\/a>\n\t\t\t<\/div>\n    \t<\/div>\n    \t\n\t\t<div class=\"text-center text-small kategorie\">\n\t\t\tStreet View Made in Germany, Google Earth, Tourisme\t\t<\/div>\n    <\/article>\n        \n        \n\t    \n        \n    <article id=\"post-842\" class=\"post-842 post referenz\">\n    \t<div class=\"content-wrap\">\n    \t\t<header class=\"entry-header text-center\">\n    \t\t\t<h4>K\u00f6-Bogen | D\u00fcsseldorf<\/h2>\n    \t\t<\/header>\n    \t<\/div>\n    \n        <div class='square-box'>\n            <div class='square-content'  style=\"background-image:url('https:\/\/360-up.com\/wp-content\/uploads\/2019\/12\/Video_360_Grad_Koenigsallee_Koebogen_Duesseldorf_360-up-1-1024x576.jpg')\" >\n            <\/div>\n    \t<\/div>\n    \n    \t<div class=\"entry-content\">\n    \t\t<div class=\"wp-block-button aligncenter\">\n    \t\t\t<a class=\"wp-block-button__link has-text-color has-very-dark-gray-color has-background has-luminous-vivid-amber-background-color xsmall-btn\" href=\"https:\/\/virtual-tour-marketing.360-up.com\/koe_bogen_duesseldorf\/\" target=\"_blank\">\n        \t\t\t    \t\t\t\t<strong>regardez la vid\u00e9o<\/strong>\n    \t\t\t<\/a>\n\t\t\t<\/div>\n    \t<\/div>\n    \t\n\t\t<div class=\"text-center text-small kategorie\">\n\t\t\tVid\u00e9os \u00e0 360 degr\u00e9s 4K \u00e0 8K, Street View Made in Germany, Tourisme\t\t<\/div>\n    <\/article>\n        \n        \n\t    \t<\/div>\n        \n        \t<div class=\"clearfix\">\n        \n    <article id=\"post-844\" class=\"post-844 post referenz\">\n    \t<div class=\"content-wrap\">\n    \t\t<header class=\"entry-header text-center\">\n    \t\t\t<h4>K\u00f6-Bogen | D\u00fcsseldorf<\/h2>\n    \t\t<\/header>\n    \t<\/div>\n    \n        <div class='square-box'>\n            <div class='square-content'  style=\"background-image:url('https:\/\/360-up.com\/wp-content\/uploads\/2019\/12\/Street_View_Made_in_Germany_Koenigsallee_Koebogen_Duesseldorf_360-up-1024x576.jpg')\" >\n            <\/div>\n    \t<\/div>\n    \n    \t<div class=\"entry-content\">\n    \t\t<div class=\"wp-block-button aligncenter\">\n    \t\t\t<a class=\"wp-block-button__link has-text-color has-very-dark-gray-color has-background has-luminous-vivid-amber-background-color xsmall-btn\" href=\"https:\/\/player.vimeo.com\/video\/283692357\" target=\"_blank\">\n        \t\t\t    \t\t\t\t<strong>regardez la vid\u00e9o<\/strong>\n    \t\t\t<\/a>\n\t\t\t<\/div>\n    \t<\/div>\n    \t\n\t\t<div class=\"text-center text-small kategorie\">\n\t\t\tEntretien\t\t<\/div>\n    <\/article>\n        \n        \n\t    \n        \n    <article id=\"post-865\" class=\"post-865 post referenz\">\n    \t<div class=\"content-wrap\">\n    \t\t<header class=\"entry-header text-center\">\n    \t\t\t<h4>K\u00f6nigsallee | D\u00fcsseldorf<\/h2>\n    \t\t<\/header>\n    \t<\/div>\n    \n        <div class='square-box'>\n            <div class='square-content'  style=\"background-image:url('https:\/\/360-up.com\/wp-content\/uploads\/2019\/12\/Virtueller_Rundgang_Koenigsallee_Koe-Bogen_Duesseldorf_360-up-1024x482.jpg')\" >\n            <\/div>\n    \t<\/div>\n    \n    \t<div class=\"entry-content\">\n    \t\t<div class=\"wp-block-button aligncenter\">\n    \t\t\t<a class=\"wp-block-button__link has-text-color has-very-dark-gray-color has-background has-luminous-vivid-amber-background-color xsmall-btn\" href=\"https:\/\/virtual-tour-marketing.360-up.com\/koenigsallee_koebogen_duesseldorf\/\" target=\"_blank\">\n        \t\t\t    \t\t\t\t<strong>regardez la visite<\/strong>\n    \t\t\t<\/a>\n\t\t\t<\/div>\n    \t<\/div>\n    \t\n\t\t<div class=\"text-center text-small kategorie\">\n\t\t\tVisites virtuelles avec CMS, Street View Made in Germany, Tourisme\t\t<\/div>\n    <\/article>\n        \n        \n\t    \n        \n    <article id=\"post-4796\" class=\"post-4796 post referenz\">\n    \t<div class=\"content-wrap\">\n    \t\t<header class=\"entry-header text-center\">\n    \t\t\t<h4>K\u00f6nigsallee | D\u00fcsseldorf<\/h2>\n    \t\t<\/header>\n    \t<\/div>\n    \n        <div class='square-box'>\n            <div class='square-content'  style=\"background-image:url('https:\/\/360-up.com\/wp-content\/uploads\/2020\/03\/Google_Street_View_Trusted_Koenigsallee_Duesseldorf_360-up-1024x490.jpg')\" >\n            <\/div>\n    \t<\/div>\n    \n    \t<div class=\"entry-content\">\n    \t\t<div class=\"wp-block-button aligncenter\">\n    \t\t\t<a class=\"wp-block-button__link has-text-color has-very-dark-gray-color has-background has-luminous-vivid-amber-background-color xsmall-btn\" href=\"https:\/\/www.google.com\/maps\/@51.2243736,6.7795533,3a,75y,90t\/data=!3m7!1e1!3m5!1sAF1QipMIxqlkQ-t7oOwcekzUfbKj1Ah6PZgg8WKMLvN1!2e10!3e12!7i7680!8i3840\" target=\"_blank\">\n        \t\t\t    \t\t\t\t<strong>regardez la visite<\/strong>\n    \t\t\t<\/a>\n\t\t\t<\/div>\n    \t<\/div>\n    \t\n\t\t<div class=\"text-center text-small kategorie\">\n\t\t\tStreet View Made in Germany, Visites Google Street View, Tourisme\t\t<\/div>\n    <\/article>\n        \n        \n\t    \t<\/div>\n        \n        \t<div class=\"clearfix\">\n        \n    <article id=\"post-4800\" class=\"post-4800 post referenz\">\n    \t<div class=\"content-wrap\">\n    \t\t<header class=\"entry-header text-center\">\n    \t\t\t<h4>K\u00f6nigsallee | D\u00fcsseldorf<\/h2>\n    \t\t<\/header>\n    \t<\/div>\n    \n        <div class='square-box'>\n            <div class='square-content'  style=\"background-image:url('https:\/\/360-up.com\/wp-content\/uploads\/2020\/03\/Google_Street_View_Trusted_Koenigsallee_Duesseldorf_Mitte_360-up-1024x490.jpg')\" >\n            <\/div>\n    \t<\/div>\n    \n    \t<div class=\"entry-content\">\n    \t\t<div class=\"wp-block-button aligncenter\">\n    \t\t\t<a class=\"wp-block-button__link has-text-color has-very-dark-gray-color has-background has-luminous-vivid-amber-background-color xsmall-btn\" href=\"https:\/\/www.google.com\/maps\/@51.2225329,6.779279,3a,90y,20.94h,89.97t\/data=!3m7!1e1!3m5!1sAF1QipO0OVal3dS8CJv-_hv-Zwp9s23-2kRWCINU8WgH!2e10!3e12!7i7680!8i3840\" target=\"_blank\">\n        \t\t\t    \t\t\t\t<strong>regardez la visite<\/strong>\n    \t\t\t<\/a>\n\t\t\t<\/div>\n    \t<\/div>\n    \t\n\t\t<div class=\"text-center text-small kategorie\">\n\t\t\tStreet View Made in Germany, Visites Google Street View, Tourisme\t\t<\/div>\n    <\/article>\n        \n        \n\t    \n        \n    <article id=\"post-867\" class=\"post-867 post referenz\">\n    \t<div class=\"content-wrap\">\n    \t\t<header class=\"entry-header text-center\">\n    \t\t\t<h4>K\u00f6nigsallee | D\u00fcsseldorf<\/h2>\n    \t\t<\/header>\n    \t<\/div>\n    \n        <div class='square-box'>\n            <div class='square-content'  style=\"background-image:url('https:\/\/360-up.com\/wp-content\/uploads\/2020\/01\/Google_Street_View_Earth_Koenigsallee_Duesseldorf_360-up-1024x490.jpg')\" >\n            <\/div>\n    \t<\/div>\n    \n    \t<div class=\"entry-content\">\n    \t\t<div class=\"wp-block-button aligncenter\">\n    \t\t\t<a class=\"wp-block-button__link has-text-color has-very-dark-gray-color has-background has-luminous-vivid-amber-background-color xsmall-btn\" href=\"https:\/\/earth.google.com\/web\/@51.22455498,6.7794164,39.42168427a,0d,60y,4.49105284h,85t,0r\/data=IjAKLEFGMVFpcE9KVGZIV0xyckhLcWcxMmwxZE45TkY5bTBEZm5zQkZUWHBMazNaEAU\" target=\"_blank\">\n        \t\t\t    \t\t\t\t<strong>regardez la visite<\/strong>\n    \t\t\t<\/a>\n\t\t\t<\/div>\n    \t<\/div>\n    \t\n\t\t<div class=\"text-center text-small kategorie\">\n\t\t\tStreet View Made in Germany, Google Earth, Tourisme\t\t<\/div>\n    <\/article>\n        \n        \n\t    \n        \n    <article id=\"post-1112\" class=\"post-1112 post referenz\">\n    \t<div class=\"content-wrap\">\n    \t\t<header class=\"entry-header text-center\">\n    \t\t\t<h4>Rheinuferpromenade | D\u00fcsseldorf<\/h2>\n    \t\t<\/header>\n    \t<\/div>\n    \n        <div class='square-box'>\n            <div class='square-content'  style=\"background-image:url('https:\/\/360-up.com\/wp-content\/uploads\/2020\/03\/Virtueller_Rundgang_Applied_Streetview_Rheinuferpromenade_Duesseldorf_360-up-1-1024x482.jpg')\" >\n            <\/div>\n    \t<\/div>\n    \n    \t<div class=\"entry-content\">\n    \t\t<div class=\"wp-block-button aligncenter\">\n    \t\t\t<a class=\"wp-block-button__link has-text-color has-very-dark-gray-color has-background has-luminous-vivid-amber-background-color xsmall-btn\" href=\"https:\/\/xs98n5q24k.execute-api.eu-central-1.amazonaws.com\/latest\/\" target=\"_blank\">\n        \t\t\t    \t\t\t\t<strong>regardez la visite<\/strong>\n    \t\t\t<\/a>\n\t\t\t<\/div>\n    \t<\/div>\n    \t\n\t\t<div class=\"text-center text-small kategorie\">\n\t\t\tVisites virtuelles avec CMS, Street View Made in Germany, Tourisme\t\t<\/div>\n    <\/article>\n        \n        <\/div><!--  ee -->\n<\/div>\n\n<div style=\"height:40px\" aria-hidden=\"true\" class=\"wp-block-spacer\"><\/div>\n\n<div class=\"wp-block-button aligncenter\"><a class=\"wp-block-button__link has-very-dark-gray-color has-luminous-vivid-amber-background-color has-text-color has-background wp-element-button\" href=\"https:\/\/360-up.com\/fr\/projets-mis-en-oeuvre\/\"> <strong>D\u00e9couvrez tous nos exemples<\/strong><\/a><\/div>\n","protected":false},"excerpt":{"rendered":"<p>Nous produisons des images Street View mises \u00e0 jour o\u00f9 les visages et les plaques d\u2019immatriculation sont automatiquement flout\u00e9s. Une int\u00e9gration compl\u00e8te sur tous les services de Google, ou, &#8211; \u00e0 l\u2019exclusion de Google -, sur d\u2019autres serveurs europ\u00e9ens ou allemands avec du mat\u00e9riel de&hellip; <a class=\"read-more\" href=\"https:\/\/360-up.com\/fr\/street-view-en-allemagne-et-en-europe\/\">Read more<\/a><\/p>\n","protected":false},"author":3,"featured_media":0,"parent":0,"menu_order":0,"comment_status":"closed","ping_status":"closed","template":"","meta":{"_acf_changed":false,"footnotes":""},"class_list":["post-4999","page","type-page","status-publish","hentry"],"acf":[],"_links":{"self":[{"href":"https:\/\/360-up.com\/fr\/wp-json\/wp\/v2\/pages\/4999","targetHints":{"allow":["GET"]}}],"collection":[{"href":"https:\/\/360-up.com\/fr\/wp-json\/wp\/v2\/pages"}],"about":[{"href":"https:\/\/360-up.com\/fr\/wp-json\/wp\/v2\/types\/page"}],"author":[{"embeddable":true,"href":"https:\/\/360-up.com\/fr\/wp-json\/wp\/v2\/users\/3"}],"replies":[{"embeddable":true,"href":"https:\/\/360-up.com\/fr\/wp-json\/wp\/v2\/comments?post=4999"}],"version-history":[{"count":3,"href":"https:\/\/360-up.com\/fr\/wp-json\/wp\/v2\/pages\/4999\/revisions"}],"predecessor-version":[{"id":7703,"href":"https:\/\/360-up.com\/fr\/wp-json\/wp\/v2\/pages\/4999\/revisions\/7703"}],"wp:attachment":[{"href":"https:\/\/360-up.com\/fr\/wp-json\/wp\/v2\/media?parent=4999"}],"curies":[{"name":"wp","href":"https:\/\/api.w.org\/{rel}","templated":true}]}}