{"id":4993,"date":"2020-05-20T10:18:50","date_gmt":"2020-05-20T08:18:50","guid":{"rendered":"https:\/\/360-up.com\/photographie-et-videos-aeriennes\/"},"modified":"2021-08-03T12:21:49","modified_gmt":"2021-08-03T10:21:49","slug":"photographie-et-videos-aeriennes","status":"publish","type":"page","link":"https:\/\/360-up.com\/fr\/photographie-et-videos-aeriennes\/","title":{"rendered":"Photographie et vid\u00e9os a\u00e9riennes"},"content":{"rendered":"\n<p>360-up a d\u00e9but\u00e9 son activit\u00e9 d\u00e9s l\u2019ann\u00e9e 2012 en tant que service de photographie a\u00e9rienne, \u00e0 l\u2019aide d\u2019un tr\u00e9pied g\u00e9ant con\u00e7u pour porter les \u00e9quipements photo et vid\u00e9o jusqu\u2019\u00e0 16 m\u00e8tres de haut. Ceci nous autorisant \u00e0 op\u00e9rer des prises de vue de haute qualit\u00e9, des vues panoramiques et des vid\u00e9os sans recourir \u00e0 des autorisations complexes \u00e0 obtenir en Allemagne \u00e0 cette \u00e9poque.<\/p>\n\n\n\n<figure class=\"wp-block-embed is-type-video is-provider-vimeo wp-block-embed-vimeo\"><div class=\"wp-block-embed__wrapper\">\n<iframe loading=\"lazy\" title=\"360-up.com | Making of Rheinsicht 3D | Gigapixel-Panorama Fotoausstellung\" src=\"https:\/\/player.vimeo.com\/video\/71193886?dnt=1&amp;app_id=122963\" width=\"720\" height=\"405\" frameborder=\"0\" allow=\"autoplay; fullscreen; picture-in-picture\" allowfullscreen><\/iframe>\n<\/div><\/figure>\n\n\n\n<p>La seule chose dont nous ayons besoin c\u2019est une place d\u2019un diam\u00e8tre de 2,5 m\u00e8tres. Aucun permis administratif n\u2019est n\u00e9cessaire. Le tr\u00e9pied de 360-up nous permet de prendre des photos ou tourner des vid\u00e9os dans des endroits o\u00f9 les drones ne peuvent pas voler. Le r\u00e9sultat obtenu est \u00e9galement d\u2019une qualit\u00e9 beaucoup plus \u00e9lev\u00e9e que celle d\u2019un drone \u00e0 faible charge utile.<\/p>\n\n\n\n<div class=\"wp-block-columns is-layout-flex wp-container-core-columns-is-layout-9d6595d7 wp-block-columns-is-layout-flex\">\n<div class=\"wp-block-column is-layout-flow wp-block-column-is-layout-flow\">\n<div class=\"wp-block-button alignright\"><a class=\"wp-block-button__link has-very-dark-gray-color has-luminous-vivid-amber-background-color has-text-color has-background\" href=\"#beispiele\"> <strong>D\u00e9couvrez nos exemples<\/strong> <\/a><\/div>\n<\/div>\n\n\n\n<div class=\"wp-block-column is-layout-flow wp-block-column-is-layout-flow\">\n<div class=\"wp-block-button alignleft\"><a class=\"wp-block-button__link has-very-dark-gray-color has-luminous-vivid-amber-background-color has-text-color has-background\" href=\"https:\/\/360-up.com\/fr\/demande-de-devis\/\"> <strong>Envoyez votre demande<\/strong><\/a><\/div>\n<\/div>\n<\/div>\n\n\n\n<p>Afin de couvrir tous vos besoins en photographie a\u00e9rienne et vid\u00e9o 360\u00b0, nous sommes \u00e9galement \u00e9quip\u00e9s de plusieurs drones Hasselblad \u00e0 r\u00e9solution 5K. Et si vous avez besoin d\u2019images a\u00e9riennes prises d\u2019un avion ? Nous nous en chargeons \u00e9galement !<\/p>\n\n\n\n<h2 class=\"wp-block-heading\">Pourquoi les services d\u2019imagerie a\u00e9rienne de 360-up sont-ils si sp\u00e9ciaux ?<\/h2>\n\n\n\n<ul class=\"wp-block-list\"><li>Des photographies, panoramas et vid\u00e9os en haute r\u00e9solution, jusqu\u2019\u00e0 16 m\u00e8tres au-dessus du sol, y inclu des panoramas gigapixels<\/li><li>La possibilit\u00e9 d\u2019effectuer de la photographie a\u00e9rienne dans des endroits o\u00f9 il n\u2019est pas autoris\u00e9 de piloter<\/li><li>Des prises de vue de haute qualit\u00e9 par drones pour produire des vid\u00e9os 4K, 5.6 K 360\u00b0 et des sph\u00e8res panoramiques<\/li><li>Des photographies a\u00e9riennes prises par avion avec un syst\u00e8me de captation d\u2019image stabilis\u00e9 et int\u00e9gr\u00e9<\/li><li>La cr\u00e9ation de visites virtuelles compos\u00e9es de vues a\u00e9riennes panoramiques avec hotspots, liens et informations compl\u00e9mentaires<\/li><\/ul>\n\n\n\n<h2 class=\"wp-block-heading\" id=\"beispiele\">Exemples d\u2019imagerie a\u00e9rienne par secteurs industriels<\/h2>\n\n\n<div class=\"front-recent clearfix referenzen\">\n        \n\t    \n        \t<div class=\"clearfix\">\n        \n    <article id=\"post-326\" class=\"post-326 post referenz\">\n    \t<div class=\"content-wrap\">\n    \t\t<header class=\"entry-header text-center\">\n    \t\t\t<h4>Akademisches Kunstmuseum | Bonn<\/h2>\n    \t\t<\/header>\n    \t<\/div>\n    \n        <div class='square-box'>\n            <div class='square-content'  style=\"background-image:url('https:\/\/360-up.com\/wp-content\/uploads\/2019\/12\/Virtueller_Rundgang_Universitaet_Akademisches_Kunstmuseum_Bonn_360-up-1024x482.jpg')\" >\n            <\/div>\n    \t<\/div>\n    \n    \t<div class=\"entry-content\">\n    \t\t<div class=\"wp-block-button aligncenter\">\n    \t\t\t<a class=\"wp-block-button__link has-text-color has-very-dark-gray-color has-background has-luminous-vivid-amber-background-color xsmall-btn\" href=\"https:\/\/virtual-tour-marketing.360-up.com\/akademisches_kunstmuseum_universitaet_bonn\" target=\"_blank\">\n        \t\t\t    \t\t\t\t<strong>regardez la visite<\/strong>\n    \t\t\t<\/a>\n\t\t\t<\/div>\n    \t<\/div>\n    \t\n\t\t<div class=\"text-center text-small kategorie\">\n\t\t\tVisites virtuelles a\u00e9riennes avec CMS, Mus\u00e9es\t\t<\/div>\n    <\/article>\n        \n            \n\t    \n        \n    <article id=\"post-823\" class=\"post-823 post referenz\">\n    \t<div class=\"content-wrap\">\n    \t\t<header class=\"entry-header text-center\">\n    \t\t\t<h4>Kameha Grand | Bonn<\/h2>\n    \t\t<\/header>\n    \t<\/div>\n    \n        <div class='square-box'>\n            <div class='square-content'  style=\"background-image:url('https:\/\/360-up.com\/wp-content\/uploads\/2019\/12\/Virtueller_Rundgang_Kameha_Grand_Bonn_360-up-1024x482.jpg')\" >\n            <\/div>\n    \t<\/div>\n    \n    \t<div class=\"entry-content\">\n    \t\t<div class=\"wp-block-button aligncenter\">\n    \t\t\t<a class=\"wp-block-button__link has-text-color has-very-dark-gray-color has-background has-luminous-vivid-amber-background-color xsmall-btn\" href=\"https:\/\/virtual-tour-marketing.360-up.com\/\/hotel_kameha_grand_bonn\" target=\"_blank\">\n        \t\t\t    \t\t\t\t<strong>regardez la visite<\/strong>\n    \t\t\t<\/a>\n\t\t\t<\/div>\n    \t<\/div>\n    \t\n\t\t<div class=\"text-center text-small kategorie\">\n\t\t\tVisites virtuelles a\u00e9riennes avec CMS, H\u00f4tels\t\t<\/div>\n    <\/article>\n        \n        \n\t    \n        \n    <article id=\"post-869\" class=\"post-869 post referenz\">\n    \t<div class=\"content-wrap\">\n    \t\t<header class=\"entry-header text-center\">\n    \t\t\t<h4>Kraftwerk Lausward | D\u00fcsseldorf<\/h2>\n    \t\t<\/header>\n    \t<\/div>\n    \n        <div class='square-box'>\n            <div class='square-content'  style=\"background-image:url('https:\/\/360-up.com\/wp-content\/uploads\/2019\/12\/Virtueller_Rundgang_Siemens_Kraftwerk_Lausward_Duesseldorf_360-up-1024x482.jpg')\" >\n            <\/div>\n    \t<\/div>\n    \n    \t<div class=\"entry-content\">\n    \t\t<div class=\"wp-block-button aligncenter\">\n    \t\t\t<a class=\"wp-block-button__link has-text-color has-very-dark-gray-color has-background has-luminous-vivid-amber-background-color xsmall-btn\" href=\"https:\/\/virtual-tour-marketing.360-up.com\/kraftwerk_lausward_duesseldorf\" target=\"_blank\">\n        \t\t\t    \t\t\t\t<strong>regardez la visite<\/strong>\n    \t\t\t<\/a>\n\t\t\t<\/div>\n    \t<\/div>\n    \t\n\t\t<div class=\"text-center text-small kategorie\">\n\t\t\tVisites virtuelles a\u00e9riennes avec CMS, Prestataires de services, Industrie\t\t<\/div>\n    <\/article>\n        \n        \n\t    \t<\/div>\n        \n        \t<div class=\"clearfix\">\n        \n    <article id=\"post-937\" class=\"post-937 post referenz\">\n    \t<div class=\"content-wrap\">\n    \t\t<header class=\"entry-header text-center\">\n    \t\t\t<h4>Med360\u00b0 | Bergisch Gladbach<\/h2>\n    \t\t<\/header>\n    \t<\/div>\n    \n        <div class='square-box'>\n            <div class='square-content'  style=\"background-image:url('https:\/\/360-up.com\/wp-content\/uploads\/2019\/12\/Virtueller_Rundgang_Med360Grad_Radiologie_Bergisch_Gladbach_Bensberg_360-up-1024x482.jpg')\" >\n            <\/div>\n    \t<\/div>\n    \n    \t<div class=\"entry-content\">\n    \t\t<div class=\"wp-block-button aligncenter\">\n    \t\t\t<a class=\"wp-block-button__link has-text-color has-very-dark-gray-color has-background has-luminous-vivid-amber-background-color xsmall-btn\" href=\"https:\/\/virtual-tour-marketing.360-up.com\/med360grad_bergisch_gladbach_bensberg\/\" target=\"_blank\">\n        \t\t\t    \t\t\t\t<strong>regardez la visite<\/strong>\n    \t\t\t<\/a>\n\t\t\t<\/div>\n    \t<\/div>\n    \t\n\t\t<div class=\"text-center text-small kategorie\">\n\t\t\tVisites virtuelles a\u00e9riennes avec CMS, Cabinets m\u00e9dicaux, Prestataires de services\t\t<\/div>\n    <\/article>\n        \n        \n\t    \n        \n    <article id=\"post-1005\" class=\"post-1005 post referenz\">\n    \t<div class=\"content-wrap\">\n    \t\t<header class=\"entry-header text-center\">\n    \t\t\t<h4>Obi Baumarkt | D\u00fcsseldorf<\/h2>\n    \t\t<\/header>\n    \t<\/div>\n    \n        <div class='square-box'>\n            <div class='square-content'  style=\"background-image:url('https:\/\/360-up.com\/wp-content\/uploads\/2019\/12\/Virtueller_Rundgang_OBI_Heerdt_Duesseldorf_360-up-1024x482.jpg')\" >\n            <\/div>\n    \t<\/div>\n    \n    \t<div class=\"entry-content\">\n    \t\t<div class=\"wp-block-button aligncenter\">\n    \t\t\t<a class=\"wp-block-button__link has-text-color has-very-dark-gray-color has-background has-luminous-vivid-amber-background-color xsmall-btn\" href=\"https:\/\/virtual-tour-marketing.360-up.com\/obi_heerdt_duesseldorf\" target=\"_blank\">\n        \t\t\t    \t\t\t\t<strong>regardez la visite<\/strong>\n    \t\t\t<\/a>\n\t\t\t<\/div>\n    \t<\/div>\n    \t\n\t\t<div class=\"text-center text-small kategorie\">\n\t\t\tVisites virtuelles a\u00e9riennes avec CMS, Commerce de d\u00e9tail\t\t<\/div>\n    <\/article>\n        \n        \n\t    \n        \n    <article id=\"post-1092\" class=\"post-1092 post referenz\">\n    \t<div class=\"content-wrap\">\n    \t\t<header class=\"entry-header text-center\">\n    \t\t\t<h4>Redoute | Bonn<\/h2>\n    \t\t<\/header>\n    \t<\/div>\n    \n        <div class='square-box'>\n            <div class='square-content'  style=\"background-image:url('https:\/\/360-up.com\/wp-content\/uploads\/2019\/12\/Virtueller_Rundgang_Redoute_Bonn_Bad_Godesberg_360-up-1024x482.jpg')\" >\n            <\/div>\n    \t<\/div>\n    \n    \t<div class=\"entry-content\">\n    \t\t<div class=\"wp-block-button aligncenter\">\n    \t\t\t<a class=\"wp-block-button__link has-text-color has-very-dark-gray-color has-background has-luminous-vivid-amber-background-color xsmall-btn\" href=\"https:\/\/virtual-tour-marketing.360-up.com\/la_redoute_bonn_bad_godesberg\" target=\"_blank\">\n        \t\t\t    \t\t\t\t<strong>regardez la visite<\/strong>\n    \t\t\t<\/a>\n\t\t\t<\/div>\n    \t<\/div>\n    \t\n\t\t<div class=\"text-center text-small kategorie\">\n\t\t\tVisites virtuelles a\u00e9riennes avec CMS, Salles d&rsquo;\u00e9v\u00e9nement\t\t<\/div>\n    <\/article>\n        \n        \n\t    \t<\/div>\n        \n        \t<div class=\"clearfix\">\n        \n    <article id=\"post-1096\" class=\"post-1096 post referenz\">\n    \t<div class=\"content-wrap\">\n    \t\t<header class=\"entry-header text-center\">\n    \t\t\t<h4>Red\u00fcttchen | Bonn<\/h2>\n    \t\t<\/header>\n    \t<\/div>\n    \n        <div class='square-box'>\n            <div class='square-content'  style=\"background-image:url('https:\/\/360-up.com\/wp-content\/uploads\/2019\/12\/Virtueller_Rundgang_Reduettchen_Restaurant_Winebar_Bonn_Bad_Godesberg_360-up-1024x482.jpg')\" >\n            <\/div>\n    \t<\/div>\n    \n    \t<div class=\"entry-content\">\n    \t\t<div class=\"wp-block-button aligncenter\">\n    \t\t\t<a class=\"wp-block-button__link has-text-color has-very-dark-gray-color has-background has-luminous-vivid-amber-background-color xsmall-btn\" href=\"https:\/\/virtual-tour-marketing.360-up.com\/reduettchen_restaurant_winebar_bonn_bad_godesberg\" target=\"_blank\">\n        \t\t\t    \t\t\t\t<strong>regardez la visite<\/strong>\n    \t\t\t<\/a>\n\t\t\t<\/div>\n    \t<\/div>\n    \t\n\t\t<div class=\"text-center text-small kategorie\">\n\t\t\tVisites virtuelles a\u00e9riennes avec CMS, Restaurants\t\t<\/div>\n    <\/article>\n        \n        \n\t    \n        \n    <article id=\"post-1104\" class=\"post-1104 post referenz\">\n    \t<div class=\"content-wrap\">\n    \t\t<header class=\"entry-header text-center\">\n    \t\t\t<h4>Rheinauhafen | K\u00f6ln<\/h2>\n    \t\t<\/header>\n    \t<\/div>\n    \n        <div class='square-box'>\n            <div class='square-content'  style=\"background-image:url('https:\/\/360-up.com\/wp-content\/uploads\/2019\/12\/Virtueller_Rundgang_KoelnTourismus_Rheinauhafen_Koeln_360-up-1024x482.jpg')\" >\n            <\/div>\n    \t<\/div>\n    \n    \t<div class=\"entry-content\">\n    \t\t<div class=\"wp-block-button aligncenter\">\n    \t\t\t<a class=\"wp-block-button__link has-text-color has-very-dark-gray-color has-background has-luminous-vivid-amber-background-color xsmall-btn\" href=\"https:\/\/virtual-tour-marketing.360-up.com\/koelntourismus_rheinauhafen_koeln\" target=\"_blank\">\n        \t\t\t    \t\t\t\t<strong>regardez la visite<\/strong>\n    \t\t\t<\/a>\n\t\t\t<\/div>\n    \t<\/div>\n    \t\n\t\t<div class=\"text-center text-small kategorie\">\n\t\t\tVisites virtuelles a\u00e9riennes avec CMS, Tourisme\t\t<\/div>\n    <\/article>\n        \n        \n\t    \n        \n    <article id=\"post-3814\" class=\"post-3814 post referenz\">\n    \t<div class=\"content-wrap\">\n    \t\t<header class=\"entry-header text-center\">\n    \t\t\t<h4>Kia Partner | Elsdorf<\/h2>\n    \t\t<\/header>\n    \t<\/div>\n    \n        <div class='square-box'>\n            <div class='square-content'  style=\"background-image:url('https:\/\/360-up.com\/wp-content\/uploads\/2020\/03\/Virtueller_Rundgang_Autohaus_Schafstall_Toyota_Kia_Elzheim_360-up-1024x482.jpg')\" >\n            <\/div>\n    \t<\/div>\n    \n    \t<div class=\"entry-content\">\n    \t\t<div class=\"wp-block-button aligncenter\">\n    \t\t\t<a class=\"wp-block-button__link has-text-color has-very-dark-gray-color has-background has-luminous-vivid-amber-background-color xsmall-btn\" href=\"https:\/\/virtual-tour-marketing.360-up.com\/toyota_kia_autohaus_schafstall_elsdorf\" target=\"_blank\">\n        \t\t\t    \t\t\t\t<strong>regardez la visite<\/strong>\n    \t\t\t<\/a>\n\t\t\t<\/div>\n    \t<\/div>\n    \t\n\t\t<div class=\"text-center text-small kategorie\">\n\t\t\tVisites virtuelles a\u00e9riennes avec CMS, Commerce de v\u00e9hicules\t\t<\/div>\n    <\/article>\n        \n        <\/div><!--  ee -->\n<\/div>\n\n\n\n<div style=\"height:40px\" aria-hidden=\"true\" class=\"wp-block-spacer\"><\/div>\n\n\n\n<div class=\"wp-block-button aligncenter\"><a class=\"wp-block-button__link has-very-dark-gray-color has-luminous-vivid-amber-background-color has-text-color has-background\" href=\"https:\/\/360-up.com\/fr\/projets-mis-en-oeuvre\/\"> <strong>D\u00e9couvrez tous nos exemples<\/strong><\/a><\/div>\n\n\n\n<p><\/p>\n","protected":false},"excerpt":{"rendered":"<p>360-up a d\u00e9but\u00e9 son activit\u00e9 d\u00e9s l\u2019ann\u00e9e 2012 en tant que service de photographie a\u00e9rienne, \u00e0 l\u2019aide d\u2019un tr\u00e9pied g\u00e9ant con\u00e7u pour porter les \u00e9quipements photo et vid\u00e9o jusqu\u2019\u00e0 16 m\u00e8tres de haut. Ceci nous autorisant \u00e0 op\u00e9rer des prises de vue de haute qualit\u00e9,&hellip; <a class=\"read-more\" href=\"https:\/\/360-up.com\/fr\/photographie-et-videos-aeriennes\/\">Read more<\/a><\/p>\n","protected":false},"author":3,"featured_media":0,"parent":0,"menu_order":0,"comment_status":"closed","ping_status":"closed","template":"","meta":{"_acf_changed":false,"footnotes":""},"class_list":["post-4993","page","type-page","status-publish","hentry"],"acf":[],"_links":{"self":[{"href":"https:\/\/360-up.com\/fr\/wp-json\/wp\/v2\/pages\/4993","targetHints":{"allow":["GET"]}}],"collection":[{"href":"https:\/\/360-up.com\/fr\/wp-json\/wp\/v2\/pages"}],"about":[{"href":"https:\/\/360-up.com\/fr\/wp-json\/wp\/v2\/types\/page"}],"author":[{"embeddable":true,"href":"https:\/\/360-up.com\/fr\/wp-json\/wp\/v2\/users\/3"}],"replies":[{"embeddable":true,"href":"https:\/\/360-up.com\/fr\/wp-json\/wp\/v2\/comments?post=4993"}],"version-history":[{"count":2,"href":"https:\/\/360-up.com\/fr\/wp-json\/wp\/v2\/pages\/4993\/revisions"}],"predecessor-version":[{"id":6289,"href":"https:\/\/360-up.com\/fr\/wp-json\/wp\/v2\/pages\/4993\/revisions\/6289"}],"wp:attachment":[{"href":"https:\/\/360-up.com\/fr\/wp-json\/wp\/v2\/media?parent=4993"}],"curies":[{"name":"wp","href":"https:\/\/api.w.org\/{rel}","templated":true}]}}