{"id":4988,"date":"2020-05-20T09:54:27","date_gmt":"2020-05-20T07:54:27","guid":{"rendered":"https:\/\/360-up.com\/videos-360-jusqua-8k\/"},"modified":"2025-12-22T10:21:44","modified_gmt":"2025-12-22T09:21:44","slug":"videos-360-jusqua-8k","status":"publish","type":"page","link":"https:\/\/360-up.com\/fr\/videos-360-jusqua-8k\/","title":{"rendered":"Vid\u00e9os 360\u00b0 jusqu\u2019\u00e0 8K"},"content":{"rendered":"\n<p>Plongez dans l\u2019action avec nos vid\u00e9os 360\u00b0 de haute qualit\u00e9. Mettez vos <a href=\"https:\/\/360-up.com\/fr\/lunettes-de-realite-virtuelle-professionnelles\/\">lunettes VR<\/a> admirez la superbe r\u00e9solution 8K, et revivez ce moment sp\u00e9cial de la prise une fois de plus. Qu&rsquo;il s&rsquo;agisse d&rsquo;un lieu, d&rsquo;un \u00e9v\u00e9nement ou d&rsquo;un documentaire.<\/p>\n\n\n\n<figure class=\"wp-block-image size-large\"><a href=\"https:\/\/earth.google.com\/earth\/d\/1_VTUglnTzFEIc0GARPDMYh2bmCsXK6V8?usp=sharing\" target=\"_blank\" rel=\" noreferrer noopener\"><img loading=\"lazy\" decoding=\"async\" width=\"1024\" height=\"778\" src=\"https:\/\/360-up.com\/wp-content\/uploads\/2025\/12\/Projekte-360-up.com_-1024x778.jpg\" alt=\"\" class=\"wp-image-8732\"\/><\/a><\/figure>\n\n\n\n<p>Nos vid\u00e9os 360\u00b0 sont film\u00e9es avec une cam\u00e9ra sp\u00e9cifique poss\u00e9dant la r\u00e9solution maximale de 8K. Notre \u00e9quipe d\u2019experts s\u2019occupera en outre des \u00e9ventuelles prises de sons sur place dont vous aurez besoin.<\/p>\n\n\n\n<div class=\"wp-block-columns is-layout-flex wp-container-core-columns-is-layout-9d6595d7 wp-block-columns-is-layout-flex\">\n<div class=\"wp-block-column is-layout-flow wp-block-column-is-layout-flow\">\n<div class=\"wp-block-button alignright\"><a class=\"wp-block-button__link has-very-dark-gray-color has-luminous-vivid-amber-background-color has-text-color has-background wp-element-button\" href=\"#beispiele\"> <strong>D\u00e9couvrez nos exemples<\/strong><\/a><\/div>\n<\/div>\n\n\n\n<div class=\"wp-block-column is-layout-flow wp-block-column-is-layout-flow\">\n<div class=\"wp-block-button alignleft\"><a class=\"wp-block-button__link has-very-dark-gray-color has-luminous-vivid-amber-background-color has-text-color has-background wp-element-button\" href=\"https:\/\/360-up.com\/fr\/demande-de-devis\/\"> <strong>Envoyez votre demande<\/strong><\/a><\/div>\n<\/div>\n<\/div>\n\n\n\n<p>Prenez une paire de <a href=\"https:\/\/360-up.com\/fr\/lunettes-de-realite-virtuelle-professionnelles\/\">lunettes de r\u00e9alit\u00e9 virtuelle<\/a>&nbsp;et d\u00e9couvrez par vous-m\u00eames l\u2019exp\u00e9rience la plus immersive existante \u00e0 ce jour. Vous obtiendrez \u00e9galement d\u2019excellents r\u00e9sultats depuis vos \u00e9crans d\u2019ordinateur, tablette ou smartphone.<\/p>\n\n\n\n<h2 class=\"wp-block-heading\">Pourquoi les vid\u00e9os 360\u00b0 de 360-up sont-elles si sp\u00e9ciales ?<\/h2>\n\n\n\n<ul class=\"wp-block-list\">\n<li>360-up utilise une technologie professionnelle et propose diff\u00e9rentes options de production et de visualisation vid\u00e9o \u00e0 360\u00b0, en fonction des exigences du client<\/li>\n\n\n\n<li>La cr\u00e9ation de vid\u00e9os \u00e0 360\u00b0 propos\u00e9e par 360-up permet de pr\u00e9senter une vue \u00e0 360\u00b0 depuis une position unique ou plusieurs positions afin de mettre en valeur des entreprises enti\u00e8res ou des parties de celles-ci<\/li>\n\n\n\n<li>360-up poss\u00e8de \u00e9galement une exp\u00e9rience dans la production de mouvements de cam\u00e9ra complexes pour la production de vid\u00e9os \u00e0 360\u00b0<\/li>\n\n\n\n<li>Gr\u00e2ce \u00e0 la production de pistes audio, une voix off ou un pr\u00e9sentateur peut commenter ce qui est vu dans la vid\u00e9o \u00e0 360\u00b0<\/li>\n\n\n\n<li>Les vid\u00e9os \u00e0 360\u00b0 sont rendues et trait\u00e9es par 360-up selon les r\u00e8gles les plus modernes de la production vid\u00e9o \u00e0 360\u00b0 jusqu&rsquo;\u00e0 une r\u00e9solution de 8K<\/li>\n\n\n\n<li>Il est donc possible de lire les vid\u00e9os \u00e0 360\u00b0 hors ligne sur un <a href=\"https:\/\/360-up.com\/fr\/lunettes-de-realite-virtuelle-professionnelles\/\" target=\"_blank\" rel=\"noopener\">casque de r\u00e9alit\u00e9 virtuelle professionnel<\/a> de 360-up sans que l&rsquo;effet de grille ind\u00e9sirable ne se produise.<\/li>\n\n\n\n<li>Les vid\u00e9os \u00e0 360\u00b0 au format MP4 sont \u00e9galement adapt\u00e9es aux r\u00e9seaux sociaux habituels tels que Facebook, YouTube et Vimeo<\/li>\n\n\n\n<li>Gr\u00e2ce \u00e0 ces r\u00e9seaux sociaux, les vid\u00e9os \u00e0 360\u00b0 peuvent \u00e9galement \u00eatre visionn\u00e9es en ligne et de mani\u00e8re interactive en mode VR \u00e0 l&rsquo;aide d&rsquo;un <a href=\"https:\/\/360-up.com\/fr\/lunettes-de-realite-virtuelle-professionnelles\/\" target=\"_blank\" rel=\"noopener\">casque de r\u00e9alit\u00e9 virtuelle<\/a> simple tel que Google Cardboard.<\/li>\n<\/ul>\n\n\n\n<h2 class=\"wp-block-heading\" id=\"beispiele\">Exemples de vid\u00e9os 360\u00b0 haute r\u00e9solution par secteurs industriels<\/h2>\n\n\n<div class=\"front-recent clearfix referenzen\">\n        \n\t    \n        \t<div class=\"clearfix\">\n        \n    <article id=\"post-344\" class=\"post-344 post referenz\">\n    \t<div class=\"content-wrap\">\n    \t\t<header class=\"entry-header text-center\">\n    \t\t\t<h4>Aquazoo L\u00f6bbecke | D\u00fcsseldorf<\/h2>\n    \t\t<\/header>\n    \t<\/div>\n    \n        <div class='square-box'>\n            <div class='square-content'  style=\"background-image:url('https:\/\/360-up.com\/wp-content\/uploads\/2019\/12\/Video_360_Grad_Aquazoo_Loebbecke_Museum_Duesseldorf_360-up-1024x576.jpg')\" >\n            <\/div>\n    \t<\/div>\n    \n    \t<div class=\"entry-content\">\n    \t\t<div class=\"wp-block-button aligncenter\">\n    \t\t\t<a class=\"wp-block-button__link has-text-color has-very-dark-gray-color has-background has-luminous-vivid-amber-background-color xsmall-btn\" href=\"https:\/\/virtual-tour-marketing.360-up.com\/aquazoo_loebbecke_museum_duesseldorf\/\" target=\"_blank\">\n        \t\t\t    \t\t\t\t<strong>regardez la vid\u00e9o<\/strong>\n    \t\t\t<\/a>\n\t\t\t<\/div>\n    \t<\/div>\n    \t\n\t\t<div class=\"text-center text-small kategorie\">\n\t\t\tVid\u00e9os \u00e0 360 degr\u00e9s 4K \u00e0 8K, Mus\u00e9es, Tourisme\t\t<\/div>\n    <\/article>\n        \n        \n\t    \n        \n    <article id=\"post-2774\" class=\"post-2774 post referenz\">\n    \t<div class=\"content-wrap\">\n    \t\t<header class=\"entry-header text-center\">\n    \t\t\t<h4>Bavaria Yachts | D\u00fcsseldorf<\/h2>\n    \t\t<\/header>\n    \t<\/div>\n    \n        <div class='square-box'>\n            <div class='square-content'  style=\"background-image:url('https:\/\/360-up.com\/wp-content\/uploads\/2020\/01\/Video_360_Grad_Bavaria_Yachts_Duesseldorf_360-up-1-1024x576.jpg')\" >\n            <\/div>\n    \t<\/div>\n    \n    \t<div class=\"entry-content\">\n    \t\t<div class=\"wp-block-button aligncenter\">\n    \t\t\t<a class=\"wp-block-button__link has-text-color has-very-dark-gray-color has-background has-luminous-vivid-amber-background-color xsmall-btn\" href=\"https:\/\/virtual-tour-marketing.360-up.com\/bavaria_yachts_duesseldorf\" target=\"_blank\">\n        \t\t\t    \t\t\t\t<strong>regardez la vid\u00e9o<\/strong>\n    \t\t\t<\/a>\n\t\t\t<\/div>\n    \t<\/div>\n    \t\n\t\t<div class=\"text-center text-small kategorie\">\n\t\t\tVid\u00e9os \u00e0 360 degr\u00e9s 4K \u00e0 8K, Expositions, Commerce de v\u00e9hicules\t\t<\/div>\n    <\/article>\n        \n        \n\t    \n        \n    <article id=\"post-420\" class=\"post-420 post referenz\">\n    \t<div class=\"content-wrap\">\n    \t\t<header class=\"entry-header text-center\">\n    \t\t\t<h4>Brabus | Bottrop<\/h2>\n    \t\t<\/header>\n    \t<\/div>\n    \n        <div class='square-box'>\n            <div class='square-content'  style=\"background-image:url('https:\/\/360-up.com\/wp-content\/uploads\/2019\/12\/Video_360_Grad_Brabus_Bottrop_360-up-1024x576.jpg')\" >\n            <\/div>\n    \t<\/div>\n    \n    \t<div class=\"entry-content\">\n    \t\t<div class=\"wp-block-button aligncenter\">\n    \t\t\t<a class=\"wp-block-button__link has-text-color has-very-dark-gray-color has-background has-luminous-vivid-amber-background-color xsmall-btn\" href=\"https:\/\/virtual-tour-marketing.360-up.com\/brabus_werk_bottrop\/\" target=\"_blank\">\n        \t\t\t    \t\t\t\t<strong>regardez la vid\u00e9o<\/strong>\n    \t\t\t<\/a>\n\t\t\t<\/div>\n    \t<\/div>\n    \t\n\t\t<div class=\"text-center text-small kategorie\">\n\t\t\tVid\u00e9os \u00e0 360 degr\u00e9s 4K \u00e0 8K, Prestataires de services, Industrie\t\t<\/div>\n    <\/article>\n        \n        \n\t    \t<\/div>\n        \n        \t<div class=\"clearfix\">\n        \n    <article id=\"post-842\" class=\"post-842 post referenz\">\n    \t<div class=\"content-wrap\">\n    \t\t<header class=\"entry-header text-center\">\n    \t\t\t<h4>K\u00f6-Bogen | D\u00fcsseldorf<\/h2>\n    \t\t<\/header>\n    \t<\/div>\n    \n        <div class='square-box'>\n            <div class='square-content'  style=\"background-image:url('https:\/\/360-up.com\/wp-content\/uploads\/2019\/12\/Video_360_Grad_Koenigsallee_Koebogen_Duesseldorf_360-up-1-1024x576.jpg')\" >\n            <\/div>\n    \t<\/div>\n    \n    \t<div class=\"entry-content\">\n    \t\t<div class=\"wp-block-button aligncenter\">\n    \t\t\t<a class=\"wp-block-button__link has-text-color has-very-dark-gray-color has-background has-luminous-vivid-amber-background-color xsmall-btn\" href=\"https:\/\/virtual-tour-marketing.360-up.com\/koe_bogen_duesseldorf\/\" target=\"_blank\">\n        \t\t\t    \t\t\t\t<strong>regardez la vid\u00e9o<\/strong>\n    \t\t\t<\/a>\n\t\t\t<\/div>\n    \t<\/div>\n    \t\n\t\t<div class=\"text-center text-small kategorie\">\n\t\t\tVid\u00e9os \u00e0 360 degr\u00e9s 4K \u00e0 8K, Street View Made in Germany, Tourisme\t\t<\/div>\n    <\/article>\n        \n        \n\t    \n        \n    <article id=\"post-923\" class=\"post-923 post referenz\">\n    \t<div class=\"content-wrap\">\n    \t\t<header class=\"entry-header text-center\">\n    \t\t\t<h4>Ferrari | Meerbusch<\/h2>\n    \t\t<\/header>\n    \t<\/div>\n    \n        <div class='square-box'>\n            <div class='square-content'  style=\"background-image:url('https:\/\/360-up.com\/wp-content\/uploads\/2019\/12\/Video_360_Grad_Lueg_sportivo_Meerbusch_Ferrari_Maserati_360-up-1024x576.jpg')\" >\n            <\/div>\n    \t<\/div>\n    \n    \t<div class=\"entry-content\">\n    \t\t<div class=\"wp-block-button aligncenter\">\n    \t\t\t<a class=\"wp-block-button__link has-text-color has-very-dark-gray-color has-background has-luminous-vivid-amber-background-color xsmall-btn\" href=\"https:\/\/virtual-tour-marketing.360-up.com\/ferrari_maserati_duesseldorf\/\" target=\"_blank\">\n        \t\t\t    \t\t\t\t<strong>regardez la vid\u00e9o<\/strong>\n    \t\t\t<\/a>\n\t\t\t<\/div>\n    \t<\/div>\n    \t\n\t\t<div class=\"text-center text-small kategorie\">\n\t\t\tVid\u00e9os \u00e0 360 degr\u00e9s 4K \u00e0 8K, Commerce de v\u00e9hicules\t\t<\/div>\n    <\/article>\n        \n        \n\t    \n        \n    <article id=\"post-1086\" class=\"post-1086 post referenz\">\n    \t<div class=\"content-wrap\">\n    \t\t<header class=\"entry-header text-center\">\n    \t\t\t<h4>RadRevier | Ruhr<\/h2>\n    \t\t<\/header>\n    \t<\/div>\n    \n        <div class='square-box'>\n            <div class='square-content'  style=\"background-image:url('https:\/\/360-up.com\/wp-content\/uploads\/2019\/12\/Video_360_Grad_RadRevier_Ruhr_360-up-1024x576.jpg')\" >\n            <\/div>\n    \t<\/div>\n    \n    \t<div class=\"entry-content\">\n    \t\t<div class=\"wp-block-button aligncenter\">\n    \t\t\t<a class=\"wp-block-button__link has-text-color has-very-dark-gray-color has-background has-luminous-vivid-amber-background-color xsmall-btn\" href=\"https:\/\/virtual-tour-marketing.360-up.com\/radrevier_ruhrtourismus_ruhrgebiet\/\" target=\"_blank\">\n        \t\t\t    \t\t\t\t<strong>regardez la vid\u00e9o<\/strong>\n    \t\t\t<\/a>\n\t\t\t<\/div>\n    \t<\/div>\n    \t\n\t\t<div class=\"text-center text-small kategorie\">\n\t\t\tVid\u00e9os \u00e0 360 degr\u00e9s 4K \u00e0 8K, Tourisme\t\t<\/div>\n    <\/article>\n        \n        \n\t    \t<\/div>\n        \n        \t<div class=\"clearfix\">\n        \n    <article id=\"post-1227\" class=\"post-1227 post referenz\">\n    \t<div class=\"content-wrap\">\n    \t\t<header class=\"entry-header text-center\">\n    \t\t\t<h4>St\u00e4dtische Kliniken | M\u00f6nchengladbach<\/h2>\n    \t\t<\/header>\n    \t<\/div>\n    \n        <div class='square-box'>\n            <div class='square-content'  style=\"background-image:url('https:\/\/360-up.com\/wp-content\/uploads\/2019\/12\/Video_360_Grad_Elisabeth_Krankenhaus_Moenchenglach-Rheydt_360-up-1024x576.jpg')\" >\n            <\/div>\n    \t<\/div>\n    \n    \t<div class=\"entry-content\">\n    \t\t<div class=\"wp-block-button aligncenter\">\n    \t\t\t<a class=\"wp-block-button__link has-text-color has-very-dark-gray-color has-background has-luminous-vivid-amber-background-color xsmall-btn\" href=\"https:\/\/virtual-tour-marketing.360-up.com\/elisabeth_krankenhaus_moenchengladbach\/\" target=\"_blank\">\n        \t\t\t    \t\t\t\t<strong>regardez la vid\u00e9o<\/strong>\n    \t\t\t<\/a>\n\t\t\t<\/div>\n    \t<\/div>\n    \t\n\t\t<div class=\"text-center text-small kategorie\">\n\t\t\tVid\u00e9os \u00e0 360 degr\u00e9s 4K \u00e0 8K, H\u00f4pitaux\t\t<\/div>\n    <\/article>\n        \n        \n\t    \n        \n    <article id=\"post-1305\" class=\"post-1305 post referenz\">\n    \t<div class=\"content-wrap\">\n    \t\t<header class=\"entry-header text-center\">\n    \t\t\t<h4>Turnhalle | D\u00fcsseldorf<\/h2>\n    \t\t<\/header>\n    \t<\/div>\n    \n        <div class='square-box'>\n            <div class='square-content'  style=\"background-image:url('https:\/\/360-up.com\/wp-content\/uploads\/2019\/12\/Video_360_Grad_Turnhalle_local_sports_house_Duesseldorf_360-up-1024x576.jpg')\" >\n            <\/div>\n    \t<\/div>\n    \n    \t<div class=\"entry-content\">\n    \t\t<div class=\"wp-block-button aligncenter\">\n    \t\t\t<a class=\"wp-block-button__link has-text-color has-very-dark-gray-color has-background has-luminous-vivid-amber-background-color xsmall-btn\" href=\"https:\/\/virtual-tour-marketing.360-up.com\/turnhalle_local_sports_house_duesseldorf\/\" target=\"_blank\">\n        \t\t\t    \t\t\t\t<strong>regardez la vid\u00e9o<\/strong>\n    \t\t\t<\/a>\n\t\t\t<\/div>\n    \t<\/div>\n    \t\n\t\t<div class=\"text-center text-small kategorie\">\n\t\t\tVid\u00e9os \u00e0 360 degr\u00e9s 4K \u00e0 8K, Prestataires de services, Clubs sportifs\t\t<\/div>\n    <\/article>\n        \n        \n\t    \n        \n    <article id=\"post-1355\" class=\"post-1355 post referenz\">\n    \t<div class=\"content-wrap\">\n    \t\t<header class=\"entry-header text-center\">\n    \t\t\t<h4>Wandel Antik | D\u00fcsseldorf<\/h2>\n    \t\t<\/header>\n    \t<\/div>\n    \n        <div class='square-box'>\n            <div class='square-content'  style=\"background-image:url('https:\/\/360-up.com\/wp-content\/uploads\/2019\/12\/Video_360_Grad_Markus_Wildhagen_Wandel_Antik_Duesseldorf_360-up-1024x576.jpg')\" >\n            <\/div>\n    \t<\/div>\n    \n    \t<div class=\"entry-content\">\n    \t\t<div class=\"wp-block-button aligncenter\">\n    \t\t\t<a class=\"wp-block-button__link has-text-color has-very-dark-gray-color has-background has-luminous-vivid-amber-background-color xsmall-btn\" href=\"https:\/\/virtual-tour-marketing.360-up.com\/wandel_antik_bares_furer_rares_duesseldorf\/\" target=\"_blank\">\n        \t\t\t    \t\t\t\t<strong>regardez la vid\u00e9o<\/strong>\n    \t\t\t<\/a>\n\t\t\t<\/div>\n    \t<\/div>\n    \t\n\t\t<div class=\"text-center text-small kategorie\">\n\t\t\tVid\u00e9os \u00e0 360 degr\u00e9s 4K \u00e0 8K, Commerce de d\u00e9tail\t\t<\/div>\n    <\/article>\n        \n        <\/div><!--  ee -->\n<\/div>\n\n\n\n<div style=\"height:40px\" aria-hidden=\"true\" class=\"wp-block-spacer\"><\/div>\n\n\n\n<div class=\"wp-block-button aligncenter\"><a class=\"wp-block-button__link has-very-dark-gray-color has-luminous-vivid-amber-background-color has-text-color has-background wp-element-button\" href=\"https:\/\/360-up.com\/fr\/projets-mis-en-oeuvre\/\"> <strong>D\u00e9couvrez tous nos exemples<\/strong><\/a><\/div>\n","protected":false},"excerpt":{"rendered":"<p>Plongez dans l\u2019action avec nos vid\u00e9os 360\u00b0 de haute qualit\u00e9. Mettez vos lunettes VR admirez la superbe r\u00e9solution 8K, et revivez ce moment sp\u00e9cial de la prise une fois de plus. Qu&rsquo;il s&rsquo;agisse d&rsquo;un lieu, d&rsquo;un \u00e9v\u00e9nement ou d&rsquo;un documentaire. Nos vid\u00e9os 360\u00b0 sont film\u00e9es&hellip; <a class=\"read-more\" href=\"https:\/\/360-up.com\/fr\/videos-360-jusqua-8k\/\">Read more<\/a><\/p>\n","protected":false},"author":3,"featured_media":0,"parent":0,"menu_order":0,"comment_status":"closed","ping_status":"closed","template":"","meta":{"_acf_changed":false,"footnotes":""},"class_list":["post-4988","page","type-page","status-publish","hentry"],"acf":[],"_links":{"self":[{"href":"https:\/\/360-up.com\/fr\/wp-json\/wp\/v2\/pages\/4988","targetHints":{"allow":["GET"]}}],"collection":[{"href":"https:\/\/360-up.com\/fr\/wp-json\/wp\/v2\/pages"}],"about":[{"href":"https:\/\/360-up.com\/fr\/wp-json\/wp\/v2\/types\/page"}],"author":[{"embeddable":true,"href":"https:\/\/360-up.com\/fr\/wp-json\/wp\/v2\/users\/3"}],"replies":[{"embeddable":true,"href":"https:\/\/360-up.com\/fr\/wp-json\/wp\/v2\/comments?post=4988"}],"version-history":[{"count":3,"href":"https:\/\/360-up.com\/fr\/wp-json\/wp\/v2\/pages\/4988\/revisions"}],"predecessor-version":[{"id":8844,"href":"https:\/\/360-up.com\/fr\/wp-json\/wp\/v2\/pages\/4988\/revisions\/8844"}],"wp:attachment":[{"href":"https:\/\/360-up.com\/fr\/wp-json\/wp\/v2\/media?parent=4988"}],"curies":[{"name":"wp","href":"https:\/\/api.w.org\/{rel}","templated":true}]}}