{"id":4958,"date":"2020-05-16T06:52:05","date_gmt":"2020-05-16T04:52:05","guid":{"rendered":"https:\/\/360-up.com\/3d-scans-matterport\/"},"modified":"2026-04-15T18:36:37","modified_gmt":"2026-04-15T16:36:37","slug":"3d-scans-matterport","status":"publish","type":"page","link":"https:\/\/360-up.com\/fr\/3d-scans-matterport\/","title":{"rendered":"3D scans Matterport"},"content":{"rendered":"\n<p>La meilleure fa\u00e7on de se trouver en immersion dans une visite virtuelle. Avec l\u2019aide de la num\u00e9risation 3D, nous cr\u00e9ons un espace intuitif en trois dimensions auquel les utilisateurs peuvent acc\u00e9der et se d\u00e9placer avec n\u2019importe quel type d\u2019appareil. La visite 3D commence par la \u00ab vue maison de poup\u00e9e \u00bb, quelque chose que vous pourriez avoir d\u00e9j\u00e0 rencontr\u00e9 avec des images architecturales 3D.<\/p>\n\n<p>Ce voyage au c\u0153ur de la visite virtuelle vous aspire litt\u00e9ralement. L\u2019interactivit\u00e9 dans sa meilleure d\u00e9finition ! Comme toujours, vous avez juste \u00e0 cliquer ou faire glisser votre \u00e9cran et vous irez \u00e0 l\u2019endroit que vous aurez choisi de visiter. Si vous utilisez des lunettes VR, vous pouvez continuer votre visite simplement en fixant l\u2019une des sph\u00e8res quelques secondes. Plut\u00f4t impressionnant !<\/p>\n\n<figure class=\"wp-block-image size-large\"><a href=\"https:\/\/earth.google.com\/earth\/d\/14UXpyIXYsaeoUwGMBA8sJIpxP2uBIhmc?usp=sharing\" target=\"_blank\" rel=\"noopener\"><img loading=\"lazy\" decoding=\"async\" width=\"1024\" height=\"778\" src=\"https:\/\/360-up.com\/wp-content\/uploads\/2025\/12\/Projekte-360-up.com_-1024x778.jpg\" alt=\"\" class=\"wp-image-8732\"\/><\/a><\/figure>\n\n<h2 class=\"wp-block-heading\">G\u00e9n\u00e9ration de plans + nuages \u200b\u200bde points<\/h2>\n\n<p>Enregistrement des emplacements et des propri\u00e9t\u00e9s existantes afin de les utiliser dans la phase de conception. Cr\u00e9ation de plans 2D-, 3D- plans de measure, \u00e9galement les plans d&rsquo;arpentage avec le cachet dit d&rsquo;architecte, ainsi que de nuages \u200b\u200bde points. Remplacez les mesures manuelles fastidieuses par un scan 3D pr\u00e9cis et rapide, ainsi qu&rsquo;un nuage de points ou OBJ que vous pouvez importer directement dans votre logiciel BIM et votre logiciel de CAO.<\/p>\n\n<p>Utilisez un am\u00e9nagement d&rsquo;usine virtuelle (VFL) pour mesurer entre les objets et garantir une disposition correcte de l&rsquo;usine. \u00c9conomisez du temps et de l&rsquo;argent en \u00e9vitant les collisions d&rsquo;\u00e9quipements et les modifications d&rsquo;ordres dues \u00e0 des plans de site inexacts.<\/p>\n\n<h2 class=\"wp-block-heading\">Guidage + navigation int\u00e9rieure<\/h2>\n\n<p>Aidez les utilisateurs et les visiteurs \u00e0 naviguer dans le monde physique et donnez vie \u00e0 votre jumeau num\u00e9rique.<\/p>\n\n<p>Am\u00e9liorez la d\u00e9termination de l&#8217;emplacement et l&rsquo;orientation avec notre navigation int\u00e9rieure AR. Navigation innovante dans les b\u00e2timents avec des donn\u00e9es en temps r\u00e9el. \u00c9conomique et sans balises.<\/p>\n\n<p>Notre solution de navigation peut \u00eatre utilis\u00e9e d&rsquo;une part en mode bureau avant la visite, et d&rsquo;autre part sur place en mode r\u00e9alit\u00e9 augment\u00e9e.<\/p>\n\n<h2 class=\"wp-block-heading\">Int\u00e9gration d\u2019une boutique en ligne<\/h2>\n\n<p>Notre technologie de collecte de donn\u00e9es nous permet de cr\u00e9er des visites virtuelles impressionnantes mais \u00e9galement d\u2019int\u00e9grer des informations compl\u00e9mentaires comme par exemple des shops en ligne.<\/p>\n\n<p>Notre technologie de collecte de donn\u00e9es nous permet de cr\u00e9er des visites virtuelles impressionnantes mais \u00e9galement d\u2019int\u00e9grer des informations compl\u00e9mentaires comme par exemple des shops en ligne.<\/p>\n\n<p>Gr\u00e2ce \u00e0 cette solution innovante, il est d\u00e9sormais possible de faire de la publicit\u00e9 pour votre propre boutique ou exposition et de vendre en ligne une gamme s\u00e9lectionn\u00e9e de produits en m\u00eame temps.<\/p>\n\n<h2 class=\"wp-block-heading\">Mod\u00e9rateur + gamification<\/h2>\n\n<p>Laissez-nous \u00e9tendre votre visite Matterport 3D de mani\u00e8re interactive. Notre dernier outil permet \u00e0 diff\u00e9rents mod\u00e9rateurs de vous accompagner dans la visite interactive sous forme d&rsquo;avatars.<\/p>\n\n<p>Nous avons ainsi cr\u00e9\u00e9 une forme de gamification immersive. De toutes nouvelles possibilit\u00e9s de pr\u00e9sentations interactives, e-learning, pr\u00e9sentations de produits avec contr\u00f4le des connaissances.<\/p>\n\n<h2 class=\"wp-block-heading\">Mise en sc\u00e8ne virtuelle<\/h2>\n\n<p>Nous pouvons mettre en sc\u00e8ne, on appelle ceci home staging, votre visite 3D Matterport. Et cela de mani\u00e8re purement num\u00e9rique. Nous pouvons \u00e9diter les panoramas, installer des meubles, changez de sol et ajoutez m\u00eame des murs.<\/p>\n\n<p>Par home staging virtuel de votre tour 3D vous changez la sensation d\u2019espace. Vous transformez une maison en un domicile. Nous disposons biblioth\u00e8que en constante expansion.<\/p>\n\n<p>Vous pouvez choisir un style et nous pouvons concevoir la visite ou vous pouvez nous fournir un document de planification avec style et r\u00e9f\u00e9rences et nous adaptons votre visite 3D en cons\u00e9quence.<\/p>\n\n<p>Le home staging num\u00e9rique ne se limite pas \u00e0 l&rsquo;ajout virtuel de meubles. Nous pouvons changer les mat\u00e9riaux de rev\u00eatement de sol et les couleurs des murs et m\u00eame changer les int\u00e9rieurs entiers pour le mieux. L&rsquo;ajout de murs int\u00e9rieurs et, dans certains cas, le retrait de meubles existants peuvent \u00e9galement \u00eatre effectu\u00e9s.<\/p>\n\n<div class=\"wp-block-columns is-layout-flex wp-container-core-columns-is-layout-9d6595d7 wp-block-columns-is-layout-flex\">\n<div class=\"wp-block-column is-layout-flow wp-block-column-is-layout-flow\">\n<div class=\"wp-block-button alignright\"><a class=\"wp-block-button__link wp-element-button\" href=\"#beispiele\"><p><strong>D\u00e9couvrez nos exemples<\/strong><\/p><\/a><\/div>\n<\/div>\n\n\n\n<div class=\"wp-block-column is-layout-flow wp-block-column-is-layout-flow\">\n<div class=\"wp-block-button alignleft\"><a class=\"wp-block-button__link wp-element-button\" href=\"https:\/\/360-up.com\/fr\/demande-de-devis\/\"><p><strong>Envoyez votre demande<\/strong><\/p><\/a><\/div>\n<\/div>\n<\/div>\n\n<p>Nous sommes certifi\u00e9s Matterport Service Partners. Nous avons d\u00e9j\u00e0 scann\u00e9 plus de 150 000 m\u00e8tres carr\u00e9s dans nos points de service Matterport.<\/p>\n\n<h2 class=\"wp-block-heading\">Pourquoi les scans 3D Matterport de 360-up sont-elles si sp\u00e9ciaux ?<\/h2>\n\n<ul class=\"wp-block-list\">\n<li>360-up utilise 3 scanners 3D pour produire des visites virtuelles tr\u00e8s attrayantes avec entre autres nos \u00ab vue en maison de poup\u00e9e \u00bb<\/li>\n\n\n\n<li>En Allemagne, nous travaillons exclusivement avec le scanner Matterport Pro3 de derni\u00e8re g\u00e9n\u00e9ration<\/li>\n\n\n\n<li>Cette technologie de collecte de donn\u00e9es nous permet de cr\u00e9er des visites virtuelles impressionnantes mais \u00e9galement d\u2019installer et d\u2019int\u00e9grer des informations compl\u00e9mentaires comme par exemple des vid\u00e9os<\/li>\n\n\n\n<li>Nous pouvons g\u00e9n\u00e9rer des plans 2D \u00e0 partir de la collecte de donn\u00e9es num\u00e9ris\u00e9es et \u00e9galement de prendre des mesures dans la visite vue en 3D<\/li>\n\n\n\n<li>Les scans 3D constituent un excellent moyen de visualiser les lieux avec des visites guid\u00e9es automatis\u00e9es, des vid\u00e9os et des galeries d\u2019images<\/li>\n\n\n\n<li>En plus d\u2019\u00eatre utilis\u00e9s comme un outil marketing, ils peuvent \u00eatre utilis\u00e9s \u00e0 des fins de planification pour le secteur de l\u2019architecture<\/li>\n\n\n\n<li>360-up utilise les donn\u00e9es 3D du nuage de points pour obtenir des r\u00e9sultats exploitables en CAO<\/li>\n\n\n\n<li>Gr\u00e2ce au mat\u00e9riel et aux logiciels utilis\u00e9s, il est possible de mettre en \u0153uvre des t\u00e2ches telles que CAD to BIM<\/li>\n\n\n\n<li>Un traitement ult\u00e9rieur \u00e0 partir du fichier en format OBJ est possible<\/li>\n\n\n\n<li>360-up cr\u00e9e diff\u00e9rents types de pr\u00e9sentations \u00e0 partir des donn\u00e9es recueillies, par exemple, vues de dessus et vues lat\u00e9rales<\/li>\n\n\n\n<li>Les visites 3D sont accessibles via une URL, une adresse web, et un code d\u2019int\u00e9gration I-frame pour l\u2019installation sur d\u2019autres sites web<\/li>\n\n\n\n<li>Les scans 3D d\u2019immobilier, qu\u2019ils soient \u00e0 vendre ou \u00e0 louer, r\u00e9sidentiels ou commerciaux, peuvent \u00eatre int\u00e9gr\u00e9s directement dans les annonces immobili\u00e8res comme Immoscout24<\/li>\n<\/ul>\n\n<h2 class=\"wp-block-heading\" id=\"beispiele\">Exemples de visites + scans 3D par secteurs industriels<\/h2>\n<div class=\"front-recent clearfix referenzen\">\n        \n\t    \n        \t<div class=\"clearfix\">\n        \n    <article id=\"post-6403\" class=\"post-6403 post referenz\">\n    \t<div class=\"content-wrap\">\n    \t\t<header class=\"entry-header text-center\">\n    \t\t\t<h4>360-up virtual tour marketing | D\u00fcsseldorf<\/h2>\n    \t\t<\/header>\n    \t<\/div>\n    \n        <div class='square-box'>\n            <div class='square-content'  style=\"background-image:url('https:\/\/360-up.com\/wp-content\/uploads\/2021\/10\/360-up-Duesseldorf-ecommerce-1024x537.jpg')\" >\n            <\/div>\n    \t<\/div>\n    \n    \t<div class=\"entry-content\">\n    \t\t<div class=\"wp-block-button aligncenter\">\n    \t\t\t<a class=\"wp-block-button__link has-text-color has-very-dark-gray-color has-background has-luminous-vivid-amber-background-color xsmall-btn\" href=\"https:\/\/virtualtour.360-up.com\/tour\/360-up\" target=\"_blank\">\n        \t\t\t    \t\t\t\t<strong>regardez la visite<\/strong>\n    \t\t\t<\/a>\n\t\t\t<\/div>\n    \t<\/div>\n    \t\n\t\t<div class=\"text-center text-small kategorie\">\n\t\t\tMatterport, E-Commerce, Prestataires de services, Virtual Staging\t\t<\/div>\n    <\/article>\n        \n        \n\t    \n        \n    <article id=\"post-422\" class=\"post-422 post referenz\">\n    \t<div class=\"content-wrap\">\n    \t\t<header class=\"entry-header text-center\">\n    \t\t\t<h4>Brabus | Bottrop<\/h2>\n    \t\t<\/header>\n    \t<\/div>\n    \n        <div class='square-box'>\n            <div class='square-content'  style=\"background-image:url('https:\/\/360-up.com\/wp-content\/uploads\/2019\/12\/Matterport_3D_Scan_Brabus_Bottrop_360-up-1024x537.jpg')\" >\n            <\/div>\n    \t<\/div>\n    \n    \t<div class=\"entry-content\">\n    \t\t<div class=\"wp-block-button aligncenter\">\n    \t\t\t<a class=\"wp-block-button__link has-text-color has-very-dark-gray-color has-background has-luminous-vivid-amber-background-color xsmall-btn\" href=\"https:\/\/my.matterport.com\/show\/?m=774F6RoP4fd\" target=\"_blank\">\n        \t\t\t    \t\t\t\t<strong>regardez la visite<\/strong>\n    \t\t\t<\/a>\n\t\t\t<\/div>\n    \t<\/div>\n    \t\n\t\t<div class=\"text-center text-small kategorie\">\n\t\t\tMatterport, Prestataires de services, Industrie\t\t<\/div>\n    <\/article>\n        \n        \n\t    \n        \n    <article id=\"post-5953\" class=\"post-5953 post referenz\">\n    \t<div class=\"content-wrap\">\n    \t\t<header class=\"entry-header text-center\">\n    \t\t\t<h4>Douglas | Hamburg<\/h2>\n    \t\t<\/header>\n    \t<\/div>\n    \n        <div class='square-box'>\n            <div class='square-content'  style=\"background-image:url('https:\/\/360-up.com\/wp-content\/uploads\/2021\/01\/Matterport_3D_Scan_Douglas_Hamburg_360-up-1024x537.jpg')\" >\n            <\/div>\n    \t<\/div>\n    \n    \t<div class=\"entry-content\">\n    \t\t<div class=\"wp-block-button aligncenter\">\n    \t\t\t<a class=\"wp-block-button__link has-text-color has-very-dark-gray-color has-background has-luminous-vivid-amber-background-color xsmall-btn\" href=\"https:\/\/my.matterport.com\/show\/?m=fs2GrKDvovy\" target=\"_blank\">\n        \t\t\t    \t\t\t\t<strong>regardez la visite<\/strong>\n    \t\t\t<\/a>\n\t\t\t<\/div>\n    \t<\/div>\n    \t\n\t\t<div class=\"text-center text-small kategorie\">\n\t\t\tMatterport, Commerce de d\u00e9tail\t\t<\/div>\n    <\/article>\n        \n        \n\t    \t<\/div>\n        \n        \t<div class=\"clearfix\">\n        \n    <article id=\"post-8514\" class=\"post-8514 post referenz\">\n    \t<div class=\"content-wrap\">\n    \t\t<header class=\"entry-header text-center\">\n    \t\t\t<h4>Furgok Campervans | D\u00fcsseldorf<\/h2>\n    \t\t<\/header>\n    \t<\/div>\n    \n        <div class='square-box'>\n            <div class='square-content'  style=\"background-image:url('https:\/\/360-up.com\/wp-content\/uploads\/2025\/09\/Matterport_3D_Scan_Furgok_Campervans_Orikain_360-up-1024x537.jpg')\" >\n            <\/div>\n    \t<\/div>\n    \n    \t<div class=\"entry-content\">\n    \t\t<div class=\"wp-block-button aligncenter\">\n    \t\t\t<a class=\"wp-block-button__link has-text-color has-very-dark-gray-color has-background has-luminous-vivid-amber-background-color xsmall-btn\" href=\"https:\/\/my.matterport.com\/show\/?m=z35munDMWhG\" target=\"_blank\">\n        \t\t\t    \t\t\t\t<strong>regardez la visite<\/strong>\n    \t\t\t<\/a>\n\t\t\t<\/div>\n    \t<\/div>\n    \t\n\t\t<div class=\"text-center text-small kategorie\">\n\t\t\tMatterport, Expositions, Commerce de v\u00e9hicules\t\t<\/div>\n    <\/article>\n        \n        \n\t    \n        \n    <article id=\"post-8427\" class=\"post-8427 post referenz\">\n    \t<div class=\"content-wrap\">\n    \t\t<header class=\"entry-header text-center\">\n    \t\t\t<h4>Giardini del Fuenti | Vietri sul Mare<\/h2>\n    \t\t<\/header>\n    \t<\/div>\n    \n        <div class='square-box'>\n            <div class='square-content'  style=\"background-image:url('https:\/\/360-up.com\/wp-content\/uploads\/2025\/06\/Matterport_3D_Scan_Giardini_del-fuenti_salerno_costiera_amalfitana_360-up-1024x537.jpg')\" >\n            <\/div>\n    \t<\/div>\n    \n    \t<div class=\"entry-content\">\n    \t\t<div class=\"wp-block-button aligncenter\">\n    \t\t\t<a class=\"wp-block-button__link has-text-color has-very-dark-gray-color has-background has-luminous-vivid-amber-background-color xsmall-btn\" href=\"https:\/\/virtualtour.360-up.com\/tour\/giardini-del-fuenti-costiera-amalfitana\" target=\"_blank\">\n        \t\t\t    \t\t\t\t<strong>regardez la visite<\/strong>\n    \t\t\t<\/a>\n\t\t\t<\/div>\n    \t<\/div>\n    \t\n\t\t<div class=\"text-center text-small kategorie\">\n\t\t\tMatterport, Salles d&rsquo;\u00e9v\u00e9nement, Restaurants, Tourisme, Virtual Staging\t\t<\/div>\n    <\/article>\n        \n        \n\t    \n        \n    <article id=\"post-6986\" class=\"post-6986 post referenz\">\n    \t<div class=\"content-wrap\">\n    \t\t<header class=\"entry-header text-center\">\n    \t\t\t<h4>Mentor Pr\u00e4zisionsteile | Erkrath<\/h2>\n    \t\t<\/header>\n    \t<\/div>\n    \n        <div class='square-box'>\n            <div class='square-content'  style=\"background-image:url('https:\/\/360-up.com\/wp-content\/uploads\/2022\/03\/Matterport_3D_Scan_Mentor-Praezisionsteile_Erkrath_360-up-1024x537.jpg')\" >\n            <\/div>\n    \t<\/div>\n    \n    \t<div class=\"entry-content\">\n    \t\t<div class=\"wp-block-button aligncenter\">\n    \t\t\t<a class=\"wp-block-button__link has-text-color has-very-dark-gray-color has-background has-luminous-vivid-amber-background-color xsmall-btn\" href=\"https:\/\/virtualtour.360-up.com\/tour\/mentor-erkrath\" target=\"_blank\">\n        \t\t\t    \t\t\t\t<strong>regardez la visite<\/strong>\n    \t\t\t<\/a>\n\t\t\t<\/div>\n    \t<\/div>\n    \t\n\t\t<div class=\"text-center text-small kategorie\">\n\t\t\tMatterport, Industrie, Virtual Staging\t\t<\/div>\n    <\/article>\n        \n        \n\t    \t<\/div>\n        \n        \t<div class=\"clearfix\">\n        \n    <article id=\"post-8164\" class=\"post-8164 post referenz\">\n    \t<div class=\"content-wrap\">\n    \t\t<header class=\"entry-header text-center\">\n    \t\t\t<h4>Radisson Blu Hotel | Mannheim<\/h2>\n    \t\t<\/header>\n    \t<\/div>\n    \n        <div class='square-box'>\n            <div class='square-content'  style=\"background-image:url('https:\/\/360-up.com\/wp-content\/uploads\/2024\/11\/Matterport_3D_Scan_Radisson-Blu-Hotel_Mannheim_360-up-1024x537.jpg')\" >\n            <\/div>\n    \t<\/div>\n    \n    \t<div class=\"entry-content\">\n    \t\t<div class=\"wp-block-button aligncenter\">\n    \t\t\t<a class=\"wp-block-button__link has-text-color has-very-dark-gray-color has-background has-luminous-vivid-amber-background-color xsmall-btn\" href=\"https:\/\/my.matterport.com\/show\/?m=xDF1KbKAo1h\" target=\"_blank\">\n        \t\t\t    \t\t\t\t<strong>regardez la visite<\/strong>\n    \t\t\t<\/a>\n\t\t\t<\/div>\n    \t<\/div>\n    \t\n\t\t<div class=\"text-center text-small kategorie\">\n\t\t\tMatterport, Salles d&rsquo;\u00e9v\u00e9nement, H\u00f4tels, Restaurants, Virtual Staging\t\t<\/div>\n    <\/article>\n        \n        \n\t    \n        \n    <article id=\"post-8293\" class=\"post-8293 post referenz\">\n    \t<div class=\"content-wrap\">\n    \t\t<header class=\"entry-header text-center\">\n    \t\t\t<h4>Roca | Frankfurt<\/h2>\n    \t\t<\/header>\n    \t<\/div>\n    \n        <div class='square-box'>\n            <div class='square-content'  style=\"background-image:url('https:\/\/360-up.com\/wp-content\/uploads\/2025\/04\/Matterport_3D_Scan_Roca_360-up-1024x537.jpg')\" >\n            <\/div>\n    \t<\/div>\n    \n    \t<div class=\"entry-content\">\n    \t\t<div class=\"wp-block-button aligncenter\">\n    \t\t\t<a class=\"wp-block-button__link has-text-color has-very-dark-gray-color has-background has-luminous-vivid-amber-background-color xsmall-btn\" href=\"https:\/\/virtualtour.360-up.com\/tour\/roca-ish-2025\" target=\"_blank\">\n        \t\t\t    \t\t\t\t<strong>regardez la visite<\/strong>\n    \t\t\t<\/a>\n\t\t\t<\/div>\n    \t<\/div>\n    \t\n\t\t<div class=\"text-center text-small kategorie\">\n\t\t\tMatterport, Expositions, Commerce de d\u00e9tail, Industrie, Virtual Staging\t\t<\/div>\n    <\/article>\n        \n        \n\t    \n        \n    <article id=\"post-7245\" class=\"post-7245 post referenz\">\n    \t<div class=\"content-wrap\">\n    \t\t<header class=\"entry-header text-center\">\n    \t\t\t<h4>Zentrum f\u00fcr Digitalisierung | D\u00fcsseldorf<\/h2>\n    \t\t<\/header>\n    \t<\/div>\n    \n        <div class='square-box'>\n            <div class='square-content'  style=\"background-image:url('https:\/\/360-up.com\/wp-content\/uploads\/2022\/09\/Matterport_3D_Scan_Zentrum-Digitalisierung-Duesseldorf_360-up-1-1024x537.jpg')\" >\n            <\/div>\n    \t<\/div>\n    \n    \t<div class=\"entry-content\">\n    \t\t<div class=\"wp-block-button aligncenter\">\n    \t\t\t<a class=\"wp-block-button__link has-text-color has-very-dark-gray-color has-background has-luminous-vivid-amber-background-color xsmall-btn\" href=\"https:\/\/virtualtour.360-up.com\/tour\/lavalabsduesseldorf\" target=\"_blank\">\n        \t\t\t    \t\t\t\t<strong>regardez la visite<\/strong>\n    \t\t\t<\/a>\n\t\t\t<\/div>\n    \t<\/div>\n    \t\n\t\t<div class=\"text-center text-small kategorie\">\n\t\t\tMatterport, Prestataires de services, Virtual Staging\t\t<\/div>\n    <\/article>\n        \n        <\/div><!--  ee -->\n<\/div>\n\n<div style=\"height:40px\" aria-hidden=\"true\" class=\"wp-block-spacer\"><\/div>\n\n<div class=\"wp-block-button aligncenter\"><a class=\"wp-block-button__link has-very-dark-gray-color has-luminous-vivid-amber-background-color has-text-color has-background wp-element-button\" href=\"https:\/\/360-up.com\/fr\/projets-mis-en-oeuvre\/\"><p><strong>D\u00e9couvrez tous nos exemples<\/strong><\/p><\/a><\/div>\n","protected":false},"excerpt":{"rendered":"<p>La meilleure fa\u00e7on de se trouver en immersion dans une visite virtuelle. Avec l\u2019aide de la num\u00e9risation 3D, nous cr\u00e9ons un espace intuitif en trois dimensions auquel les utilisateurs peuvent acc\u00e9der et se d\u00e9placer avec n\u2019importe quel type d\u2019appareil. La visite 3D commence par la&hellip; <a class=\"read-more\" href=\"https:\/\/360-up.com\/fr\/3d-scans-matterport\/\">Read more<\/a><\/p>\n","protected":false},"author":3,"featured_media":0,"parent":0,"menu_order":0,"comment_status":"closed","ping_status":"closed","template":"","meta":{"_acf_changed":false,"footnotes":""},"class_list":["post-4958","page","type-page","status-publish","hentry"],"acf":[],"_links":{"self":[{"href":"https:\/\/360-up.com\/fr\/wp-json\/wp\/v2\/pages\/4958","targetHints":{"allow":["GET"]}}],"collection":[{"href":"https:\/\/360-up.com\/fr\/wp-json\/wp\/v2\/pages"}],"about":[{"href":"https:\/\/360-up.com\/fr\/wp-json\/wp\/v2\/types\/page"}],"author":[{"embeddable":true,"href":"https:\/\/360-up.com\/fr\/wp-json\/wp\/v2\/users\/3"}],"replies":[{"embeddable":true,"href":"https:\/\/360-up.com\/fr\/wp-json\/wp\/v2\/comments?post=4958"}],"version-history":[{"count":3,"href":"https:\/\/360-up.com\/fr\/wp-json\/wp\/v2\/pages\/4958\/revisions"}],"predecessor-version":[{"id":8939,"href":"https:\/\/360-up.com\/fr\/wp-json\/wp\/v2\/pages\/4958\/revisions\/8939"}],"wp:attachment":[{"href":"https:\/\/360-up.com\/fr\/wp-json\/wp\/v2\/media?parent=4958"}],"curies":[{"name":"wp","href":"https:\/\/api.w.org\/{rel}","templated":true}]}}