{"id":4948,"date":"2020-05-15T12:19:40","date_gmt":"2020-05-15T10:19:40","guid":{"rendered":"https:\/\/360-up.com\/visites-google\/"},"modified":"2025-12-22T10:22:27","modified_gmt":"2025-12-22T09:22:27","slug":"visites-google","status":"publish","type":"page","link":"https:\/\/360-up.com\/fr\/visites-google\/","title":{"rendered":"Visites Google"},"content":{"rendered":"\n<p>Une visite virtuelle directement li\u00e9e \u00e0 votre profil Google MyBusiness. Les utilisateurs peuvent passer du moteur de recherche Google directement dans vos locaux et visiter vos locaux. Faites partie de ce listing incontournable pour pr\u00e9senter votre offre au monde entier.<\/p>\n\n<figure class=\"wp-block-image size-large\"><a href=\"https:\/\/earth.google.com\/earth\/d\/1gLkCWHFutl2zniiE7D_ueBJlf19-v1Ka?usp=sharing\" target=\"_blank\" rel=\"noopener\"><img loading=\"lazy\" decoding=\"async\" width=\"1024\" height=\"778\" src=\"https:\/\/360-up.com\/wp-content\/uploads\/2025\/12\/Projekte-360-up.com_-1024x778.jpg\" alt=\"\" class=\"wp-image-8732\"\/><\/a><\/figure>\n\n<p>Optimisez votre ranking Google MyBusiness. Ceci est une \u00e9tape tr\u00e8s importante dans votre r\u00e9f\u00e9rencement car moins de la moiti\u00e9 de toutes les recherches conduisent les clients vers le site web de l\u2019entreprise.<\/p>\n\n<div class=\"wp-block-columns is-layout-flex wp-container-core-columns-is-layout-9d6595d7 wp-block-columns-is-layout-flex\">\n<div class=\"wp-block-column is-layout-flow wp-block-column-is-layout-flow\">\n<div class=\"wp-block-button alignright\"><a class=\"wp-block-button__link has-very-dark-gray-color has-luminous-vivid-amber-background-color has-text-color has-background wp-element-button\" href=\"#beispiele\"> <strong>D\u00e9couvrez nos exemples<\/strong> <\/a><\/div>\n<\/div>\n\n\n\n<div class=\"wp-block-column is-layout-flow wp-block-column-is-layout-flow\">\n<div class=\"wp-block-button alignleft\"><a class=\"wp-block-button__link has-very-dark-gray-color has-luminous-vivid-amber-background-color has-text-color has-background wp-element-button\" href=\"https:\/\/360-up.com\/fr\/demande-de-devis\/\"> <strong>Envoyez votre demande<\/strong><\/a><\/div>\n<\/div>\n<\/div>\n\n<p>Les visites Google Street View se composent de panoramas 360\u00b0 reli\u00e9s entre eux par des hotspots qui en font une visite interactive. La visite est directement int\u00e9gr\u00e9e dans votre profil Google MyBusiness. Une enqu\u00eate ind\u00e9pendante a montr\u00e9 que 44% des recherches effectu\u00e9es sur une entreprise sp\u00e9cifique utilisent un produit de cartographie comme Google Maps. Environ 41% de ces recherches donnent lieu \u00e0 une visite sur place. Les annuaires professionnels proposant des photos et une visite virtuelle sont deux fois plus susceptibles d\u2019attirer l\u2019int\u00e9r\u00eat des utilisateurs.&#13;\n&#13;\nVoici les r\u00e9sultats d&rsquo;une enqu\u00eate ind\u00e9pendante r\u00e9alis\u00e9e par <a href=\"https:\/\/360-up.com\/wp-content\/uploads\/2020\/02\/how-advertisers-can-extend-their-relevance-with-search_research-studies-360-up.pdf\" target=\"_blank\" rel=\"noreferrer noopener\" aria-label=\"Ipsos (&#xF6;ffnet in neuem Tab)\">Ipsos<\/a>. <a href=\"https:\/\/360-up.com\/wp-content\/uploads\/2020\/02\/Power-of-maps-listings-360-up.pdf\" target=\"_blank\" rel=\"noreferrer noopener\" aria-label=\"Oxera (&#xF6;ffnet in neuem Tab)\">L&rsquo;\u00e9tude Oxera<\/a> donne un meilleur aper\u00e7u du r\u00e9sultat des taux de conversion. Une <a href=\"https:\/\/360-up.com\/wp-content\/uploads\/2020\/02\/Google_Business_View_Fallstudie_Einzelhandel_360-up.pdf\" target=\"_blank\" rel=\"noreferrer noopener\" aria-label=\"Fallstudie Einzelhandel (&#xF6;ffnet in neuem Tab)\">\u00e9tude de cas du commerce de d\u00e9tail<\/a> et visites Google a \u00e9t\u00e9 publi\u00e9e en 2014. Vous pouvez \u00e9galement t\u00e9l\u00e9charger une <a href=\"https:\/\/360-up.com\/wp-content\/uploads\/2020\/02\/Google_Business_View_Fallstudie_Gastronomie_360-up.pdf\" target=\"_blank\" rel=\"noreferrer noopener\" aria-label=\"Fallstudie Gastronomie (&#xF6;ffnet in neuem Tab)\">\u00e9tude de cas de la gastronomie <\/a> et une <a href=\"https:\/\/360-up.com\/wp-content\/uploads\/2020\/02\/Google_Business_View_Fallstudie_Produktionsbetrieb_360-up.pdf\" target=\"_blank\" rel=\"noreferrer noopener\" aria-label=\"Fallstudie Produktionsbetrieb (&#xF6;ffnet in neuem Tab)\">\u00e9tude de cas site de production<\/a>.<\/p>\n\n<h2 class=\"wp-block-heading\">Pourquoi les visites Google de 360-up sont-elles si sp\u00e9ciales ?<\/h2>\n\n<ul class=\"wp-block-list\">\n<li>Le fondateur de 360-up, Marcus Mitter, est l\u2019un des premiers photographes sp\u00e9cialis\u00e9s dans les prises de vue panoramiques \u00e0 avoir \u00e9t\u00e9 contact\u00e9 par Google et est actif depuis le d\u00e9but<\/li>\n\n\n\n<li>Il a d\u00e9j\u00e0 re\u00e7u deux Google Business View Awards<\/li>\n\n\n\n<li>Marcus a publi\u00e9 plus de 14.000 images panoramiques pour enviro 450 entreprises, y compris \u00e0 la commande de Google<\/li>\n\n\n\n<li>Ces visites Google ont \u00e9t\u00e9 vues plus de 125 millions de fois <\/li>\n\n\n\n<li>Les visites Google produites par 360-up sont la garantie pour votre entreprise d\u2019am\u00e9liorer consid\u00e9rablement sa visibilit\u00e9 \u00e0 travers tous les services de Google<\/li>\n\n\n\n<li>Tout ce que vous avez \u00e0 faire est de nous contacter et d\u2019accueillir notre photographe dans vos locaux<\/li>\n\n\n\n<li>Quelques jours plus tard, votre visite virtuelle sera int\u00e9gr\u00e9e dans votre profil MyBusiness, dans les moteurs de recherche Google, Maps et Google Earth<\/li>\n\n\n\n<li>Il est \u00e9videmment pr\u00e9f\u00e9rable de fournir aux utilisateurs un contenu commercial appropri\u00e9 car les entreprises ayant fait le choix de la visite virtuelle sont sont affich\u00e9es de mani\u00e8re plus visible sur les services Google<\/li>\n\n\n\n<li>Plus de la moiti\u00e9 des recherches sur Google ne m\u00e8nent plus \u00e0 des sites Web car le contenu est directement affich\u00e9 dans les r\u00e9sultats de recherche<\/li>\n\n\n\n<li>L\u2019excellente qualit\u00e9 professionnelle permet d\u2019utiliser les panoramas de la visite Google pour en faire de diaporamas 360\u00b0<\/li>\n\n\n\n<li>Les panoramas de la visite Google peuvent \u00e9galement \u00eatre utilis\u00e9s avec des lunettes de r\u00e9alit\u00e9 virtuelle professionnelles 360-up hors ligne et ce jusqu\u2019\u00e0 une r\u00e9solution 4K<\/li>\n\n\n\n<li>Les panoramas produits par 360-up peuvent \u00e9galement \u00eatre visualis\u00e9s jusqu\u2019\u00e0 8K et utilis\u00e9s de mani\u00e8re interactive sur des \u00e9crans tactiles<\/li>\n<\/ul>\n\n<h2 class=\"wp-block-heading\" id=\"beispiele\">Exemples de visites Google par secteurs industriels<\/h2>\n<div class=\"front-recent clearfix referenzen\">\n        \n\t    \n        \t<div class=\"clearfix\">\n        \n    <article id=\"post-7994\" class=\"post-7994 post referenz\">\n    \t<div class=\"content-wrap\">\n    \t\t<header class=\"entry-header text-center\">\n    \t\t\t<h4>Ashkiyoun Gallery | D\u00fcsseldorf<\/h2>\n    \t\t<\/header>\n    \t<\/div>\n    \n        <div class='square-box'>\n            <div class='square-content'  style=\"background-image:url('https:\/\/360-up.com\/wp-content\/uploads\/2024\/07\/Ashkiyoun-Gallery-Duesseldorf-360-up-1024x537.jpg')\" >\n            <\/div>\n    \t<\/div>\n    \n    \t<div class=\"entry-content\">\n    \t\t<div class=\"wp-block-button aligncenter\">\n    \t\t\t<a class=\"wp-block-button__link has-text-color has-very-dark-gray-color has-background has-luminous-vivid-amber-background-color xsmall-btn\" href=\"https:\/\/maps.app.goo.gl\/BkoPT8kkkXoVpxDv7\" target=\"_blank\">\n        \t\t\t    \t\t\t\t<strong>regardez la visite<\/strong>\n    \t\t\t<\/a>\n\t\t\t<\/div>\n    \t<\/div>\n    \t\n\t\t<div class=\"text-center text-small kategorie\">\n\t\t\tVisites Google Street View, Expositions, Commerce de d\u00e9tail\t\t<\/div>\n    <\/article>\n        \n        \n\t    \n        \n    <article id=\"post-7295\" class=\"post-7295 post referenz\">\n    \t<div class=\"content-wrap\">\n    \t\t<header class=\"entry-header text-center\">\n    \t\t\t<h4>Aquamagis | Plettenberg<\/h2>\n    \t\t<\/header>\n    \t<\/div>\n    \n        <div class='square-box'>\n            <div class='square-content'  style=\"background-image:url('https:\/\/360-up.com\/wp-content\/uploads\/2022\/11\/Google_Street_View_Trusted_AquaMagis_Plettenberg_360-up-1024x490.jpg')\" >\n            <\/div>\n    \t<\/div>\n    \n    \t<div class=\"entry-content\">\n    \t\t<div class=\"wp-block-button aligncenter\">\n    \t\t\t<a class=\"wp-block-button__link has-text-color has-very-dark-gray-color has-background has-luminous-vivid-amber-background-color xsmall-btn\" href=\"https:\/\/maps.app.goo.gl\/daEbqGF6irJimicb8\" target=\"_blank\">\n        \t\t\t    \t\t\t\t<strong>regardez la visite<\/strong>\n    \t\t\t<\/a>\n\t\t\t<\/div>\n    \t<\/div>\n    \t\n\t\t<div class=\"text-center text-small kategorie\">\n\t\t\tVisites Google Street View, Prestataires de services, Tourisme\t\t<\/div>\n    <\/article>\n        \n        \n\t    \n        \n    <article id=\"post-7594\" class=\"post-7594 post referenz\">\n    \t<div class=\"content-wrap\">\n    \t\t<header class=\"entry-header text-center\">\n    \t\t\t<h4>Bulle B\u00e4ckerei | D\u00fcsseldorf<\/h2>\n    \t\t<\/header>\n    \t<\/div>\n    \n        <div class='square-box'>\n            <div class='square-content'  style=\"background-image:url('https:\/\/360-up.com\/wp-content\/uploads\/2023\/04\/Bulle_Baeckerei_Duesseldorf_360-up-1-1024x558.jpg')\" >\n            <\/div>\n    \t<\/div>\n    \n    \t<div class=\"entry-content\">\n    \t\t<div class=\"wp-block-button aligncenter\">\n    \t\t\t<a class=\"wp-block-button__link has-text-color has-very-dark-gray-color has-background has-luminous-vivid-amber-background-color xsmall-btn\" href=\"https:\/\/maps.app.goo.gl\/BCFdGJy3DyxLqBWU9\" target=\"_blank\">\n        \t\t\t    \t\t\t\t<strong>regardez la visite<\/strong>\n    \t\t\t<\/a>\n\t\t\t<\/div>\n    \t<\/div>\n    \t\n\t\t<div class=\"text-center text-small kategorie\">\n\t\t\tVisites Google Street View, Prestataires de services, Commerce de d\u00e9tail\t\t<\/div>\n    <\/article>\n        \n        \n\t    \t<\/div>\n        \n        \t<div class=\"clearfix\">\n        \n    <article id=\"post-1291\" class=\"post-1291 post referenz\">\n    \t<div class=\"content-wrap\">\n    \t\t<header class=\"entry-header text-center\">\n    \t\t\t<h4>Dr. Hans Riegel-Stiftung | Bonn<\/h2>\n    \t\t<\/header>\n    \t<\/div>\n    \n        <div class='square-box'>\n            <div class='square-content'  style=\"background-image:url('https:\/\/360-up.com\/wp-content\/uploads\/2019\/12\/touch-tomorrow-dr-hans-riegel-stiftung-bonn-1-1024x537.jpg')\" >\n            <\/div>\n    \t<\/div>\n    \n    \t<div class=\"entry-content\">\n    \t\t<div class=\"wp-block-button aligncenter\">\n    \t\t\t<a class=\"wp-block-button__link has-text-color has-very-dark-gray-color has-background has-luminous-vivid-amber-background-color xsmall-btn\" href=\"https:\/\/maps.app.goo.gl\/sq3uQCGVdBB9n6QQ7\" target=\"_blank\">\n        \t\t\t    \t\t\t\t<strong>regardez la visite<\/strong>\n    \t\t\t<\/a>\n\t\t\t<\/div>\n    \t<\/div>\n    \t\n\t\t<div class=\"text-center text-small kategorie\">\n\t\t\tVisites Google Street View, Expositions, Prestataires de services, Salles d&rsquo;\u00e9v\u00e9nement\t\t<\/div>\n    <\/article>\n        \n        \n\t    \n        \n    <article id=\"post-621\" class=\"post-621 post referenz\">\n    \t<div class=\"content-wrap\">\n    \t\t<header class=\"entry-header text-center\">\n    \t\t\t<h4>Foto Studio | Duisburg<\/h2>\n    \t\t<\/header>\n    \t<\/div>\n    \n        <div class='square-box'>\n            <div class='square-content'  style=\"background-image:url('https:\/\/360-up.com\/wp-content\/uploads\/2019\/12\/Google-Street-View-Trusted-Foto-Studio-Gruppe-C-Duisburg-1024x558.jpg')\" >\n            <\/div>\n    \t<\/div>\n    \n    \t<div class=\"entry-content\">\n    \t\t<div class=\"wp-block-button aligncenter\">\n    \t\t\t<a class=\"wp-block-button__link has-text-color has-very-dark-gray-color has-background has-luminous-vivid-amber-background-color xsmall-btn\" href=\"https:\/\/maps.app.goo.gl\/2fU65QKPPa8AkG3t6\" target=\"_blank\">\n        \t\t\t    \t\t\t\t<strong>regardez la visite<\/strong>\n    \t\t\t<\/a>\n\t\t\t<\/div>\n    \t<\/div>\n    \t\n\t\t<div class=\"text-center text-small kategorie\">\n\t\t\tVisites Google Street View, Prestataires de services\t\t<\/div>\n    <\/article>\n        \n        \n\t    \n        \n    <article id=\"post-7987\" class=\"post-7987 post referenz\">\n    \t<div class=\"content-wrap\">\n    \t\t<header class=\"entry-header text-center\">\n    \t\t\t<h4>Haus Meer | Meerbusch<\/h2>\n    \t\t<\/header>\n    \t<\/div>\n    \n        <div class='square-box'>\n            <div class='square-content'  style=\"background-image:url('https:\/\/360-up.com\/wp-content\/uploads\/2024\/07\/Haus_Meer_Meerbusch_360-up-1024x537.jpg')\" >\n            <\/div>\n    \t<\/div>\n    \n    \t<div class=\"entry-content\">\n    \t\t<div class=\"wp-block-button aligncenter\">\n    \t\t\t<a class=\"wp-block-button__link has-text-color has-very-dark-gray-color has-background has-luminous-vivid-amber-background-color xsmall-btn\" href=\"https:\/\/maps.app.goo.gl\/RvSTPG4X6sKLkHfw5\" target=\"_blank\">\n        \t\t\t    \t\t\t\t<strong>regardez la visite<\/strong>\n    \t\t\t<\/a>\n\t\t\t<\/div>\n    \t<\/div>\n    \t\n\t\t<div class=\"text-center text-small kategorie\">\n\t\t\tVisites Google Street View, Restaurants\t\t<\/div>\n    <\/article>\n        \n        \n\t    \t<\/div>\n        \n        \t<div class=\"clearfix\">\n        \n    <article id=\"post-931\" class=\"post-931 post referenz\">\n    \t<div class=\"content-wrap\">\n    \t\t<header class=\"entry-header text-center\">\n    \t\t\t<h4>Maranello Motors | K\u00f6ln<\/h2>\n    \t\t<\/header>\n    \t<\/div>\n    \n        <div class='square-box'>\n            <div class='square-content'  style=\"background-image:url('https:\/\/360-up.com\/wp-content\/uploads\/2019\/12\/Google_Street_View_Trusted_Maranello_Motors_Ferrari_Koeln_360-up-1024x490.jpg')\" >\n            <\/div>\n    \t<\/div>\n    \n    \t<div class=\"entry-content\">\n    \t\t<div class=\"wp-block-button aligncenter\">\n    \t\t\t<a class=\"wp-block-button__link has-text-color has-very-dark-gray-color has-background has-luminous-vivid-amber-background-color xsmall-btn\" href=\"https:\/\/maps.app.goo.gl\/5XCRRTTgV6y1M2P58\" target=\"_blank\">\n        \t\t\t    \t\t\t\t<strong>regardez la visite<\/strong>\n    \t\t\t<\/a>\n\t\t\t<\/div>\n    \t<\/div>\n    \t\n\t\t<div class=\"text-center text-small kategorie\">\n\t\t\tVisites Google Street View, Commerce de v\u00e9hicules\t\t<\/div>\n    <\/article>\n        \n        \n\t    \n        \n    <article id=\"post-1220\" class=\"post-1220 post referenz\">\n    \t<div class=\"content-wrap\">\n    \t\t<header class=\"entry-header text-center\">\n    \t\t\t<h4>St\u00e4dtische Kliniken | M\u00f6nchengladbach<\/h2>\n    \t\t<\/header>\n    \t<\/div>\n    \n        <div class='square-box'>\n            <div class='square-content'  style=\"background-image:url('https:\/\/360-up.com\/wp-content\/uploads\/2019\/12\/Google_Street_View_Trusted_Staedtische_Kliniken_Moenchengladbach_Elisabeth_Krankenhaus_Rheydt_360-up-1024x490.jpg')\" >\n            <\/div>\n    \t<\/div>\n    \n    \t<div class=\"entry-content\">\n    \t\t<div class=\"wp-block-button aligncenter\">\n    \t\t\t<a class=\"wp-block-button__link has-text-color has-very-dark-gray-color has-background has-luminous-vivid-amber-background-color xsmall-btn\" href=\"https:\/\/maps.app.goo.gl\/hQPh7rzPjrZ3kqpH8\" target=\"_blank\">\n        \t\t\t    \t\t\t\t<strong>regardez la visite<\/strong>\n    \t\t\t<\/a>\n\t\t\t<\/div>\n    \t<\/div>\n    \t\n\t\t<div class=\"text-center text-small kategorie\">\n\t\t\tVisites Google Street View, H\u00f4pitaux\t\t<\/div>\n    <\/article>\n        \n        \n\t    \n        \n    <article id=\"post-725\" class=\"post-725 post referenz\">\n    \t<div class=\"content-wrap\">\n    \t\t<header class=\"entry-header text-center\">\n    \t\t\t<h4>The Wellem by Hyatt | D\u00fcsseldorf<\/h2>\n    \t\t<\/header>\n    \t<\/div>\n    \n        <div class='square-box'>\n            <div class='square-content'  style=\"background-image:url('https:\/\/360-up.com\/wp-content\/uploads\/2019\/12\/Google_Street_View_Trusted_Hyatt_House_Andreas_Quartier_Duesseldorf_360-up-1024x490.jpg')\" >\n            <\/div>\n    \t<\/div>\n    \n    \t<div class=\"entry-content\">\n    \t\t<div class=\"wp-block-button aligncenter\">\n    \t\t\t<a class=\"wp-block-button__link has-text-color has-very-dark-gray-color has-background has-luminous-vivid-amber-background-color xsmall-btn\" href=\"https:\/\/maps.app.goo.gl\/FkEwZcrN3VGcQ4dQ6\" target=\"_blank\">\n        \t\t\t    \t\t\t\t<strong>regardez la visite<\/strong>\n    \t\t\t<\/a>\n\t\t\t<\/div>\n    \t<\/div>\n    \t\n\t\t<div class=\"text-center text-small kategorie\">\n\t\t\tVisites Google Street View, H\u00f4tels\t\t<\/div>\n    <\/article>\n        \n        <\/div><!--  ee -->\n<\/div>\n\n<div style=\"height:40px\" aria-hidden=\"true\" class=\"wp-block-spacer\"><\/div>\n\n<div class=\"wp-block-button aligncenter\"><a class=\"wp-block-button__link has-very-dark-gray-color has-luminous-vivid-amber-background-color has-text-color has-background wp-element-button\" href=\"https:\/\/360-up.com\/fr\/projets-mis-en-oeuvre\/\"> <strong>D\u00e9couvrez tous nos exemples<\/strong> <\/a><\/div>\n","protected":false},"excerpt":{"rendered":"<p>Une visite virtuelle directement li\u00e9e \u00e0 votre profil Google MyBusiness. Les utilisateurs peuvent passer du moteur de recherche Google directement dans vos locaux et visiter vos locaux. Faites partie de ce listing incontournable pour pr\u00e9senter votre offre au monde entier. Optimisez votre ranking Google MyBusiness.&hellip; <a class=\"read-more\" href=\"https:\/\/360-up.com\/fr\/visites-google\/\">Read more<\/a><\/p>\n","protected":false},"author":3,"featured_media":0,"parent":0,"menu_order":0,"comment_status":"closed","ping_status":"closed","template":"","meta":{"_acf_changed":false,"footnotes":""},"class_list":["post-4948","page","type-page","status-publish","hentry"],"acf":[],"_links":{"self":[{"href":"https:\/\/360-up.com\/fr\/wp-json\/wp\/v2\/pages\/4948","targetHints":{"allow":["GET"]}}],"collection":[{"href":"https:\/\/360-up.com\/fr\/wp-json\/wp\/v2\/pages"}],"about":[{"href":"https:\/\/360-up.com\/fr\/wp-json\/wp\/v2\/types\/page"}],"author":[{"embeddable":true,"href":"https:\/\/360-up.com\/fr\/wp-json\/wp\/v2\/users\/3"}],"replies":[{"embeddable":true,"href":"https:\/\/360-up.com\/fr\/wp-json\/wp\/v2\/comments?post=4948"}],"version-history":[{"count":3,"href":"https:\/\/360-up.com\/fr\/wp-json\/wp\/v2\/pages\/4948\/revisions"}],"predecessor-version":[{"id":8845,"href":"https:\/\/360-up.com\/fr\/wp-json\/wp\/v2\/pages\/4948\/revisions\/8845"}],"wp:attachment":[{"href":"https:\/\/360-up.com\/fr\/wp-json\/wp\/v2\/media?parent=4948"}],"curies":[{"name":"wp","href":"https:\/\/api.w.org\/{rel}","templated":true}]}}