{"id":4942,"date":"2020-05-15T10:41:46","date_gmt":"2020-05-15T08:41:46","guid":{"rendered":"https:\/\/360-up.com\/visites-virtuelles-avec-systeme-de-gestion-de-contenu\/"},"modified":"2026-01-10T18:05:28","modified_gmt":"2026-01-10T17:05:28","slug":"visites-virtuelles-avec-systeme-de-gestion-de-contenu","status":"publish","type":"page","link":"https:\/\/360-up.com\/fr\/visites-virtuelles-avec-systeme-de-gestion-de-contenu\/","title":{"rendered":"Visites virtuelles avec syst\u00e8me de gestion de contenu"},"content":{"rendered":"\n<p>Une visite virtuelle se compose de panoramas \u00e0 360 degr\u00e9s qui reli\u00e9s entre eux par des hotspots permettent de se d\u00e9placer dans une visite interactive. Images, vid\u00e9os et informations vari\u00e9es transforment la visite virtuelle en une exp\u00e9rience multim\u00e9dia m\u00e9morable. <\/p>\n\n\n\n<figure class=\"wp-block-image size-large\"><a href=\"https:\/\/earth.google.com\/earth\/d\/1pqBStdCU8PqojUiFa1nYNfvu7RaTV5AD?usp=sharing\" target=\"_blank\" rel=\"noopener\"><img loading=\"lazy\" decoding=\"async\" width=\"1024\" height=\"778\" src=\"https:\/\/360-up.com\/wp-content\/uploads\/2025\/12\/Projekte-360-up.com_-1024x778.jpg\" alt=\"\" class=\"wp-image-8734\" srcset=\"https:\/\/360-up.com\/wp-content\/uploads\/2025\/12\/Projekte-360-up.com_-1024x778.jpg 1024w, https:\/\/360-up.com\/wp-content\/uploads\/2025\/12\/Projekte-360-up.com_-300x228.jpg 300w, https:\/\/360-up.com\/wp-content\/uploads\/2025\/12\/Projekte-360-up.com_-768x584.jpg 768w, https:\/\/360-up.com\/wp-content\/uploads\/2025\/12\/Projekte-360-up.com_-1536x1167.jpg 1536w, https:\/\/360-up.com\/wp-content\/uploads\/2025\/12\/Projekte-360-up.com_-2048x1557.jpg 2048w\" sizes=\"auto, (max-width: 1024px) 100vw, 1024px\" \/><\/a><\/figure>\n\n\n\n<p>Reliant directement des points sp\u00e9cifiques, comme par exemple des chambres d\u2019h\u00f4tel, des tables dans un restaurant, des produits dans le showroom d\u2019un magasin ou encore un lien vers un syst\u00e8me de r\u00e9servation, cette fonctionnalit\u00e9 offre \u00e0 vos clients des avantages \u00e9vidents et imm\u00e9diats, c\u2019est un atout pour la page d\u2019accueil de votre site.<\/p>\n\n\n\n<div class=\"wp-block-columns is-layout-flex wp-container-core-columns-is-layout-9d6595d7 wp-block-columns-is-layout-flex\">\n<div class=\"wp-block-column is-layout-flow wp-block-column-is-layout-flow\">\n<div class=\"wp-block-button is-style-fill alignright\"><a class=\"wp-block-button__link has-very-dark-gray-color has-luminous-vivid-amber-background-color has-text-color has-background wp-element-button\" href=\"#beispiele\"><strong>D\u00e9crouvez nos exemples<\/strong><\/a><\/div>\n<\/div>\n\n\n\n<div class=\"wp-block-column is-layout-flow wp-block-column-is-layout-flow\">\n<div class=\"wp-block-button alignleft\"><a class=\"wp-block-button__link has-very-dark-gray-color has-luminous-vivid-amber-background-color has-text-color has-background wp-element-button\" href=\"https:\/\/360-up.com\/fr\/demande-de-devis\/\"><strong>Envoyez votre demande<\/strong><\/a><\/div>\n<\/div>\n<\/div>\n\n\n\n<h2 class=\"wp-block-heading\">Pourquoi les visites virtuelles de 360-up sont-elles si sp\u00e9ciales ?<\/h2>\n\n\n\n<ul class=\"wp-block-list\">\n<li>Il est possible d\u2019ajouter : infoboxes, hotspots, liens de navigation, fichiers sonores, fichiers PDF, vid\u00e9os, images; galeries d\u2019images et liens<\/li>\n\n\n\n<li>Tout contenu web peut \u00eatre ajout\u00e9 aux bo\u00eetes d\u2019information pour une utilisation en ligne <\/li>\n\n\n\n<li>Nos visites sont multilingues<\/li>\n\n\n\n<li>Nos visites peuvent \u00eatre d\u00e9couvertes avec de  simples<a href=\"https:\/\/360-up.com\/fr\/lunettes-de-realite-virtuelle-professionnelles\/\"> lunettes de r\u00e9alit\u00e9 virtuelle<\/a> comme les Google Cardboard<\/li>\n\n\n\n<li>Le comportement de l\u2019utilisateur peut \u00eatre analys\u00e9 avec la fonction de tracking <\/li>\n\n\n\n<li>Les visites virtuelles sont produites sur-mesure en vue d\u2019optimiser le marketing et les r\u00e9sultats des moteurs de recherche<\/li>\n\n\n\n<li>Tout contenu peut \u00eatre optimis\u00e9 gr\u00e2ce \u00e0 des snippets SEO et et le temps d\u2019affichage r\u00e9glable par un outil d\u00e9di\u00e9<\/li>\n\n\n\n<li>Notre module export est au standard HTML5 et vous pouvez le t\u00e9l\u00e9charger sur votre propre serveur d\u2019entreprise via S\/FTP ou FTP<\/li>\n\n\n\n<li>Nous vous offrons deux possibilit\u00e9s d\u2019h\u00e9bergement : sur votre propre domaine ou via notre solution d\u2019h\u00e9bergement 360-up<\/li>\n\n\n\n<li>En plus de l\u2019utilisation en ligne, nous offrons \u00e0 nos clients une solution hors ligne<\/li>\n\n\n\n<li>En t\u00e9l\u00e9chargeant notre application 360-up disponible dans les Stores Windows, Mac, Android et IOS, vous pourrez d\u00e9couvrir les visites hors ligne en conservant leurs fonctions interactives<\/li>\n\n\n\n<li>Nous cr\u00e9ons, publions et livrons vos applications avec votre marque aux Stores d\u2019applications pour v\u00e9hiculer vers vos clients une parfaite image de marque <\/li>\n<\/ul>\n\n\n\n<h2 class=\"wp-block-heading\" id=\"beispiele\">Exemples de visites virtuelles par secteurs industriels<\/h2>\n\n\n<div class=\"front-recent clearfix referenzen\">\n        \n\t    \n        \t<div class=\"clearfix\">\n        \n    <article id=\"post-384\" class=\"post-384 post referenz\">\n    \t<div class=\"content-wrap\">\n    \t\t<header class=\"entry-header text-center\">\n    \t\t\t<h4>Bavaria Yachts | D\u00fcsseldorf<\/h2>\n    \t\t<\/header>\n    \t<\/div>\n    \n        <div class='square-box'>\n            <div class='square-content'  style=\"background-image:url('https:\/\/360-up.com\/wp-content\/uploads\/2019\/12\/Virtueller_Rundgang_Bavaria_Yachts_Boot_2021_Duesseldorf_360-up-1024x482.jpg')\" >\n            <\/div>\n    \t<\/div>\n    \n    \t<div class=\"entry-content\">\n    \t\t<div class=\"wp-block-button aligncenter\">\n    \t\t\t<a class=\"wp-block-button__link has-text-color has-very-dark-gray-color has-background has-luminous-vivid-amber-background-color xsmall-btn\" href=\"https:\/\/virtual-tour-marketing.360-up.com\/bavaria_yachts_giebelstadt\" target=\"_blank\">\n        \t\t\t    \t\t\t\t<strong>regardez la visite<\/strong>\n    \t\t\t<\/a>\n\t\t\t<\/div>\n    \t<\/div>\n    \t\n\t\t<div class=\"text-center text-small kategorie\">\n\t\t\tVisites virtuelles avec CMS, Expositions, Commerce de v\u00e9hicules\t\t<\/div>\n    <\/article>\n        \n        \n\t    \n        \n    <article id=\"post-436\" class=\"post-436 post referenz\">\n    \t<div class=\"content-wrap\">\n    \t\t<header class=\"entry-header text-center\">\n    \t\t\t<h4>Breuninger | D\u00fcsseldorf<\/h2>\n    \t\t<\/header>\n    \t<\/div>\n    \n        <div class='square-box'>\n            <div class='square-content'  style=\"background-image:url('https:\/\/360-up.com\/wp-content\/uploads\/2019\/12\/Breuninger_Duesseldorf-360-up-1024x542.jpg')\" >\n            <\/div>\n    \t<\/div>\n    \n    \t<div class=\"entry-content\">\n    \t\t<div class=\"wp-block-button aligncenter\">\n    \t\t\t<a class=\"wp-block-button__link has-text-color has-very-dark-gray-color has-background has-luminous-vivid-amber-background-color xsmall-btn\" href=\"https:\/\/virtual-tour-marketing.360-up.com\/breuninger_duesseldorf\" target=\"_blank\">\n        \t\t\t    \t\t\t\t<strong>regardez la visite<\/strong>\n    \t\t\t<\/a>\n\t\t\t<\/div>\n    \t<\/div>\n    \t\n\t\t<div class=\"text-center text-small kategorie\">\n\t\t\tVisites virtuelles avec CMS, E-Commerce, Commerce de d\u00e9tail\t\t<\/div>\n    <\/article>\n        \n        \n\t    \n        \n    <article id=\"post-6993\" class=\"post-6993 post referenz\">\n    \t<div class=\"content-wrap\">\n    \t\t<header class=\"entry-header text-center\">\n    \t\t\t<h4>Fachhochschule | Dortmund<\/h2>\n    \t\t<\/header>\n    \t<\/div>\n    \n        <div class='square-box'>\n            <div class='square-content'  style=\"background-image:url('https:\/\/360-up.com\/wp-content\/uploads\/2022\/04\/Virtueller_Rundgang_Fachhochschule_Dortmund_360-up-1-1024x482.jpg')\" >\n            <\/div>\n    \t<\/div>\n    \n    \t<div class=\"entry-content\">\n    \t\t<div class=\"wp-block-button aligncenter\">\n    \t\t\t<a class=\"wp-block-button__link has-text-color has-very-dark-gray-color has-background has-luminous-vivid-amber-background-color xsmall-btn\" href=\"https:\/\/virtual-tour-marketing.360-up.com\/fachhochschule_dortmund\/\" target=\"_blank\">\n        \t\t\t    \t\t\t\t<strong>regardez la visite<\/strong>\n    \t\t\t<\/a>\n\t\t\t<\/div>\n    \t<\/div>\n    \t\n\t\t<div class=\"text-center text-small kategorie\">\n\t\t\tVisites virtuelles avec CMS, Prestataires de services\t\t<\/div>\n    <\/article>\n        \n        \n\t    \t<\/div>\n        \n        \t<div class=\"clearfix\">\n        \n    <article id=\"post-8860\" class=\"post-8860 post referenz\">\n    \t<div class=\"content-wrap\">\n    \t\t<header class=\"entry-header text-center\">\n    \t\t\t<h4>Gasometer | Oberhausen<\/h2>\n    \t\t<\/header>\n    \t<\/div>\n    \n        <div class='square-box'>\n            <div class='square-content'  style=\"background-image:url('https:\/\/360-up.com\/wp-content\/uploads\/2026\/01\/Planet-Ozean_Gasometer_Oberhausen-360-up.com_-1024x542.jpg')\" >\n            <\/div>\n    \t<\/div>\n    \n    \t<div class=\"entry-content\">\n    \t\t<div class=\"wp-block-button aligncenter\">\n    \t\t\t<a class=\"wp-block-button__link has-text-color has-very-dark-gray-color has-background has-luminous-vivid-amber-background-color xsmall-btn\" href=\"https:\/\/virtual-tour-marketing.360-up.com\/gasometer_oberhausen_planet_ozean\/\" target=\"_blank\">\n        \t\t\t    \t\t\t\t<strong>regardez la visite<\/strong>\n    \t\t\t<\/a>\n\t\t\t<\/div>\n    \t<\/div>\n    \t\n\t\t<div class=\"text-center text-small kategorie\">\n\t\t\tExpositions, Mus\u00e9es, Tourisme, Visites virtuelles avec CMS\t\t<\/div>\n    <\/article>\n        \n        \n\t    \n        \n    <article id=\"post-7976\" class=\"post-7976 post referenz\">\n    \t<div class=\"content-wrap\">\n    \t\t<header class=\"entry-header text-center\">\n    \t\t\t<h4>Haus Meer | Meerbusch<\/h2>\n    \t\t<\/header>\n    \t<\/div>\n    \n        <div class='square-box'>\n            <div class='square-content'  style=\"background-image:url('https:\/\/360-up.com\/wp-content\/uploads\/2024\/07\/Haus_Meer_x_Anthonys_Kitchen_Meerbusch_360-up-1024x539.jpg')\" >\n            <\/div>\n    \t<\/div>\n    \n    \t<div class=\"entry-content\">\n    \t\t<div class=\"wp-block-button aligncenter\">\n    \t\t\t<a class=\"wp-block-button__link has-text-color has-very-dark-gray-color has-background has-luminous-vivid-amber-background-color xsmall-btn\" href=\"https:\/\/virtual-tour-marketing.360-up.com\/haus_meer_meerbusch\/\" target=\"_blank\">\n        \t\t\t    \t\t\t\t<strong>regardez la visite<\/strong>\n    \t\t\t<\/a>\n\t\t\t<\/div>\n    \t<\/div>\n    \t\n\t\t<div class=\"text-center text-small kategorie\">\n\t\t\tVisites virtuelles avec CMS, Restaurants\t\t<\/div>\n    <\/article>\n        \n        \n\t    \n        \n    <article id=\"post-8485\" class=\"post-8485 post referenz\">\n    \t<div class=\"content-wrap\">\n    \t\t<header class=\"entry-header text-center\">\n    \t\t\t<h4>Honda Center | D\u00fcsseldorf<\/h2>\n    \t\t<\/header>\n    \t<\/div>\n    \n        <div class='square-box'>\n            <div class='square-content'  style=\"background-image:url('https:\/\/360-up.com\/wp-content\/uploads\/2025\/07\/Virtueller-Rundgang-Honda-Center-Duesseldorf_360-up-1024x537.jpg')\" >\n            <\/div>\n    \t<\/div>\n    \n    \t<div class=\"entry-content\">\n    \t\t<div class=\"wp-block-button aligncenter\">\n    \t\t\t<a class=\"wp-block-button__link has-text-color has-very-dark-gray-color has-background has-luminous-vivid-amber-background-color xsmall-btn\" href=\"https:\/\/virtual-tour-marketing.360-up.com\/honda_auto_center_duesseldorf\/\" target=\"_blank\">\n        \t\t\t    \t\t\t\t<strong>regardez la visite<\/strong>\n    \t\t\t<\/a>\n\t\t\t<\/div>\n    \t<\/div>\n    \t\n\t\t<div class=\"text-center text-small kategorie\">\n\t\t\tVisites virtuelles avec CMS, Commerce de v\u00e9hicules\t\t<\/div>\n    <\/article>\n        \n        \n\t    \t<\/div>\n        \n        \t<div class=\"clearfix\">\n        \n    <article id=\"post-1223\" class=\"post-1223 post referenz\">\n    \t<div class=\"content-wrap\">\n    \t\t<header class=\"entry-header text-center\">\n    \t\t\t<h4>St\u00e4dtische Kliniken | M\u00f6nchengladbach<\/h2>\n    \t\t<\/header>\n    \t<\/div>\n    \n        <div class='square-box'>\n            <div class='square-content'  style=\"background-image:url('https:\/\/360-up.com\/wp-content\/uploads\/2021\/01\/Virtueller_Rundgang_Staedtische_Kliniken_Elisabeth_Krankenhaus_Moenchengladbach_360-up-1024x482.jpg')\" >\n            <\/div>\n    \t<\/div>\n    \n    \t<div class=\"entry-content\">\n    \t\t<div class=\"wp-block-button aligncenter\">\n    \t\t\t<a class=\"wp-block-button__link has-text-color has-very-dark-gray-color has-background has-luminous-vivid-amber-background-color xsmall-btn\" href=\"https:\/\/virtual-tour-marketing.360-up.com\/staedtische_kliniken_moenchengladbach\" target=\"_blank\">\n        \t\t\t    \t\t\t\t<strong>regardez la visite<\/strong>\n    \t\t\t<\/a>\n\t\t\t<\/div>\n    \t<\/div>\n    \t\n\t\t<div class=\"text-center text-small kategorie\">\n\t\t\tVisites virtuelles avec CMS, H\u00f4pitaux\t\t<\/div>\n    <\/article>\n        \n        \n\t    \n        \n    <article id=\"post-5868\" class=\"post-5868 post referenz\">\n    \t<div class=\"content-wrap\">\n    \t\t<header class=\"entry-header text-center\">\n    \t\t\t<h4>The Wellem by Hyatt | D\u00fcsseldorf<\/h2>\n    \t\t<\/header>\n    \t<\/div>\n    \n        <div class='square-box'>\n            <div class='square-content'  style=\"background-image:url('https:\/\/360-up.com\/wp-content\/uploads\/2021\/01\/Virtueller_Rundgang_Andreas_Quartier_AQ_Hotel_The_Wellem_unbound_collection_by_Hyatt_Duesseldorf_360-up-1-1024x482.jpg')\" >\n            <\/div>\n    \t<\/div>\n    \n    \t<div class=\"entry-content\">\n    \t\t<div class=\"wp-block-button aligncenter\">\n    \t\t\t<a class=\"wp-block-button__link has-text-color has-very-dark-gray-color has-background has-luminous-vivid-amber-background-color xsmall-btn\" href=\"https:\/\/virtual-tour-marketing.360-up.com\/hotel_the_wellem_unbound_collection_by_hyatt_duesseldorf\/\" target=\"_blank\">\n        \t\t\t    \t\t\t\t<strong>regardez la visite<\/strong>\n    \t\t\t<\/a>\n\t\t\t<\/div>\n    \t<\/div>\n    \t\n\t\t<div class=\"text-center text-small kategorie\">\n\t\t\tVisites virtuelles avec CMS, Visites virtuelles vid\u00e9o avec CMS, H\u00f4tels, Tourisme\t\t<\/div>\n    <\/article>\n        \n        \n\t    \n        \n    <article id=\"post-1295\" class=\"post-1295 post referenz\">\n    \t<div class=\"content-wrap\">\n    \t\t<header class=\"entry-header text-center\">\n    \t\t\t<h4>Touch Tomorrow | Bonn<\/h2>\n    \t\t<\/header>\n    \t<\/div>\n    \n        <div class='square-box'>\n            <div class='square-content'  style=\"background-image:url('https:\/\/360-up.com\/wp-content\/uploads\/2021\/10\/Virtueller_Rundgang_Touch_Tomorrow_Dr_Hans_Riegel_Stiftung_Bonn_360-up-1-1024x482.jpg')\" >\n            <\/div>\n    \t<\/div>\n    \n    \t<div class=\"entry-content\">\n    \t\t<div class=\"wp-block-button aligncenter\">\n    \t\t\t<a class=\"wp-block-button__link has-text-color has-very-dark-gray-color has-background has-luminous-vivid-amber-background-color xsmall-btn\" href=\"https:\/\/virtual-tour-marketing.360-up.com\/touch_tomorrow_dr_hans_riegel_stiftung_bonn\/\" target=\"_blank\">\n        \t\t\t    \t\t\t\t<strong>regardez la visite<\/strong>\n    \t\t\t<\/a>\n\t\t\t<\/div>\n    \t<\/div>\n    \t\n\t\t<div class=\"text-center text-small kategorie\">\n\t\t\tVisites virtuelles avec CMS, Visites virtuelles vid\u00e9o avec CMS, Expositions, Prestataires de services, Salles d&rsquo;\u00e9v\u00e9nement\t\t<\/div>\n    <\/article>\n        \n        <\/div><!--  ee -->\n<\/div>\n\n\n\n<div style=\"height:40px\" aria-hidden=\"true\" class=\"wp-block-spacer\"><\/div>\n\n\n\n<div class=\"wp-block-button aligncenter\"><a class=\"wp-block-button__link has-very-dark-gray-color has-luminous-vivid-amber-background-color has-text-color has-background wp-element-button\" href=\"https:\/\/360-up.com\/fr\/projets-mis-en-oeuvre\/\"><strong>D\u00e9couvrez tous nos exemples<\/strong><\/a><\/div>\n","protected":false},"excerpt":{"rendered":"<p>Une visite virtuelle se compose de panoramas \u00e0 360 degr\u00e9s qui reli\u00e9s entre eux par des hotspots permettent de se d\u00e9placer dans une visite interactive. Images, vid\u00e9os et informations vari\u00e9es transforment la visite virtuelle en une exp\u00e9rience multim\u00e9dia m\u00e9morable. Reliant directement des points sp\u00e9cifiques, comme&hellip; <a class=\"read-more\" href=\"https:\/\/360-up.com\/fr\/visites-virtuelles-avec-systeme-de-gestion-de-contenu\/\">Read more<\/a><\/p>\n","protected":false},"author":3,"featured_media":0,"parent":0,"menu_order":0,"comment_status":"closed","ping_status":"closed","template":"","meta":{"_acf_changed":false,"footnotes":""},"class_list":["post-4942","page","type-page","status-publish","hentry"],"acf":[],"_links":{"self":[{"href":"https:\/\/360-up.com\/fr\/wp-json\/wp\/v2\/pages\/4942","targetHints":{"allow":["GET"]}}],"collection":[{"href":"https:\/\/360-up.com\/fr\/wp-json\/wp\/v2\/pages"}],"about":[{"href":"https:\/\/360-up.com\/fr\/wp-json\/wp\/v2\/types\/page"}],"author":[{"embeddable":true,"href":"https:\/\/360-up.com\/fr\/wp-json\/wp\/v2\/users\/3"}],"replies":[{"embeddable":true,"href":"https:\/\/360-up.com\/fr\/wp-json\/wp\/v2\/comments?post=4942"}],"version-history":[{"count":3,"href":"https:\/\/360-up.com\/fr\/wp-json\/wp\/v2\/pages\/4942\/revisions"}],"predecessor-version":[{"id":8870,"href":"https:\/\/360-up.com\/fr\/wp-json\/wp\/v2\/pages\/4942\/revisions\/8870"}],"wp:attachment":[{"href":"https:\/\/360-up.com\/fr\/wp-json\/wp\/v2\/media?parent=4942"}],"curies":[{"name":"wp","href":"https:\/\/api.w.org\/{rel}","templated":true}]}}