{"id":4940,"date":"2020-05-15T10:00:18","date_gmt":"2020-05-15T08:00:18","guid":{"rendered":"https:\/\/360-up.com\/page-daccueil\/"},"modified":"2025-02-22T09:57:28","modified_gmt":"2025-02-22T08:57:28","slug":"page-daccueil","status":"publish","type":"page","link":"https:\/\/360-up.com\/fr\/","title":{"rendered":"360-up votre visite virtuelle \u00e0 Duesseldorf, Cologne\/Bonn, Berlin, Francfort, Munich, en France, en Espagne et dans toute l&rsquo;Europe"},"content":{"rendered":"\n<h1 class=\"wp-block-heading 360uplogo\">360-up : le marketing efficace avec des m\u00e9dias \u00e0 360 degr\u00e9s<\/h1>\n\n<h2 class=\"wp-block-heading 360uplogo\">Visites virtuelles et exp\u00e9riences de r\u00e9alit\u00e9 virtuelle avec des m\u00e9dias \u00e0 360 degr\u00e9s et des scans 3D<\/h2>\n\n<p>360-up cr\u00e9e des images et des vid\u00e9os professionnelles \u00e0 360 degr\u00e9s depuis 2012. La visite virtuelle, un scan 3D Matterport et exp\u00e9riences dites de r\u00e9alit\u00e9 virtuelle \u00e0 travers et pour les entreprises sont nos domaines d&rsquo;activit\u00e9 les plus importants.<\/p>\n\n<p>Google a r\u00e9compens\u00e9 nos visites virtuelles \u00e0 plusieurs reprises. Nos productions \u00e0 360 degr\u00e9s sont utilis\u00e9es pour l&rsquo;optimisation des moteurs de recherche, c&rsquo;est pourquoi nous l&rsquo;appelons Virtual Tour Marketing.<\/p>\n\n<p>Surtout maintenant, au cours de la num\u00e9risation du commerce de d\u00e9tail, il est d&rsquo;autant plus important pour toutes les entreprises de s&rsquo;adapter au comportement de recherche, \u00e0 la recherche en ligne et au comportement d&rsquo;achat des parties int\u00e9ress\u00e9es. La vente est d\u00e9j\u00e0 devenue hybride, num\u00e9rique et stationnaire.<\/p>\n\n<p>Nos clients d&rsquo;autres secteurs et du commerce B2B utilisent \u00e9galement ce savoir-faire. Tout comme l&rsquo;industrie, la m\u00e9decine et les soins, la vente de v\u00e9hicules, les acteurs des industries cr\u00e9atives et des mus\u00e9es, la gastronomie, les secteurs de l&rsquo;h\u00f4tellerie, le tourisme et le marketing de la destination et de la ville.<\/p>\n\n<iframe loading=\"lazy\" src=\"https:\/\/virtualtour.360-up.com\/tour\/360-up\" width=\"640\" height=\"360\" frameborder=\"0\" allow=\"autoplay; fullscreen\" allowfullscreen=\"\"><\/iframe><br\/>\r\n\n<p><\/p>\n\n<blockquote class=\"wp-block-quote is-layout-flow wp-block-quote-is-layout-flow\">\n<p><\/p>\n\n\n\n<p>\u00ab Le secteur de la vente au d\u00e9tail a reconnu que le comportement d\u2019achat a chang\u00e9. Le shopping est d\u00e9j\u00e0 devenu hybride. Nous avons r\u00e9pondu \u00e0 cela.<\/p>\n\n\n\n<p>Rendez-nous visite, virtuellement et gagnez confiance en nous.<\/p>\n\n\n\n<p>Nous avons cr\u00e9\u00e9 une int\u00e9gration e-commerce dans nos visites virtuelles. Avec nous, vous faites vos courses dans le jumeau num\u00e9rique d\u2019un magasin comme si vous y \u00e9tiez ! \u00bb<\/p>\n<cite>Marcus Mitter, fondateur de 360-up virtual tour marketing<\/cite><\/blockquote>\n\n<p>Nous avons des bureaux \u00e0 Duesseldorf, Cologne\/Bonn, Berlin, Francfort, Munich, en France et en Espagne. Nous sommes l\u00e0 pour vous partout en Allemagne et dans toute l&rsquo;Europe. Notre \u00e9quipe parle allemand, anglais, fran\u00e7ais et espagnol.<\/p>\n\n<ul class=\"wp-block-list\">\n<li>La photographie panoramique, la vid\u00e9o \u00e0 360 degr\u00e9s et le scan 3D pour votre page d\u2019accueil ou votre visite Google Street View.<\/li>\n\n\n\n<li>Une exp\u00e9rience de r\u00e9alit\u00e9 virtuelle sur-mesure, disponible en ligne sur tout type d\u2019appareils.<\/li>\n\n\n\n<li>Des visites immersives hors-ligne avec nos lunettes de r\u00e9alit\u00e9 virtuelle \u00e0 la pointe de la technologie actuelle.<\/li>\n\n\n\n<li>Nos visites virtuelles charg\u00e9es sur notre application et disponibles hors-ligne ou int\u00e9gr\u00e9es sur votre site web.<\/li>\n<\/ul>\n\n<p>Notre \u00e9quipe de professionnels cr\u00e9e des m\u00e9dias interactifs qui ont la particularit\u00e9 d\u2019am\u00e9liorer consid\u00e9rablement la visibilit\u00e9 en ligne de votre entreprise, optimisent son ranking, favorisent la confiance des clients et marquent les esprits.<\/p>\n\n<h2 class=\"wp-block-heading\"><p><a href=\"fr\/virtuelle-rundgaenge-mit-content-management-system\/\">Visites virtuelles<\/a><\/p><\/h2>\n\n<p class=\"ButtonFollows\">Nos visites virtuelles sur mesure pour votre page web. Nous int\u00e9grons adapt\u00e9 \u00e0 vos besions navigation, hotspots, des vid\u00e9os et du contenu web via I-Frames. Vous souhaitez que vos clients cliquent sur un pr\u00e9sentoir et arrivent directement devant l\u2019affichage de l\u2019article dans une boutique en ligne ? Aucun probl\u00e8me ! Laissez nous r\u00e9aliser pratiquement tous vos souhaits. Nouveaut\u00e9 : nos visites en vid\u00e9o m\u00e9ga-immersives 360\u00b0, de qualit\u00e9 professionnelle et d\u2019un rendu in\u00e9gal\u00e9 !<\/p>\n\n<div style=\"height:20px\" aria-hidden=\"true\" class=\"wp-block-spacer\"><\/div>\n\n<div class=\"wp-block-button is-style-outline is-style-outline--1\"><a class=\"wp-block-button__link has-very-dark-gray-color has-text-color has-background wp-element-button\" href=\"https:\/\/360-up.com\/fr\/visites-virtuelles-avec-systeme-de-gestion-de-contenu\/\" style=\"background-color:#f7a800\"><p><strong>Plus d&rsquo;information<\/strong><\/p><\/a><\/div>\n\n<h2 class=\"wp-block-heading\"><p><a href=\"fr\/google-rundgaenge\/\">Visites Google Street View<\/a><\/p><\/h2>\n\n<p class=\"ButtonFollows\">Attirez l\u2019attention de nouveaux clients potentiels. De nombreux internautes sont \u00e0 la recherche de votre offre, vous devez montrer celle-ci dans vos locaux sur les moteurs de recherche Google Search et Google Maps. Nous ne produisons que des visites panoramiques de haute qualit\u00e9 et les int\u00e9grons directement dans votre profil Google MyBusiness.<\/p>\n\n<div style=\"height:20px\" aria-hidden=\"true\" class=\"wp-block-spacer\"><\/div>\n\n<div class=\"wp-block-button is-style-outline is-style-outline--2\"><a class=\"wp-block-button__link has-very-dark-gray-color has-text-color has-background wp-element-button\" href=\"https:\/\/360-up.com\/fr\/visites-google\/\" style=\"background-color:#f7a800\"><p><strong>Plus d&rsquo;information<\/strong><\/p><\/a><\/div>\n\n<h2 class=\"wp-block-heading\"><p><a href=\"fr\/matterport-3d-scan\/\">3D-Scans Matterport<\/a><\/p><\/h2>\n\n<p class=\"ButtonFollows\">La visite virtuelle la plus immersive actuellement disponible. Avec l\u2019aide de la num\u00e9risation 3D, nous cr\u00e9ons un espace en trois dimensions auquel les utilisateurs peuvent acc\u00e9der intuitivement. Ils peuvent s\u2019y d\u00e9placer avec &#13;\n un smartphone, une tablette, un ordinateur et m\u00eame de lunettes de r\u00e9alit\u00e9 virtuelle.<\/p>\n\n<div style=\"height:20px\" aria-hidden=\"true\" class=\"wp-block-spacer\"><\/div>\n\n<div class=\"wp-block-button is-style-outline is-style-outline--3\"><a class=\"wp-block-button__link has-very-dark-gray-color has-text-color has-background wp-element-button\" href=\"https:\/\/360-up.com\/fr\/3d-scans-matterport\/\" style=\"background-color:#f7a800\"><p><strong>Plus d&rsquo;information<\/strong><\/p><\/a><\/div>\n\n<h2 class=\"wp-block-heading\"><p><a href=\"fr\/360-videos-bis-8k-aufloesung\/\">Vid\u00e9os 360\u00b0<\/a><\/p><\/h2>\n\n<p class=\"ButtonFollows\">Nos vid\u00e9os 360\u00b0 sont tourn\u00e9es en 8K et permettent aux utilisateurs d\u2019entrer dans l\u2019action depuis le confort de leur maison. Que ce soit lors d\u2019un \u00e9v\u00e9nement, en se dirigeant \u00e0 travers la jungle ou sur sc\u00e8ne. Nos toutes nouvelles visites virtuelles avec vid\u00e9os 360\u00b0 sont interactives, immersives et proposent la toute derni\u00e8re technologie en mati\u00e8re d\u2019imagerie panoramique !<\/p>\n\n<div style=\"height:20px\" aria-hidden=\"true\" class=\"wp-block-spacer\"><\/div>\n\n<div class=\"wp-block-button is-style-outline is-style-outline--4\"><a class=\"wp-block-button__link has-very-dark-gray-color has-text-color has-background wp-element-button\" href=\"https:\/\/360-up.com\/fr\/videos-360-jusqua-8k\/\" style=\"background-color:#f7a800\"><p><strong>Plus d&rsquo;information<\/strong><\/p><\/a><\/div>\n\n<h2 class=\"wp-block-heading\"><p><a href=\"fr\/luftbild-service\/\">Service d&rsquo;images a\u00e9riennes<\/a><\/p><\/h2>\n\n<p class=\"ButtonFollows\">Nous volons pour vous ! La photographie a\u00e9rienne haute r\u00e9solution ; la captation est effectu\u00e9e par drone lorsque c\u2019est possible, et si ce n\u2019est pas le cas, notre tr\u00e9pied g\u00e9ant de 16m de haut y pourvoira. 360-up offre \u00e9galement une prise d\u2019image vid\u00e9o a\u00e9rienne et vid\u00e9o 360\u00b0 aerienne. Nous avons r\u00e9alis\u00e9  notre visite virtuelle panoramique gigapixel \u00e0 l\u2019aide du tr\u00e9pied en captant des panoramas haute r\u00e9solution compos\u00e9s de 530 images individuelles.<\/p>\n\n<div style=\"height:20px\" aria-hidden=\"true\" class=\"wp-block-spacer\"><\/div>\n\n<div class=\"wp-block-button is-style-outline is-style-outline--5\"><a class=\"wp-block-button__link has-very-dark-gray-color has-text-color has-background wp-element-button\" href=\"https:\/\/360-up.com\/fr\/photographie-et-videos-aeriennes\/\" style=\"background-color:#f7a800\"><p><strong>Plus d&rsquo;information<\/strong><\/p><\/a><\/div>\n\n<h2 class=\"wp-block-heading\"><p><a href=\"fr\/street-view-made-in-germany-und-europa\/\">Street View pour l&rsquo;Allemagne + l&rsquo;Europe<\/a><\/p><\/h2>\n\n<p class=\"ButtonFollows\">Nous produisons des mises \u00e0 jour d&rsquo;images Street View. Les visages et les plaques d\u2019immatriculation sont automatiquement flout\u00e9s. Nous r\u00e9alisons l\u2019int\u00e9gration compl\u00e8te de cette production sur les services Google. Ou bien, \u00e0 l&rsquo;exclusion de Google, nous pouvons h\u00e9berger les donn\u00e9es sur serveurs europ\u00e9ens ou allemands  avec navigation sur cartes open source.<\/p>\n\n<div style=\"height:20px\" aria-hidden=\"true\" class=\"wp-block-spacer\"><\/div>\n\n<div class=\"wp-block-button is-style-outline is-style-outline--6\"><a class=\"wp-block-button__link has-very-dark-gray-color has-text-color has-background wp-element-button\" href=\"https:\/\/360-up.com\/fr\/street-view-en-allemagne-et-en-europe\/\" style=\"background-color:#f7a800\"><p><strong>Plus d&rsquo;information<\/strong><\/p><\/a><\/div>\n\n<h2 class=\"wp-block-heading\"><p><a href=\"https:\/\/360-up.com\/fr\/lunettes-de-realite-virtuelle-professionnelles\/\">R\u00e9alit\u00e9 Virtuelle VR<\/a><\/p><\/h2>\n\n<p class=\"ButtonFollows\">Quelles que soient vos exigences, nous avons la technologie VR appropri\u00e9e \u00e0 vos besoins. Qu\u2019il s\u2019agisse de WebVR, de solutions autonomes, avec Oculus ou autre. Nous les proposons toutes. De la production sur place au produit fini et int\u00e9gr\u00e9 sur les lunettes que nous mettons entre vos mains. <\/p>\n\n<div style=\"height:20px\" aria-hidden=\"true\" class=\"wp-block-spacer\"><\/div>\n\n<div class=\"wp-block-button is-style-outline is-style-outline--7\"><a class=\"wp-block-button__link has-very-dark-gray-color has-text-color has-background wp-element-button\" href=\"https:\/\/360-up.com\/fr\/lunettes-de-realite-virtuelle-professionnelles\/\" style=\"background-color:#f7a800\"><p><strong>Plus d&rsquo;information<\/strong><\/p><\/a><\/div>\n\n<p><\/p>\n","protected":false},"excerpt":{"rendered":"<p>360-up : le marketing efficace avec des m\u00e9dias \u00e0 360 degr\u00e9s Visites virtuelles et exp\u00e9riences de r\u00e9alit\u00e9 virtuelle avec des m\u00e9dias \u00e0 360 degr\u00e9s et des scans 3D 360-up cr\u00e9e des images et des vid\u00e9os professionnelles \u00e0 360 degr\u00e9s depuis 2012. La visite virtuelle, un&hellip; <a class=\"read-more\" href=\"https:\/\/360-up.com\/fr\/\">Read more<\/a><\/p>\n","protected":false},"author":3,"featured_media":0,"parent":0,"menu_order":0,"comment_status":"closed","ping_status":"closed","template":"","meta":{"_acf_changed":false,"footnotes":""},"class_list":["post-4940","page","type-page","status-publish","hentry"],"acf":[],"_links":{"self":[{"href":"https:\/\/360-up.com\/fr\/wp-json\/wp\/v2\/pages\/4940","targetHints":{"allow":["GET"]}}],"collection":[{"href":"https:\/\/360-up.com\/fr\/wp-json\/wp\/v2\/pages"}],"about":[{"href":"https:\/\/360-up.com\/fr\/wp-json\/wp\/v2\/types\/page"}],"author":[{"embeddable":true,"href":"https:\/\/360-up.com\/fr\/wp-json\/wp\/v2\/users\/3"}],"replies":[{"embeddable":true,"href":"https:\/\/360-up.com\/fr\/wp-json\/wp\/v2\/comments?post=4940"}],"version-history":[{"count":3,"href":"https:\/\/360-up.com\/fr\/wp-json\/wp\/v2\/pages\/4940\/revisions"}],"predecessor-version":[{"id":8232,"href":"https:\/\/360-up.com\/fr\/wp-json\/wp\/v2\/pages\/4940\/revisions\/8232"}],"wp:attachment":[{"href":"https:\/\/360-up.com\/fr\/wp-json\/wp\/v2\/media?parent=4940"}],"curies":[{"name":"wp","href":"https:\/\/api.w.org\/{rel}","templated":true}]}}