{"id":4153,"date":"2020-02-04T09:33:12","date_gmt":"2020-02-04T08:33:12","guid":{"rendered":"https:\/\/360-up.com\/this-is-what-our-customers-say\/"},"modified":"2021-10-20T13:27:46","modified_gmt":"2021-10-20T11:27:46","slug":"this-is-what-our-customers-say","status":"publish","type":"page","link":"https:\/\/360-up.com\/en\/this-is-what-our-customers-say\/","title":{"rendered":"This is what our customers say"},"content":{"rendered":"\n<h2 class=\"wp-block-heading\">Martin Tomczyk, Store Manager BRABUS K\u00f690 Flagship Store D\u00fcsseldorf<\/h2>\n\n\n\n<p>\u201cWe use the 360\u00b0-tours with our international customers. Up to the other side of the globe we can provide behind-the-scenes insights.\u201d<\/p>\n\n\n\n<figure class=\"wp-block-embed is-type-video is-provider-vimeo wp-block-embed-vimeo\"><div class=\"wp-block-embed__wrapper\">\n<iframe loading=\"lazy\" title=\"360-up.com | Kundenmeinung BRABUS D&amp;uuml;sseldorf\" src=\"https:\/\/player.vimeo.com\/video\/387643295?h=bec81b03dc&amp;dnt=1&amp;app_id=122963\" width=\"720\" height=\"405\" frameborder=\"0\" allow=\"autoplay; fullscreen; picture-in-picture\" allowfullscreen><\/iframe>\n<\/div><\/figure>\n\n\n\n<h2 class=\"wp-block-heading\">Christian Vogelsang, Managing Director Vogelsang Elektromotoren Bochum<\/h2>\n\n\n\n<p>\u201cIf you want it a little smarter, put the VR glasses on. You will get an incredible impression.\u201d<\/p>\n\n\n\n<h2 class=\"wp-block-heading\">Stephan Pikos, Category + Marketing Manager Megazoo Berlin<\/h2>\n\n\n\n<p>\u201cAbsolutely high-quality and grandiose implementation of the 360-degree view of our market. Impeccable communication, wishes and suggestions were integrated within a few hours. Thanks to the team of 360-up from Sch\u00f6nefeld.\u201d<\/p>\n\n\n\n<h2 class=\"wp-block-heading\">Katharina Huppertz, Sales Manager Harley-Davidson D\u00fcsseldorf<\/h2>\n\n\n\n<p>&#8220;Competent and friendly support. Easy to use even for beginners. Thumbs up.&#8221;<\/p>\n\n\n\n<h2 class=\"wp-block-heading\">Florentine Gronski, Female Founder La Fiorentina D\u00fcsseldorf<\/h2>\n\n\n\n<p>&#8220;In the course of setting up a small craft business, I was interested in a virtual tour and was not only given competent and honest advice, but also got a top result quickly and easily! The 360\u200b\u200b\u00b0-tour creates transparency for my customers and is an extraordinary opportunity to present your company, which clearly sets you apart from your competitors.\r\nA professional digital presence is essential &#8211; also in the handcraft business.\r\nThank you, Marcus, for the great cooperation! Clear recommendation!&#8221;<\/p>\n\n\n\n<h2 class=\"wp-block-heading\">Andre Amerkamp, \u200b\u200bManaging Director ERGO Insurance Office D\u00fcsseldorf<\/h2>\n\n\n\n<p>&#8220;We at ERGO Insurance Office Andre Amerkamp are very satisfied with the service from 360-up. A personal appointment and the 360-degree shoot were implemented very quickly and professionally. I can warmly recommend the service to every entrepreneur.&#8221;<\/p>\n\n\n\n<h2 class=\"wp-block-heading\">Anika Kreimer, Media Manager M2 Beaut\u00e9 Cosmetics Cologne<\/h2>\n\n\n\n<p>\u201cIt is hard to present your company better. Potential customers get a realistic impression, curiosity is aroused and nothing stands in the way of a visit to the real store. In this way, the product range is also clearly presented in this way and in the respective thematic context as well as in the right atmosphere.\u201d<\/p>\n\n\n\n<h2 class=\"wp-block-heading\">Patricia Rennecke, Managing Director Rennecke Consulting D\u00fcsseldorf<\/h2>\n\n\n\n<p>\u201cVery uncomplicated and flexible, very fast implementation and really great images. We are thrilled!\u201d<\/p>\n\n\n\n<h2 class=\"wp-block-heading\">Hana Jane\u010dkov\u00e1, Managing Director, Leisure and Tourist Office M\u00e4rkisches Sauerland e.V. Altena<\/h2>\n\n\n\n<p>\u201cUncomplicated, competent and flexible. Finds a solution for what you need and doesn\u2019t sell a Porsche if you get to your destination better with a bike. I am happy to recommend it.\u201d<\/p>\n\n\n\n<h2 class=\"wp-block-heading\">Dr. Angelika B\u00f6ttcher, Head of Retro Station Recklinghausen<\/h2>\n\n\n\n<p>\u201cA professional team paired with a good attitude and impressive results. Working together is a pleasure, I would commit gladly again!\u201d<\/p>\n\n\n\n<h2 class=\"wp-block-heading\">Daniel Thelen, Managing Director Thelen Immobilien Duisburg<\/h2>\n\n\n\n<p>\u201cVery good service in the course of digitalization. Marcus is a specialist who enjoys working.\u201d<\/p>\n\n\n\n<h2 class=\"wp-block-heading\">Philip Daniel Salamon, Managing Director IamYours D\u00fcsseldorf<\/h2>\n\n\n\n<p>\u201cVery professional and fast implementation. We are very satisfied. Thank you very much.\u201d<\/p>\n\n\n\n<h2 class=\"wp-block-heading\">Wojtek Bielski, Manager M\u00f6belhaus D\u00fcsseldorf<\/h2>\n\n\n\n<p>\u201cHighly recommended. Excellent service and very nice dealing with customers. You feel really well looked after. Thank you!\u201d<\/p>\n\n\n\n<h2 class=\"wp-block-heading\">Dr. J\u00f6rg Gr\u00fcnwald, Managing Director, Founder + Chief Scientific Advisor at Analyze &amp; Realize Berlin<\/h2>\n\n\n\n<p>\u201cA highly professional team that advises very well on the options and implements customer wishes quickly and perfectly, absolutely recommended!\u201d<\/p>\n\n\n\n<h2 class=\"wp-block-heading\">Alexander Thurn, Managing Director Frontend Solutions Bonn<\/h2>\n\n\n\n<p>\u201cThe 360-up tours have already been noticed positively by me many times thanks to the very high quality! That\u2019s why there are 5 stars! Keep it up.\u201c<\/p>\n\n\n\n<h2 class=\"wp-block-heading\">Rochus Geissel, Managing Director Office Center Erkrath<\/h2>\n\n\n\n<p>\u201cCool guy!! Marcus Mitter is always one step ahead of his time. He has installed professionally various projects with us.\u201d<\/p>\n\n\n\n<h2 class=\"wp-block-heading\">Uwe Papendick, Managing Director Motorcycle Driving School Cologne<\/h2>\n\n\n\n<p>\u201cSuper-fast and professional implementation within just 10 hours. Great value for the money and excellent advice. Just highly recommended.\u201d<\/p>\n\n\n\n<h2 class=\"wp-block-heading\">Jojo Maes, Managing Director D\u00fcsselrad D\u00fcsseldorf<\/h2>\n\n\n\n<p>\u201cDear Marcus, as one of the first to showcase your portfolio, I can congratulate you on the \u201cfifth\u201d and be sure: I wouldn\u2019t go anywhere else. Keep up the great work! For everyone else: 360-up, thumbs up, the man knows how to do it. Five Stars.\u201d<\/p>\n\n\n\n<h2 class=\"wp-block-heading\">Frank Hofer, Managing Director of D\u00fcsselLiebe D\u00fcsseldorf<\/h2>\n\n\n\n<p>\u201cWe and D\u00fcsselLiebe are enthusiastic about the customer service and the overall images\u2019 quality. Plenty of very good advices and absolutely recommended. In addition, the ratio between price and performance is right.\u201d<\/p>\n\n\n\n<h2 class=\"wp-block-heading\">Max Postulka, Lawyer Cologne<\/h2>\n\n\n\n<p>\u201cVery nice, very helpful and quick execution. I am very satisfied and can fully recommend the company.\u201d<\/p>\n","protected":false},"excerpt":{"rendered":"<p>Martin Tomczyk, Store Manager BRABUS K\u00f690 Flagship Store D\u00fcsseldorf \u201cWe use the 360\u00b0-tours with our international customers. Up to the other side of the globe we can provide behind-the-scenes insights.\u201d Christian Vogelsang, Managing Director Vogelsang Elektromotoren Bochum \u201cIf you want it a little smarter, put&hellip; <a class=\"read-more\" href=\"https:\/\/360-up.com\/en\/this-is-what-our-customers-say\/\">Read more<\/a><\/p>\n","protected":false},"author":3,"featured_media":0,"parent":0,"menu_order":0,"comment_status":"closed","ping_status":"closed","template":"","meta":{"_acf_changed":false,"footnotes":""},"class_list":["post-4153","page","type-page","status-publish","hentry"],"acf":[],"_links":{"self":[{"href":"https:\/\/360-up.com\/en\/wp-json\/wp\/v2\/pages\/4153","targetHints":{"allow":["GET"]}}],"collection":[{"href":"https:\/\/360-up.com\/en\/wp-json\/wp\/v2\/pages"}],"about":[{"href":"https:\/\/360-up.com\/en\/wp-json\/wp\/v2\/types\/page"}],"author":[{"embeddable":true,"href":"https:\/\/360-up.com\/en\/wp-json\/wp\/v2\/users\/3"}],"replies":[{"embeddable":true,"href":"https:\/\/360-up.com\/en\/wp-json\/wp\/v2\/comments?post=4153"}],"version-history":[{"count":3,"href":"https:\/\/360-up.com\/en\/wp-json\/wp\/v2\/pages\/4153\/revisions"}],"predecessor-version":[{"id":6535,"href":"https:\/\/360-up.com\/en\/wp-json\/wp\/v2\/pages\/4153\/revisions\/6535"}],"wp:attachment":[{"href":"https:\/\/360-up.com\/en\/wp-json\/wp\/v2\/media?parent=4153"}],"curies":[{"name":"wp","href":"https:\/\/api.w.org\/{rel}","templated":true}]}}